{"id":5288,"date":"2022-02-11T11:00:22","date_gmt":"2022-02-11T10:00:22","guid":{"rendered":"https:\/\/metalowiec.com.pl\/?post_type=product&#038;p=5288"},"modified":"2026-04-28T13:56:02","modified_gmt":"2026-04-28T11:56:02","slug":"lozko-rehabilitacyjne-b1-3s-z-dzielonymi-barierkami","status":"publish","type":"product","link":"https:\/\/metalowiec.com.pl\/en\/produkt\/lozko-rehabilitacyjne-b1-3s-z-dzielonymi-barierkami\/","title":{"rendered":"\u0141\u00d3\u017bKO REHABILITACYJNE B1\/3S Z DZIELONYMI BARIERKAMI"},"content":{"rendered":"<div class=\"wpb-content-wrapper\"><p>[vc_row][vc_column width=&#8221;2\/3&#8243;][vc_custom_heading text=&#8221;Opis&#8221; use_theme_fonts=&#8221;yes&#8221;][vc_column_text]<\/p>\n<ul>\n<li>le\u017ce czterosegmentowe z regulacj\u0105 segment\u00f3w oraz wysoko\u015bci le\u017ca przy pomocy si\u0142ownik\u00f3w elektrycznych sterowanych pilotem przewodowym ( pilot z kluczykiem umo\u017cliwiaj\u0105cym blokowanie wszystkich funkcji jednocze\u015bnie przez personel medyczny)<\/li>\n<li>obudowa \u0142\u00f3\u017cka z drewna i p\u0142yty laminowanej w komplecie z czterema dzielonymi barierkami bocznymi umo\u017cliwiaj\u0105cymi zabezpieczenie pacjenta w zale\u017cno\u015bci od potrzeb na ca\u0142ej d\u0142ugo\u015bci lub po\u0142owie d\u0142ugo\u015bci le\u017ca<\/li>\n<li>pozycja Trendelenburga i anty-Trendelendurga<\/li>\n<li>indywidualna blokada jazdy i obrotu czterech k\u00f3\u0142 jezdnych<\/li>\n<li>w le\u017cu spr\u0119\u017cynuj\u0105ce listwy lamelowe wzmocnione w cz\u0119\u015bci \u015brodkowej ( w opcji w le\u017cu metalowa siatka malowana farba proszkow\u0105 mocowana na sta\u0142e)<\/li>\n<\/ul>\n<p>[\/vc_column_text][vc_custom_heading text=&#8221;Wyposa\u017cenie dodatkowe&#8221; use_theme_fonts=&#8221;yes&#8221;][vc_column_text css=&#8221;&#8221; css_params=&#8221;&#8221;]<\/p>\n<ul>\n<li>materace &#8211; wszystkie<\/li>\n<li>statyw kropl\u00f3wki przy\u0142\u00f3\u017ckowy<\/li>\n<li>wysi\u0119gnik r\u0119ki z podwieszk\u0105<\/li>\n<li>uchwyt kaczki uchwyt basenu i haczyki na worek urologiczny<\/li>\n<li>ramka do karty gor\u0105czkowej<\/li>\n<li>kr\u0105\u017cki odbojowe<\/li>\n<\/ul>\n<p>&nbsp;[\/vc_column_text][vc_empty_space height=&#8221;15px&#8221; css_params=&#8221;&#8221;][\/vc_column][vc_column width=&#8221;1\/3&#8243;][vc_custom_heading text=&#8221;Parametry&#8221; use_theme_fonts=&#8221;yes&#8221;][vc_column_text css=&#8221;&#8221; css_params=&#8221;&#8221;]<\/p>\n<ul>\n<li>szeroko\u015b\u0107 ca\u0142kowita 1025 mm \u00b1 10mm (925mm \u00b1 10mm)<\/li>\n<li>d\u0142ugo\u015b\u0107 ca\u0142kowita 2140mm \u00b1 10mm<\/li>\n<li>wymiary le\u017ca 2020x890mm (790mm) \u00b1 5mm<\/li>\n<li>regulacja wysoko\u015bci 400 &#8211; 800mm \u00b1 5mm<\/li>\n<li>regulacja segmentu plec\u00f3w w zakresie 0\u00b0\u00b8 70\u00b0 (\u00b1 5\u00b0)<\/li>\n<li>regulacja segmentu uda w zakresie 0\u00b0\u00b8 30\u00b0 (\u00b1 5\u00b0)<\/li>\n<li>k\u0105t przechy\u0142u Trendelenburga 0 &#8211; 12\u00b0 (\u00b1 5\u00b0)<\/li>\n<li>k\u0105t przechy\u0142u anty-Trendelenburga 0 &#8211; 12\u00b0 (\u00b1 5\u00b0)<\/li>\n<\/ul>\n<p>[\/vc_column_text][\/vc_column][\/vc_row][vc_row][vc_column width=&#8221;1\/2&#8243;][vc_custom_heading text=&#8221;Kolorystyka&#8221; use_theme_fonts=&#8221;yes&#8221;][vc_column_text css=&#8221;&#8221; css_params=&#8221;&#8221;]<\/p>\n<ul class=\"variants-list\">\n<li style=\"list-style-type: none;\">\n<ul class=\"variants-list\">\n<li class=\"color-tile\">Farba proszkowa<\/li>\n<li class=\"ral ral-7035\">RAL 7035<\/li>\n<li class=\"ral ral-9006\">RAL 9006<\/li>\n<li class=\"ral ral-9007\">RAL 9007<\/li>\n<li class=\"ral ral-1015\">RAL 1015<\/li>\n<li class=\"ral ral-5024\">RAL 5024<\/li>\n<li class=\"ral ral-9005\">RAL 9005<\/li>\n<li class=\"ral ral-9016\">RAL 9016<\/li>\n<li class=\"ral ral-6018\">RAL 6018<\/li>\n<li class=\"ral RAL-1003\">RAL 1003<\/li>\n<li class=\"ral RAL-3002\">RAL 3002<\/li>\n<\/ul>\n<\/li>\n<\/ul>\n<p>[\/vc_column_text][\/vc_column][vc_column width=&#8221;1\/2&#8243;][vc_column_text css=&#8221;&#8221; css_params=&#8221;&#8221;]<\/p>\n<ul class=\"variants-list\">\n<li class=\"color-tile\">P\u0142yta laminowana<\/li>\n<li class=\"ral r4634\">Buk bawaria<\/li>\n<li class=\"ral r9016\"><\/li>\n<\/ul>\n<p class=\"ral ral-1015\">U&nbsp;&nbsp; W&nbsp;&nbsp; A&nbsp;&nbsp; G&nbsp;&nbsp; A<br \/>\nPodstawowym kolorem element\u00f3w drewnianych jest kolor Buk bawaria. Pozosta\u0142e kolory dost\u0119pne tylko w ilo\u015bciach powy\u017cej 50 sztuk lub po uzgodnieniu z Dzia\u0142em Handlowym.<\/p>\n<p>[\/vc_column_text][\/vc_column][\/vc_row][vc_row][vc_column][vc_single_image image=&#8221;5849&#8243; img_size=&#8221;full&#8221; css=&#8221;&#8221; css_params=&#8221;&#8221;][\/vc_column][\/vc_row]<\/p>\n<\/div>","protected":false},"excerpt":{"rendered":"<p>\u0141\u00f3\u017cko rehabilitacyjne B1\/3S z dzielonymi barierkami przeznaczone jest do opieki d\u0142ugoterminowej. Drewniana obudowa \u0142\u00f3\u017cka sprawia, \u017ce \u0142\u00f3\u017cko doskonale nadaje si\u0119 do dom\u00f3w opieki spo\u0142ecznej, zak\u0142ad\u00f3w opieku\u0144czo-leczniczych, hospicj\u00f3w a tak\u017ce do opieki domowej.<\/p>\n","protected":false},"featured_media":5475,"template":"","meta":[],"product_brand":[],"product_cat":[113,111],"product_tag":[],"class_list":{"0":"post-5288","1":"product","2":"type-product","3":"status-publish","4":"has-post-thumbnail","6":"product_cat-lozka-do-opieki-dlugoterminowej","7":"product_cat-lozka-medyczne","9":"first","10":"instock","11":"shipping-taxable","12":"product-type-simple"},"aioseo_notices":[],"_links":{"self":[{"href":"https:\/\/metalowiec.com.pl\/en\/wp-json\/wp\/v2\/product\/5288","targetHints":{"allow":["GET"]}}],"collection":[{"href":"https:\/\/metalowiec.com.pl\/en\/wp-json\/wp\/v2\/product"}],"about":[{"href":"https:\/\/metalowiec.com.pl\/en\/wp-json\/wp\/v2\/types\/product"}],"wp:featuredmedia":[{"embeddable":true,"href":"https:\/\/metalowiec.com.pl\/en\/wp-json\/wp\/v2\/media\/5475"}],"wp:attachment":[{"href":"https:\/\/metalowiec.com.pl\/en\/wp-json\/wp\/v2\/media?parent=5288"}],"wp:term":[{"taxonomy":"product_brand","embeddable":true,"href":"https:\/\/metalowiec.com.pl\/en\/wp-json\/wp\/v2\/product_brand?post=5288"},{"taxonomy":"product_cat","embeddable":true,"href":"https:\/\/metalowiec.com.pl\/en\/wp-json\/wp\/v2\/product_cat?post=5288"},{"taxonomy":"product_tag","embeddable":true,"href":"https:\/\/metalowiec.com.pl\/en\/wp-json\/wp\/v2\/product_tag?post=5288"}],"curies":[{"name":"wp","href":"https:\/\/api.w.org\/{rel}","templated":true}]}}