{"id":4310,"date":"2018-10-03T09:08:34","date_gmt":"2018-10-03T07:08:34","guid":{"rendered":"http:\/\/metalowiec.dev.netk.pl\/?post_type=product&#038;p=4310"},"modified":"2018-10-30T14:32:03","modified_gmt":"2018-10-30T13:32:03","slug":"rehabilitation-bed-darion","status":"publish","type":"product","link":"https:\/\/metalowiec.com.pl\/en\/produkt\/rehabilitation-bed-darion\/","title":{"rendered":"Rehabilitation bed DARION"},"content":{"rendered":"<div class=\"wpb-content-wrapper\"><p>[vc_row gap=&#8221;20&#8243; el_class=&#8221;m-b-md&#8221;][vc_column width=&#8221;2\/3&#8243;][vc_custom_heading text=&#8221;Description&#8221; use_theme_fonts=&#8221;yes&#8221;][vc_column_text]<\/p>\n<ul>\n<li>steel bed construction covered with powder paint, resistant to chemicals, mechanical damage and UV radiation<\/li>\n<li>four-segment mattress frame with adjustable segments by means of remote controlled electric actuators<\/li>\n<li>electrical adjustment of height<\/li>\n<li>lower leg segment adjustment with a ratchet mechanism<\/li>\n<li>electrical function of Trendelenburg and anty-Trendelenburg 0-18o<\/li>\n<li>mattreess frame segments filled with metal mesh<\/li>\n<li>foot and head boards of the bed made of solid wood and laminated board<\/li>\n<li>wooden side rails with the possibility of lowering and disassembling without using the tools<\/li>\n<li>8 wheels with a diameter of 50mm, with a double track, equipped with a lock-brake, blockage in pairs<\/li>\n<li>autocontour<\/li>\n<li>sleeves for mounting a pull up rail or drip rack<\/li>\n<\/ul>\n<p>[\/vc_column_text][\/vc_column][vc_column width=&#8221;1\/3&#8243;][vc_custom_heading text=&#8221;Technical data&#8221; use_theme_fonts=&#8221;yes&#8221;][vc_column_text]<\/p>\n<ul>\n<li>Total length: 2085mm +\/- 15mm<\/li>\n<li>Total width: 1030mm +\/- 10mm<\/li>\n<li>Msattress frame : 2000 x 890mm +\/- 10mm<\/li>\n<li>Height adjustment: 205\/210 mm &#8211; 760mm +\/- 10mm<\/li>\n<li>Back segment adjustment: 0-700 +\/- 50<\/li>\n<li>Leg segment adjustment: 0-230+\/- 50<\/li>\n<li>Bed load: 200kg<\/li>\n<\/ul>\n<p>[\/vc_column_text][\/vc_column][\/vc_row][vc_row disable_element=&#8221;yes&#8221;][vc_column][vc_custom_heading text=&#8221;Kolorystyka&#8221; use_theme_fonts=&#8221;yes&#8221;][\/vc_column][\/vc_row][vc_row disable_element=&#8221;yes&#8221;][vc_column width=&#8221;1\/3&#8243;][vc_column_text]<\/p>\n<ul class=\"variants-list\">\n<li class=\"color-tile\">Farba proszkowa<\/li>\n<li class=\"ral ral-7035\">RAL 7035<\/li>\n<li class=\"ral ral-9006\">RAL 9006<\/li>\n<li class=\"ral ral-9007\">RAL 9007<\/li>\n<li class=\"ral ral-1015\">RAL 1015<\/li>\n<li class=\"ral ral-5024\">RAL 5024<\/li>\n<li class=\"ral ral-9005\">RAL 9005<\/li>\n<li class=\"ral ral-9016\">RAL 9016<\/li>\n<li class=\"ral ral-6018\">RAL 6018<\/li>\n<li class=\"ral RAL-1003\">RAL 1003<\/li>\n<li class=\"ral RAL-3002\">RAL 3002<\/li>\n<\/ul>\n<p>[\/vc_column_text][\/vc_column][vc_column width=&#8221;1\/3&#8243;][vc_column_text]<\/p>\n<ul class=\"variants-list\">\n<li class=\"color-tile\">P\u0142yta laminowana<\/li>\n<li class=\"ral r4634\">Olcha g\u00f3rska<\/li>\n<li class=\"ral r5113\">Buk bawaria<\/li>\n<li class=\"ral u1313\">Kremowy<\/li>\n<li class=\"ral u1717\">Niebieski wodny<\/li>\n<li class=\"ral u3112\">Limonka(krono)<\/li>\n<li class=\"ral u1508\">Milano Yellow<\/li>\n<li class=\"ral f8985\">Pomara\u0144czowy<\/li>\n<li class=\"ral r9016\">Bia\u0142y<\/li>\n<\/ul>\n<p>&nbsp;<\/p>\n<p>&nbsp;<\/p>\n<p class=\"ral ral-1015\">U\u00a0\u00a0 W\u00a0\u00a0 A\u00a0\u00a0 G\u00a0\u00a0 A<br \/>\nPodstawowym kolorem element\u00f3w drewnianych jest kolor Buk bawaria. Pozosta\u0142e kolory dost\u0119pne tylko w ilo\u015bciach powy\u017cej 50 sztuk lub po uzgodnieniu z Dzia\u0142em Handlowym.<\/p>\n<p>[\/vc_column_text][\/vc_column][vc_column width=&#8221;1\/3&#8243;][\/vc_column][\/vc_row]<\/p>\n<\/div>","protected":false},"excerpt":{"rendered":"<p>The bed lowers to a level of almost 20cm, which in the case of attempts to leave the bed by persons with consciousness disorders, reduces the risk of falling.<br \/>\nThe wooden casing makes the bed ideal for long-term care in healthcare facilities and home care.<br \/>\nThe bed is equipped with remote controlled electric actuators, which allows effortlessly setting the bed in different positions, which facilitates patient care, and gives the patient the feeling of comfort and safety.<\/p>\n","protected":false},"featured_media":5370,"template":"","meta":[],"product_brand":[],"product_cat":[164,162],"product_tag":[],"class_list":{"0":"post-4310","1":"product","2":"type-product","3":"status-publish","4":"has-post-thumbnail","6":"product_cat-beds-for-long-term-care","7":"product_cat-hospital-beds","9":"first","10":"instock","11":"shipping-taxable","12":"product-type-simple"},"aioseo_notices":[],"_links":{"self":[{"href":"https:\/\/metalowiec.com.pl\/en\/wp-json\/wp\/v2\/product\/4310","targetHints":{"allow":["GET"]}}],"collection":[{"href":"https:\/\/metalowiec.com.pl\/en\/wp-json\/wp\/v2\/product"}],"about":[{"href":"https:\/\/metalowiec.com.pl\/en\/wp-json\/wp\/v2\/types\/product"}],"wp:featuredmedia":[{"embeddable":true,"href":"https:\/\/metalowiec.com.pl\/en\/wp-json\/wp\/v2\/media\/5370"}],"wp:attachment":[{"href":"https:\/\/metalowiec.com.pl\/en\/wp-json\/wp\/v2\/media?parent=4310"}],"wp:term":[{"taxonomy":"product_brand","embeddable":true,"href":"https:\/\/metalowiec.com.pl\/en\/wp-json\/wp\/v2\/product_brand?post=4310"},{"taxonomy":"product_cat","embeddable":true,"href":"https:\/\/metalowiec.com.pl\/en\/wp-json\/wp\/v2\/product_cat?post=4310"},{"taxonomy":"product_tag","embeddable":true,"href":"https:\/\/metalowiec.com.pl\/en\/wp-json\/wp\/v2\/product_tag?post=4310"}],"curies":[{"name":"wp","href":"https:\/\/api.w.org\/{rel}","templated":true}]}}