{"id":2806,"date":"2018-10-03T09:34:22","date_gmt":"2018-10-03T07:34:22","guid":{"rendered":"http:\/\/metalowiec.dev.netk.pl\/?post_type=product&#038;p=2806"},"modified":"2018-10-03T09:34:23","modified_gmt":"2018-10-03T07:34:23","slug":"osprzet-lozek","status":"publish","type":"product","link":"https:\/\/metalowiec.com.pl\/en\/produkt\/osprzet-lozek\/","title":{"rendered":"OSPRZ\u0118T \u0141\u00d3\u017bEK"},"content":{"rendered":"<div class=\"wpb-content-wrapper\"><p>[vc_row gap=&#8221;20&#8243; el_class=&#8221;m-b-md&#8221;][vc_column width=&#8221;2\/3&#8243;][\/vc_column][vc_column width=&#8221;1\/3&#8243;][\/vc_column][\/vc_row][vc_row][vc_column][\/vc_column][\/vc_row]<\/p>\n<\/div>","protected":false},"excerpt":{"rendered":"<p>[vc_row gap=&#8221;20&#8243; el_class=&#8221;m-b-md&#8221;][vc_column width=&#8221;2\/3&#8243;][\/vc_column][vc_column width=&#8221;1\/3&#8243;][\/vc_column][\/vc_row][vc_row][vc_column][\/vc_column][\/vc_row]<\/p>\n","protected":false},"featured_media":2807,"template":"","meta":[],"product_brand":[],"product_cat":[162,163],"product_tag":[],"class_list":{"0":"post-2806","1":"product","2":"type-product","3":"status-publish","4":"has-post-thumbnail","6":"product_cat-hospital-beds","7":"product_cat-beds-equipments","9":"first","10":"instock","11":"shipping-taxable","12":"product-type-simple"},"aioseo_notices":[],"_links":{"self":[{"href":"https:\/\/metalowiec.com.pl\/en\/wp-json\/wp\/v2\/product\/2806","targetHints":{"allow":["GET"]}}],"collection":[{"href":"https:\/\/metalowiec.com.pl\/en\/wp-json\/wp\/v2\/product"}],"about":[{"href":"https:\/\/metalowiec.com.pl\/en\/wp-json\/wp\/v2\/types\/product"}],"wp:featuredmedia":[{"embeddable":true,"href":"https:\/\/metalowiec.com.pl\/en\/wp-json\/wp\/v2\/media\/2807"}],"wp:attachment":[{"href":"https:\/\/metalowiec.com.pl\/en\/wp-json\/wp\/v2\/media?parent=2806"}],"wp:term":[{"taxonomy":"product_brand","embeddable":true,"href":"https:\/\/metalowiec.com.pl\/en\/wp-json\/wp\/v2\/product_brand?post=2806"},{"taxonomy":"product_cat","embeddable":true,"href":"https:\/\/metalowiec.com.pl\/en\/wp-json\/wp\/v2\/product_cat?post=2806"},{"taxonomy":"product_tag","embeddable":true,"href":"https:\/\/metalowiec.com.pl\/en\/wp-json\/wp\/v2\/product_tag?post=2806"}],"curies":[{"name":"wp","href":"https:\/\/api.w.org\/{rel}","templated":true}]}}