{"id":6571,"date":"2026-03-18T13:31:49","date_gmt":"2026-03-18T12:31:49","guid":{"rendered":"https:\/\/metalowiec.com.pl\/development-of-information-and-communication-technologies-at-metalowiec-sp-z-o-o\/"},"modified":"2026-03-18T13:31:50","modified_gmt":"2026-03-18T12:31:50","slug":"development-of-information-and-communication-technologies-at-metalowiec-sp-z-o-o","status":"publish","type":"page","link":"https:\/\/metalowiec.com.pl\/en\/development-of-information-and-communication-technologies-at-metalowiec-sp-z-o-o\/","title":{"rendered":"Development of Information and Communication Technologies at Metalowiec Sp. z o.o."},"content":{"rendered":"\n<figure class=\"wp-block-image size-large is-resized\"><img loading=\"lazy\" decoding=\"async\" src=\"https:\/\/metalowiec.com.pl\/wp-content\/uploads\/2022\/08\/Fundusze-Europejskie-Program-Regionalny-Rzeczpospolita-Polska-Opolskie-Unia-Europejska-Europejski-Fundusz-Rozwoju-Regionalnego-1-900x89.jpg\" alt=\"\" class=\"wp-image-5683\" width=\"1167\" height=\"115\" srcset=\"https:\/\/metalowiec.com.pl\/wp-content\/uploads\/2022\/08\/Fundusze-Europejskie-Program-Regionalny-Rzeczpospolita-Polska-Opolskie-Unia-Europejska-Europejski-Fundusz-Rozwoju-Regionalnego-1-900x89.jpg 900w, https:\/\/metalowiec.com.pl\/wp-content\/uploads\/2022\/08\/Fundusze-Europejskie-Program-Regionalny-Rzeczpospolita-Polska-Opolskie-Unia-Europejska-Europejski-Fundusz-Rozwoju-Regionalnego-1-768x76.jpg 768w, https:\/\/metalowiec.com.pl\/wp-content\/uploads\/2022\/08\/Fundusze-Europejskie-Program-Regionalny-Rzeczpospolita-Polska-Opolskie-Unia-Europejska-Europejski-Fundusz-Rozwoju-Regionalnego-1-640x63.jpg 640w, https:\/\/metalowiec.com.pl\/wp-content\/uploads\/2022\/08\/Fundusze-Europejskie-Program-Regionalny-Rzeczpospolita-Polska-Opolskie-Unia-Europejska-Europejski-Fundusz-Rozwoju-Regionalnego-1-400x39.jpg 400w, https:\/\/metalowiec.com.pl\/wp-content\/uploads\/2022\/08\/Fundusze-Europejskie-Program-Regionalny-Rzeczpospolita-Polska-Opolskie-Unia-Europejska-Europejski-Fundusz-Rozwoju-Regionalnego-1-600x59.jpg 600w\" sizes=\"auto, (max-width: 1167px) 100vw, 1167px\" \/><\/figure>\n\n<p class=\"has-text-align-center\">Funded as part of the European Union\u2019s response to the COVID-19 pandemic<\/p>\n\n<p class=\"has-text-align-center\"><strong>METALOWIEC LIMITED LIABILITY COMPANY<\/strong><\/p>\n\n<p class=\"has-text-align-center\"><strong>is implementing a project co-financed by European Funds entitled:<\/strong><\/p>\n\n<p class=\"has-text-align-center\"><strong>\u201cDevelopment of Information and Communication Technologies at Metalowiec Sp. z o.o.\u201d<\/strong><\/p>\n\n<p class=\"has-text-align-center\"><strong>RPOP.12.01.00-16-0016\/22<\/strong><\/p>\n\n<p><\/p>\n\n<p><strong>Regional Operational Program of the Opolskie Voivodeship for 2014-2020<\/strong><\/p>\n\n<p><strong>Priority Axis:<\/strong> RPOP.12.00.00. Support under REACT-EU in the Opolskie Voivodeship<\/p>\n\n<p><strong>Action:<\/strong> RPOP.12.01.00 Support for ICT in enterprises under REACT-EU<\/p>\n\n<p><strong>Project Duration:<\/strong> 15.10.2021 \u2013 31.12.2022<\/p>\n\n<p><strong>Total Project Value:<\/strong> 444,582.00 PLN<\/p>\n\n<p><strong>Grant Amount \/ Funding Value:<\/strong> 200,061.90 PLN<\/p>\n\n<p><\/p>\n\n<p>The project\u2019s objective is to increase competitiveness through the support and development of information and communication technologies in the operations of Metalowiec Sp\u00f3\u0142ka z ograniczon\u0105 odpowiedzialno\u015bci\u0105.&#13;\n<\/p>\n\n<p>The result of the project\u2019s implementation will include, among others:<\/p>\n\n<ul class=\"wp-block-list\"><li>modernization of all the company\u2019s business processes and an increase in their efficiency through the implementation of a modern system, which will translate into lower operating costs&#13;\n<\/li><li>an increase in the use of ICT within the company by encompassing all business processes in the project&#13;\n<\/li><li>the timeliness of key data necessary for service delivery, made available at the point of service&#13;\n<\/li><li>an increase in the security of stored documentation by expanding the scope of data processed within a single system&#13;\n<\/li><li>an increase in system reliability through new functionalities that automate and support the operation of individual business processes.&#13;\n<\/li><\/ul>\n","protected":false},"excerpt":{"rendered":"<p>Funded as part of the European Union\u2019s response to the COVID-19 pandemic METALOWIEC LIMITED LIABILITY COMPANY is implementing a project co-financed by European Funds entitled: \u201cDevelopment of Information and Communication Technologies at Metalowiec Sp. z o.o.\u201d RPOP.12.01.00-16-0016\/22 Regional Operational Program of the Opolskie Voivodeship for 2014-2020 Priority Axis: RPOP.12.00.00. Support under REACT-EU in the Opolskie [&hellip;]<\/p>\n","protected":false},"author":4,"featured_media":0,"parent":0,"menu_order":0,"comment_status":"closed","ping_status":"closed","template":"","meta":{"footnotes":""},"class_list":["post-6571","page","type-page","status-publish","hentry"],"aioseo_notices":[],"_links":{"self":[{"href":"https:\/\/metalowiec.com.pl\/en\/wp-json\/wp\/v2\/pages\/6571","targetHints":{"allow":["GET"]}}],"collection":[{"href":"https:\/\/metalowiec.com.pl\/en\/wp-json\/wp\/v2\/pages"}],"about":[{"href":"https:\/\/metalowiec.com.pl\/en\/wp-json\/wp\/v2\/types\/page"}],"author":[{"embeddable":true,"href":"https:\/\/metalowiec.com.pl\/en\/wp-json\/wp\/v2\/users\/4"}],"replies":[{"embeddable":true,"href":"https:\/\/metalowiec.com.pl\/en\/wp-json\/wp\/v2\/comments?post=6571"}],"version-history":[{"count":1,"href":"https:\/\/metalowiec.com.pl\/en\/wp-json\/wp\/v2\/pages\/6571\/revisions"}],"predecessor-version":[{"id":6572,"href":"https:\/\/metalowiec.com.pl\/en\/wp-json\/wp\/v2\/pages\/6571\/revisions\/6572"}],"wp:attachment":[{"href":"https:\/\/metalowiec.com.pl\/en\/wp-json\/wp\/v2\/media?parent=6571"}],"curies":[{"name":"wp","href":"https:\/\/api.w.org\/{rel}","templated":true}]}}