{"id":2263,"date":"2018-09-27T15:00:13","date_gmt":"2018-09-27T13:00:13","guid":{"rendered":"http:\/\/metalowiec.dev.netk.pl\/?page_id=2263"},"modified":"2026-03-18T13:41:37","modified_gmt":"2026-03-18T12:41:37","slug":"home","status":"publish","type":"page","link":"https:\/\/metalowiec.com.pl\/en\/","title":{"rendered":"Home"},"content":{"rendered":"<div class=\"wpb-content-wrapper\"><p>[vc_row wrap_container=&#8221;yes&#8221;][vc_column offset=&#8221;vc_col-md-12 vc_col-xs-12&#8243; el_class=&#8221;order-2 home-banner-slider&#8221; css=&#8221;.vc_custom_1538044311584{margin-top: 20px !important;}&#8221;][rev_slider_vc alias=&#8221;slider-home&#8221;][\/vc_column][\/vc_row][vc_row full_width=&#8221;stretch_row&#8221; content_placement=&#8221;middle&#8221; wrap_container=&#8221;yes&#8221; css=&#8221;.vc_custom_1508571469836{margin-top: 20px !important;margin-bottom: 30px !important;padding-right: 40px !important;padding-left: 40px !important;background-color: #f4f4f4 !important;}&#8221; el_class=&#8221;home-bar&#8221;][vc_column css=&#8221;.vc_custom_1508571932904{padding-top: 20px !important;padding-bottom: 5px !important;}&#8221; offset=&#8221;vc_col-md-4&#8243;]<div class=\"porto-feature-box wpb_content_element  m-b-none\"><div class=\"feature-box feature-box-dark feature-box-style-2\"><div class=\"feature-box-icon feature-box-icon-dark\"><i class=\"porto-icon-star text-color-dark\" style=\"font-size:35px\"><\/i><\/div><div class=\"feature-box-info\"><div class=\"porto-u-heading  wpb_custom_95aa9a11c17ad45cfabaf210d84ee7cc porto-u-ad87e2eaf3f9c495180fe0156ddf3eb0 \"><div class=\"porto-u-main-heading\"><h3   style=\"font-weight:bold;color:#465157;font-size:14px;line-height:19px;\">The year of establishment 1976<\/h3><\/div><div class=\"porto-u-sub-heading\" style=\"color: #839199;font-size:13px;\">We have over 40 years of experience<\/div><style>.porto-u-ad87e2eaf3f9c495180fe0156ddf3eb0.porto-u-heading{text-align:left}<\/style><\/div><\/div><\/div><\/div>[\/vc_column][vc_column text_align=&#8221;center&#8221; css=&#8221;.vc_custom_1508571672383{border-right-width: 1px !important;border-left-width: 1px !important;padding-top: 20px !important;padding-bottom: 5px !important;border-left-color: #ffffff !important;border-left-style: solid !important;border-right-color: #ffffff !important;border-right-style: solid !important;}&#8221; offset=&#8221;vc_col-md-4&#8243;]<div class=\"porto-feature-box wpb_content_element  m-b-none\"><div class=\"feature-box feature-box-dark feature-box-style-2\"><div class=\"feature-box-icon feature-box-icon-dark\"><i class=\"porto-icon-users text-color-dark\" style=\"font-size:35px\"><\/i><\/div><div class=\"feature-box-info\"><div class=\"porto-u-heading  wpb_custom_95aa9a11c17ad45cfabaf210d84ee7cc porto-u-ad87e2eaf3f9c495180fe0156ddf3eb0 \"><div class=\"porto-u-main-heading\"><h3   style=\"font-weight:bold;color:#465157;font-size:14px;line-height:19px;\">We sell our products also on the foreign market<\/h3><\/div><div class=\"porto-u-sub-heading\" style=\"color: #839199;font-size:13px;\">the EU countries, USA, Africa<\/div><style>.porto-u-ad87e2eaf3f9c495180fe0156ddf3eb0.porto-u-heading{text-align:left}<\/style><\/div><\/div><\/div><\/div>[\/vc_column][vc_column text_align=&#8221;center&#8221; css=&#8221;.vc_custom_1508571955475{padding-top: 20px !important;padding-bottom: 5px !important;}&#8221; offset=&#8221;vc_col-md-4&#8243;]<div class=\"porto-feature-box wpb_content_element  m-b-none\"><div class=\"feature-box feature-box-dark feature-box-style-2\"><div class=\"feature-box-icon feature-box-icon-dark\"><i class=\"porto-icon-check text-color-dark\" style=\"font-size:35px\"><\/i><\/div><div class=\"feature-box-info\"><div class=\"porto-u-heading  wpb_custom_95aa9a11c17ad45cfabaf210d84ee7cc porto-u-ad87e2eaf3f9c495180fe0156ddf3eb0 \"><div class=\"porto-u-main-heading\"><h3   style=\"font-weight:bold;color:#465157;font-size:14px;line-height:19px;\">Confirmed high quality<\/h3><\/div><div class=\"porto-u-sub-heading\" style=\"color: #839199;font-size:13px;\">ISO 9001:2015 certificate<\/div><style>.porto-u-ad87e2eaf3f9c495180fe0156ddf3eb0.porto-u-heading{text-align:left}<\/style><\/div><\/div><\/div><\/div>[\/vc_column][\/vc_row][vc_row wrap_container=&#8221;yes&#8221; css=&#8221;.vc_custom_1538048739443{margin-bottom: 40px !important;}&#8221;][vc_column width=&#8221;1\/4&#8243;]<div class=\"porto-content-box featured-boxes wpb_content_element  featured-boxes-flat featured-boxes-style-8\"><div class=\"featured-box featured-box-primary featured-box-effect-4\"><div class=\"box-content\" style=\"\"><i class=\"icon-featured fas fa-tag text-color-primary\"><\/i>[vc_wp_custommenu nav_menu=&#8221;118&#8243;]<\/div><\/div><\/div>[\/vc_column][vc_column width=&#8221;1\/4&#8243;]<div class=\"porto-content-box featured-boxes wpb_content_element  featured-boxes-flat featured-boxes-style-8\"><div class=\"featured-box featured-box-primary featured-box-effect-4\"><div class=\"box-content\" style=\"\"><i class=\"icon-featured fas fa-tag text-color-primary\"><\/i>[vc_wp_custommenu nav_menu=&#8221;125&#8243;]<\/div><\/div><\/div>[\/vc_column][vc_column width=&#8221;1\/4&#8243;]<div class=\"porto-content-box featured-boxes wpb_content_element  featured-boxes-flat featured-boxes-style-8\"><div class=\"featured-box featured-box-primary featured-box-effect-4\"><div class=\"box-content\" style=\"\"><i class=\"icon-featured fas fa-tag text-color-primary\"><\/i>[vc_wp_custommenu nav_menu=&#8221;126&#8243;]<\/div><\/div><\/div>[\/vc_column][vc_column width=&#8221;1\/4&#8243;]<div class=\"porto-content-box featured-boxes wpb_content_element  featured-boxes-flat featured-boxes-style-8\"><div class=\"featured-box featured-box-primary featured-box-effect-4\"><div class=\"box-content\" style=\"\"><i class=\"icon-featured fas fa-tag text-color-primary\"><\/i>[vc_wp_custommenu nav_menu=&#8221;127&#8243;]<\/div><\/div><\/div>[\/vc_column][\/vc_row][vc_row full_width=&#8221;stretch_row&#8221; wrap_container=&#8221;yes&#8221; is_section=&#8221;yes&#8221; section_skin=&#8221;parallax&#8221; remove_margin_top=&#8221;yes&#8221; remove_margin_bottom=&#8221;yes&#8221; css=&#8221;.vc_custom_1489558295141{background-color: #f4f4f4 !important;}&#8221;][vc_column]<div id=\"porto-products-9e0c4dee1f2f2fd12506a77038e0d92c\" class=\"porto-products wpb_content_element custom-owl-dots-style-2 custom-owl-position-arrows-dots outimage wpb_custom_aeb2ba7df7a27d76048c02dc3283b7c5\"><h2 class=\"section-title slider-title\">FEATURED PRODUCTS<\/h2><div class=\"slider-wrapper\"><div class=\"woocommerce columns-5 \"><ul class=\"products products-container products-slider owl-carousel dots-style-1 has-ccols has-ccols-spacing ccols-xl-5 ccols-lg-4 ccols-md-4 ccols-sm-3 ccols-2 pwidth-lg-5 pwidth-md-4 pwidth-xs-2 pwidth-ls-1 is-shortcode\"\r\n\t\tdata-plugin-options=\"{&quot;themeConfig&quot;:true,&quot;lg&quot;:5,&quot;md&quot;:4,&quot;xs&quot;:3,&quot;ls&quot;:2,&quot;dots&quot;:true,&quot;margin&quot;:20}\" data-product_layout=\"product-outimage\"\trole=\"none\">\r\n\r\n<li role=\"none\" class=\"product-col product-outimage product type-product post-3809 status-publish first instock product_cat-beds-for-long-term-care product_cat-hospital-beds has-post-thumbnail featured shipping-taxable product-type-simple\">\r\n<div class=\"product-inner\">\r\n\t\r\n\t<div class=\"product-image\">\r\n\r\n\t\t<a  href=\"https:\/\/metalowiec.com.pl\/en\/produkt\/b1-3s-rehabilitation-bed\/\" aria-label=\"Go to product page\">\r\n\t\t\t<div class=\"inner\"><img loading=\"lazy\" decoding=\"async\" width=\"300\" height=\"225\" src=\"https:\/\/metalowiec.com.pl\/wp-content\/uploads\/2018\/10\/B13S-z-odbojami-300x225.jpeg\" class=\"attachment-woocommerce_thumbnail size-woocommerce_thumbnail\" alt=\"\u0141\u00f3\u017cko rehabilitacyjne elektryczne B1\/3S z wyposa\u017ceniem i odbojnikami\" \/><\/div>\t\t<\/a>\r\n\t\t\t<\/div>\r\n\r\n\t<div class=\"product-content\">\r\n\t\t<span class=\"category-list\"><a href=\"https:\/\/metalowiec.com.pl\/en\/product-category\/hospital-beds\/beds-for-long-term-care\/\" rel=\"tag\">Beds for long-term care<\/a>, <a href=\"https:\/\/metalowiec.com.pl\/en\/product-category\/hospital-beds\/\" rel=\"tag\">Medical beds<\/a><\/span>\r\n\t\t\t<a class=\"product-loop-title\"  href=\"https:\/\/metalowiec.com.pl\/en\/produkt\/b1-3s-rehabilitation-bed\/\">\r\n\t<h3 class=\"woocommerce-loop-product__title\">B1\/3S rehabilitation bed<\/h3>\t<\/a>\r\n\t\r\n\t\t\r\n\t\t<div class=\"add-links-wrap\">\r\n\t<div class=\"add-links no-effect clearfix\">\r\n\t\t\t\t<span id=\"woocommerce_loop_add_to_cart_link_describedby_3809\" class=\"screen-reader-text\">\r\n\t\t\t<\/span>\r\n\t\t\t<\/div>\r\n\t<\/div>\r\n\t<\/div>\r\n<\/div>\r\n\r\n<\/li>\r\n\r\n<li role=\"none\" class=\"product-col product-outimage product type-product post-4031 status-publish instock product_cat-beds-for-long-term-care product_cat-hospital-beds has-post-thumbnail featured shipping-taxable product-type-simple\">\r\n<div class=\"product-inner\">\r\n\t\r\n\t<div class=\"product-image\">\r\n\r\n\t\t<a  href=\"https:\/\/metalowiec.com.pl\/en\/produkt\/a-63s-t-hospital-rehabilitation-bed-with-wooden-frame\/\" aria-label=\"Go to product page\">\r\n\t\t\t<div class=\"inner\"><img loading=\"lazy\" decoding=\"async\" width=\"300\" height=\"225\" src=\"https:\/\/metalowiec.com.pl\/wp-content\/uploads\/2018\/10\/Lozko-rehabilitacyjne-A-6-3ST-w-obudowie-z-dzielonymi-barierkami-7-300x225.jpg\" class=\"attachment-woocommerce_thumbnail size-woocommerce_thumbnail\" alt=\"A-63S\/T hospital rehabilitation bed with wooden frame\" \/><\/div>\t\t<\/a>\r\n\t\t\t<\/div>\r\n\r\n\t<div class=\"product-content\">\r\n\t\t<span class=\"category-list\"><a href=\"https:\/\/metalowiec.com.pl\/en\/product-category\/hospital-beds\/beds-for-long-term-care\/\" rel=\"tag\">Beds for long-term care<\/a>, <a href=\"https:\/\/metalowiec.com.pl\/en\/product-category\/hospital-beds\/\" rel=\"tag\">Medical beds<\/a><\/span>\r\n\t\t\t<a class=\"product-loop-title\"  href=\"https:\/\/metalowiec.com.pl\/en\/produkt\/a-63s-t-hospital-rehabilitation-bed-with-wooden-frame\/\">\r\n\t<h3 class=\"woocommerce-loop-product__title\">A-63S\/T hospital rehabilitation bed with wooden frame<\/h3>\t<\/a>\r\n\t\r\n\t\t\r\n\t\t<div class=\"add-links-wrap\">\r\n\t<div class=\"add-links no-effect clearfix\">\r\n\t\t\t\t<span id=\"woocommerce_loop_add_to_cart_link_describedby_4031\" class=\"screen-reader-text\">\r\n\t\t\t<\/span>\r\n\t\t\t<\/div>\r\n\t<\/div>\r\n\t<\/div>\r\n<\/div>\r\n\r\n<\/li>\r\n\r\n<li role=\"none\" class=\"product-col product-outimage product type-product post-3799 status-publish instock product_cat-hospital-beds-en product_cat-hospital-beds has-post-thumbnail featured shipping-taxable product-type-simple\">\r\n<div class=\"product-inner\">\r\n\t\r\n\t<div class=\"product-image\">\r\n\r\n\t\t<a  href=\"https:\/\/metalowiec.com.pl\/en\/produkt\/parent-bed-bozenka\/\" aria-label=\"Go to product page\">\r\n\t\t\t<div class=\"inner\"><img loading=\"lazy\" decoding=\"async\" width=\"300\" height=\"225\" src=\"https:\/\/metalowiec.com.pl\/wp-content\/uploads\/2018\/10\/01-300x225.jpeg\" class=\"attachment-woocommerce_thumbnail size-woocommerce_thumbnail\" alt=\"\u0141\u00f3\u017cko-fotel szpitalny dla rodzica Bo\u017cenka\" \/><\/div>\t\t<\/a>\r\n\t\t\t<\/div>\r\n\r\n\t<div class=\"product-content\">\r\n\t\t<span class=\"category-list\"><a href=\"https:\/\/metalowiec.com.pl\/en\/product-category\/hospital-beds\/hospital-beds-en\/\" rel=\"tag\">Hospital beds<\/a>, <a href=\"https:\/\/metalowiec.com.pl\/en\/product-category\/hospital-beds\/\" rel=\"tag\">Medical beds<\/a><\/span>\r\n\t\t\t<a class=\"product-loop-title\"  href=\"https:\/\/metalowiec.com.pl\/en\/produkt\/parent-bed-bozenka\/\">\r\n\t<h3 class=\"woocommerce-loop-product__title\">Parent bed BO\u017bENKA<\/h3>\t<\/a>\r\n\t\r\n\t\t\r\n\t\t<div class=\"add-links-wrap\">\r\n\t<div class=\"add-links no-effect clearfix\">\r\n\t\t\t\t<span id=\"woocommerce_loop_add_to_cart_link_describedby_3799\" class=\"screen-reader-text\">\r\n\t\t\t<\/span>\r\n\t\t\t<\/div>\r\n\t<\/div>\r\n\t<\/div>\r\n<\/div>\r\n\r\n<\/li>\r\n\r\n<li role=\"none\" class=\"product-col product-outimage product type-product post-3808 status-publish instock product_cat-hospital-beds-en product_cat-hospital-beds has-post-thumbnail featured shipping-taxable product-type-simple\">\r\n<div class=\"product-inner\">\r\n\t\r\n\t<div class=\"product-image\">\r\n\r\n\t\t<a  href=\"https:\/\/metalowiec.com.pl\/en\/produkt\/frater-rehabilitation-and-care-bed\/\" aria-label=\"Go to product page\">\r\n\t\t\t<div class=\"inner\"><img loading=\"lazy\" decoding=\"async\" width=\"300\" height=\"225\" src=\"https:\/\/metalowiec.com.pl\/wp-content\/uploads\/2018\/10\/Lozko-opiekunczo-rehabilitacyjne-FRATER-1-300x225.jpg\" class=\"attachment-woocommerce_thumbnail size-woocommerce_thumbnail\" alt=\"FRATER rehabilitation and care bed\" \/><\/div>\t\t<\/a>\r\n\t\t\t<\/div>\r\n\r\n\t<div class=\"product-content\">\r\n\t\t<span class=\"category-list\"><a href=\"https:\/\/metalowiec.com.pl\/en\/product-category\/hospital-beds\/hospital-beds-en\/\" rel=\"tag\">Hospital beds<\/a>, <a href=\"https:\/\/metalowiec.com.pl\/en\/product-category\/hospital-beds\/\" rel=\"tag\">Medical beds<\/a><\/span>\r\n\t\t\t<a class=\"product-loop-title\"  href=\"https:\/\/metalowiec.com.pl\/en\/produkt\/frater-rehabilitation-and-care-bed\/\">\r\n\t<h3 class=\"woocommerce-loop-product__title\">FRATER rehabilitation and care bed<\/h3>\t<\/a>\r\n\t\r\n\t\t\r\n\t\t<div class=\"add-links-wrap\">\r\n\t<div class=\"add-links no-effect clearfix\">\r\n\t\t\t\t<span id=\"woocommerce_loop_add_to_cart_link_describedby_3808\" class=\"screen-reader-text\">\r\n\t\t\t<\/span>\r\n\t\t\t<\/div>\r\n\t<\/div>\r\n\t<\/div>\r\n<\/div>\r\n\r\n<\/li>\r\n\r\n<li role=\"none\" class=\"product-col product-outimage product type-product post-3804 status-publish last instock product_cat-hospital-beds-en product_cat-hospital-beds has-post-thumbnail featured shipping-taxable product-type-simple\">\r\n<div class=\"product-inner\">\r\n\t\r\n\t<div class=\"product-image\">\r\n\r\n\t\t<a  href=\"https:\/\/metalowiec.com.pl\/en\/produkt\/a-rehabilitation-bed\/\" aria-label=\"Go to product page\">\r\n\t\t\t<div class=\"inner\"><img loading=\"lazy\" decoding=\"async\" width=\"300\" height=\"225\" src=\"https:\/\/metalowiec.com.pl\/wp-content\/uploads\/2018\/10\/\u0141\u00f3\u017cko-reh.-a-z-wyposa\u017ceniem-300x225.jpeg\" class=\"attachment-woocommerce_thumbnail size-woocommerce_thumbnail\" alt=\"\u0141\u00f3\u017cko rehabilitacyjne szpitalne elektryczne A z wyposa\u017ceniem\" \/><\/div>\t\t<\/a>\r\n\t\t\t<\/div>\r\n\r\n\t<div class=\"product-content\">\r\n\t\t<span class=\"category-list\"><a href=\"https:\/\/metalowiec.com.pl\/en\/product-category\/hospital-beds\/hospital-beds-en\/\" rel=\"tag\">Hospital beds<\/a>, <a href=\"https:\/\/metalowiec.com.pl\/en\/product-category\/hospital-beds\/\" rel=\"tag\">Medical beds<\/a><\/span>\r\n\t\t\t<a class=\"product-loop-title\"  href=\"https:\/\/metalowiec.com.pl\/en\/produkt\/a-rehabilitation-bed\/\">\r\n\t<h3 class=\"woocommerce-loop-product__title\">A rehabilitation bed<\/h3>\t<\/a>\r\n\t\r\n\t\t\r\n\t\t<div class=\"add-links-wrap\">\r\n\t<div class=\"add-links no-effect clearfix\">\r\n\t\t\t\t<span id=\"woocommerce_loop_add_to_cart_link_describedby_3804\" class=\"screen-reader-text\">\r\n\t\t\t<\/span>\r\n\t\t\t<\/div>\r\n\t<\/div>\r\n\t<\/div>\r\n<\/div>\r\n\r\n<\/li>\r\n\r\n<li role=\"none\" class=\"product-col product-outimage product type-product post-3801 status-publish first instock product_cat-hospital-beds-en product_cat-hospital-beds has-post-thumbnail featured shipping-taxable product-type-simple\">\r\n<div class=\"product-inner\">\r\n\t\r\n\t<div class=\"product-image\">\r\n\r\n\t\t<a  href=\"https:\/\/metalowiec.com.pl\/en\/produkt\/a-3s-irena-rehabilitation-bed\/\" aria-label=\"Go to product page\">\r\n\t\t\t<div class=\"inner\"><img loading=\"lazy\" decoding=\"async\" width=\"300\" height=\"225\" src=\"https:\/\/metalowiec.com.pl\/wp-content\/uploads\/2018\/10\/23-300x225.jpg\" class=\"attachment-woocommerce_thumbnail size-woocommerce_thumbnail\" alt=\"A\/3S IRENA rehabilitation bed\" \/><\/div>\t\t<\/a>\r\n\t\t\t<\/div>\r\n\r\n\t<div class=\"product-content\">\r\n\t\t<span class=\"category-list\"><a href=\"https:\/\/metalowiec.com.pl\/en\/product-category\/hospital-beds\/hospital-beds-en\/\" rel=\"tag\">Hospital beds<\/a>, <a href=\"https:\/\/metalowiec.com.pl\/en\/product-category\/hospital-beds\/\" rel=\"tag\">Medical beds<\/a><\/span>\r\n\t\t\t<a class=\"product-loop-title\"  href=\"https:\/\/metalowiec.com.pl\/en\/produkt\/a-3s-irena-rehabilitation-bed\/\">\r\n\t<h3 class=\"woocommerce-loop-product__title\">A\/3S IRENA rehabilitation bed<\/h3>\t<\/a>\r\n\t\r\n\t\t\r\n\t\t<div class=\"add-links-wrap\">\r\n\t<div class=\"add-links no-effect clearfix\">\r\n\t\t\t\t<span id=\"woocommerce_loop_add_to_cart_link_describedby_3801\" class=\"screen-reader-text\">\r\n\t\t\t<\/span>\r\n\t\t\t<\/div>\r\n\t<\/div>\r\n\t<\/div>\r\n<\/div>\r\n\r\n<\/li>\r\n\r\n<li role=\"none\" class=\"product-col product-outimage product type-product post-2312 status-publish instock product_cat-hospital-beds-en product_cat-hospital-beds has-post-thumbnail featured shipping-taxable product-type-simple\">\r\n<div class=\"product-inner\">\r\n\t\r\n\t<div class=\"product-image\">\r\n\r\n\t\t<a  href=\"https:\/\/metalowiec.com.pl\/en\/produkt\/andimed-hospital-bed\/\" aria-label=\"Go to product page\">\r\n\t\t\t<div class=\"inner\"><img loading=\"lazy\" decoding=\"async\" width=\"300\" height=\"225\" src=\"https:\/\/metalowiec.com.pl\/wp-content\/uploads\/2018\/09\/panel-02-300x225.jpeg\" class=\"attachment-woocommerce_thumbnail size-woocommerce_thumbnail\" alt=\"\u0142\u00f3\u017cko rehabilitacyjne szpitalne elektryczne ANDIMED z wyposa\u017ceniem - \u0142\u00f3\u017cko przeznaczone na OIOM\" \/><\/div>\t\t<\/a>\r\n\t\t\t<\/div>\r\n\r\n\t<div class=\"product-content\">\r\n\t\t<span class=\"category-list\"><a href=\"https:\/\/metalowiec.com.pl\/en\/product-category\/hospital-beds\/hospital-beds-en\/\" rel=\"tag\">Hospital beds<\/a>, <a href=\"https:\/\/metalowiec.com.pl\/en\/product-category\/hospital-beds\/\" rel=\"tag\">Medical beds<\/a><\/span>\r\n\t\t\t<a class=\"product-loop-title\"  href=\"https:\/\/metalowiec.com.pl\/en\/produkt\/andimed-hospital-bed\/\">\r\n\t<h3 class=\"woocommerce-loop-product__title\">ANDIMED Hospital bed<\/h3>\t<\/a>\r\n\t\r\n\t\t\r\n\t\t<div class=\"add-links-wrap\">\r\n\t<div class=\"add-links no-effect clearfix\">\r\n\t\t\t\t<span id=\"woocommerce_loop_add_to_cart_link_describedby_2312\" class=\"screen-reader-text\">\r\n\t\t\t<\/span>\r\n\t\t\t<\/div>\r\n\t<\/div>\r\n\t<\/div>\r\n<\/div>\r\n\r\n<\/li>\r\n\r\n<li role=\"none\" class=\"product-col product-outimage product type-product post-2113 status-publish instock product_cat-hospital-beds-en product_cat-hospital-beds has-post-thumbnail featured shipping-taxable product-type-simple\">\r\n<div class=\"product-inner\">\r\n\t\r\n\t<div class=\"product-image\">\r\n\r\n\t\t<a  href=\"https:\/\/metalowiec.com.pl\/en\/produkt\/a-6-3s-t-hospital-rehabilitation-bed\/\" aria-label=\"Go to product page\">\r\n\t\t\t<div class=\"inner\"><img loading=\"lazy\" decoding=\"async\" width=\"300\" height=\"225\" src=\"https:\/\/metalowiec.com.pl\/wp-content\/uploads\/2018\/04\/31-300x225.jpeg\" class=\"attachment-woocommerce_thumbnail size-woocommerce_thumbnail\" alt=\"A-6-3S\/T hospital rehabilitation bed\" \/><\/div>\t\t<\/a>\r\n\t\t\t<\/div>\r\n\r\n\t<div class=\"product-content\">\r\n\t\t<span class=\"category-list\"><a href=\"https:\/\/metalowiec.com.pl\/en\/product-category\/hospital-beds\/hospital-beds-en\/\" rel=\"tag\">Hospital beds<\/a>, <a href=\"https:\/\/metalowiec.com.pl\/en\/product-category\/hospital-beds\/\" rel=\"tag\">Medical beds<\/a><\/span>\r\n\t\t\t<a class=\"product-loop-title\"  href=\"https:\/\/metalowiec.com.pl\/en\/produkt\/a-6-3s-t-hospital-rehabilitation-bed\/\">\r\n\t<h3 class=\"woocommerce-loop-product__title\">A-6-3S\/T hospital rehabilitation bed<\/h3>\t<\/a>\r\n\t\r\n\t\t\r\n\t\t<div class=\"add-links-wrap\">\r\n\t<div class=\"add-links no-effect clearfix\">\r\n\t\t\t\t<span id=\"woocommerce_loop_add_to_cart_link_describedby_2113\" class=\"screen-reader-text\">\r\n\t\t\t<\/span>\r\n\t\t\t<\/div>\r\n\t<\/div>\r\n\t<\/div>\r\n<\/div>\r\n\r\n<\/li>\r\n<\/ul>\r\n<\/div><\/div><\/div>[\/vc_column][\/vc_row]<\/p>\n<\/div>","protected":false},"excerpt":{"rendered":"<p>[vc_row wrap_container=&#8221;yes&#8221;][vc_column offset=&#8221;vc_col-md-12 vc_col-xs-12&#8243; el_class=&#8221;order-2 home-banner-slider&#8221; css=&#8221;.vc_custom_1538044311584{margin-top: 20px !important;}&#8221;][rev_slider_vc alias=&#8221;slider-home&#8221;][\/vc_column][\/vc_row][vc_row full_width=&#8221;stretch_row&#8221; content_placement=&#8221;middle&#8221; wrap_container=&#8221;yes&#8221; css=&#8221;.vc_custom_1508571469836{margin-top: 20px !important;margin-bottom: 30px !important;padding-right: 40px !important;padding-left: 40px !important;background-color: #f4f4f4 !important;}&#8221; el_class=&#8221;home-bar&#8221;][vc_column css=&#8221;.vc_custom_1508571932904{padding-top: 20px !important;padding-bottom: 5px !important;}&#8221; offset=&#8221;vc_col-md-4&#8243;][\/vc_column][vc_column text_align=&#8221;center&#8221; css=&#8221;.vc_custom_1508571672383{border-right-width: 1px !important;border-left-width: 1px !important;padding-top: 20px !important;padding-bottom: 5px !important;border-left-color: #ffffff !important;border-left-style: solid !important;border-right-color: #ffffff !important;border-right-style: solid !important;}&#8221; offset=&#8221;vc_col-md-4&#8243;][\/vc_column][vc_column text_align=&#8221;center&#8221; css=&#8221;.vc_custom_1508571955475{padding-top: 20px !important;padding-bottom: 5px [&hellip;]<\/p>\n","protected":false},"author":1,"featured_media":0,"parent":0,"menu_order":0,"comment_status":"closed","ping_status":"closed","template":"","meta":{"footnotes":""},"class_list":["post-2263","page","type-page","status-publish","hentry"],"aioseo_notices":[],"_links":{"self":[{"href":"https:\/\/metalowiec.com.pl\/en\/wp-json\/wp\/v2\/pages\/2263","targetHints":{"allow":["GET"]}}],"collection":[{"href":"https:\/\/metalowiec.com.pl\/en\/wp-json\/wp\/v2\/pages"}],"about":[{"href":"https:\/\/metalowiec.com.pl\/en\/wp-json\/wp\/v2\/types\/page"}],"author":[{"embeddable":true,"href":"https:\/\/metalowiec.com.pl\/en\/wp-json\/wp\/v2\/users\/1"}],"replies":[{"embeddable":true,"href":"https:\/\/metalowiec.com.pl\/en\/wp-json\/wp\/v2\/comments?post=2263"}],"version-history":[{"count":14,"href":"https:\/\/metalowiec.com.pl\/en\/wp-json\/wp\/v2\/pages\/2263\/revisions"}],"predecessor-version":[{"id":5650,"href":"https:\/\/metalowiec.com.pl\/en\/wp-json\/wp\/v2\/pages\/2263\/revisions\/5650"}],"wp:attachment":[{"href":"https:\/\/metalowiec.com.pl\/en\/wp-json\/wp\/v2\/media?parent=2263"}],"curies":[{"name":"wp","href":"https:\/\/api.w.org\/{rel}","templated":true}]}}