{"id":6517,"date":"2026-03-10T10:31:43","date_gmt":"2026-03-10T09:31:43","guid":{"rendered":"https:\/\/metalowiec.com.pl\/?post_type=product&#038;p=6517"},"modified":"2026-03-10T13:37:04","modified_gmt":"2026-03-10T12:37:04","slug":"lozko-rehabilitacyjne-magda-2","status":"publish","type":"product","link":"https:\/\/metalowiec.com.pl\/de\/produkt\/lozko-rehabilitacyjne-magda-2\/","title":{"rendered":"\u0141\u00f3\u017cko rehabilitacyjne MAGDA\/T"},"content":{"rendered":"<div class=\"wpb-content-wrapper\"><p>[vc_row][vc_column][vc_column_text]<strong>Specyfikacja techniczna:<\/strong><\/p>\n<ul>\n<li>konstrukcja \u0142\u00f3\u017cka stalowa, pokryta farba proszkow\u0105, odporna na dzia\u0142anie \u015brodk\u00f3w chemicznych, uszkodzenia mechaniczne oraz promieniowanie UV<\/li>\n<li>le\u017ce \u0142\u00f3\u017cka czterosegmentowe z regulacj\u0105 segment\u00f3w przy pomocy si\u0142ownik\u00f3w elektrycznych sterowanych pilotem. Pilot z mo\u017cliwo\u015bci\u0105 blokady<\/li>\n<li>regulacja wysoko\u015bci elektrycznie.<\/li>\n<li>regulacja segmentu podudzia mechanizmem zapadkowym.<\/li>\n<li>4 ko\u0142a jezdne z indywidualn\u0105 blokada jazdy i obrotu, w tym jedno ko\u0142o do jazdy na wprost. Ko\u0142a nierysuj\u0105ce powierzchni<br \/>\nszczyty \u0142\u00f3\u017cka i barierki tworzywowe.<\/li>\n<li>Barierki boczne podw\u00f3jne dzielone zabezpieczaj\u0105ce pacjenta na ca\u0142ej d\u0142ugo\u015bci<\/li>\n<li>tuleje do mocowania wysi\u0119gnika lub statywu kropl\u00f3wki<\/li>\n<\/ul>\n<p><strong>Dane techniczne:<\/strong><\/p>\n<ul>\n<li>D\u0142ugo\u015b\u0107 ca\u0142kowita: 2150mm +\/- 10 mm<\/li>\n<li>Szeroko\u015b\u0107 ca\u0142kowita: 1080mm +\/- 10mm<\/li>\n<li>Wymiary le\u017ca: 2020 x 900mm +\/- 10mm<\/li>\n<li>Regulacja wysoko\u015bci w zakresie: 400-800mm +\/- 10mm<\/li>\n<li>Regulacja segmentu oparcia plec\u00f3w: 0-700 +\/- 50<\/li>\n<li>Regulacja segmentu uda: 0-450+\/- 50<\/li>\n<li>Obci\u0105\u017cenie \u0142\u00f3\u017cka: 200kg<\/li>\n<\/ul>\n<p><strong>Wyposa\u017cenie dodatkowe:<\/strong><\/p>\n<ul>\n<li>Barierki boczne sk\u0142adane<\/li>\n<li>Materac<\/li>\n<\/ul>\n<p>[\/vc_column_text][\/vc_column][\/vc_row][vc_row][vc_column width=&#8220;1\/2&#8243;][vc_column_text el_class=&#8220;flex-colors&#8220;]<\/p>\n<ul class=\"variants-list\">\n<li class=\"color-tile\">Farba proszkowa<\/li>\n<li class=\"ral ral-7035\">RAL 7035<\/li>\n<li class=\"ral ral-9006\">RAL 9006<\/li>\n<li class=\"ral ral-9007\">RAL 9007<\/li>\n<li class=\"ral ral-1015\">RAL 1015<\/li>\n<li class=\"ral ral-5024\">RAL 5024<\/li>\n<li class=\"ral ral-9005\">RAL 9005<\/li>\n<li class=\"ral ral-9016\">RAL 9016<\/li>\n<li class=\"ral ral-6018\">RAL 6018<\/li>\n<li class=\"ral RAL-1003\">RAL 1003<\/li>\n<li class=\"ral RAL-3002\">RAL 3002<\/li>\n<li class=\"ral ral-7035\">Popiel<\/li>\n<\/ul>\n<p>[\/vc_column_text][vc_empty_space height=&#8220;10px&#8220; css_params=&#8220;&#8220;][\/vc_column][vc_column width=&#8220;1\/2&#8243;][vc_column_text css=&#8220;&#8220; css_params=&#8220;&#8220;]<\/p>\n<ul class=\"variants-list\">\n<li class=\"color-tile\">Kolor wklejek do szczyt\u00f3w i barierek<\/li>\n<li class=\"ral ral-5024\">RAL 5024<\/li>\n<li class=\"ral ral-6019\">RAL 6019<\/li>\n<li class=\"ral ral-1015\">RAL 1015 BE\u017b<\/li>\n<li class=\"ral ral-7035\">RAL 7035 POPIEL<\/li>\n<li class=\"ral ral-2003\">RAL 2003<\/li>\n<li class=\"ral ral-1003\">RAL 1003<\/li>\n<li class=\"ral ral-6027\">RAL 6027<\/li>\n<li class=\"ral ral-6018\">RAL 6018<\/li>\n<\/ul>\n<p>[\/vc_column_text][\/vc_column][\/vc_row][vc_row][vc_column][vc_column_text css=&#8220;&#8220; css_params=&#8220;&#8220;]<strong>Uwaga dotycz\u0105ca kolor\u00f3w<\/strong><\/p>\n<p>Prezentowane na stronie kolory maj\u0105 charakter pogl\u0105dowy. Ze wzgl\u0119du na r\u00f3\u017cnice w ustawieniach monitor\u00f3w, kart graficznych, jasno\u015bci ekranu, kalibracji wy\u015bwietlacza oraz indywidualnych ustawie\u0144 urz\u0105dze\u0144 mobilnych, rzeczywisty odcie\u0144 produktu mo\u017ce nieznacznie r\u00f3\u017cni\u0107 si\u0119 od koloru widocznego na ekranie.<\/p>\n<p>Kolory wy\u015bwietlane na monitorze mog\u0105 by\u0107 interpretowane inaczej przez r\u00f3\u017cne technologie ekran\u00f3w (np. LCD, LED, OLED), a tak\u017ce przez ustawienia kontrastu, temperatury barwowej czy trybu wy\u015bwietlania. Dodatkowo na odbi\u00f3r koloru wp\u0142ywaj\u0105 warunki o\u015bwietleniowe w pomieszczeniu, w kt\u00f3rym ogl\u0105dany jest ekran.<\/p>\n<p>Dok\u0142adamy wszelkich stara\u0144, aby prezentowane kolory jak najwierniej oddawa\u0142y rzeczywiste wyko\u0144czenia oferowanych produkt\u00f3w. Nale\u017cy jednak pami\u0119ta\u0107, \u017ce cyfrowa prezentacja kolor\u00f3w nie jest w stanie w 100% odwzorowa\u0107 rzeczywistych barw materia\u0142\u00f3w.<\/p>\n<p>W przypadku gdy precyzyjne dopasowanie koloru ma kluczowe znaczenie, zalecamy skontaktowanie si\u0119 z naszym dzia\u0142em handlowym w celu uzyskania dodatkowych informacji lub zapoznania si\u0119 z fizycznymi pr\u00f3bkami materia\u0142\u00f3w.[\/vc_column_text][\/vc_column][\/vc_row][vc_row][vc_column][\/vc_column][\/vc_row]<\/p>\n<\/div>","protected":false},"excerpt":{"rendered":"<p>&nbsp;<\/p>\n<p>Funkcjonalne \u0142\u00f3\u017cko szpitalne z czterosegmentowym le\u017cem, umo\u017cliwiaj\u0105ce wygodn\u0105 regulacj\u0119 pozycji pacjenta za pomoc\u0105 si\u0142ownik\u00f3w elektrycznych sterowanych pilotem z funkcj\u0105 blokady. Solidna stalowa konstrukcja pokryta farb\u0105 proszkow\u0105 zapewnia odporno\u015b\u0107 na \u015brodki chemiczne, uszkodzenia mechaniczne oraz promieniowanie UV. \u0141\u00f3\u017cko wyposa\u017cone jest w elektryczn\u0105 regulacj\u0119 wysoko\u015bci, podw\u00f3jne barierki boczne zabezpieczaj\u0105ce pacjenta oraz cztery ko\u0142a jezdne z indywidualn\u0105 blokad\u0105.<\/p>\n","protected":false},"featured_media":6518,"template":"","meta":[],"product_brand":[],"product_cat":[213,216],"product_tag":[],"class_list":{"0":"post-6517","1":"product","2":"type-product","3":"status-publish","4":"has-post-thumbnail","6":"product_cat-213","7":"product_cat-216","9":"first","10":"instock","11":"shipping-taxable","12":"product-type-simple"},"aioseo_notices":[],"_links":{"self":[{"href":"https:\/\/metalowiec.com.pl\/de\/wp-json\/wp\/v2\/product\/6517","targetHints":{"allow":["GET"]}}],"collection":[{"href":"https:\/\/metalowiec.com.pl\/de\/wp-json\/wp\/v2\/product"}],"about":[{"href":"https:\/\/metalowiec.com.pl\/de\/wp-json\/wp\/v2\/types\/product"}],"wp:featuredmedia":[{"embeddable":true,"href":"https:\/\/metalowiec.com.pl\/de\/wp-json\/wp\/v2\/media\/6518"}],"wp:attachment":[{"href":"https:\/\/metalowiec.com.pl\/de\/wp-json\/wp\/v2\/media?parent=6517"}],"wp:term":[{"taxonomy":"product_brand","embeddable":true,"href":"https:\/\/metalowiec.com.pl\/de\/wp-json\/wp\/v2\/product_brand?post=6517"},{"taxonomy":"product_cat","embeddable":true,"href":"https:\/\/metalowiec.com.pl\/de\/wp-json\/wp\/v2\/product_cat?post=6517"},{"taxonomy":"product_tag","embeddable":true,"href":"https:\/\/metalowiec.com.pl\/de\/wp-json\/wp\/v2\/product_tag?post=6517"}],"curies":[{"name":"wp","href":"https:\/\/api.w.org\/{rel}","templated":true}]}}