{"id":5923,"date":"2022-05-13T12:29:58","date_gmt":"2022-05-13T10:29:58","guid":{"rendered":"https:\/\/metalowiec.com.pl\/produkt\/lozko-skladane\/"},"modified":"2022-05-13T12:29:58","modified_gmt":"2022-05-13T10:29:58","slug":"lozko-skladane","status":"publish","type":"product","link":"https:\/\/metalowiec.com.pl\/de\/produkt\/lozko-skladane\/","title":{"rendered":"\u0141\u00d3\u017bKO SK\u0141ADANE"},"content":{"rendered":"<p>Konstrukcja \u0142\u00f3\u017cka wykonana z profili stalowych pokrytych farba proszkow\u0105,<\/p>\n<p>le\u017ce \u0142\u00f3\u017cka dwusegmentowe z regulowanym oparciem plec\u00f3w<\/p>\n<p>\u0141\u00f3zko mo\u017ce by\u0107 wyposa\u017cone w stopki lub k\u00f3\u0142ka<\/p>\n<p>\u0141\u00f3zko mo\u017ce by\u0107 wyposa\u017cone w barierki boczne zabezpieczaj\u0105ce oraz statyw kropl\u00f3wki<\/p>\n","protected":false},"excerpt":{"rendered":"<p>Konstrukcja \u0142\u00f3\u017cka wykonana z profili stalowych pokrytych farba proszkow\u0105, le\u017ce \u0142\u00f3\u017cka dwusegmentowe z regulowanym oparciem plec\u00f3w \u0141\u00f3zko mo\u017ce by\u0107 wyposa\u017cone w stopki lub k\u00f3\u0142ka \u0141\u00f3zko mo\u017ce by\u0107 wyposa\u017cone w barierki boczne zabezpieczaj\u0105ce oraz statyw kropl\u00f3wki<\/p>\n","protected":false},"featured_media":5580,"template":"","meta":[],"product_brand":[],"product_cat":[188,186],"product_tag":[],"class_list":{"0":"post-5923","1":"product","2":"type-product","3":"status-publish","4":"has-post-thumbnail","6":"product_cat-die-couch-und-die-betten","7":"product_cat-mobel","9":"first","10":"instock","11":"shipping-taxable","12":"product-type-simple"},"aioseo_notices":[],"_links":{"self":[{"href":"https:\/\/metalowiec.com.pl\/de\/wp-json\/wp\/v2\/product\/5923","targetHints":{"allow":["GET"]}}],"collection":[{"href":"https:\/\/metalowiec.com.pl\/de\/wp-json\/wp\/v2\/product"}],"about":[{"href":"https:\/\/metalowiec.com.pl\/de\/wp-json\/wp\/v2\/types\/product"}],"wp:featuredmedia":[{"embeddable":true,"href":"https:\/\/metalowiec.com.pl\/de\/wp-json\/wp\/v2\/media\/5580"}],"wp:attachment":[{"href":"https:\/\/metalowiec.com.pl\/de\/wp-json\/wp\/v2\/media?parent=5923"}],"wp:term":[{"taxonomy":"product_brand","embeddable":true,"href":"https:\/\/metalowiec.com.pl\/de\/wp-json\/wp\/v2\/product_brand?post=5923"},{"taxonomy":"product_cat","embeddable":true,"href":"https:\/\/metalowiec.com.pl\/de\/wp-json\/wp\/v2\/product_cat?post=5923"},{"taxonomy":"product_tag","embeddable":true,"href":"https:\/\/metalowiec.com.pl\/de\/wp-json\/wp\/v2\/product_tag?post=5923"}],"curies":[{"name":"wp","href":"https:\/\/api.w.org\/{rel}","templated":true}]}}