{"id":5699,"date":"2022-11-22T14:13:28","date_gmt":"2022-11-22T13:13:28","guid":{"rendered":"https:\/\/metalowiec.com.pl\/?post_type=product&#038;p=5699"},"modified":"2026-03-03T10:57:13","modified_gmt":"2026-03-03T09:57:13","slug":"lozko-obrotowe","status":"publish","type":"product","link":"https:\/\/metalowiec.com.pl\/de\/produkt\/lozko-obrotowe\/","title":{"rendered":"\u0141\u00d3\u017bKO OBROTOWE SABINA"},"content":{"rendered":"<div class=\"wpb-content-wrapper\"><p>[vc_row][vc_column width=&#8220;2\/3&#8243;][vc_custom_heading text=&#8220;Opis&#8220; use_theme_fonts=&#8220;yes&#8220;][vc_column_text]<\/p>\n<ul>\n<li>Nowoczesne \u0142o\u017cko do opieki d\u0142ugoterminowej z funkcja obrotu i pionizacji<\/li>\n<li>\u0141\u00f3\u017cko obrotowe opr\u00f3cz standardowych funkcji w jakie wyposa\u017cone jest \u0142\u00f3\u017cko do opieki<br \/>\nposiada funkcje obrotu i nachylenia u\u0142atwiaj\u0105ce pionizacj\u0119 pacjenta.<br \/>\nSterowanie wszystkimi funkcjami l\u00f3\u017cka odbywa si\u0119 z jednego 12-to przyciskowego pilota .<br \/>\nWszystkie funkcje s\u0105 wyra\u017anie oznaczone za pomoc\u0105 piktogram\u00f3w.<br \/>\nSpecjalnie dedykowany przycisk do realizacji funkcji obrotu i pionizacji. Po wybraniu przycisku oznaczonego na pilocie l\u00f3\u017cko ustawia si\u0119 do bezpiecznej pozycji a nast\u0119pnie le\u017ce ustawia si\u0119 do pozycji siedz\u0105cej, obraca si\u0119 do boku i obni\u017ca segment n\u00f3g oraz delikatnie podnosi segment l\u0119d\u017awiowy co pozwala na \u0142atwiejsze wstawanie i pionizacj\u0119 pacjenta a tak\u017ce u\u0142atwia przesiadanie si\u0119 na w\u00f3zek inwalidzki<\/li>\n<li>le\u017ce czterosegmentowe z regulacj\u0105 segment\u00f3w oraz wysoko\u015bci le\u017ca przy pomocy si\u0142ownik\u00f3w elektrycznych sterowanych pilotem przewodowym ( pilot z kluczykiem umo\u017cliwiaj\u0105cym blokowanie wszystkich funkcji jednocze\u015bnie przez personel medyczny)<\/li>\n<li>obudowa \u0142\u00f3\u017cka z drewna i p\u0142yty laminowanej w komplecie\u00a0 barierkami bocznymi umo\u017cliwiaj\u0105cymi zabezpieczenie pacjenta na ca\u0142ej d\u0142ugo\u015bci<\/li>\n<li>pozycja Trendelenburga i anty-Trendelendurga<\/li>\n<li>indywidualna blokada jazdy i obrotu czterech k\u00f3\u0142 jezdnych<\/li>\n<li>w\u00a0 le\u017cu metalowa siatka malowana farba proszkow\u0105 mocowana na sta\u0142e<\/li>\n<li>\u0141\u00f3\u017cko wyposa\u017cone w dodatkowe ergonomiczne\u00a0 barierki metalowe wykonane z rury okr\u0105g\u0142ej s\u0142u\u017c\u0105ce jako\u00a0 zabezpieczenie pacjenta i\u00a0 oparcie si\u0119 pacjenta w czasie wstawania i pionizacji pacjent<\/li>\n<\/ul>\n<p>[\/vc_column_text][vc_custom_heading text=&#8220;Wyposa\u017cenie dodatkowe&#8220; use_theme_fonts=&#8220;yes&#8220;][vc_column_text css=&#8220;&#8220;]<\/p>\n<ul>\n<li>materac szpitalny lub p\/odle\u017cynowy<\/li>\n<li>statyw kropl\u00f3wki przy\u0142\u00f3\u017ckowy<\/li>\n<li>wysi\u0119gnik r\u0119ki z podwieszk\u0105<\/li>\n<li>uchwyt kaczki uchwyt basenu i haczyki na worek urologiczny<\/li>\n<li>ramka do karty gor\u0105czkowej<\/li>\n<li>kr\u0105\u017cki odbojowe<\/li>\n<\/ul>\n<p>[\/vc_column_text][\/vc_column][vc_column width=&#8220;1\/3&#8243;][vc_custom_heading text=&#8220;Parametry&#8220; use_theme_fonts=&#8220;yes&#8220;][vc_column_text]<\/p>\n<ul>\n<li>szeroko\u015b\u0107 ca\u0142kowita 1050 mm \u00b1 10mm<\/li>\n<li>d\u0142ugo\u015b\u0107 ca\u0142kowita 2140mm \u00b1 10mm<\/li>\n<li>wymiary le\u017ca 2020x890mm\u00a0 \u00b1 5mm<\/li>\n<li>regulacja wysoko\u015bci 400 &#8211; 800mm \u00b1 5mm<\/li>\n<li>regulacja segmentu plec\u00f3w w zakresie 0\u00b0\u00b8 70\u00b0 (\u00b1 5\u00b0)<\/li>\n<li>regulacja segmentu uda w zakresie 0\u00b0\u00b8 30\u00b0 (\u00b1 5\u00b0)<\/li>\n<li>k\u0105t przechy\u0142u Trendelenburga 0 &#8211; 12\u00b0 (\u00b1 5\u00b0)<\/li>\n<li>k\u0105t przechy\u0142u anty-Trendelenburga 0 &#8211; 12\u00b0 (\u00b1 5\u00b0)<\/li>\n<\/ul>\n<p>[\/vc_column_text][\/vc_column][\/vc_row][vc_row][vc_column width=&#8220;1\/2&#8243;][vc_custom_heading text=&#8220;Kolorystyka&#8220; use_theme_fonts=&#8220;yes&#8220;][vc_column_text css=&#8220;&#8220; css_params=&#8220;&#8220;]<\/p>\n<ul class=\"variants-list\">\n<li style=\"list-style-type: none;\">\n<ul class=\"variants-list\">\n<li class=\"color-tile\">Farba proszkowa<\/li>\n<li class=\"ral ral-7035\">RAL 7035<\/li>\n<li class=\"ral ral-9006\">RAL 9006<\/li>\n<li class=\"ral ral-9007\">RAL 9007<\/li>\n<li class=\"ral ral-1015\">RAL 1015<\/li>\n<li class=\"ral ral-5024\">RAL 5024<\/li>\n<li class=\"ral ral-9005\">RAL 9005<\/li>\n<li class=\"ral ral-9016\">RAL 9016<\/li>\n<li class=\"ral ral-6018\">RAL 6018<\/li>\n<li class=\"ral RAL-1003\">RAL 1003<\/li>\n<li class=\"ral RAL-3002\">RAL 3002<\/li>\n<\/ul>\n<\/li>\n<\/ul>\n<p>[\/vc_column_text][\/vc_column][vc_column width=&#8220;1\/2&#8243;][vc_column_text css=&#8220;&#8220; css_params=&#8220;&#8220;]<\/p>\n<ul class=\"variants-list\">\n<li class=\"color-tile\">P\u0142yta laminowana<\/li>\n<li class=\"ral r4634\">Buk bawaria<\/li>\n<li class=\"ral r9016\"><\/li>\n<\/ul>\n<p class=\"ral ral-1015\">U&nbsp;&nbsp; W&nbsp;&nbsp; A&nbsp;&nbsp; G&nbsp;&nbsp; A<br \/>\nPodstawowym kolorem element\u00f3w drewnianych jest kolor Buk bawaria. Pozosta\u0142e kolory dost\u0119pne tylko w ilo\u015bciach powy\u017cej 50 sztuk lub po uzgodnieniu z Dzia\u0142em Handlowym.<\/p>\n<p>[\/vc_column_text][\/vc_column][\/vc_row][vc_row][vc_column width=&#8220;1\/4&#8243;][vc_column_text css=&#8220;&#8220; css_params=&#8220;&#8220;][\/vc_column_text][\/vc_column][vc_column width=&#8220;1\/2&#8243;][vc_single_image image=&#8220;6499&#8243; img_size=&#8220;full&#8220; css=&#8220;&#8220; label=&#8220;&#8220; css_params=&#8220;&#8220;][\/vc_column][vc_column width=&#8220;1\/4&#8243;][\/vc_column][\/vc_row]<\/p>\n<\/div>","protected":false},"excerpt":{"rendered":"<p>\u0141\u00f3\u017cko obrotowe posiada funkcje obrotu i nachylenia le\u017ca\u00a0 co znacznie u\u0142atwia opiek\u0119 nad pacjentem i jego pionizacj\u0119.<\/p>\n","protected":false},"featured_media":5720,"template":"","meta":[],"product_brand":[],"product_cat":[113,111],"product_tag":[299,298],"class_list":{"0":"post-5699","1":"product","2":"type-product","3":"status-publish","4":"has-post-thumbnail","6":"product_cat-lozka-do-opieki-dlugoterminowej","7":"product_cat-lozka-medyczne","8":"product_tag-lozko-obrotowe","9":"product_tag-lozko-z-funkcja-pionizacji","11":"first","12":"instock","13":"shipping-taxable","14":"product-type-simple"},"aioseo_notices":[],"_links":{"self":[{"href":"https:\/\/metalowiec.com.pl\/de\/wp-json\/wp\/v2\/product\/5699","targetHints":{"allow":["GET"]}}],"collection":[{"href":"https:\/\/metalowiec.com.pl\/de\/wp-json\/wp\/v2\/product"}],"about":[{"href":"https:\/\/metalowiec.com.pl\/de\/wp-json\/wp\/v2\/types\/product"}],"wp:featuredmedia":[{"embeddable":true,"href":"https:\/\/metalowiec.com.pl\/de\/wp-json\/wp\/v2\/media\/5720"}],"wp:attachment":[{"href":"https:\/\/metalowiec.com.pl\/de\/wp-json\/wp\/v2\/media?parent=5699"}],"wp:term":[{"taxonomy":"product_brand","embeddable":true,"href":"https:\/\/metalowiec.com.pl\/de\/wp-json\/wp\/v2\/product_brand?post=5699"},{"taxonomy":"product_cat","embeddable":true,"href":"https:\/\/metalowiec.com.pl\/de\/wp-json\/wp\/v2\/product_cat?post=5699"},{"taxonomy":"product_tag","embeddable":true,"href":"https:\/\/metalowiec.com.pl\/de\/wp-json\/wp\/v2\/product_tag?post=5699"}],"curies":[{"name":"wp","href":"https:\/\/api.w.org\/{rel}","templated":true}]}}