{"id":4189,"date":"2018-09-26T11:27:03","date_gmt":"2018-09-26T09:27:03","guid":{"rendered":"http:\/\/metalowiec.dev.netk.pl\/?post_type=product&#038;p=4189"},"modified":"2018-10-22T10:32:36","modified_gmt":"2018-10-22T08:32:36","slug":"multifunktions-krankenhausbett-andimed","status":"publish","type":"product","link":"https:\/\/metalowiec.com.pl\/de\/produkt\/multifunktions-krankenhausbett-andimed\/","title":{"rendered":"Multifunktions-Krankenhausbett ANDIMED"},"content":{"rendered":"<div class=\"wpb-content-wrapper\"><p>[vc_row gap=&#8220;20&#8243; el_class=&#8220;m-b-md&#8220;][vc_column width=&#8220;2\/3&#8243;][vc_custom_heading text=&#8220;Beschreibung&#8220; use_theme_fonts=&#8220;yes&#8220;][vc_column_text]<\/p>\n<ul>\n<li>Konstruktion des Bettes aus pulverbeschichteten Stahlprofilen, die gegen mechanische Besch\u00e4digungeon, Desinfektionsmittel und UV-Strahlen best\u00e4ndig sind<\/li>\n<li>vierteilige Liegefl\u00e4che aus pulverbeschichtetem, UV- und reinigungsmittelresistentem Metallgitter<\/li>\n<li>In den Segmenten der R\u00fcckenst\u00fctze und der Sketion des Unterschenkels &#8222;Halter&#8220; zur Verhinderung einer L\u00e4ngs- und Querverschiebung der Matratze, diese Halter st\u00f6ren auf keine Weise bei der Montage der seitlichen Gel\u00e4nder<\/li>\n<li>Die Bewegungen des Bettes (Anheben der Liegefl\u00e4che, Bewegung des R\u00fccken- und Oberschenkelsegments) werden elektrisch \u00fcber das in den Seitengel\u00e4ndern eingebaute Steuerungssystem (au\u00dfen f\u00fcr das Personal, innen f\u00fcr die Patienten) gesteuert<\/li>\n<li>elektrische Steuerung mit Hilfe des Steuerpanels im Griff unter dem Rahmen der Liegefl\u00e4che mit der M\u00f6glichkeit des Aufh\u00e4ngens an der Frontseite des Bettes zur Bedienung durch das medizinische Personal<\/li>\n<li>elektrische Regulierung der H\u00f6he der Liegefl\u00e4che<\/li>\n<li>elektrisch einstellbarer Neigungswinkel der R\u00fcckenlehne<\/li>\n<li>elektrische Regulierung des Oberschenkelbereichs der Liegefl\u00e4che<\/li>\n<li>elektrisch am Steuerpanel und den in die Seitengel\u00e4nder eingebauten Steuerungen einstellbare Trendelenburg-\/Anti-Trendelenburg-Position<\/li>\n<li>Das Bett verf\u00fcgt \u00fcber eine mechanisch sowie elektrisch gesteuerte CPR-Funktion (zur Erm\u00f6glichung der Herz-Lungen-Wiederbelebung)<\/li>\n<li>getrennte Einstellung der Neigung der Unterschenkelsektion der Liegefl\u00e4che mit der M\u00f6glichkeit der Einstellung dieses Teils in horizontaler Lage und in Zwischenpositionen, wenn der Unterschenkelteil angehoben wird<\/li>\n<li>Fu\u00df- und Kopfenden des Bettes aus Kunststoff<\/li>\n<li>Fu\u00df- und Kopfenden aus einem Material, das gegen Feuchtigkeit, Temperatur, mechanische, Besch\u00e4digungen, Chemikalien, sowie UV-Strahlung best\u00e4ndig ist<\/li>\n<li>Fu\u00df- und Kopfenden schnell abzunehmen, um eine schnelle Reanimation des Patienten zu erm\u00f6glichen<\/li>\n<li>Zweiteilige Seitengel\u00e4nder aus Kunststoff, herablassbar bis zur H\u00f6he der Liegefl\u00e4che, mit eingebauter elektrischer Steuerung des Bettes und Anzeige des Neigungswinkels der Liegefl\u00e4che<\/li>\n<li>M\u00f6glichkeit der Montage des Tropfstativs und eines Auslegers nut Griff f\u00fcr den Arm<\/li>\n<li>(optionale Beleuchtung des Bettes)<\/li>\n<li>Bett mit 4 R\u00e4dern mit zentraler Bremse &#8211; haltbar, angepasst an die \u00dcberwindung gro\u00dfer Entfernungen, keine Verschmutzung des Fu\u00dfbodens<\/li>\n<\/ul>\n<p>[\/vc_column_text][vc_custom_heading text=&#8220;Zusatzausstattung&#8220; use_theme_fonts=&#8220;yes&#8220;][vc_column_text]<\/p>\n<ul>\n<li>Seitliche, zusammenklappbare Gel\u00e4nder entlang des Rahmens der Liegefl\u00e4che<\/li>\n<li>Seitliche, herunterfahrbare Gel\u00e4nder (Option: verchromt)<\/li>\n<li>Seitliche Universalgel\u00e4nder<\/li>\n<li>Spezialmatratze gegen Wundliegen S.CH<\/li>\n<li>Krankenhausmatratze S1.CH<\/li>\n<li>Ausleger mit Handgriff<\/li>\n<li>Stativ f\u00fcr Tropf mit 2 und 4 Haken<\/li>\n<li>Halter der Bettpfanne<\/li>\n<li>Halter f\u00fcr Bad<\/li>\n<li>Herausziehbares Fach f\u00fcr Bettw\u00e4sche (nicht zutreffend f\u00fcr Bett B1\/3S)<\/li>\n<li>Rahmen der Patientenkarte mit verdeckten Personaldaten<\/li>\n<li>Steuerpaneel<\/li>\n<li>Controlbox &#8211; Steuerpaneel<\/li>\n<li>Abnehmbares Gitter (Option)<\/li>\n<li>Liegefl\u00e4che aus HPL<\/li>\n<\/ul>\n<p>[\/vc_column_text][\/vc_column][vc_column width=&#8220;1\/3&#8243;][vc_custom_heading text=&#8220;Technische Daten&#8220; use_theme_fonts=&#8220;yes&#8220;][vc_column_text]<\/p>\n<ul>\n<li>Gesamtbreite: 1080mm \u00b1 10mm<\/li>\n<li>Gesamtl\u00e4nge: 2160mm \u00b1 10mm<\/li>\n<li>L\u00e4nge der Liegefl\u00e4che: 2000mm \u00b1 10mm<\/li>\n<li>Breite der Liegefl\u00e4che: 900mm \u00b1 10mm<\/li>\n<li>Regulierung der H\u00f6he: 420-810mm \u00b1 10mm<\/li>\n<li>Neigungswinkel der R\u00fcckenlehne: 0\u00b0-70\u00b0 \u00b1 2\u00b0<\/li>\n<li>Neigungswinkel des Oberschenkelsegments: 0\u00b0-40\u00b0 \u00b1 2\u00b0<\/li>\n<li>Neigungswinkel der Unterschenkelsegments: 0\u00b0-20\u00b0 \u00b1 2\u00b0<\/li>\n<li>Trendelenburg-Neigungswinkel von 0\u00b0 bis 23\u00b0 \u00b1 2\u00b0<\/li>\n<li>Anti-Trendelenburg-Neigungswinkel 0\u00b0 bis 20\u00b0 \u00b1 2\u00b0<\/li>\n<li>Stromversorgung ~230V, 50Hz<\/li>\n<li>Schutzklasse II vom Typ B<\/li>\n<\/ul>\n<p>[\/vc_column_text][\/vc_column][\/vc_row][vc_row][vc_column][vc_custom_heading text=&#8220;Farbe&#8220; use_theme_fonts=&#8220;yes&#8220;][\/vc_column][\/vc_row][vc_row][vc_column width=&#8220;1\/4&#8243;][vc_column_text el_class=&#8220;flex-colors&#8220;]<\/p>\n<ul class=\"variants-list\">\n<li class=\"color-tile\">Metallfarben<\/li>\n<li class=\"ral ral-7035\">RAL 7035<\/li>\n<li class=\"ral ral-9006\">RAL 9006<\/li>\n<li class=\"ral ral-9007\">RAL 9007<\/li>\n<li class=\"ral ral-1015\">RAL 1015<\/li>\n<li class=\"ral ral-5024\">RAL 5024<\/li>\n<li class=\"ral ral-9005\">RAL 9005<\/li>\n<li class=\"ral ral-9016\">RAL 9016<\/li>\n<li class=\"ral ral-6018\">RAL 6018<\/li>\n<li class=\"ral RAL-1003\">RAL 1003<\/li>\n<li class=\"ral RAL-3002\">RAL 3002<\/li>\n<li class=\"ral ral-7035\">Grau<\/li>\n<\/ul>\n<p>[\/vc_column_text][\/vc_column][vc_column width=&#8220;1\/4&#8243;][vc_column_text]<\/p>\n<ul class=\"variants-list\">\n<li class=\"color-tile\">HPL-Platten<\/li>\n<li class=\"ral ral-7035\">Grau<\/li>\n<li class=\"ral r5113\">Bayern Buche<\/li>\n<li class=\"ral r9016\">Wei\u00df<\/li>\n<li class=\"ral u1717\">Blaues Wasser<\/li>\n<li class=\"ral u1313\">Cremig<\/li>\n<\/ul>\n<p>[\/vc_column_text][\/vc_column][vc_column width=&#8220;1\/4&#8243;][\/vc_column][vc_column width=&#8220;1\/4&#8243;][\/vc_column][\/vc_row]<\/p>\n<\/div>","protected":false},"excerpt":{"rendered":"<p>Zur Behandlung und Pflege von Patienten auf Intensiv-, Regabilitations- und Kadriologiestationen bestimmt.<\/p>\n","protected":false},"featured_media":2121,"template":"","meta":[],"product_brand":[],"product_cat":[200,197],"product_tag":[],"class_list":{"0":"post-4189","1":"product","2":"type-product","3":"status-publish","4":"has-post-thumbnail","6":"product_cat-krankenhausbetten","7":"product_cat-medizinische-betten","9":"first","10":"instock","11":"featured","12":"shipping-taxable","13":"product-type-simple"},"aioseo_notices":[],"_links":{"self":[{"href":"https:\/\/metalowiec.com.pl\/de\/wp-json\/wp\/v2\/product\/4189","targetHints":{"allow":["GET"]}}],"collection":[{"href":"https:\/\/metalowiec.com.pl\/de\/wp-json\/wp\/v2\/product"}],"about":[{"href":"https:\/\/metalowiec.com.pl\/de\/wp-json\/wp\/v2\/types\/product"}],"wp:featuredmedia":[{"embeddable":true,"href":"https:\/\/metalowiec.com.pl\/de\/wp-json\/wp\/v2\/media\/2121"}],"wp:attachment":[{"href":"https:\/\/metalowiec.com.pl\/de\/wp-json\/wp\/v2\/media?parent=4189"}],"wp:term":[{"taxonomy":"product_brand","embeddable":true,"href":"https:\/\/metalowiec.com.pl\/de\/wp-json\/wp\/v2\/product_brand?post=4189"},{"taxonomy":"product_cat","embeddable":true,"href":"https:\/\/metalowiec.com.pl\/de\/wp-json\/wp\/v2\/product_cat?post=4189"},{"taxonomy":"product_tag","embeddable":true,"href":"https:\/\/metalowiec.com.pl\/de\/wp-json\/wp\/v2\/product_tag?post=4189"}],"curies":[{"name":"wp","href":"https:\/\/api.w.org\/{rel}","templated":true}]}}