{"id":3901,"date":"2018-10-03T12:01:30","date_gmt":"2018-10-09T11:02:27","guid":{"rendered":"http:\/\/metalowiec.dev.netk.pl\/?post_type=product&#038;p=3901"},"modified":"2018-10-12T10:51:30","modified_gmt":"2018-10-12T08:51:30","slug":"wickeltisch","status":"publish","type":"product","link":"https:\/\/metalowiec.com.pl\/de\/produkt\/wickeltisch\/","title":{"rendered":"Wickeltisch"},"content":{"rendered":"<div class=\"wpb-content-wrapper\"><p>[vc_row gap=&#8220;20&#8243; el_class=&#8220;m-b-md&#8220;][vc_column width=&#8220;2\/3&#8243;][vc_custom_heading text=&#8220;Beschreibung&#8220; use_theme_fonts=&#8220;yes&#8220;][vc_column_text]<\/p>\n<ul>\n<li><span lang=\"de-DE\">Rahmen aus Stahlprofilen, pulverbeschichtet <\/span><\/li>\n<li><span lang=\"de-DE\">Liegeteil und Kanten aus Spanholzplatte, bezogen mit PUR-Schaum und waschbarem Stoff<\/span><\/li>\n<li><span lang=\"de-DE\">M\u00f6gliche Montage eines Halters f\u00fcr Einweglaken <\/span><\/li>\n<li><span lang=\"de-DE\">Stellf\u00fc\u00dfe gesch\u00fctzt mit Kunststoffkappen<\/span><\/li>\n<\/ul>\n<p>[\/vc_column_text][\/vc_column][vc_column width=&#8220;1\/3&#8243;][vc_custom_heading text=&#8220;Technische Daten&#8220; use_theme_fonts=&#8220;yes&#8220;][vc_column_text]<\/p>\n<ul>\n<li>\n<p align=\"justify\"><span lang=\"de-DE\">H\u00f6he 765mm \u00b15mm <\/span><\/p>\n<\/li>\n<li>\n<p align=\"justify\"><span lang=\"de-DE\">Breite 100mm \u00b15mm <\/span><\/p>\n<\/li>\n<li>\n<p align=\"justify\"><span lang=\"de-DE\">L\u00e4nge 700mm +5mm<\/span><\/p>\n<\/li>\n<\/ul>\n<p>[\/vc_column_text][\/vc_column][\/vc_row][vc_row][vc_column][vc_custom_heading text=&#8220;Farbe&#8220; use_theme_fonts=&#8220;yes&#8220;][\/vc_column][\/vc_row][vc_row][vc_column width=&#8220;1\/3&#8243;][vc_column_text]<\/p>\n<ul class=\"variants-list\">\n<li class=\"color-tile\">Metallfarben<\/li>\n<li class=\"ral ral-7035\">RAL 7035<\/li>\n<li class=\"ral ral-9006\">RAL 9006<\/li>\n<li class=\"ral ral-9007\">RAL 9007<\/li>\n<li class=\"ral ral-1015\">RAL 1015<\/li>\n<li class=\"ral ral-5024\">RAL 5024<\/li>\n<li class=\"ral ral-9005\">RAL 9005<\/li>\n<li class=\"ral ral-9016\">RAL 9016<\/li>\n<li class=\"ral ral-6018\">RAL 6018<\/li>\n<li class=\"ral RAL-1003\">RAL 1003<\/li>\n<li class=\"ral RAL-3002\">RAL 3002<\/li>\n<\/ul>\n<p>[\/vc_column_text][\/vc_column][vc_column width=&#8220;1\/3&#8243;][vc_column_text]Kunstleder<\/p>\n<p><img loading=\"lazy\" decoding=\"async\" class=\"alignleft size-full wp-image-3295\" src=\"http:\/\/metalowiec.com.pl\/wp-content\/uploads\/2018\/10\/tapicerka.jpg\" alt=\"\" width=\"215\" height=\"519\" \/>[\/vc_column_text][\/vc_column][vc_column width=&#8220;1\/3&#8243;][\/vc_column][\/vc_row]<\/p>\n<\/div>","protected":false},"excerpt":{"rendered":"<p>[vc_row gap=&#8220;20&#8243; el_class=&#8220;m-b-md&#8220;][vc_column width=&#8220;2\/3&#8243;][vc_custom_heading text=&#8220;Beschreibung&#8220; use_theme_fonts=&#8220;yes&#8220;][vc_column_text] Rahmen aus Stahlprofilen, pulverbeschichtet Liegeteil und Kanten aus Spanholzplatte, bezogen mit PUR-Schaum und waschbarem Stoff M\u00f6gliche Montage eines Halters f\u00fcr Einweglaken Stellf\u00fc\u00dfe gesch\u00fctzt mit Kunststoffkappen [\/vc_column_text][\/vc_column][vc_column width=&#8220;1\/3&#8243;][vc_custom_heading text=&#8220;Technische Daten&#8220; use_theme_fonts=&#8220;yes&#8220;][vc_column_text] H\u00f6he 765mm \u00b15mm Breite 100mm \u00b15mm L\u00e4nge 700mm +5mm [\/vc_column_text][\/vc_column][\/vc_row][vc_row][vc_column][vc_custom_heading text=&#8220;Farbe&#8220; use_theme_fonts=&#8220;yes&#8220;][\/vc_column][\/vc_row][vc_row][vc_column width=&#8220;1\/3&#8243;][vc_column_text] Metallfarben RAL 7035 RAL 9006 RAL [&hellip;]<\/p>\n","protected":false},"featured_media":3174,"template":"","meta":[],"product_brand":[],"product_cat":[106],"product_tag":[],"class_list":{"0":"post-3901","1":"product","2":"type-product","3":"status-publish","4":"has-post-thumbnail","6":"product_cat-unkategorisiert","8":"first","9":"instock","10":"shipping-taxable","11":"product-type-simple"},"aioseo_notices":[],"_links":{"self":[{"href":"https:\/\/metalowiec.com.pl\/de\/wp-json\/wp\/v2\/product\/3901","targetHints":{"allow":["GET"]}}],"collection":[{"href":"https:\/\/metalowiec.com.pl\/de\/wp-json\/wp\/v2\/product"}],"about":[{"href":"https:\/\/metalowiec.com.pl\/de\/wp-json\/wp\/v2\/types\/product"}],"wp:featuredmedia":[{"embeddable":true,"href":"https:\/\/metalowiec.com.pl\/de\/wp-json\/wp\/v2\/media\/3174"}],"wp:attachment":[{"href":"https:\/\/metalowiec.com.pl\/de\/wp-json\/wp\/v2\/media?parent=3901"}],"wp:term":[{"taxonomy":"product_brand","embeddable":true,"href":"https:\/\/metalowiec.com.pl\/de\/wp-json\/wp\/v2\/product_brand?post=3901"},{"taxonomy":"product_cat","embeddable":true,"href":"https:\/\/metalowiec.com.pl\/de\/wp-json\/wp\/v2\/product_cat?post=3901"},{"taxonomy":"product_tag","embeddable":true,"href":"https:\/\/metalowiec.com.pl\/de\/wp-json\/wp\/v2\/product_tag?post=3901"}],"curies":[{"name":"wp","href":"https:\/\/api.w.org\/{rel}","templated":true}]}}