{"id":3900,"date":"2018-10-04T09:30:53","date_gmt":"2018-10-09T10:59:11","guid":{"rendered":"http:\/\/metalowiec.dev.netk.pl\/?post_type=product&#038;p=3900"},"modified":"2018-10-12T10:33:56","modified_gmt":"2018-10-12T08:33:56","slug":"massageliege-dreiteilig-sr-03","status":"publish","type":"product","link":"https:\/\/metalowiec.com.pl\/de\/produkt\/massageliege-dreiteilig-sr-03\/","title":{"rendered":"Massageliege, dreiteilig SR-03"},"content":{"rendered":"<div class=\"wpb-content-wrapper\"><p>[vc_row gap=&#8220;20&#8243; el_class=&#8220;m-b-md&#8220;][vc_column width=&#8220;2\/3&#8243;][vc_custom_heading text=&#8220;Beschreibung&#8220; use_theme_fonts=&#8220;yes&#8220;][vc_column_text]<\/p>\n<ul>\n<li><span lang=\"de-DE\">Rahmen aus Stahlprofilen, pulverbeschichtet<\/span><\/li>\n<li><span lang=\"de-DE\">Liege- und Kopfteil aus Spanholzplatte, bezogen mit PUR-Schaum und waschbarem Stoff<\/span><\/li>\n<li><span lang=\"de-DE\">Liegeteil dreiteilig<\/span><\/li>\n<li><span lang=\"de-DE\">Liege mit Kopfteil mit verstellbarem Neigungswinkel<\/span><\/li>\n<li><span lang=\"de-DE\">M\u00f6gliche Montage eines Halters f\u00fcr Einweglaken<\/span><\/li>\n<li><span lang=\"de-DE\">Stellf\u00fc\u00dfe gesch\u00fctzt mit Kunststoffkappen<\/span><\/li>\n<\/ul>\n<p>[\/vc_column_text][\/vc_column][vc_column width=&#8220;1\/3&#8243;][vc_custom_heading text=&#8220;Technische Daten&#8220; use_theme_fonts=&#8220;yes&#8220;][vc_column_text]<\/p>\n<ul>\n<li><span lang=\"de-DE\">H\u00f6he 69mm \u00b15mm <\/span><\/li>\n<li><span lang=\"de-DE\">Breite 700mm \u00b15mm <\/span><\/li>\n<li><span lang=\"de-DE\">L\u00e4nge 1900mm +5mm <\/span><\/li>\n<li><span lang=\"de-DE\">Neigungswinkel Kopfteil 0-30\u00b0 \u00b13\u00b0<\/span><\/li>\n<\/ul>\n<p>[\/vc_column_text][\/vc_column][\/vc_row][vc_row][vc_column][vc_custom_heading text=&#8220;Farbe&#8220; use_theme_fonts=&#8220;yes&#8220;][\/vc_column][\/vc_row][vc_row][vc_column width=&#8220;1\/3&#8243;][vc_column_text]<\/p>\n<ul class=\"variants-list\">\n<li class=\"color-tile\">Metallfarben<\/li>\n<li class=\"ral ral-7035\">RAL 7035<\/li>\n<li class=\"ral ral-9006\">RAL 9006<\/li>\n<li class=\"ral ral-9007\">RAL 9007<\/li>\n<li class=\"ral ral-1015\">RAL 1015<\/li>\n<li class=\"ral ral-5024\">RAL 5024<\/li>\n<li class=\"ral ral-9005\">RAL 9005<\/li>\n<li class=\"ral ral-9016\">RAL 9016<\/li>\n<li class=\"ral ral-6018\">RAL 6018<\/li>\n<li class=\"ral RAL-1003\">RAL 1003<\/li>\n<li class=\"ral RAL-3002\">RAL 3002<\/li>\n<\/ul>\n<p>[\/vc_column_text][\/vc_column][vc_column width=&#8220;1\/3&#8243;][vc_column_text]Gewebe<\/p>\n<p><img loading=\"lazy\" decoding=\"async\" class=\"alignleft size-full wp-image-3340\" src=\"http:\/\/metalowiec.com.pl\/wp-content\/uploads\/2018\/10\/Wzornik-tapicerki.jpeg\" alt=\"\" width=\"247\" height=\"370\" \/>[\/vc_column_text][\/vc_column][vc_column width=&#8220;1\/3&#8243;][\/vc_column][\/vc_row]<\/p>\n<\/div>","protected":false},"excerpt":{"rendered":"<p>[vc_row gap=&#8220;20&#8243; el_class=&#8220;m-b-md&#8220;][vc_column width=&#8220;2\/3&#8243;][vc_custom_heading text=&#8220;Beschreibung&#8220; use_theme_fonts=&#8220;yes&#8220;][vc_column_text] Rahmen aus Stahlprofilen, pulverbeschichtet Liege- und Kopfteil aus Spanholzplatte, bezogen mit PUR-Schaum und waschbarem Stoff Liegeteil dreiteilig Liege mit Kopfteil mit verstellbarem Neigungswinkel M\u00f6gliche Montage eines Halters f\u00fcr Einweglaken Stellf\u00fc\u00dfe gesch\u00fctzt mit Kunststoffkappen [\/vc_column_text][\/vc_column][vc_column width=&#8220;1\/3&#8243;][vc_custom_heading text=&#8220;Technische Daten&#8220; use_theme_fonts=&#8220;yes&#8220;][vc_column_text] H\u00f6he 69mm \u00b15mm Breite 700mm \u00b15mm L\u00e4nge 1900mm +5mm Neigungswinkel Kopfteil [&hellip;]<\/p>\n","protected":false},"featured_media":3311,"template":"","meta":[],"product_brand":[],"product_cat":[192,196],"product_tag":[],"class_list":{"0":"post-3900","1":"product","2":"type-product","3":"status-publish","4":"has-post-thumbnail","6":"product_cat-krankenhausausrustung","7":"product_cat-trolleys-und-massagetische","9":"first","10":"instock","11":"shipping-taxable","12":"product-type-simple"},"aioseo_notices":[],"_links":{"self":[{"href":"https:\/\/metalowiec.com.pl\/de\/wp-json\/wp\/v2\/product\/3900","targetHints":{"allow":["GET"]}}],"collection":[{"href":"https:\/\/metalowiec.com.pl\/de\/wp-json\/wp\/v2\/product"}],"about":[{"href":"https:\/\/metalowiec.com.pl\/de\/wp-json\/wp\/v2\/types\/product"}],"wp:featuredmedia":[{"embeddable":true,"href":"https:\/\/metalowiec.com.pl\/de\/wp-json\/wp\/v2\/media\/3311"}],"wp:attachment":[{"href":"https:\/\/metalowiec.com.pl\/de\/wp-json\/wp\/v2\/media?parent=3900"}],"wp:term":[{"taxonomy":"product_brand","embeddable":true,"href":"https:\/\/metalowiec.com.pl\/de\/wp-json\/wp\/v2\/product_brand?post=3900"},{"taxonomy":"product_cat","embeddable":true,"href":"https:\/\/metalowiec.com.pl\/de\/wp-json\/wp\/v2\/product_cat?post=3900"},{"taxonomy":"product_tag","embeddable":true,"href":"https:\/\/metalowiec.com.pl\/de\/wp-json\/wp\/v2\/product_tag?post=3900"}],"curies":[{"name":"wp","href":"https:\/\/api.w.org\/{rel}","templated":true}]}}