{"id":3897,"date":"2018-10-04T09:36:15","date_gmt":"2018-10-09T10:40:39","guid":{"rendered":"http:\/\/metalowiec.dev.netk.pl\/?post_type=product&#038;p=3897"},"modified":"2018-10-12T10:34:07","modified_gmt":"2018-10-12T08:34:07","slug":"therapieliege-mit-elektrischer-hubeinrichtung-sep-1","status":"publish","type":"product","link":"https:\/\/metalowiec.com.pl\/de\/produkt\/therapieliege-mit-elektrischer-hubeinrichtung-sep-1\/","title":{"rendered":"Therapieliege mit elektrischer Hubeinrichtung SEP-1"},"content":{"rendered":"<div class=\"wpb-content-wrapper\"><p>[vc_row gap=&#8220;20&#8243; el_class=&#8220;m-b-md&#8220;][vc_column width=&#8220;2\/3&#8243;][vc_custom_heading text=&#8220;Beschreibung&#8220; use_theme_fonts=&#8220;yes&#8220;][vc_column_text]<\/p>\n<ul>\n<li><span lang=\"de-DE\">stufenlos h\u00f6henverstellbar \u00fcber kabelgesteuerten Zylinder<\/span><\/li>\n<li><span lang=\"de-DE\">stufenlose Einstellung der R\u00fcckenlehne \u00fcber Gasfeder <\/span><\/li>\n<li><span lang=\"de-DE\">4 Laufrollen, davon sind zwei mit einer Fahr- und Drehsperre versehen<\/span><\/li>\n<li><span lang=\"de-DE\">Liegeteilpolsterung aus Poroflex<\/span><\/li>\n<li><span lang=\"de-DE\">im Kopfteil befindet sich eine L\u00e4ngs\u00f6ffnung, die dem Patienten ein problemloses Atmen w\u00e4hrend der Massage erm\u00f6glicht<\/span><\/li>\n<\/ul>\n<p>[\/vc_column_text][\/vc_column][vc_column width=&#8220;1\/3&#8243;][vc_custom_heading text=&#8220;Technische Daten&#8220; use_theme_fonts=&#8220;yes&#8220;][vc_column_text]<\/p>\n<ul>\n<li><span lang=\"de-DE\">Gesamtl\u00e4nge 2110mm \u00b1 5mm <\/span><\/li>\n<li><span lang=\"de-DE\">Gesamtbreite 700mm \u00b15mm <\/span><\/li>\n<li><span lang=\"de-DE\">Min. H\u00f6he des Liegeteils 530mm \u00b15mm <\/span><\/li>\n<li><span lang=\"de-DE\">Min. H\u00f6he des Liegeteils 970mm \u00b15mm <\/span><\/li>\n<li><span lang=\"de-DE\">Neigungswinkel Kopfteil 0-30\u00b0 \u00b13\u00b0 <\/span><\/li>\n<li><span lang=\"de-DE\">Stromversorgung 230 V, Schutzart: II Typ\u00a0<\/span><\/li>\n<\/ul>\n<p>[\/vc_column_text][\/vc_column][\/vc_row][vc_row][vc_column][vc_custom_heading text=&#8220;Farbe&#8220; use_theme_fonts=&#8220;yes&#8220;][\/vc_column][\/vc_row][vc_row][vc_column width=&#8220;1\/3&#8243;][vc_column_text]<\/p>\n<ul class=\"variants-list\">\n<li class=\"color-tile\">Metallfarben<\/li>\n<li class=\"ral ral-7035\">RAL 7035<\/li>\n<li class=\"ral ral-9006\">RAL 9006<\/li>\n<li class=\"ral ral-9007\">RAL 9007<\/li>\n<li class=\"ral ral-1015\">RAL 1015<\/li>\n<li class=\"ral ral-5024\">RAL 5024<\/li>\n<li class=\"ral ral-9005\">RAL 9005<\/li>\n<li class=\"ral ral-9016\">RAL 9016<\/li>\n<li class=\"ral ral-6018\">RAL 6018<\/li>\n<li class=\"ral RAL-1003\">RAL 1003<\/li>\n<li class=\"ral RAL-3002\">RAL 3002<\/li>\n<\/ul>\n<p>[\/vc_column_text][\/vc_column][vc_column width=&#8220;1\/3&#8243;][vc_column_text]Gewebe<\/p>\n<p><img loading=\"lazy\" decoding=\"async\" class=\"alignleft size-full wp-image-3340\" src=\"http:\/\/metalowiec.com.pl\/wp-content\/uploads\/2018\/10\/Wzornik-tapicerki.jpeg\" alt=\"\" width=\"247\" height=\"370\" \/>[\/vc_column_text][\/vc_column][vc_column width=&#8220;1\/3&#8243;][\/vc_column][\/vc_row]<\/p>\n<\/div>","protected":false},"excerpt":{"rendered":"<p>[vc_row gap=&#8220;20&#8243; el_class=&#8220;m-b-md&#8220;][vc_column width=&#8220;2\/3&#8243;][vc_custom_heading text=&#8220;Beschreibung&#8220; use_theme_fonts=&#8220;yes&#8220;][vc_column_text] stufenlos h\u00f6henverstellbar \u00fcber kabelgesteuerten Zylinder stufenlose Einstellung der R\u00fcckenlehne \u00fcber Gasfeder 4 Laufrollen, davon sind zwei mit einer Fahr- und Drehsperre versehen Liegeteilpolsterung aus Poroflex im Kopfteil befindet sich eine L\u00e4ngs\u00f6ffnung, die dem Patienten ein problemloses Atmen w\u00e4hrend der Massage erm\u00f6glicht [\/vc_column_text][\/vc_column][vc_column width=&#8220;1\/3&#8243;][vc_custom_heading text=&#8220;Technische Daten&#8220; use_theme_fonts=&#8220;yes&#8220;][vc_column_text] Gesamtl\u00e4nge 2110mm \u00b1 [&hellip;]<\/p>\n","protected":false},"featured_media":3316,"template":"","meta":[],"product_brand":[],"product_cat":[106],"product_tag":[],"class_list":{"0":"post-3897","1":"product","2":"type-product","3":"status-publish","4":"has-post-thumbnail","6":"product_cat-unkategorisiert","8":"first","9":"instock","10":"shipping-taxable","11":"product-type-simple"},"aioseo_notices":[],"_links":{"self":[{"href":"https:\/\/metalowiec.com.pl\/de\/wp-json\/wp\/v2\/product\/3897","targetHints":{"allow":["GET"]}}],"collection":[{"href":"https:\/\/metalowiec.com.pl\/de\/wp-json\/wp\/v2\/product"}],"about":[{"href":"https:\/\/metalowiec.com.pl\/de\/wp-json\/wp\/v2\/types\/product"}],"wp:featuredmedia":[{"embeddable":true,"href":"https:\/\/metalowiec.com.pl\/de\/wp-json\/wp\/v2\/media\/3316"}],"wp:attachment":[{"href":"https:\/\/metalowiec.com.pl\/de\/wp-json\/wp\/v2\/media?parent=3897"}],"wp:term":[{"taxonomy":"product_brand","embeddable":true,"href":"https:\/\/metalowiec.com.pl\/de\/wp-json\/wp\/v2\/product_brand?post=3897"},{"taxonomy":"product_cat","embeddable":true,"href":"https:\/\/metalowiec.com.pl\/de\/wp-json\/wp\/v2\/product_cat?post=3897"},{"taxonomy":"product_tag","embeddable":true,"href":"https:\/\/metalowiec.com.pl\/de\/wp-json\/wp\/v2\/product_tag?post=3897"}],"curies":[{"name":"wp","href":"https:\/\/api.w.org\/{rel}","templated":true}]}}