{"id":3895,"date":"2018-10-03T10:17:05","date_gmt":"2018-10-09T10:36:54","guid":{"rendered":"http:\/\/metalowiec.dev.netk.pl\/?post_type=product&#038;p=3895"},"modified":"2018-10-12T10:33:07","modified_gmt":"2018-10-12T08:33:07","slug":"krankenbett-zur-befoerderung-von-patienten-w-01","status":"publish","type":"product","link":"https:\/\/metalowiec.com.pl\/de\/produkt\/krankenbett-zur-befoerderung-von-patienten-w-01\/","title":{"rendered":"Krankenbett zur Bef\u00f6rderung von Patienten W-01"},"content":{"rendered":"<div class=\"wpb-content-wrapper\"><p>[vc_row gap=&#8220;20&#8243; el_class=&#8220;m-b-md&#8220;][vc_column width=&#8220;2\/3&#8243;][vc_custom_heading text=&#8220;Beschreibung&#8220; use_theme_fonts=&#8220;yes&#8220;][vc_column_text]<\/p>\n<ul>\n<li><span lang=\"de-DE\">h\u00f6henverstellbar \u00fcber Hydraulikpumpe<\/span><\/li>\n<li><span lang=\"de-DE\">stufenlose Einstellung der R\u00fcckenlehne \u00fcber Gasfeder <\/span><\/li>\n<li><span lang=\"de-DE\">4 Laufrollen, davon sind zwei mit einer Fahr- und Drehsperre versehen <\/span><\/li>\n<li><span lang=\"de-DE\">Zentralsperre f\u00fcr Laufrollen (optional)<\/span><\/li>\n<li><span lang=\"de-DE\">Seitenteil, verchromt, l\u00e4ngs des Rahmens zusammenklappbar<\/span><\/li>\n<li><span lang=\"de-DE\">Liegeteilpolsterung aus Poroflex<\/span><\/li>\n<li><span lang=\"de-DE\">Halter f\u00fcr Sauerstoffflasche (optional)<\/span><\/li>\n<li><span lang=\"de-DE\">B\u00fcgel f\u00fcr Laken (optional)<\/span><\/li>\n<\/ul>\n<p>[\/vc_column_text][\/vc_column][vc_column width=&#8220;1\/3&#8243;][vc_custom_heading text=&#8220;Parametry&#8220; use_theme_fonts=&#8220;yes&#8220;][vc_column_text]<\/p>\n<ul>\n<li><span lang=\"de-DE\">Gesamtl\u00e4nge 2040mm \u00b15mm <\/span><\/li>\n<li><span lang=\"de-DE\">Gesamtbreite 800mm \u00b15mm <\/span><\/li>\n<li><span lang=\"de-DE\">Min. H\u00f6he des Liegeteils 560mm \u00b120mm <\/span><\/li>\n<li><span lang=\"de-DE\">Max. H\u00f6he des Liegeteils 960mm \u00b120mm <\/span><\/li>\n<li><span lang=\"de-DE\">Neigungswinkel Kopfteil 0-25\u00b0 \u00b13\u00b0<\/span><\/li>\n<\/ul>\n<p>[\/vc_column_text][\/vc_column][\/vc_row][vc_row][vc_column][vc_custom_heading text=&#8220;Farbe&#8220; use_theme_fonts=&#8220;yes&#8220;][\/vc_column][\/vc_row][vc_row][vc_column width=&#8220;1\/3&#8243;][vc_column_text]<\/p>\n<ul class=\"variants-list\">\n<li class=\"color-tile\">Metallfarben<\/li>\n<li class=\"ral ral-7035\">RAL 7035<\/li>\n<li class=\"ral ral-9006\">RAL 9006<\/li>\n<li class=\"ral ral-9007\">RAL 9007<\/li>\n<li class=\"ral ral-1015\">RAL 1015<\/li>\n<li class=\"ral ral-5024\">RAL 5024<\/li>\n<li class=\"ral ral-9005\">RAL 9005<\/li>\n<li class=\"ral ral-9016\">RAL 9016<\/li>\n<li class=\"ral ral-6018\">RAL 6018<\/li>\n<li class=\"ral RAL-1003\">RAL 1003<\/li>\n<li class=\"ral RAL-3002\">RAL 3002<\/li>\n<\/ul>\n<p>[\/vc_column_text][\/vc_column][vc_column width=&#8220;1\/3&#8243;][vc_column_text]Kunstleder<\/p>\n<p><img loading=\"lazy\" decoding=\"async\" class=\"alignleft size-full wp-image-3295\" src=\"http:\/\/metalowiec.com.pl\/wp-content\/uploads\/2018\/10\/tapicerka.jpg\" alt=\"\" width=\"215\" height=\"519\" \/>[\/vc_column_text][\/vc_column][vc_column width=&#8220;1\/3&#8243;][\/vc_column][\/vc_row]<\/p>\n<\/div>","protected":false},"excerpt":{"rendered":"<p>[vc_row gap=&#8220;20&#8243; el_class=&#8220;m-b-md&#8220;][vc_column width=&#8220;2\/3&#8243;][vc_custom_heading text=&#8220;Beschreibung&#8220; use_theme_fonts=&#8220;yes&#8220;][vc_column_text] h\u00f6henverstellbar \u00fcber Hydraulikpumpe stufenlose Einstellung der R\u00fcckenlehne \u00fcber Gasfeder 4 Laufrollen, davon sind zwei mit einer Fahr- und Drehsperre versehen Zentralsperre f\u00fcr Laufrollen (optional) Seitenteil, verchromt, l\u00e4ngs des Rahmens zusammenklappbar Liegeteilpolsterung aus Poroflex Halter f\u00fcr Sauerstoffflasche (optional) B\u00fcgel f\u00fcr Laken (optional) [\/vc_column_text][\/vc_column][vc_column width=&#8220;1\/3&#8243;][vc_custom_heading text=&#8220;Parametry&#8220; use_theme_fonts=&#8220;yes&#8220;][vc_column_text] Gesamtl\u00e4nge 2040mm \u00b15mm Gesamtbreite [&hellip;]<\/p>\n","protected":false},"featured_media":5838,"template":"","meta":[],"product_brand":[],"product_cat":[192,196],"product_tag":[],"class_list":{"0":"post-3895","1":"product","2":"type-product","3":"status-publish","4":"has-post-thumbnail","6":"product_cat-krankenhausausrustung","7":"product_cat-trolleys-und-massagetische","9":"first","10":"instock","11":"shipping-taxable","12":"product-type-simple"},"aioseo_notices":[],"_links":{"self":[{"href":"https:\/\/metalowiec.com.pl\/de\/wp-json\/wp\/v2\/product\/3895","targetHints":{"allow":["GET"]}}],"collection":[{"href":"https:\/\/metalowiec.com.pl\/de\/wp-json\/wp\/v2\/product"}],"about":[{"href":"https:\/\/metalowiec.com.pl\/de\/wp-json\/wp\/v2\/types\/product"}],"wp:featuredmedia":[{"embeddable":true,"href":"https:\/\/metalowiec.com.pl\/de\/wp-json\/wp\/v2\/media\/5838"}],"wp:attachment":[{"href":"https:\/\/metalowiec.com.pl\/de\/wp-json\/wp\/v2\/media?parent=3895"}],"wp:term":[{"taxonomy":"product_brand","embeddable":true,"href":"https:\/\/metalowiec.com.pl\/de\/wp-json\/wp\/v2\/product_brand?post=3895"},{"taxonomy":"product_cat","embeddable":true,"href":"https:\/\/metalowiec.com.pl\/de\/wp-json\/wp\/v2\/product_cat?post=3895"},{"taxonomy":"product_tag","embeddable":true,"href":"https:\/\/metalowiec.com.pl\/de\/wp-json\/wp\/v2\/product_tag?post=3895"}],"curies":[{"name":"wp","href":"https:\/\/api.w.org\/{rel}","templated":true}]}}