{"id":3892,"date":"2018-10-03T10:08:33","date_gmt":"2018-10-03T08:08:33","guid":{"rendered":"http:\/\/metalowiec.dev.netk.pl\/?post_type=product&#038;p=3892"},"modified":"2018-10-12T09:19:59","modified_gmt":"2018-10-12T07:19:59","slug":"nachtschrank-sp-03","status":"publish","type":"product","link":"https:\/\/metalowiec.com.pl\/de\/produkt\/nachtschrank-sp-03\/","title":{"rendered":"Nachtschrank SP-03"},"content":{"rendered":"<div class=\"wpb-content-wrapper\"><p>[vc_row gap=&#8220;20&#8243; el_class=&#8220;m-b-md&#8220;][vc_column width=&#8220;2\/3&#8243;][vc_custom_heading text=&#8220;Beschreibung&#8220; use_theme_fonts=&#8220;yes&#8220;][vc_column_text]<\/p>\n<ul>\n<li>\n<p align=\"justify\"><span lang=\"de\">Schrank angefertigt aus M\u00f6belplatte<\/span><\/p>\n<\/li>\n<li>\n<p align=\"justify\"><span lang=\"de\">Ausgestattet mit einer Schublade mit Rollenf\u00fchrung, Container mit Ablagefach und Frontt\u00fcr, offenes Zwischenfach zwischen Schublade und Container<\/span><\/p>\n<\/li>\n<li>\n<p align=\"justify\"><span lang=\"de\">Mit zus\u00e4tzlicher Seitenplatte, h\u00f6henverstellbar \u00fcber Gasfeder, Neigungswinkel einstellbar<\/span><\/p>\n<\/li>\n<li>\n<p align=\"justify\"><span lang=\"de\">Platte zur Seitenwand zusammenklappbar<\/span><\/p>\n<\/li>\n<li>\n<p align=\"justify\"><span lang=\"de\">Mit 4 Laufrollen, davon sind zwei mit einer Sperre versehen<\/span><\/p>\n<\/li>\n<li>\n<p align=\"justify\"><span lang=\"de\">Handgriffe aus Metall an der Schublade und Frontt\u00fcr<\/span><\/p>\n<\/li>\n<li>\n<p align=\"justify\"><span lang=\"de\">Seitenplatte h\u00f6henverstellbar<\/span><\/p>\n<\/li>\n<li>\n<p align=\"justify\"><span lang=\"de\">Optional: beidseitige Ausf\u00fchrung<\/span><\/p>\n<\/li>\n<\/ul>\n<p>[\/vc_column_text][\/vc_column][vc_column width=&#8220;1\/3&#8243;][vc_custom_heading text=&#8220;Technische Daten&#8220; use_theme_fonts=&#8220;yes&#8220;][vc_column_text]<\/p>\n<ul>\n<li><span lang=\"de\">H\u00f6he 870mm <\/span><\/li>\n<li><span lang=\"de\">Breite 530mm <\/span><\/li>\n<li><span lang=\"de\">Tiefe 460mm <\/span><\/li>\n<li><span lang=\"de\">Seitenwand 590x340mm<\/span><\/li>\n<\/ul>\n<p>[\/vc_column_text][\/vc_column][\/vc_row][vc_row][vc_column][vc_custom_heading text=&#8220;Farbe&#8220; use_theme_fonts=&#8220;yes&#8220;][vc_column_text]<\/p>\n<ul class=\"variants-list\">\n<li class=\"color-tile\">Holzschr\u00e4nke<\/li>\n<li class=\"ral r4634\">Berg Erle<\/li>\n<li class=\"ral r5113\">Bayern Buche<\/li>\n<li class=\"ral r4966\">Calvados<\/li>\n<li class=\"ral r4968\">Kirsche Oxford<\/li>\n<li class=\"ral u1313\">cremig<\/li>\n<li class=\"ral u1717\">blaues Wasser<\/li>\n<li class=\"ral u3112\">Kalk<\/li>\n<li class=\"ral u1508\">Milano Yellow<\/li>\n<li class=\"ral f8985\">orange<\/li>\n<li class=\"ral r9016\">wei\u00df<\/li>\n<\/ul>\n<p>[\/vc_column_text][\/vc_column][\/vc_row]<\/p>\n<\/div>","protected":false},"excerpt":{"rendered":"<p><span lang=\"de\">Patienten-Nachtschrank f\u00fcr Krankenh\u00e4user und medizinische Einrichtungen.<\/span><\/p>\n","protected":false},"featured_media":5762,"template":"","meta":[],"product_brand":[],"product_cat":[190,189],"product_tag":[],"class_list":{"0":"post-3892","1":"product","2":"type-product","3":"status-publish","4":"has-post-thumbnail","6":"product_cat-holzschranke","7":"product_cat-nachttische","9":"first","10":"instock","11":"shipping-taxable","12":"product-type-simple"},"aioseo_notices":[],"_links":{"self":[{"href":"https:\/\/metalowiec.com.pl\/de\/wp-json\/wp\/v2\/product\/3892","targetHints":{"allow":["GET"]}}],"collection":[{"href":"https:\/\/metalowiec.com.pl\/de\/wp-json\/wp\/v2\/product"}],"about":[{"href":"https:\/\/metalowiec.com.pl\/de\/wp-json\/wp\/v2\/types\/product"}],"wp:featuredmedia":[{"embeddable":true,"href":"https:\/\/metalowiec.com.pl\/de\/wp-json\/wp\/v2\/media\/5762"}],"wp:attachment":[{"href":"https:\/\/metalowiec.com.pl\/de\/wp-json\/wp\/v2\/media?parent=3892"}],"wp:term":[{"taxonomy":"product_brand","embeddable":true,"href":"https:\/\/metalowiec.com.pl\/de\/wp-json\/wp\/v2\/product_brand?post=3892"},{"taxonomy":"product_cat","embeddable":true,"href":"https:\/\/metalowiec.com.pl\/de\/wp-json\/wp\/v2\/product_cat?post=3892"},{"taxonomy":"product_tag","embeddable":true,"href":"https:\/\/metalowiec.com.pl\/de\/wp-json\/wp\/v2\/product_tag?post=3892"}],"curies":[{"name":"wp","href":"https:\/\/api.w.org\/{rel}","templated":true}]}}