{"id":3888,"date":"2018-10-03T09:50:05","date_gmt":"2018-10-09T10:06:57","guid":{"rendered":"http:\/\/metalowiec.dev.netk.pl\/?post_type=product&#038;p=3888"},"modified":"2018-10-12T09:28:01","modified_gmt":"2018-10-12T07:28:01","slug":"nachtschrank-sm-02","status":"publish","type":"product","link":"https:\/\/metalowiec.com.pl\/de\/produkt\/nachtschrank-sm-02\/","title":{"rendered":"Nachtschrank SM-02"},"content":{"rendered":"<div class=\"wpb-content-wrapper\"><p>[vc_row gap=&#8220;20&#8243; el_class=&#8220;m-b-md&#8220;][vc_column width=&#8220;2\/3&#8243;][vc_custom_heading text=&#8220;Beschreibung&#8220; use_theme_fonts=&#8220;yes&#8220;][vc_column_text]<\/p>\n<ul>\n<li>\n<p align=\"justify\"><span lang=\"de\">Geh\u00e4use aus pulverbeschichtetem Blech und Stahlprofilen (Blech wahlweise in verzinkter Ausf\u00fchrung erh\u00e4ltlich)<\/span><\/p>\n<\/li>\n<li>\n<p align=\"justify\"><span lang=\"de\">Doppelseitige Ausf\u00fchrung, mit einer Schublade und einem Staufach mit Schloss. Offenes Zwischenfach zwischen Schublade und Staufach, f\u00fcr pers\u00f6nliche Gegenst\u00e4nde des Patienten. Handgriff aus Metall<\/span><\/p>\n<\/li>\n<li>\n<p align=\"justify\"><span lang=\"de\">Schublade mit Kugelf\u00fchrungen, kann in beiden Richtungen ge\u00f6ffnet werden. Im Staufach mit Schloss ein herausnehmbares Ablagefach<\/span><\/p>\n<\/li>\n<li>\n<p align=\"justify\"><span lang=\"de\">Mit 4 Laufrollen mit einem Durchmesser von 50 mm und einer Lauffl\u00e4che, die keine Spuren hinterl\u00e4sst, zwei Laufrollen sind mit einer Einzelsperre versehen<\/span><\/p>\n<\/li>\n<li>\n<p align=\"justify\"><span lang=\"de\">Oberfl\u00e4che aus laminierter Platte oder HPL-Platte, Farbe nach Wahl, oder aus ABS<\/span><\/p>\n<\/li>\n<li>\n<p align=\"justify\"><span lang=\"de\">Seitenwand 550&#215;340 mm, h\u00f6henverstellbar \u00fcber Gasfeder bzw. mit einstellbarem Neigungswinkel, Platte zur Seitenwand zusammenklappbar<\/span><\/p>\n<\/li>\n<li>\n<p align=\"justify\"><span lang=\"de\">Frontt\u00fcr und Schublade in an die Tischplatte angepasster Farbe erh\u00e4ltlich, nach Vereinbarung<\/span><\/p>\n<\/li>\n<li>\n<p align=\"justify\"><span lang=\"de\">Optional mit zus\u00e4tzlichem Ablageboden f\u00fcr Schuhe im unteren Teil des Schranks, angefertigt aus Gitter oder Stahlst\u00e4ben, mit Schubladeneinlage aus Kunststoff<\/span><\/p>\n<\/li>\n<\/ul>\n<p>[\/vc_column_text][\/vc_column][vc_column width=&#8220;1\/3&#8243;][vc_custom_heading text=&#8220;Technische Daten&#8220; use_theme_fonts=&#8220;yes&#8220;][vc_column_text]<\/p>\n<ul>\n<li>\n<p align=\"justify\"><span lang=\"de\">Breite 570mm \u00b15m <\/span><\/p>\n<\/li>\n<li>\n<p align=\"justify\"><span lang=\"de\">Tiefe 430mm \u00b15mm <\/span><\/p>\n<\/li>\n<li>\n<p align=\"justify\"><span lang=\"de\">H\u00f6he 850mm\u00b15mm<\/span><\/p>\n<\/li>\n<li>\n<p align=\"justify\"><span lang=\"de\">Seitenwand verstellbar 730-1000mm\u00b15mm<\/span><\/p>\n<\/li>\n<\/ul>\n<p>[\/vc_column_text][\/vc_column][\/vc_row][vc_row][vc_column][vc_custom_heading text=&#8220;Farbe&#8220; use_theme_fonts=&#8220;yes&#8220;][\/vc_column][\/vc_row][vc_row][vc_column width=&#8220;1\/3&#8243;][vc_column_text el_class=&#8220;flex-colors&#8220;]<\/p>\n<ul class=\"variants-list\">\n<li class=\"color-tile\">RAL &#8211; Metallelemente<\/li>\n<li class=\"ral ral-7035\">RAL 7035<\/li>\n<li class=\"ral ral-9006\">RAL 9006<\/li>\n<li class=\"ral ral-9007\">RAL 9007<\/li>\n<li class=\"ral ral-1015\">RAL 1015<\/li>\n<li class=\"ral ral-5024\">RAL 5024<\/li>\n<li class=\"ral ral-9005\">RAL 9005<\/li>\n<li class=\"ral ral-9016\">RAL 9016<\/li>\n<li class=\"ral ral-6018\">RAL 6018<\/li>\n<li class=\"ral RAL-1003\">RAL 1003<\/li>\n<li class=\"ral RAL-3002\">RAL 3002<\/li>\n<\/ul>\n<p>[\/vc_column_text][\/vc_column][vc_column width=&#8220;1\/3&#8243;][vc_column_text]<\/p>\n<ul class=\"variants-list\">\n<li class=\"color-tile\">laminierte Platte &#8211; Arbeitsplatte<\/li>\n<li class=\"ral ral-7035\">grau<\/li>\n<li class=\"ral r5113\">Bayern Bucke<\/li>\n<li class=\"ral r9016\">wei\u00df<\/li>\n<li class=\"ral u1717\">blaues Wasser<\/li>\n<li class=\"ral u1313\">cremig<\/li>\n<li class=\"ral r4634\">Berg Erle<\/li>\n<li class=\"ral u3112\">Kalk<\/li>\n<li class=\"ral f8985\">orange<\/li>\n<li class=\"ral u1508\">gelb<\/li>\n<\/ul>\n<p>[\/vc_column_text][\/vc_column][vc_column width=&#8220;1\/3&#8243;][vc_column_text]<\/p>\n<ul class=\"variants-list\">\n<li class=\"color-tile\">HPL-Platten &#8211; Arbeitsplatte<\/li>\n<li class=\"ral ral-7035\">grau<\/li>\n<li class=\"ral r5113\">Bayern Buche<\/li>\n<li class=\"ral r9016\">wei\u00df<\/li>\n<li class=\"ral u1717\">blaues Wasser<\/li>\n<li class=\"ral u1313\">cremig<\/li>\n<\/ul>\n<p>[\/vc_column_text][\/vc_column][\/vc_row]<\/p>\n<\/div>","protected":false},"excerpt":{"rendered":"<p><span lang=\"de\">Patienten-Nachtschrank f\u00fcr Krankenh\u00e4user und medizinische Einrichtungen.<\/span><\/p>\n","protected":false},"featured_media":2893,"template":"","meta":[],"product_brand":[],"product_cat":[191,189],"product_tag":[],"class_list":{"0":"post-3888","1":"product","2":"type-product","3":"status-publish","4":"has-post-thumbnail","6":"product_cat-metallschranke","7":"product_cat-nachttische","9":"first","10":"instock","11":"shipping-taxable","12":"product-type-simple"},"aioseo_notices":[],"_links":{"self":[{"href":"https:\/\/metalowiec.com.pl\/de\/wp-json\/wp\/v2\/product\/3888","targetHints":{"allow":["GET"]}}],"collection":[{"href":"https:\/\/metalowiec.com.pl\/de\/wp-json\/wp\/v2\/product"}],"about":[{"href":"https:\/\/metalowiec.com.pl\/de\/wp-json\/wp\/v2\/types\/product"}],"wp:featuredmedia":[{"embeddable":true,"href":"https:\/\/metalowiec.com.pl\/de\/wp-json\/wp\/v2\/media\/2893"}],"wp:attachment":[{"href":"https:\/\/metalowiec.com.pl\/de\/wp-json\/wp\/v2\/media?parent=3888"}],"wp:term":[{"taxonomy":"product_brand","embeddable":true,"href":"https:\/\/metalowiec.com.pl\/de\/wp-json\/wp\/v2\/product_brand?post=3888"},{"taxonomy":"product_cat","embeddable":true,"href":"https:\/\/metalowiec.com.pl\/de\/wp-json\/wp\/v2\/product_cat?post=3888"},{"taxonomy":"product_tag","embeddable":true,"href":"https:\/\/metalowiec.com.pl\/de\/wp-json\/wp\/v2\/product_tag?post=3888"}],"curies":[{"name":"wp","href":"https:\/\/api.w.org\/{rel}","templated":true}]}}