{"id":3887,"date":"2018-10-03T09:13:36","date_gmt":"2018-10-03T07:13:36","guid":{"rendered":"http:\/\/metalowiec.dev.netk.pl\/?post_type=product&#038;p=3887"},"modified":"2018-10-19T10:05:57","modified_gmt":"2018-10-19T08:05:57","slug":"rehabilitationsbett-magda","status":"publish","type":"product","link":"https:\/\/metalowiec.com.pl\/de\/produkt\/rehabilitationsbett-magda\/","title":{"rendered":"Rehabilitationsbett MAGDA"},"content":{"rendered":"<div class=\"wpb-content-wrapper\"><p>[vc_row gap=&#8220;20&#8243; el_class=&#8220;m-b-md&#8220;][vc_column width=&#8220;2\/3&#8243;][vc_custom_heading text=&#8220;Beschreibung&#8220; use_theme_fonts=&#8220;yes&#8220;][vc_column_text]<\/p>\n<ul>\n<li>\n<p lang=\"de-DE\">Verkleidung des Betts aus Holz und M\u00f6belplatten, einschlie\u00dflich seitlichen Holzgel\u00e4ndern<\/p>\n<\/li>\n<li>\n<p lang=\"de-DE\">Bett ohne \u00e4u\u00dferen Rahmen, was dem Patienten das Hinlegen und Aufstehen erleichtert<\/p>\n<\/li>\n<li>\n<p lang=\"de-DE\">Liegefl\u00e4che des Bettes aus vier Segmenten<\/p>\n<\/li>\n<li>\n<p lang=\"de-DE\">elektrische Regulierung der R\u00fccken- und Schenkelsegmente<\/p>\n<\/li>\n<li>\n<p lang=\"de-DE\">elektrische H\u00f6henregulierung<\/p>\n<\/li>\n<li>\n<p lang=\"de-DE\">Regulierung des Unterschenkelsegments mit Hilfe eines Schnappmechanismus mit der M\u00f6glichkeit der Einebnung im Verh\u00e4ltnis zu einem beliebigen Winkel der Oberschenkelsektion<\/p>\n<\/li>\n<li>\n<p lang=\"de-DE\">Segmente der Liegefl\u00e4che mit fest montiertem Metallgitter ausgef\u00fcllt<\/p>\n<\/li>\n<li>\n<p lang=\"de-DE\">individuelle Blockade des Rollens und Drehens der vier R\u00e4der<\/p>\n<\/li>\n<li>\n<p lang=\"de-DE\">Halter zur Befestigung des Auslegers zum Hochziehen oder des Stativs des Tropfs<\/p>\n<\/li>\n<li>\n<p lang=\"de-DE\">M\u00f6glichkeit der Ausf\u00fchrung von Betten mit unterschiedlichen Breiten zwischen 800 und 1400 mm<\/p>\n<\/li>\n<\/ul>\n<p>[\/vc_column_text][vc_custom_heading text=&#8220;Zusatzausstattung&#8220; use_theme_fonts=&#8220;yes&#8220;][vc_column_text]<\/p>\n<ul>\n<li>Spezialmatratze gegen Wundliegen S.CH<\/li>\n<li>Krankenhausmatratze S1.CH<\/li>\n<li>Ausleger mit Handgriff<\/li>\n<li>Stativ f\u00fcr Tropf mit 2 und 4 Haken<\/li>\n<li>Halter der Bettpfanne<\/li>\n<li>Halter f\u00fcr Bad<\/li>\n<li>Herausziehbares Fach f\u00fcr Bettw\u00e4sche<\/li>\n<li>Rahmen der Patientenkarte mit verdeckten Personaldaten<\/li>\n<\/ul>\n<p>[\/vc_column_text][\/vc_column][vc_column width=&#8220;1\/3&#8243;][vc_custom_heading text=&#8220;Technische Daten&#8220; use_theme_fonts=&#8220;yes&#8220;][vc_column_text]<\/p>\n<ul>\n<li>\n<p lang=\"de-DE\">Gesamtl\u00e4nge: 2080mm\u00b15mm<\/p>\n<\/li>\n<li>\n<p lang=\"de-DE\">Gesamtbreite: 940-1540mm\u00b15mm<\/p>\n<\/li>\n<li>\n<p lang=\"de-DE\">L\u00e4nge der Liegefl\u00e4che: 2000mm\u00b15mm<\/p>\n<\/li>\n<li>\n<p lang=\"de-DE\">Breite der Liegefl\u00e4che: 800mm-1400mm \u00b15mm<\/p>\n<\/li>\n<li>\n<p lang=\"de-DE\">Neigungswinkel der R\u00fcckenlehne: 0\u00b0-70\u00b0<\/p>\n<\/li>\n<li>\n<p lang=\"de-DE\">Neigungswinkel des Oberschenkelsegments: 0\u00b0-35\u00b0<\/p>\n<\/li>\n<li>\n<p lang=\"de-DE\">Regulierung der H\u00f6he der Liegefl\u00e4che: 400-800mm \u00b15mm<\/p>\n<\/li>\n<\/ul>\n<p>[\/vc_column_text][\/vc_column][\/vc_row][vc_row][vc_column][vc_custom_heading text=&#8220;Farbe&#8220; use_theme_fonts=&#8220;yes&#8220;][\/vc_column][\/vc_row][vc_row][vc_column width=&#8220;1\/3&#8243;][vc_column_text]<\/p>\n<ul class=\"variants-list\">\n<li class=\"color-tile\">Metallfarben<\/li>\n<li class=\"ral ral-7035\">RAL 7035<\/li>\n<li class=\"ral ral-9006\">RAL 9006<\/li>\n<li class=\"ral ral-9007\">RAL 9007<\/li>\n<li class=\"ral ral-1015\">RAL 1015<\/li>\n<li class=\"ral ral-5024\">RAL 5024<\/li>\n<li class=\"ral ral-9005\">RAL 9005<\/li>\n<li class=\"ral ral-9016\">RAL 9016<\/li>\n<li class=\"ral ral-6018\">RAL 6018<\/li>\n<li class=\"ral RAL-1003\">RAL 1003<\/li>\n<li class=\"ral RAL-3002\">RAL 3002<\/li>\n<\/ul>\n<p>[\/vc_column_text][\/vc_column][vc_column width=&#8220;1\/3&#8243;][vc_column_text]<\/p>\n<ul class=\"variants-list\">\n<li class=\"color-tile\">laminierte Platte<\/li>\n<li class=\"ral r4634\">Berg Erle<\/li>\n<li class=\"ral r5113\">Bayern Buche<\/li>\n<li class=\"ral u1313\">cremig<\/li>\n<li class=\"ral u1717\">blaues Wasser<\/li>\n<li class=\"ral u3112\">Kalk<\/li>\n<li class=\"ral u1508\">Milano Yellow<\/li>\n<li class=\"ral f8985\">orange<\/li>\n<li class=\"ral r9016\">wei\u00df<\/li>\n<\/ul>\n<p>&nbsp;<\/p>\n<p>&nbsp;<\/p>\n<p>Achtung<br \/>\nStandardfarbe f\u00fcr Holzelemente ist Bayern Buche.<br \/>\nRest der Farben sind nur in der Menge \u00fcber 50 oder nach Absprache mit der Verkaufsabteilung verf\u00fcgbar.[\/vc_column_text][\/vc_column][vc_column width=&#8220;1\/3&#8243;][\/vc_column][\/vc_row]<\/p>\n<\/div>","protected":false},"excerpt":{"rendered":"<p lang=\"de-DE\">Das Bett Magda ist f\u00fcr eine langfristige Pflege des Patienten bestimmt. Die Holzverkleidung des Betts bewirkt, dass dieses hervorragend f\u00fcr Pflegeheime, Behandlungs- und Pflegeeinrichtungen, Hospize sowie ebenfalls zur h\u00e4uslichen Pflege geeignet ist.<\/p>\n<p lang=\"de-DE\">Die Konstruktion des Bettes und die eingesetzten Servomotoren erm\u00f6glichen eine Nutzung des Bettes mit einer Belastung von bis zu 250 kg.<\/p>\n","protected":false},"featured_media":5834,"template":"","meta":[],"product_brand":[],"product_cat":[199,197],"product_tag":[],"class_list":{"0":"post-3887","1":"product","2":"type-product","3":"status-publish","4":"has-post-thumbnail","6":"product_cat-betten-fur-die-langzeitpflege","7":"product_cat-medizinische-betten","9":"first","10":"instock","11":"shipping-taxable","12":"product-type-simple"},"aioseo_notices":[],"_links":{"self":[{"href":"https:\/\/metalowiec.com.pl\/de\/wp-json\/wp\/v2\/product\/3887","targetHints":{"allow":["GET"]}}],"collection":[{"href":"https:\/\/metalowiec.com.pl\/de\/wp-json\/wp\/v2\/product"}],"about":[{"href":"https:\/\/metalowiec.com.pl\/de\/wp-json\/wp\/v2\/types\/product"}],"wp:featuredmedia":[{"embeddable":true,"href":"https:\/\/metalowiec.com.pl\/de\/wp-json\/wp\/v2\/media\/5834"}],"wp:attachment":[{"href":"https:\/\/metalowiec.com.pl\/de\/wp-json\/wp\/v2\/media?parent=3887"}],"wp:term":[{"taxonomy":"product_brand","embeddable":true,"href":"https:\/\/metalowiec.com.pl\/de\/wp-json\/wp\/v2\/product_brand?post=3887"},{"taxonomy":"product_cat","embeddable":true,"href":"https:\/\/metalowiec.com.pl\/de\/wp-json\/wp\/v2\/product_cat?post=3887"},{"taxonomy":"product_tag","embeddable":true,"href":"https:\/\/metalowiec.com.pl\/de\/wp-json\/wp\/v2\/product_tag?post=3887"}],"curies":[{"name":"wp","href":"https:\/\/api.w.org\/{rel}","templated":true}]}}