{"id":3882,"date":"2018-10-02T13:32:45","date_gmt":"2018-10-09T09:15:29","guid":{"rendered":"http:\/\/metalowiec.dev.netk.pl\/?post_type=product&#038;p=3882"},"modified":"2018-10-11T13:25:02","modified_gmt":"2018-10-11T11:25:02","slug":"pflegebett-ah-3s","status":"publish","type":"product","link":"https:\/\/metalowiec.com.pl\/de\/produkt\/pflegebett-ah-3s\/","title":{"rendered":"Pflegebett AH\/3S"},"content":{"rendered":"<div class=\"wpb-content-wrapper\"><p>[vc_row gap=&#8220;20&#8243; el_class=&#8220;m-b-md&#8220;][vc_column width=&#8220;2\/3&#8243;][vc_custom_heading text=&#8220;Beschreibung&#8220; use_theme_fonts=&#8220;yes&#8220;][vc_column_text]<\/p>\n<ul>\n<li>\n<p lang=\"de-DE\">Konstruktion des Bettes aus pulverbeschichteten Stahlprofilen<\/p>\n<\/li>\n<li>\n<p lang=\"de-DE\">Segmente der Liegefl\u00e4che mit fest an den neigbaren Segmenten montiertem Metallgitter ausgef\u00fcllt<\/p>\n<\/li>\n<li>\n<p lang=\"de-DE\">Liegefl\u00e4che des Bettes aus vier Segmenten<\/p>\n<\/li>\n<li>\n<p lang=\"de-DE\">Regulierung des R\u00fccken- und Oberschenkelsegments, unterst\u00fctzt durch eine Gasfeder<\/p>\n<\/li>\n<li>\n<p lang=\"de-DE\">manuelle Einstellung des Unterschenkelsegments mit Schnappmechanismus<\/p>\n<\/li>\n<li>\n<p lang=\"de-DE\">Einstellung der H\u00f6he mit einer Hydraulik-Fu\u00dfpumpe<\/p>\n<\/li>\n<li>\n<p lang=\"de-DE\">vier R\u00e4der, davon zwei mit individueller Fahr- und Drehsperre<\/p>\n<\/li>\n<li>\n<p lang=\"de-DE\">zentrale Blockade der R\u00e4der (Option)<\/p>\n<\/li>\n<li>\n<p lang=\"de-DE\">kopf- und Fu\u00dfseiten des Bettes gestrichen oder verchromt (Option), gef\u00fcllt mit laminierten Platten oder HPL-Platten (Option)<\/p>\n<\/li>\n<li>\n<p lang=\"de-DE\">Kopf- und Fu\u00dfseiten des Bettes aus ABS-Kunststoff (Option)<\/p>\n<\/li>\n<li>\n<p lang=\"de-DE\">herausschiebbares Bettw\u00e4schefach (Option)<\/p>\n<\/li>\n<li>\n<p lang=\"de-DE\">Halter zur Befestigung des Auslegers oder Stativs des Tropfs<\/p>\n<\/li>\n<li>\n<p lang=\"de-DE\">Abweiserscheiben<\/p>\n<\/li>\n<\/ul>\n<p>[\/vc_column_text][vc_custom_heading text=&#8220;Zusatzausstattung&#8220; use_theme_fonts=&#8220;yes&#8220;][vc_column_text]<\/p>\n<ul>\n<li>Seitliche, zusammenklappbare Gel\u00e4nder entlang des Rahmens der Liegefl\u00e4che<\/li>\n<li>Seitliche, herunterfahrbare Gel\u00e4nder (Option: verchromt)<\/li>\n<li>Seitliche Universalgel\u00e4nder<\/li>\n<li>Spezialmatratze gegen Wundliegen S.CH<\/li>\n<li>Krankenhausmatratze S1.CH<\/li>\n<li>Ausleger mit Handgriff<\/li>\n<li>Stativ f\u00fcr Tropf mit 2 und 4 Haken<\/li>\n<li>Halter der Bettpfanne<\/li>\n<li>Halter f\u00fcr Bad<\/li>\n<li>Herausziehbares Fach f\u00fcr Bettw\u00e4sche (nicht zutreffend f\u00fcr Bett B1\/3S)<\/li>\n<li>Rahmen der Patientenkarte mit verdeckten Personaldaten<\/li>\n<li>Steuerpaneel<\/li>\n<li>Controlbox &#8211; Steuerpaneel<\/li>\n<li>Abnehmbares Gitter (Option)<\/li>\n<li>Liegefl\u00e4che aus HPL<\/li>\n<\/ul>\n<p>[\/vc_column_text][\/vc_column][vc_column width=&#8220;1\/3&#8243;][vc_custom_heading text=&#8220;Technische Daten&#8220; use_theme_fonts=&#8220;yes&#8220;][vc_column_text]<\/p>\n<ul>\n<li>\n<p lang=\"de-DE\">Gesamtbreite: 1.030mm \u00b1 10mm<\/p>\n<\/li>\n<li>\n<p lang=\"de-DE\">Gesamtl\u00e4nge: 2.100mm, \u00b110mm<\/p>\n<\/li>\n<li>\n<p lang=\"de-DE\">Abma\u00dfe der Liegefl\u00e4che: 2.000x900mm \u00b110 mm<\/p>\n<\/li>\n<li>\n<p lang=\"de-DE\">H\u00f6henregulierung im Bereich von 405 bis 805 \u00b15 mm<\/p>\n<\/li>\n<li>\n<p lang=\"de-DE\">Regulierung des R\u00fcckensegments im Bereich von 0\u00b0 bis 70\u00b0 \u00b1 5\u00b0<\/p>\n<\/li>\n<li>\n<p lang=\"de-DE\">Regulierung des Oberschenkelsegments im Bereich von 0\u00b0 bis 40\u00b0 \u00b1 5\u00b0<\/p>\n<\/li>\n<li>\n<p lang=\"de-DE\">Regulierung des Unterschenkelsegments im Bereich von 0\u00b0 bis 12\u00b0 \u00b1 5<\/p>\n<\/li>\n<\/ul>\n<p>[\/vc_column_text][\/vc_column][\/vc_row][vc_row][vc_column][vc_custom_heading text=&#8220;Farbe&#8220; use_theme_fonts=&#8220;yes&#8220;][\/vc_column][\/vc_row][vc_row][vc_column width=&#8220;1\/3&#8243;][vc_column_text]<\/p>\n<ul class=\"variants-list\">\n<li class=\"color-tile\">Metallfarben<\/li>\n<li class=\"ral ral-7035\">RAL 7035<\/li>\n<li class=\"ral ral-9006\">RAL 9006<\/li>\n<li class=\"ral ral-9007\">RAL 9007<\/li>\n<li class=\"ral ral-1015\">RAL 1015<\/li>\n<li class=\"ral ral-5024\">RAL 5024<\/li>\n<li class=\"ral ral-9005\">RAL 9005<\/li>\n<li class=\"ral ral-9016\">RAL 9016<\/li>\n<li class=\"ral ral-6018\">RAL 6018<\/li>\n<li class=\"ral RAL-1003\">RAL 1003<\/li>\n<li class=\"ral RAL-3002\">RAL 3002<\/li>\n<\/ul>\n<p>[\/vc_column_text][\/vc_column][vc_column width=&#8220;1\/3&#8243;][vc_column_text]<\/p>\n<ul class=\"variants-list\">\n<li class=\"color-tile\">laminierte Platte<\/li>\n<li class=\"ral r4634\">Berg Erle<\/li>\n<li class=\"ral r5113\">Bayern Buche<\/li>\n<li class=\"ral u1313\">cremig<\/li>\n<li class=\"ral u1717\">blaues Wasser<\/li>\n<li class=\"ral u3112\">Kalk<\/li>\n<li class=\"ral u1508\">Milano Yellow<\/li>\n<li class=\"ral f8985\">orange<\/li>\n<li class=\"ral r9016\">wei\u00df<\/li>\n<\/ul>\n<p>[\/vc_column_text][\/vc_column][vc_column width=&#8220;1\/3&#8243;][vc_column_text]<\/p>\n<ul class=\"variants-list\">\n<li class=\"color-tile\">Rotationsschmelzverfahren<\/li>\n<li class=\"ral ral-7035\">grau<\/li>\n<li class=\"ral ral-5015\">blau<\/li>\n<li class=\"ral ral-1015\">beige<\/li>\n<\/ul>\n<p>&nbsp;<\/p>\n<ul class=\"variants-list\">\n<li class=\"color-tile\">HPL-Platten<\/li>\n<li class=\"ral ral-7035\">grau<\/li>\n<li class=\"ral r5113\">Bayern Buche<\/li>\n<li class=\"ral r9016\">wei\u00df<\/li>\n<li class=\"ral u1717\">blaues Wasser<\/li>\n<li class=\"ral u1313\">cremig<\/li>\n<\/ul>\n<p>[\/vc_column_text][\/vc_column][\/vc_row]<\/p>\n<\/div>","protected":false},"excerpt":{"rendered":"<p lang=\"de-DE\">Das Pflegebette AH\/3S mit hydraulischer Regulierung ist zur Behandlung und Pflege von Patienten in Krankenh\u00e4usern, Pflege- und Behandlungseinrichtungen sowie unter h\u00e4uslichen Bedingungen bestimmt.<\/p>\n","protected":false},"featured_media":2454,"template":"","meta":[],"product_brand":[],"product_cat":[200,197,106],"product_tag":[],"class_list":{"0":"post-3882","1":"product","2":"type-product","3":"status-publish","4":"has-post-thumbnail","6":"product_cat-krankenhausbetten","7":"product_cat-medizinische-betten","8":"product_cat-unkategorisiert","10":"first","11":"instock","12":"shipping-taxable","13":"product-type-simple"},"aioseo_notices":[],"_links":{"self":[{"href":"https:\/\/metalowiec.com.pl\/de\/wp-json\/wp\/v2\/product\/3882","targetHints":{"allow":["GET"]}}],"collection":[{"href":"https:\/\/metalowiec.com.pl\/de\/wp-json\/wp\/v2\/product"}],"about":[{"href":"https:\/\/metalowiec.com.pl\/de\/wp-json\/wp\/v2\/types\/product"}],"wp:featuredmedia":[{"embeddable":true,"href":"https:\/\/metalowiec.com.pl\/de\/wp-json\/wp\/v2\/media\/2454"}],"wp:attachment":[{"href":"https:\/\/metalowiec.com.pl\/de\/wp-json\/wp\/v2\/media?parent=3882"}],"wp:term":[{"taxonomy":"product_brand","embeddable":true,"href":"https:\/\/metalowiec.com.pl\/de\/wp-json\/wp\/v2\/product_brand?post=3882"},{"taxonomy":"product_cat","embeddable":true,"href":"https:\/\/metalowiec.com.pl\/de\/wp-json\/wp\/v2\/product_cat?post=3882"},{"taxonomy":"product_tag","embeddable":true,"href":"https:\/\/metalowiec.com.pl\/de\/wp-json\/wp\/v2\/product_tag?post=3882"}],"curies":[{"name":"wp","href":"https:\/\/api.w.org\/{rel}","templated":true}]}}