{"id":2725,"date":"2018-10-03T09:08:34","date_gmt":"2018-10-03T07:08:34","guid":{"rendered":"http:\/\/metalowiec.dev.netk.pl\/?post_type=product&#038;p=2725"},"modified":"2026-03-03T11:24:08","modified_gmt":"2026-03-03T10:24:08","slug":"lozko-rehabilitacyjne-darion","status":"publish","type":"product","link":"https:\/\/metalowiec.com.pl\/de\/produkt\/lozko-rehabilitacyjne-darion\/","title":{"rendered":"\u0141\u00d3\u017bKO DARION"},"content":{"rendered":"<div class=\"wpb-content-wrapper\"><p>[vc_row gap=&#8220;20&#8243; el_class=&#8220;m-b-md&#8220;][vc_column width=&#8220;2\/3&#8243;][vc_custom_heading text=&#8220;Wyposa\u017cenie dodatkowe&#8220; use_theme_fonts=&#8220;yes&#8220;][vc_column_text]<\/p>\n<ul>\n<li>konstrukcja \u0142\u00f3\u017cka stalowa pokryta farb\u0105 proszkow\u0105, odporna na dzia\u0142anie \u015brodk\u00f3w chemicznych, uszkodzenia mechaniczne oraz promieniowanie UV<\/li>\n<li>le\u017ce \u0142\u00f3\u017cka czterosegmentowe z regulacj\u0105 segment\u00f3w przy pomocy si\u0142ownik\u00f3w elektrycznych sterowanych pilotem. &#8211; regulacja wysoko\u015bci elektryczna<\/li>\n<li>regulacja segmentu podudzia mechanizmem zapadkowym<\/li>\n<li>elektryczna funkcja Trendelenburga i anty-Trendelenburga 0-18o<\/li>\n<li>segmenty le\u017ca wype\u0142nione metalow\u0105 siatk\u0105<\/li>\n<li>szczyty \u0142\u00f3\u017cka z litego drewna i p\u0142yty laminowanej<\/li>\n<li>barierki boczne drewniane z mo\u017cliwo\u015bci\u0105 opuszczania i demonta\u017cu bez u\u017cycia narz\u0119dzi<\/li>\n<li>8 k\u00f3\u0142 o \u015brednicy 50mm,wyposa\u017conych w podw\u00f3jna bie\u017cni\u0119 zaopatrzone w blokad\u0119-hamulec, blokada k\u00f3\u0142 parami opcjonalnie za dop\u0142at\u0105<\/li>\n<li>autokontur<\/li>\n<li>tuleje do mocowania wysi\u0119gnika i statywu kropl\u00f3wki<\/li>\n<\/ul>\n<p>[\/vc_column_text][\/vc_column][vc_column width=&#8220;1\/3&#8243;][vc_custom_heading text=&#8220;Parametry&#8220; use_theme_fonts=&#8220;yes&#8220;][vc_column_text]<\/p>\n<ul>\n<li>D\u0142ugo\u015b\u0107 ca\u0142kowita: 2085mm +\/- 15mm<\/li>\n<li>Szeroko\u015b\u0107 ca\u0142kowita: 1030mm +\/- 10mm<\/li>\n<li>Wymiary le\u017ca: 2000 x 890mm +\/- 10mm<\/li>\n<li>Regulacja wysoko\u015bci w zakresie 205\/210 mm do 760mm +\/- 10mm<\/li>\n<li>Regulacja segmentu oparcia plec\u00f3w: 0-700 +\/- 50<\/li>\n<li>Regulacja segmentu uda: 0-230+\/- 50<\/li>\n<li>Obci\u0105\u017cenie \u0142\u00f3\u017cka: 200kg<\/li>\n<\/ul>\n<p>[\/vc_column_text][\/vc_column][\/vc_row][vc_row disable_element=&#8220;yes&#8220;][vc_column][vc_custom_heading text=&#8220;Kolorystyka&#8220; use_theme_fonts=&#8220;yes&#8220;][\/vc_column][\/vc_row][vc_row][vc_column width=&#8220;1\/2&#8243;][vc_column_text]<\/p>\n<ul class=\"variants-list\">\n<li class=\"color-tile\">Farba proszkowa<\/li>\n<li class=\"ral ral-7035\">RAL 7035<\/li>\n<li class=\"ral ral-9006\">RAL 9006<\/li>\n<li class=\"ral ral-9007\">RAL 9007<\/li>\n<li class=\"ral ral-1015\">RAL 1015<\/li>\n<li class=\"ral ral-5024\">RAL 5024<\/li>\n<li class=\"ral ral-9005\">RAL 9005<\/li>\n<li class=\"ral ral-9016\">RAL 9016<\/li>\n<li class=\"ral ral-6018\">RAL 6018<\/li>\n<li class=\"ral RAL-1003\">RAL 1003<\/li>\n<li class=\"ral RAL-3002\">RAL 3002<\/li>\n<\/ul>\n<p>[\/vc_column_text][\/vc_column][vc_column width=&#8220;1\/2&#8243;][vc_column_text css=&#8220;&#8220;]<\/p>\n<ul class=\"variants-list\">\n<li class=\"color-tile\">P\u0142yta laminowana<\/li>\n<li class=\"ral r4634\">Buk bawaria<\/li>\n<li class=\"ral r9016\"><\/li>\n<\/ul>\n<p class=\"ral ral-1015\">U\u00a0\u00a0 W\u00a0\u00a0 A\u00a0\u00a0 G\u00a0\u00a0 A<br \/>\nPodstawowym kolorem element\u00f3w drewnianych jest kolor Buk bawaria. Pozosta\u0142e kolory dost\u0119pne tylko w ilo\u015bciach powy\u017cej 50 sztuk lub po uzgodnieniu z Dzia\u0142em Handlowym.<\/p>\n<p>[\/vc_column_text][\/vc_column][\/vc_row][vc_row][vc_column][vc_single_image image=&#8220;5849&#8243; img_size=&#8220;full&#8220; css=&#8220;&#8220; css_params=&#8220;&#8220;][\/vc_column][\/vc_row]<\/p>\n<\/div>","protected":false},"excerpt":{"rendered":"<p>\u0141\u00f3\u017cko obni\u017ca si\u0119 do poziomu prawie 20cm co w przypadku pr\u00f3by opuszczenia \u0142\u00f3\u017cka przez osoby z zaburzeniami \u015bwiadomo\u015bci zmniejsza ryzyko upadku. Drewniana obudowa powoduje, \u017ce \u0142\u00f3\u017cko doskonale nadaje si\u0119 do opieki d\u0142ugoterminowej w plac\u00f3wkach s\u0142u\u017cby zdrowia oraz opieki w warunkach domowych<br \/>\n\u0141\u00f3\u017cko wyposa\u017cone jest w si\u0142owniki elektryczne sterowane pilotem co pozwala bez wysi\u0142ku ustawi\u0107 \u0142\u00f3\u017cko w r\u00f3\u017cnych pozycjach co u\u0142atwia opiek\u0119 nad pacjentem, a dla samego pacjenta daje poczucie komfortu i bezpiecze\u0144stwa.<\/p>\n","protected":false},"featured_media":5368,"template":"","meta":[],"product_brand":[],"product_cat":[113,111],"product_tag":[],"class_list":{"0":"post-2725","1":"product","2":"type-product","3":"status-publish","4":"has-post-thumbnail","6":"product_cat-lozka-do-opieki-dlugoterminowej","7":"product_cat-lozka-medyczne","9":"first","10":"instock","11":"shipping-taxable","12":"product-type-simple"},"aioseo_notices":[],"_links":{"self":[{"href":"https:\/\/metalowiec.com.pl\/de\/wp-json\/wp\/v2\/product\/2725","targetHints":{"allow":["GET"]}}],"collection":[{"href":"https:\/\/metalowiec.com.pl\/de\/wp-json\/wp\/v2\/product"}],"about":[{"href":"https:\/\/metalowiec.com.pl\/de\/wp-json\/wp\/v2\/types\/product"}],"wp:featuredmedia":[{"embeddable":true,"href":"https:\/\/metalowiec.com.pl\/de\/wp-json\/wp\/v2\/media\/5368"}],"wp:attachment":[{"href":"https:\/\/metalowiec.com.pl\/de\/wp-json\/wp\/v2\/media?parent=2725"}],"wp:term":[{"taxonomy":"product_brand","embeddable":true,"href":"https:\/\/metalowiec.com.pl\/de\/wp-json\/wp\/v2\/product_brand?post=2725"},{"taxonomy":"product_cat","embeddable":true,"href":"https:\/\/metalowiec.com.pl\/de\/wp-json\/wp\/v2\/product_cat?post=2725"},{"taxonomy":"product_tag","embeddable":true,"href":"https:\/\/metalowiec.com.pl\/de\/wp-json\/wp\/v2\/product_tag?post=2725"}],"curies":[{"name":"wp","href":"https:\/\/api.w.org\/{rel}","templated":true}]}}