{"id":4402,"date":"2018-11-06T11:14:41","date_gmt":"2018-11-06T10:14:41","guid":{"rendered":"http:\/\/metalowiec.com.pl\/?page_id=4402"},"modified":"2018-11-06T11:18:06","modified_gmt":"2018-11-06T10:18:06","slug":"dienstleistung","status":"publish","type":"page","link":"https:\/\/metalowiec.com.pl\/de\/dienstleistung\/","title":{"rendered":"Dienstleistung"},"content":{"rendered":"<div class=\"wpb-content-wrapper\"><p>[vc_row][vc_column][vc_column_text]<img loading=\"lazy\" decoding=\"async\" class=\"alignright size-medium wp-image-4350\" src=\"http:\/\/metalowiec.com.pl\/wp-content\/uploads\/2018\/10\/SDC10003-300x225.jpeg\" alt=\"\" width=\"300\" height=\"225\" \/>Metalowiec sp z o. o. bietet Ihnen ein breites Spektrum an m\u00f6glichen Metallverarbeitungen an, worin wir einen hohen Erfahrungswert aufweisen k\u00f6nnen. Zu unserer Verf\u00fcgung stehen Metallpressen, Biege-und Abkantmaschinen, Tafelschere, Stumpfschwei\u00dfmaschine, sowie andere Ger\u00e4te, die f\u00fcr die Metallverarbeitung und Metallschwei\u00dfung notwendig sind. Diese Metalle k\u00f6nnen wir mit pulverisierten Epoxid-Polyesterfarben beschichten. Eine entsprechend sorgf\u00e4ltige Vorbereitung einer zu beschichtenden Oberfl\u00e4che, die auf der Reinigung, Abreibung, Entfettung und Phosphatierung basiert, garantiert die Qualit\u00e4t der Beschichtung. Wir bieten ebenfalls Dienstleistungen im Rahmen von N\u00e4h- und Polsterarbeiten an.<\/p>\n<p>&nbsp;<\/p>\n<p>Ausf\u00fchrlichere Informationen erhalten Sie von unserem Produktionsleiter:<br \/>\nHr. Mgr. Bogdan Milka tel.\u00a0(077) 410 41 59[\/vc_column_text][vc_gallery type=&#8220;image_grid&#8220; images=&#8220;3386,3391,3395,3399,3404&#8243;][\/vc_column][\/vc_row]<\/p>\n<\/div>","protected":false},"excerpt":{"rendered":"<p>[vc_row][vc_column][vc_column_text]Metalowiec sp z o. o. bietet Ihnen ein breites Spektrum an m\u00f6glichen Metallverarbeitungen an, worin wir einen hohen Erfahrungswert aufweisen k\u00f6nnen. Zu unserer Verf\u00fcgung stehen Metallpressen, Biege-und Abkantmaschinen, Tafelschere, Stumpfschwei\u00dfmaschine, sowie andere Ger\u00e4te, die f\u00fcr die Metallverarbeitung und Metallschwei\u00dfung notwendig sind. Diese Metalle k\u00f6nnen wir mit pulverisierten Epoxid-Polyesterfarben beschichten. Eine entsprechend sorgf\u00e4ltige Vorbereitung einer zu [&hellip;]<\/p>\n","protected":false},"author":2,"featured_media":0,"parent":0,"menu_order":0,"comment_status":"closed","ping_status":"closed","template":"","meta":{"footnotes":""},"class_list":["post-4402","page","type-page","status-publish","hentry"],"aioseo_notices":[],"_links":{"self":[{"href":"https:\/\/metalowiec.com.pl\/de\/wp-json\/wp\/v2\/pages\/4402","targetHints":{"allow":["GET"]}}],"collection":[{"href":"https:\/\/metalowiec.com.pl\/de\/wp-json\/wp\/v2\/pages"}],"about":[{"href":"https:\/\/metalowiec.com.pl\/de\/wp-json\/wp\/v2\/types\/page"}],"author":[{"embeddable":true,"href":"https:\/\/metalowiec.com.pl\/de\/wp-json\/wp\/v2\/users\/2"}],"replies":[{"embeddable":true,"href":"https:\/\/metalowiec.com.pl\/de\/wp-json\/wp\/v2\/comments?post=4402"}],"version-history":[{"count":4,"href":"https:\/\/metalowiec.com.pl\/de\/wp-json\/wp\/v2\/pages\/4402\/revisions"}],"predecessor-version":[{"id":4406,"href":"https:\/\/metalowiec.com.pl\/de\/wp-json\/wp\/v2\/pages\/4402\/revisions\/4406"}],"wp:attachment":[{"href":"https:\/\/metalowiec.com.pl\/de\/wp-json\/wp\/v2\/media?parent=4402"}],"curies":[{"name":"wp","href":"https:\/\/api.w.org\/{rel}","templated":true}]}}