{"id":4398,"date":"2018-11-06T11:10:13","date_gmt":"2018-11-06T10:10:13","guid":{"rendered":"http:\/\/metalowiec.com.pl\/?page_id=4398"},"modified":"2018-11-06T11:10:13","modified_gmt":"2018-11-06T10:10:13","slug":"qualitaetspolitik","status":"publish","type":"page","link":"https:\/\/metalowiec.com.pl\/de\/qualitaetspolitik\/","title":{"rendered":"Qualit\u00e4tspolitik"},"content":{"rendered":"<p>Unser Hauptziel ist es, Produkte auszuliefern, die die Anforderungen unserer Kunden erf\u00fcllen und ihre Bed\u00fcrfnisse stillen unter Ber\u00fccksichtigung ihrer g\u00e4nzlichen Zufriedenstellung. Wir zielen darauf ab, den Anforderungen des Marktes und internationalen Standards zu entsprechen und eine der f\u00fchrenden Rollen auf dem Markt der Hersteller von hochwertigen Rehabilitationsausstattungen, Medizinm\u00f6beln, Drehsesseln und \u2013st\u00fchlen, einzunehmen. Wir m\u00f6chten fachkundig beraten, zuverl\u00e4ssig produzieren und jeden Kunden reibungslos und termingerecht bedienen, getreu dem Motto: \u201eEin zufriedener Kunde ist der wichtigste Wert einer Firmenstrategie, der auch den Erfolg und weiteren Fortschritt garantiert.\u201d Zufriedene Kunden verbinden wir mit der Zufriedenheit unserer Mitarbeiter bei ihrer T\u00e4tigkeit in unserem Unternehmen.<\/p>\n<p style=\"text-align: right;\">Der Vorstand<br \/>\nMetalowiec Sp. z o.o.<br \/>\nin\u017c. Jerzy ROZMUS<br \/>\nNAMYS\u0141\u00d3W \u2013 stycze\u0144 2014r.<\/p>\n","protected":false},"excerpt":{"rendered":"<p>Unser Hauptziel ist es, Produkte auszuliefern, die die Anforderungen unserer Kunden erf\u00fcllen und ihre Bed\u00fcrfnisse stillen unter Ber\u00fccksichtigung ihrer g\u00e4nzlichen Zufriedenstellung. Wir zielen darauf ab, den Anforderungen des Marktes und internationalen Standards zu entsprechen und eine der f\u00fchrenden Rollen auf dem Markt der Hersteller von hochwertigen Rehabilitationsausstattungen, Medizinm\u00f6beln, Drehsesseln und \u2013st\u00fchlen, einzunehmen. Wir m\u00f6chten fachkundig [&hellip;]<\/p>\n","protected":false},"author":2,"featured_media":0,"parent":0,"menu_order":0,"comment_status":"closed","ping_status":"closed","template":"","meta":{"footnotes":""},"class_list":["post-4398","page","type-page","status-publish","hentry"],"aioseo_notices":[],"_links":{"self":[{"href":"https:\/\/metalowiec.com.pl\/de\/wp-json\/wp\/v2\/pages\/4398","targetHints":{"allow":["GET"]}}],"collection":[{"href":"https:\/\/metalowiec.com.pl\/de\/wp-json\/wp\/v2\/pages"}],"about":[{"href":"https:\/\/metalowiec.com.pl\/de\/wp-json\/wp\/v2\/types\/page"}],"author":[{"embeddable":true,"href":"https:\/\/metalowiec.com.pl\/de\/wp-json\/wp\/v2\/users\/2"}],"replies":[{"embeddable":true,"href":"https:\/\/metalowiec.com.pl\/de\/wp-json\/wp\/v2\/comments?post=4398"}],"version-history":[{"count":1,"href":"https:\/\/metalowiec.com.pl\/de\/wp-json\/wp\/v2\/pages\/4398\/revisions"}],"predecessor-version":[{"id":4399,"href":"https:\/\/metalowiec.com.pl\/de\/wp-json\/wp\/v2\/pages\/4398\/revisions\/4399"}],"wp:attachment":[{"href":"https:\/\/metalowiec.com.pl\/de\/wp-json\/wp\/v2\/media?parent=4398"}],"curies":[{"name":"wp","href":"https:\/\/api.w.org\/{rel}","templated":true}]}}