{"id":4274,"date":"2018-10-22T09:44:29","date_gmt":"2018-10-22T07:44:29","guid":{"rendered":"http:\/\/metalowiec.dev.netk.pl\/?page_id=4274"},"modified":"2022-02-10T13:00:18","modified_gmt":"2022-02-10T12:00:18","slug":"was-wir-machen","status":"publish","type":"page","link":"https:\/\/metalowiec.com.pl\/de\/was-wir-machen\/","title":{"rendered":"Was wir machen"},"content":{"rendered":"<p>Sehr geehrte Herrschaften!<\/p>\n<div class=\"content--image--right\"><img loading=\"lazy\" decoding=\"async\" class=\"size-medium wp-image-5211 alignright\" src=\"https:\/\/metalowiec.com.pl\/wp-content\/uploads\/2022\/02\/panel-04-300x262.jpeg\" alt=\"\" width=\"300\" height=\"262\" \/><\/div>\n<p align=\"justify\">Die Gesellschaft Metalowiec sp. z o.o. aus Namys\u0142\u00f3w ist ein erfahrener Hersteller von medizinischer und Rehabilitationsausr\u00fcstung, Drehst\u00fchlen und Drehsesseln sowie anderen Metallerzeugnissen. Die Firma existiert seit dem Jahre 1976 als eigenst\u00e4ndiges Unternehmen und baut ihre Gesch\u00e4ftst\u00e4tigkeit in der Metallbranche stetig aus.<\/p>\n<p align=\"justify\">Die umfangreichen Erfahrungen, die wir in den vielen Jahre unserer Marktpr\u00e4senz erworben haben, die Zusammenarbeit mit ausl\u00e4ndischen Firmen sowie das genaue Studium der Vorschl\u00e4ge und Empfehlungen unserer Kunden erlauben es uns, Ihnen solide, haltbare und ergonomische Produkte anzubieten. Diese bew\u00e4hren sich hervorragend in den verschiedensten \u00f6ffentlichen Objekten (wie etwa Schulen, Krankenh\u00e4usern, Hospizen, Altersheimen, \u00c4mter usw.) sowie in privaten Wohnh\u00e4usern. Einen bedeutenden Teil unserer Produktion exportieren wir nach Deutschland, die USA, Schweden, Litauen, Lettland oder die Slowakei. Die Qualit\u00e4t unserer Produkte wird durch zahlreiche Preise, Auszeichnungen und Zertifikate (u.a. f\u00fcr das Qualit\u00e4tsmanagementsystem nach der Norm ISO 9001:2000) best\u00e4tigt.<\/p>\n<p align=\"justify\">Dank unserer dynamisch arbeitenden Technologie- und Konstruktionsabteilung sind wir in der Lage, neue Technologien und Produkte in die Produktion einzuf\u00fchren, um die Anforderungen unserer Kunden zu erf\u00fcllen. Die hohe Qualit\u00e4t unserer Produkte sorgt in Verbindung mit den wettbewerbsf\u00e4higen Preisen daf\u00fcr, dass wir unseren Kunden ein sehr attraktives Angebot unterbreiten k\u00f6nnen.<\/p>\n<div>\n<p align=\"center\"><b>Wir laden Sie herzlich zur Zusammenarbeit ein!!!<\/b><\/p>\n<\/div>\n","protected":false},"excerpt":{"rendered":"<p>Sehr geehrte Herrschaften! Die Gesellschaft Metalowiec sp. z o.o. aus Namys\u0142\u00f3w ist ein erfahrener Hersteller von medizinischer und Rehabilitationsausr\u00fcstung, Drehst\u00fchlen und Drehsesseln sowie anderen Metallerzeugnissen. Die Firma existiert seit dem Jahre 1976 als eigenst\u00e4ndiges Unternehmen und baut ihre Gesch\u00e4ftst\u00e4tigkeit in der Metallbranche stetig aus. Die umfangreichen Erfahrungen, die wir in den vielen Jahre unserer Marktpr\u00e4senz [&hellip;]<\/p>\n","protected":false},"author":1,"featured_media":0,"parent":0,"menu_order":0,"comment_status":"closed","ping_status":"closed","template":"","meta":{"footnotes":""},"class_list":["post-4274","page","type-page","status-publish","hentry"],"aioseo_notices":[],"_links":{"self":[{"href":"https:\/\/metalowiec.com.pl\/de\/wp-json\/wp\/v2\/pages\/4274","targetHints":{"allow":["GET"]}}],"collection":[{"href":"https:\/\/metalowiec.com.pl\/de\/wp-json\/wp\/v2\/pages"}],"about":[{"href":"https:\/\/metalowiec.com.pl\/de\/wp-json\/wp\/v2\/types\/page"}],"author":[{"embeddable":true,"href":"https:\/\/metalowiec.com.pl\/de\/wp-json\/wp\/v2\/users\/1"}],"replies":[{"embeddable":true,"href":"https:\/\/metalowiec.com.pl\/de\/wp-json\/wp\/v2\/comments?post=4274"}],"version-history":[{"count":4,"href":"https:\/\/metalowiec.com.pl\/de\/wp-json\/wp\/v2\/pages\/4274\/revisions"}],"predecessor-version":[{"id":5222,"href":"https:\/\/metalowiec.com.pl\/de\/wp-json\/wp\/v2\/pages\/4274\/revisions\/5222"}],"wp:attachment":[{"href":"https:\/\/metalowiec.com.pl\/de\/wp-json\/wp\/v2\/media?parent=4274"}],"curies":[{"name":"wp","href":"https:\/\/api.w.org\/{rel}","templated":true}]}}