{"id":4165,"date":"2018-10-16T08:43:07","date_gmt":"2018-10-16T06:43:07","guid":{"rendered":"http:\/\/metalowiec.dev.netk.pl\/?page_id=4165"},"modified":"2022-07-01T13:11:09","modified_gmt":"2022-07-01T11:11:09","slug":"startseite","status":"publish","type":"page","link":"https:\/\/metalowiec.com.pl\/de\/","title":{"rendered":"Startseite"},"content":{"rendered":"<div class=\"wpb-content-wrapper\"><p>[vc_row wrap_container=&#8220;yes&#8220;][vc_column offset=&#8220;vc_col-md-12 vc_col-xs-12&#8243; el_class=&#8220;order-2 home-banner-slider&#8220; css=&#8220;.vc_custom_1538044311584{margin-top: 20px !important;}&#8220;][rev_slider_vc alias=&#8220;slider-home&#8220;][\/vc_column][\/vc_row][vc_row full_width=&#8220;stretch_row&#8220; content_placement=&#8220;middle&#8220; wrap_container=&#8220;yes&#8220; css=&#8220;.vc_custom_1508571469836{margin-top: 20px !important;margin-bottom: 30px !important;padding-right: 40px !important;padding-left: 40px !important;background-color: #f4f4f4 !important;}&#8220; el_class=&#8220;home-bar&#8220;][vc_column css=&#8220;.vc_custom_1508571932904{padding-top: 20px !important;padding-bottom: 5px !important;}&#8220; offset=&#8220;vc_col-md-4&#8243;]<div class=\"porto-feature-box wpb_content_element  m-b-none\"><div class=\"feature-box feature-box-dark feature-box-style-2\"><div class=\"feature-box-icon feature-box-icon-dark\"><i class=\"porto-icon-star text-color-dark\" style=\"font-size:35px\"><\/i><\/div><div class=\"feature-box-info\"><div class=\"porto-u-heading  wpb_custom_95aa9a11c17ad45cfabaf210d84ee7cc porto-u-ad87e2eaf3f9c495180fe0156ddf3eb0 \"><div class=\"porto-u-main-heading\"><h3   style=\"font-weight:bold;color:#465157;font-size:14px;line-height:19px;\">Seit 1976<\/h3><\/div><div class=\"porto-u-sub-heading\" style=\"color: #839199;font-size:13px;\">\u00dcber 40 Jahre Erfahrung<\/div><style>.porto-u-ad87e2eaf3f9c495180fe0156ddf3eb0.porto-u-heading{text-align:left}<\/style><\/div><\/div><\/div><\/div>[\/vc_column][vc_column text_align=&#8220;center&#8220; css=&#8220;.vc_custom_1508571672383{border-right-width: 1px !important;border-left-width: 1px !important;padding-top: 20px !important;padding-bottom: 5px !important;border-left-color: #ffffff !important;border-left-style: solid !important;border-right-color: #ffffff !important;border-right-style: solid !important;}&#8220; offset=&#8220;vc_col-md-4&#8243;]<div class=\"porto-feature-box wpb_content_element  m-b-none\"><div class=\"feature-box feature-box-dark feature-box-style-2\"><div class=\"feature-box-icon feature-box-icon-dark\"><i class=\"porto-icon-users text-color-dark\" style=\"font-size:35px\"><\/i><\/div><div class=\"feature-box-info\"><div class=\"porto-u-heading  wpb_custom_95aa9a11c17ad45cfabaf210d84ee7cc porto-u-ad87e2eaf3f9c495180fe0156ddf3eb0 \"><div class=\"porto-u-main-heading\"><h3   style=\"font-weight:bold;color:#465157;font-size:14px;line-height:19px;\">Erfolgreich im Ausland<\/h3><\/div><div class=\"porto-u-sub-heading\" style=\"color: #839199;font-size:13px;\">EU, USA und Afrika<\/div><style>.porto-u-ad87e2eaf3f9c495180fe0156ddf3eb0.porto-u-heading{text-align:left}<\/style><\/div><\/div><\/div><\/div>[\/vc_column][vc_column text_align=&#8220;center&#8220; css=&#8220;.vc_custom_1508571955475{padding-top: 20px !important;padding-bottom: 5px !important;}&#8220; offset=&#8220;vc_col-md-4&#8243;]<div class=\"porto-feature-box wpb_content_element  m-b-none\"><div class=\"feature-box feature-box-dark feature-box-style-2\"><div class=\"feature-box-icon feature-box-icon-dark\"><i class=\"porto-icon-check text-color-dark\" style=\"font-size:35px\"><\/i><\/div><div class=\"feature-box-info\"><div class=\"porto-u-heading  wpb_custom_95aa9a11c17ad45cfabaf210d84ee7cc porto-u-ad87e2eaf3f9c495180fe0156ddf3eb0 \"><div class=\"porto-u-main-heading\"><h3   style=\"font-weight:bold;color:#465157;font-size:14px;line-height:19px;\">Hohe Qualit\u00e4tsstandards<\/h3><\/div><div class=\"porto-u-sub-heading\" style=\"color: #839199;font-size:13px;\">ISO 9001:2000 Zertifizierung<\/div><style>.porto-u-ad87e2eaf3f9c495180fe0156ddf3eb0.porto-u-heading{text-align:left}<\/style><\/div><\/div><\/div><\/div>[\/vc_column][\/vc_row][vc_row wrap_container=&#8220;yes&#8220; css=&#8220;.vc_custom_1538048739443{margin-bottom: 40px !important;}&#8220;][vc_column width=&#8220;1\/4&#8243;]<div class=\"porto-content-box featured-boxes wpb_content_element  featured-boxes-flat featured-boxes-style-8\"><div class=\"featured-box featured-box-primary featured-box-effect-4\"><div class=\"box-content\" style=\"\"><i class=\"icon-featured fas fa-tag text-color-primary\"><\/i>[vc_wp_custommenu nav_menu=&#8220;118&#8243;]<\/div><\/div><\/div>[\/vc_column][vc_column width=&#8220;1\/4&#8243;]<div class=\"porto-content-box featured-boxes wpb_content_element  featured-boxes-flat featured-boxes-style-8\"><div class=\"featured-box featured-box-primary featured-box-effect-4\"><div class=\"box-content\" style=\"\"><i class=\"icon-featured fas fa-tag text-color-primary\"><\/i>[vc_wp_custommenu nav_menu=&#8220;125&#8243;]<\/div><\/div><\/div>[\/vc_column][vc_column width=&#8220;1\/4&#8243;]<div class=\"porto-content-box featured-boxes wpb_content_element  featured-boxes-flat featured-boxes-style-8\"><div class=\"featured-box featured-box-primary featured-box-effect-4\"><div class=\"box-content\" style=\"\"><i class=\"icon-featured fas fa-tag text-color-primary\"><\/i>[vc_wp_custommenu nav_menu=&#8220;126&#8243;]<\/div><\/div><\/div>[\/vc_column][vc_column width=&#8220;1\/4&#8243;]<div class=\"porto-content-box featured-boxes wpb_content_element  featured-boxes-flat featured-boxes-style-8\"><div class=\"featured-box featured-box-primary featured-box-effect-4\"><div class=\"box-content\" style=\"\"><i class=\"icon-featured fas fa-tag text-color-primary\"><\/i>[vc_wp_custommenu nav_menu=&#8220;127&#8243;]<\/div><\/div><\/div>[\/vc_column][\/vc_row][vc_row full_width=&#8220;stretch_row&#8220; wrap_container=&#8220;yes&#8220; is_section=&#8220;yes&#8220; section_skin=&#8220;parallax&#8220; remove_margin_top=&#8220;yes&#8220; remove_margin_bottom=&#8220;yes&#8220; css=&#8220;.vc_custom_1489558295141{background-color: #f4f4f4 !important;}&#8220;][vc_column]<div id=\"porto-products-9e0c4dee1f2f2fd12506a77038e0d92c\" class=\"porto-products wpb_content_element custom-owl-dots-style-2 custom-owl-position-arrows-dots outimage wpb_custom_aeb2ba7df7a27d76048c02dc3283b7c5\"><h2 class=\"section-title slider-title\">VERWANDTE PRODUKTE<\/h2><div class=\"slider-wrapper\"><div class=\"woocommerce columns-5 \"><ul class=\"products products-container products-slider owl-carousel dots-style-1 has-ccols has-ccols-spacing ccols-xl-5 ccols-lg-4 ccols-md-4 ccols-sm-3 ccols-2 pwidth-lg-5 pwidth-md-4 pwidth-xs-2 pwidth-ls-1 is-shortcode\"\r\n\t\tdata-plugin-options=\"{&quot;themeConfig&quot;:true,&quot;lg&quot;:5,&quot;md&quot;:4,&quot;xs&quot;:3,&quot;ls&quot;:2,&quot;dots&quot;:true,&quot;margin&quot;:20}\" data-product_layout=\"product-outimage\"\trole=\"none\">\r\n\r\n<li role=\"none\" class=\"product-col product-outimage product type-product post-3885 status-publish first instock product_cat-betten-fur-die-langzeitpflege product_cat-medizinische-betten has-post-thumbnail featured shipping-taxable product-type-simple\">\r\n<div class=\"product-inner\">\r\n\t\r\n\t<div class=\"product-image\">\r\n\r\n\t\t<a  href=\"https:\/\/metalowiec.com.pl\/de\/produkt\/pflegebett-b1-3s\/\" aria-label=\"Go to product page\">\r\n\t\t\t<div class=\"inner\"><img loading=\"lazy\" decoding=\"async\" width=\"300\" height=\"225\" src=\"https:\/\/metalowiec.com.pl\/wp-content\/uploads\/2018\/10\/B13S-z-odbojami-300x225.jpeg\" class=\"attachment-woocommerce_thumbnail size-woocommerce_thumbnail\" alt=\"\u0141\u00f3\u017cko rehabilitacyjne elektryczne B1\/3S z wyposa\u017ceniem i odbojnikami\" \/><\/div>\t\t<\/a>\r\n\t\t\t<\/div>\r\n\r\n\t<div class=\"product-content\">\r\n\t\t<span class=\"category-list\"><a href=\"https:\/\/metalowiec.com.pl\/de\/produkt-kategorie\/medizinische-betten\/betten-fur-die-langzeitpflege\/\" rel=\"tag\">Betten f\u00fcr die Langzeitpflege<\/a>, <a href=\"https:\/\/metalowiec.com.pl\/de\/produkt-kategorie\/medizinische-betten\/\" rel=\"tag\">Medizinische Betten<\/a><\/span>\r\n\t\t\t<a class=\"product-loop-title\"  href=\"https:\/\/metalowiec.com.pl\/de\/produkt\/pflegebett-b1-3s\/\">\r\n\t<h3 class=\"woocommerce-loop-product__title\">Pflegebett B1\/3S<\/h3>\t<\/a>\r\n\t\r\n\t\t\r\n\t\t<div class=\"add-links-wrap\">\r\n\t<div class=\"add-links no-effect clearfix\">\r\n\t\t\t\t<span id=\"woocommerce_loop_add_to_cart_link_describedby_3885\" class=\"screen-reader-text\">\r\n\t\t\t<\/span>\r\n\t\t\t<\/div>\r\n\t<\/div>\r\n\t<\/div>\r\n<\/div>\r\n\r\n<\/li>\r\n\r\n<li role=\"none\" class=\"product-col product-outimage product type-product post-4033 status-publish instock product_cat-betten-fur-die-langzeitpflege product_cat-medizinische-betten has-post-thumbnail featured shipping-taxable product-type-simple\">\r\n<div class=\"product-inner\">\r\n\t\r\n\t<div class=\"product-image\">\r\n\r\n\t\t<a  href=\"https:\/\/metalowiec.com.pl\/de\/produkt\/krankenhaus-rehabilitationsbett-a-63s-t-mit-holzverkleidung\/\" aria-label=\"Go to product page\">\r\n\t\t\t<div class=\"inner\"><img loading=\"lazy\" decoding=\"async\" width=\"300\" height=\"225\" src=\"https:\/\/metalowiec.com.pl\/wp-content\/uploads\/2018\/10\/Lozko-rehabilitacyjne-A-6-3ST-w-obudowie-z-dzielonymi-barierkami-7-300x225.jpg\" class=\"attachment-woocommerce_thumbnail size-woocommerce_thumbnail\" alt=\"Krankenhaus-Rehabilitationsbett A-63S\/T mit Holzverkleidung\" \/><\/div>\t\t<\/a>\r\n\t\t\t<\/div>\r\n\r\n\t<div class=\"product-content\">\r\n\t\t<span class=\"category-list\"><a href=\"https:\/\/metalowiec.com.pl\/de\/produkt-kategorie\/medizinische-betten\/betten-fur-die-langzeitpflege\/\" rel=\"tag\">Betten f\u00fcr die Langzeitpflege<\/a>, <a href=\"https:\/\/metalowiec.com.pl\/de\/produkt-kategorie\/medizinische-betten\/\" rel=\"tag\">Medizinische Betten<\/a><\/span>\r\n\t\t\t<a class=\"product-loop-title\"  href=\"https:\/\/metalowiec.com.pl\/de\/produkt\/krankenhaus-rehabilitationsbett-a-63s-t-mit-holzverkleidung\/\">\r\n\t<h3 class=\"woocommerce-loop-product__title\">Krankenhaus-Rehabilitationsbett A-63S\/T mit Holzverkleidung<\/h3>\t<\/a>\r\n\t\r\n\t\t\r\n\t\t<div class=\"add-links-wrap\">\r\n\t<div class=\"add-links no-effect clearfix\">\r\n\t\t\t\t<span id=\"woocommerce_loop_add_to_cart_link_describedby_4033\" class=\"screen-reader-text\">\r\n\t\t\t<\/span>\r\n\t\t\t<\/div>\r\n\t<\/div>\r\n\t<\/div>\r\n<\/div>\r\n\r\n<\/li>\r\n\r\n<li role=\"none\" class=\"product-col product-outimage product type-product post-3874 status-publish instock product_cat-krankenhausbetten product_cat-medizinische-betten has-post-thumbnail featured shipping-taxable product-type-simple\">\r\n<div class=\"product-inner\">\r\n\t\r\n\t<div class=\"product-image\">\r\n\r\n\t\t<a  href=\"https:\/\/metalowiec.com.pl\/de\/produkt\/elternbett-bozenka\/\" aria-label=\"Go to product page\">\r\n\t\t\t<div class=\"inner\"><img loading=\"lazy\" decoding=\"async\" width=\"300\" height=\"225\" src=\"https:\/\/metalowiec.com.pl\/wp-content\/uploads\/2018\/10\/01-300x225.jpeg\" class=\"attachment-woocommerce_thumbnail size-woocommerce_thumbnail\" alt=\"\u0141\u00f3\u017cko-fotel szpitalny dla rodzica Bo\u017cenka\" \/><\/div>\t\t<\/a>\r\n\t\t\t<\/div>\r\n\r\n\t<div class=\"product-content\">\r\n\t\t<span class=\"category-list\"><a href=\"https:\/\/metalowiec.com.pl\/de\/produkt-kategorie\/medizinische-betten\/krankenhausbetten\/\" rel=\"tag\">Krankenhausbetten<\/a>, <a href=\"https:\/\/metalowiec.com.pl\/de\/produkt-kategorie\/medizinische-betten\/\" rel=\"tag\">Medizinische Betten<\/a><\/span>\r\n\t\t\t<a class=\"product-loop-title\"  href=\"https:\/\/metalowiec.com.pl\/de\/produkt\/elternbett-bozenka\/\">\r\n\t<h3 class=\"woocommerce-loop-product__title\">Elternbett BO\u017bENKA<\/h3>\t<\/a>\r\n\t\r\n\t\t\r\n\t\t<div class=\"add-links-wrap\">\r\n\t<div class=\"add-links no-effect clearfix\">\r\n\t\t\t\t<span id=\"woocommerce_loop_add_to_cart_link_describedby_3874\" class=\"screen-reader-text\">\r\n\t\t\t<\/span>\r\n\t\t\t<\/div>\r\n\t<\/div>\r\n\t<\/div>\r\n<\/div>\r\n\r\n<\/li>\r\n\r\n<li role=\"none\" class=\"product-col product-outimage product type-product post-3884 status-publish instock product_cat-krankenhausbetten product_cat-medizinische-betten has-post-thumbnail featured shipping-taxable product-type-simple\">\r\n<div class=\"product-inner\">\r\n\t\r\n\t<div class=\"product-image\">\r\n\r\n\t\t<a  href=\"https:\/\/metalowiec.com.pl\/de\/produkt\/rehabilitations-und-pflegebett-frater\/\" aria-label=\"Go to product page\">\r\n\t\t\t<div class=\"inner\"><img loading=\"lazy\" decoding=\"async\" width=\"300\" height=\"225\" src=\"https:\/\/metalowiec.com.pl\/wp-content\/uploads\/2018\/10\/Lozko-opiekunczo-rehabilitacyjne-FRATER-1-300x225.jpg\" class=\"attachment-woocommerce_thumbnail size-woocommerce_thumbnail\" alt=\"Rehabilitations- und Pflegebett FRATER\" \/><\/div>\t\t<\/a>\r\n\t\t\t<\/div>\r\n\r\n\t<div class=\"product-content\">\r\n\t\t<span class=\"category-list\"><a href=\"https:\/\/metalowiec.com.pl\/de\/produkt-kategorie\/medizinische-betten\/krankenhausbetten\/\" rel=\"tag\">Krankenhausbetten<\/a>, <a href=\"https:\/\/metalowiec.com.pl\/de\/produkt-kategorie\/medizinische-betten\/\" rel=\"tag\">Medizinische Betten<\/a><\/span>\r\n\t\t\t<a class=\"product-loop-title\"  href=\"https:\/\/metalowiec.com.pl\/de\/produkt\/rehabilitations-und-pflegebett-frater\/\">\r\n\t<h3 class=\"woocommerce-loop-product__title\">Rehabilitations- und Pflegebett FRATER<\/h3>\t<\/a>\r\n\t\r\n\t\t\r\n\t\t<div class=\"add-links-wrap\">\r\n\t<div class=\"add-links no-effect clearfix\">\r\n\t\t\t\t<span id=\"woocommerce_loop_add_to_cart_link_describedby_3884\" class=\"screen-reader-text\">\r\n\t\t\t<\/span>\r\n\t\t\t<\/div>\r\n\t<\/div>\r\n\t<\/div>\r\n<\/div>\r\n\r\n<\/li>\r\n\r\n<li role=\"none\" class=\"product-col product-outimage product type-product post-3881 status-publish last instock product_cat-unkategorisiert has-post-thumbnail featured shipping-taxable product-type-simple\">\r\n<div class=\"product-inner\">\r\n\t\r\n\t<div class=\"product-image\">\r\n\r\n\t\t<a  href=\"https:\/\/metalowiec.com.pl\/de\/produkt\/pflegebett-a\/\" aria-label=\"Go to product page\">\r\n\t\t\t<div class=\"inner\"><img loading=\"lazy\" decoding=\"async\" width=\"300\" height=\"225\" src=\"https:\/\/metalowiec.com.pl\/wp-content\/uploads\/2018\/10\/\u0141\u00f3\u017cko-reh.-a-z-wyposa\u017ceniem-300x225.jpeg\" class=\"attachment-woocommerce_thumbnail size-woocommerce_thumbnail\" alt=\"\u0141\u00f3\u017cko rehabilitacyjne szpitalne elektryczne A z wyposa\u017ceniem\" \/><\/div>\t\t<\/a>\r\n\t\t\t<\/div>\r\n\r\n\t<div class=\"product-content\">\r\n\t\t<span class=\"category-list\"><a href=\"https:\/\/metalowiec.com.pl\/de\/produkt-kategorie\/unkategorisiert\/\" rel=\"tag\">Unkategorisiert<\/a><\/span>\r\n\t\t\t<a class=\"product-loop-title\"  href=\"https:\/\/metalowiec.com.pl\/de\/produkt\/pflegebett-a\/\">\r\n\t<h3 class=\"woocommerce-loop-product__title\">Pflegebett A<\/h3>\t<\/a>\r\n\t\r\n\t\t\r\n\t\t<div class=\"add-links-wrap\">\r\n\t<div class=\"add-links no-effect clearfix\">\r\n\t\t\t\t<span id=\"woocommerce_loop_add_to_cart_link_describedby_3881\" class=\"screen-reader-text\">\r\n\t\t\t<\/span>\r\n\t\t\t<\/div>\r\n\t<\/div>\r\n\t<\/div>\r\n<\/div>\r\n\r\n<\/li>\r\n\r\n<li role=\"none\" class=\"product-col product-outimage product type-product post-3879 status-publish first instock product_cat-krankenhausbetten product_cat-medizinische-betten has-post-thumbnail featured shipping-taxable product-type-simple\">\r\n<div class=\"product-inner\">\r\n\t\r\n\t<div class=\"product-image\">\r\n\r\n\t\t<a  href=\"https:\/\/metalowiec.com.pl\/de\/produkt\/pflegebett-a-3s-irena\/\" aria-label=\"Go to product page\">\r\n\t\t\t<div class=\"inner\"><img loading=\"lazy\" decoding=\"async\" width=\"300\" height=\"225\" src=\"https:\/\/metalowiec.com.pl\/wp-content\/uploads\/2018\/10\/23-300x225.jpg\" class=\"attachment-woocommerce_thumbnail size-woocommerce_thumbnail\" alt=\"Pflegebett A\/3S IRENA\" \/><\/div>\t\t<\/a>\r\n\t\t\t<\/div>\r\n\r\n\t<div class=\"product-content\">\r\n\t\t<span class=\"category-list\"><a href=\"https:\/\/metalowiec.com.pl\/de\/produkt-kategorie\/medizinische-betten\/krankenhausbetten\/\" rel=\"tag\">Krankenhausbetten<\/a>, <a href=\"https:\/\/metalowiec.com.pl\/de\/produkt-kategorie\/medizinische-betten\/\" rel=\"tag\">Medizinische Betten<\/a><\/span>\r\n\t\t\t<a class=\"product-loop-title\"  href=\"https:\/\/metalowiec.com.pl\/de\/produkt\/pflegebett-a-3s-irena\/\">\r\n\t<h3 class=\"woocommerce-loop-product__title\">Pflegebett A\/3S IRENA<\/h3>\t<\/a>\r\n\t\r\n\t\t\r\n\t\t<div class=\"add-links-wrap\">\r\n\t<div class=\"add-links no-effect clearfix\">\r\n\t\t\t\t<span id=\"woocommerce_loop_add_to_cart_link_describedby_3879\" class=\"screen-reader-text\">\r\n\t\t\t<\/span>\r\n\t\t\t<\/div>\r\n\t<\/div>\r\n\t<\/div>\r\n<\/div>\r\n\r\n<\/li>\r\n\r\n<li role=\"none\" class=\"product-col product-outimage product type-product post-4189 status-publish instock product_cat-krankenhausbetten product_cat-medizinische-betten has-post-thumbnail featured shipping-taxable product-type-simple\">\r\n<div class=\"product-inner\">\r\n\t\r\n\t<div class=\"product-image\">\r\n\r\n\t\t<a  href=\"https:\/\/metalowiec.com.pl\/de\/produkt\/multifunktions-krankenhausbett-andimed\/\" aria-label=\"Go to product page\">\r\n\t\t\t<div class=\"inner\"><img loading=\"lazy\" decoding=\"async\" width=\"300\" height=\"225\" src=\"https:\/\/metalowiec.com.pl\/wp-content\/uploads\/2018\/09\/panel-02-300x225.jpeg\" class=\"attachment-woocommerce_thumbnail size-woocommerce_thumbnail\" alt=\"\u0142\u00f3\u017cko rehabilitacyjne szpitalne elektryczne ANDIMED z wyposa\u017ceniem - \u0142\u00f3\u017cko przeznaczone na OIOM\" \/><\/div>\t\t<\/a>\r\n\t\t\t<\/div>\r\n\r\n\t<div class=\"product-content\">\r\n\t\t<span class=\"category-list\"><a href=\"https:\/\/metalowiec.com.pl\/de\/produkt-kategorie\/medizinische-betten\/krankenhausbetten\/\" rel=\"tag\">Krankenhausbetten<\/a>, <a href=\"https:\/\/metalowiec.com.pl\/de\/produkt-kategorie\/medizinische-betten\/\" rel=\"tag\">Medizinische Betten<\/a><\/span>\r\n\t\t\t<a class=\"product-loop-title\"  href=\"https:\/\/metalowiec.com.pl\/de\/produkt\/multifunktions-krankenhausbett-andimed\/\">\r\n\t<h3 class=\"woocommerce-loop-product__title\">Multifunktions-Krankenhausbett ANDIMED<\/h3>\t<\/a>\r\n\t\r\n\t\t\r\n\t\t<div class=\"add-links-wrap\">\r\n\t<div class=\"add-links no-effect clearfix\">\r\n\t\t\t\t<span id=\"woocommerce_loop_add_to_cart_link_describedby_4189\" class=\"screen-reader-text\">\r\n\t\t\t<\/span>\r\n\t\t\t<\/div>\r\n\t<\/div>\r\n\t<\/div>\r\n<\/div>\r\n\r\n<\/li>\r\n\r\n<li role=\"none\" class=\"product-col product-outimage product type-product post-3878 status-publish instock product_cat-krankenhausbetten product_cat-medizinische-betten has-post-thumbnail featured shipping-taxable product-type-simple\">\r\n<div class=\"product-inner\">\r\n\t\r\n\t<div class=\"product-image\">\r\n\r\n\t\t<a  href=\"https:\/\/metalowiec.com.pl\/de\/produkt\/krankenhaus-rehabilitationsbett-a-6-3st\/\" aria-label=\"Go to product page\">\r\n\t\t\t<div class=\"inner\"><img loading=\"lazy\" decoding=\"async\" width=\"300\" height=\"225\" src=\"https:\/\/metalowiec.com.pl\/wp-content\/uploads\/2018\/04\/31-300x225.jpeg\" class=\"attachment-woocommerce_thumbnail size-woocommerce_thumbnail\" alt=\"Krankenhaus-Rehabilitationsbett A-6-3\/ST\" \/><\/div>\t\t<\/a>\r\n\t\t\t<\/div>\r\n\r\n\t<div class=\"product-content\">\r\n\t\t<span class=\"category-list\"><a href=\"https:\/\/metalowiec.com.pl\/de\/produkt-kategorie\/medizinische-betten\/krankenhausbetten\/\" rel=\"tag\">Krankenhausbetten<\/a>, <a href=\"https:\/\/metalowiec.com.pl\/de\/produkt-kategorie\/medizinische-betten\/\" rel=\"tag\">Medizinische Betten<\/a><\/span>\r\n\t\t\t<a class=\"product-loop-title\"  href=\"https:\/\/metalowiec.com.pl\/de\/produkt\/krankenhaus-rehabilitationsbett-a-6-3st\/\">\r\n\t<h3 class=\"woocommerce-loop-product__title\">Krankenhaus-Rehabilitationsbett A-6-3\/ST<\/h3>\t<\/a>\r\n\t\r\n\t\t\r\n\t\t<div class=\"add-links-wrap\">\r\n\t<div class=\"add-links no-effect clearfix\">\r\n\t\t\t\t<span id=\"woocommerce_loop_add_to_cart_link_describedby_3878\" class=\"screen-reader-text\">\r\n\t\t\t<\/span>\r\n\t\t\t<\/div>\r\n\t<\/div>\r\n\t<\/div>\r\n<\/div>\r\n\r\n<\/li>\r\n<\/ul>\r\n<\/div><\/div><\/div>[\/vc_column][\/vc_row]<\/p>\n<\/div>","protected":false},"excerpt":{"rendered":"<p>[vc_row wrap_container=&#8220;yes&#8220;][vc_column offset=&#8220;vc_col-md-12 vc_col-xs-12&#8243; el_class=&#8220;order-2 home-banner-slider&#8220; css=&#8220;.vc_custom_1538044311584{margin-top: 20px !important;}&#8220;][rev_slider_vc alias=&#8220;slider-home&#8220;][\/vc_column][\/vc_row][vc_row full_width=&#8220;stretch_row&#8220; content_placement=&#8220;middle&#8220; wrap_container=&#8220;yes&#8220; css=&#8220;.vc_custom_1508571469836{margin-top: 20px !important;margin-bottom: 30px !important;padding-right: 40px !important;padding-left: 40px !important;background-color: #f4f4f4 !important;}&#8220; el_class=&#8220;home-bar&#8220;][vc_column css=&#8220;.vc_custom_1508571932904{padding-top: 20px !important;padding-bottom: 5px !important;}&#8220; offset=&#8220;vc_col-md-4&#8243;][\/vc_column][vc_column text_align=&#8220;center&#8220; css=&#8220;.vc_custom_1508571672383{border-right-width: 1px !important;border-left-width: 1px !important;padding-top: 20px !important;padding-bottom: 5px !important;border-left-color: #ffffff !important;border-left-style: solid !important;border-right-color: #ffffff !important;border-right-style: solid !important;}&#8220; offset=&#8220;vc_col-md-4&#8243;][\/vc_column][vc_column text_align=&#8220;center&#8220; css=&#8220;.vc_custom_1508571955475{padding-top: 20px !important;padding-bottom: 5px [&hellip;]<\/p>\n","protected":false},"author":1,"featured_media":0,"parent":0,"menu_order":0,"comment_status":"closed","ping_status":"closed","template":"","meta":{"footnotes":""},"class_list":["post-4165","page","type-page","status-publish","hentry"],"aioseo_notices":[],"_links":{"self":[{"href":"https:\/\/metalowiec.com.pl\/de\/wp-json\/wp\/v2\/pages\/4165","targetHints":{"allow":["GET"]}}],"collection":[{"href":"https:\/\/metalowiec.com.pl\/de\/wp-json\/wp\/v2\/pages"}],"about":[{"href":"https:\/\/metalowiec.com.pl\/de\/wp-json\/wp\/v2\/types\/page"}],"author":[{"embeddable":true,"href":"https:\/\/metalowiec.com.pl\/de\/wp-json\/wp\/v2\/users\/1"}],"replies":[{"embeddable":true,"href":"https:\/\/metalowiec.com.pl\/de\/wp-json\/wp\/v2\/comments?post=4165"}],"version-history":[{"count":6,"href":"https:\/\/metalowiec.com.pl\/de\/wp-json\/wp\/v2\/pages\/4165\/revisions"}],"predecessor-version":[{"id":5652,"href":"https:\/\/metalowiec.com.pl\/de\/wp-json\/wp\/v2\/pages\/4165\/revisions\/5652"}],"wp:attachment":[{"href":"https:\/\/metalowiec.com.pl\/de\/wp-json\/wp\/v2\/media?parent=4165"}],"curies":[{"name":"wp","href":"https:\/\/api.w.org\/{rel}","templated":true}]}}