{"id":5939,"date":"2023-05-25T10:19:38","date_gmt":"2023-05-25T08:19:38","guid":{"rendered":"https:\/\/metalowiec.com.pl\/?post_type=product&#038;p=5939"},"modified":"2023-05-25T10:42:24","modified_gmt":"2023-05-25T08:42:24","slug":"lozko-szpitalne-skladane-dostawka","status":"publish","type":"product","link":"https:\/\/metalowiec.com.pl\/ar\/product\/lozko-szpitalne-skladane-dostawka\/","title":{"rendered":"\u0141\u00d3\u017bKO szpitalne sk\u0142adane &#8211; dostawka"},"content":{"rendered":"<p>Konstrukcja \u0142\u00f3\u017cka wykonana z profili stalowych pokrytych farba proszkow\u0105,<\/p>\n<p>le\u017ce \u0142\u00f3\u017cka dwusegmentowe z regulowanym oparciem plec\u00f3w<\/p>\n<p>\u0141\u00f3zko na k\u00f3\u0142kach<\/p>\n<p>Mo\u017cliwo\u015b\u0107 z\u0142o\u017cenia \u0142\u00f3\u017cka w \u0142atwy i szybki spos\u00f3b i odstawienia do magazynu w razie potrzeby z\u0142o\u017cenia i wykorzystania na oddziale.<\/p>\n<p>\u0141\u00f3zko mo\u017ce by\u0107 wyposa\u017cone w barierki boczne zabezpieczaj\u0105ce oraz statyw kropl\u00f3wki<\/p>\n","protected":false},"excerpt":{"rendered":"<p>Konstrukcja \u0142\u00f3\u017cka wykonana z profili stalowych pokrytych farba proszkow\u0105, le\u017ce \u0142\u00f3\u017cka dwusegmentowe z regulowanym oparciem plec\u00f3w \u0141\u00f3zko na k\u00f3\u0142kach Mo\u017cliwo\u015b\u0107 z\u0142o\u017cenia \u0142\u00f3\u017cka w \u0142atwy i szybki spos\u00f3b i odstawienia do magazynu w razie potrzeby z\u0142o\u017cenia i wykorzystania na oddziale. \u0141\u00f3zko mo\u017ce by\u0107 wyposa\u017cone w barierki boczne zabezpieczaj\u0105ce oraz statyw kropl\u00f3wki<\/p>\n","protected":false},"featured_media":5942,"template":"","meta":[],"product_brand":[],"product_cat":[112,128,130],"product_tag":[],"class_list":{"0":"post-5939","1":"product","2":"type-product","3":"status-publish","4":"has-post-thumbnail","6":"product_cat-lozka-szpitalne","7":"product_cat-meble","8":"product_cat-tapczany-i-lozka","10":"first","11":"instock","12":"shipping-taxable","13":"product-type-simple"},"aioseo_notices":[],"_links":{"self":[{"href":"https:\/\/metalowiec.com.pl\/ar\/wp-json\/wp\/v2\/product\/5939","targetHints":{"allow":["GET"]}}],"collection":[{"href":"https:\/\/metalowiec.com.pl\/ar\/wp-json\/wp\/v2\/product"}],"about":[{"href":"https:\/\/metalowiec.com.pl\/ar\/wp-json\/wp\/v2\/types\/product"}],"wp:featuredmedia":[{"embeddable":true,"href":"https:\/\/metalowiec.com.pl\/ar\/wp-json\/wp\/v2\/media\/5942"}],"wp:attachment":[{"href":"https:\/\/metalowiec.com.pl\/ar\/wp-json\/wp\/v2\/media?parent=5939"}],"wp:term":[{"taxonomy":"product_brand","embeddable":true,"href":"https:\/\/metalowiec.com.pl\/ar\/wp-json\/wp\/v2\/product_brand?post=5939"},{"taxonomy":"product_cat","embeddable":true,"href":"https:\/\/metalowiec.com.pl\/ar\/wp-json\/wp\/v2\/product_cat?post=5939"},{"taxonomy":"product_tag","embeddable":true,"href":"https:\/\/metalowiec.com.pl\/ar\/wp-json\/wp\/v2\/product_tag?post=5939"}],"curies":[{"name":"wp","href":"https:\/\/api.w.org\/{rel}","templated":true}]}}