{"id":5576,"date":"2022-05-13T12:29:58","date_gmt":"2022-05-13T10:29:58","guid":{"rendered":"https:\/\/metalowiec.com.pl\/?post_type=product&#038;p=5576"},"modified":"2023-05-19T14:15:24","modified_gmt":"2023-05-19T12:15:24","slug":"lozko-skladane","status":"publish","type":"product","link":"https:\/\/metalowiec.com.pl\/ar\/product\/lozko-skladane\/","title":{"rendered":"\u0141\u00d3\u017bKO SK\u0141ADANE"},"content":{"rendered":"<p>Konstrukcja \u0142\u00f3\u017cka wykonana z profili stalowych pokrytych farba proszkow\u0105,<\/p>\n<p>le\u017ce \u0142\u00f3\u017cka dwusegmentowe z regulowanym oparciem plec\u00f3w<\/p>\n<p>\u0141\u00f3zko mo\u017ce by\u0107 wyposa\u017cone w stopki lub k\u00f3\u0142ka<\/p>\n<p>\u0141\u00f3zko mo\u017ce by\u0107 wyposa\u017cone w barierki boczne zabezpieczaj\u0105ce oraz statyw kropl\u00f3wki<\/p>\n","protected":false},"excerpt":{"rendered":"<p>Konstrukcja \u0142\u00f3\u017cka wykonana z profili stalowych pokrytych farba proszkow\u0105, le\u017ce \u0142\u00f3\u017cka dwusegmentowe z regulowanym oparciem plec\u00f3w \u0141\u00f3zko mo\u017ce by\u0107 wyposa\u017cone w stopki lub k\u00f3\u0142ka \u0141\u00f3zko mo\u017ce by\u0107 wyposa\u017cone w barierki boczne zabezpieczaj\u0105ce oraz statyw kropl\u00f3wki<\/p>\n","protected":false},"featured_media":5577,"template":"","meta":[],"product_brand":[],"product_cat":[128,130],"product_tag":[],"class_list":{"0":"post-5576","1":"product","2":"type-product","3":"status-publish","4":"has-post-thumbnail","6":"product_cat-meble","7":"product_cat-tapczany-i-lozka","9":"first","10":"instock","11":"shipping-taxable","12":"product-type-simple"},"aioseo_notices":[],"_links":{"self":[{"href":"https:\/\/metalowiec.com.pl\/ar\/wp-json\/wp\/v2\/product\/5576","targetHints":{"allow":["GET"]}}],"collection":[{"href":"https:\/\/metalowiec.com.pl\/ar\/wp-json\/wp\/v2\/product"}],"about":[{"href":"https:\/\/metalowiec.com.pl\/ar\/wp-json\/wp\/v2\/types\/product"}],"wp:featuredmedia":[{"embeddable":true,"href":"https:\/\/metalowiec.com.pl\/ar\/wp-json\/wp\/v2\/media\/5577"}],"wp:attachment":[{"href":"https:\/\/metalowiec.com.pl\/ar\/wp-json\/wp\/v2\/media?parent=5576"}],"wp:term":[{"taxonomy":"product_brand","embeddable":true,"href":"https:\/\/metalowiec.com.pl\/ar\/wp-json\/wp\/v2\/product_brand?post=5576"},{"taxonomy":"product_cat","embeddable":true,"href":"https:\/\/metalowiec.com.pl\/ar\/wp-json\/wp\/v2\/product_cat?post=5576"},{"taxonomy":"product_tag","embeddable":true,"href":"https:\/\/metalowiec.com.pl\/ar\/wp-json\/wp\/v2\/product_tag?post=5576"}],"curies":[{"name":"wp","href":"https:\/\/api.w.org\/{rel}","templated":true}]}}