{"id":4107,"date":"2018-10-03T09:13:36","date_gmt":"2018-10-03T07:13:36","guid":{"rendered":"http:\/\/metalowiec.dev.netk.pl\/?post_type=product&#038;p=4107"},"modified":"2018-10-31T22:16:19","modified_gmt":"2018-10-31T21:16:19","slug":"%d8%b3%d8%b1%d9%8a%d8%b1-magda","status":"publish","type":"product","link":"https:\/\/metalowiec.com.pl\/ar\/product\/%d8%b3%d8%b1%d9%8a%d8%b1-magda\/","title":{"rendered":"\u0633\u0631\u064a\u0631 Magda"},"content":{"rendered":"<div class=\"wpb-content-wrapper\"><p>[vc_row gap=&#8221;20&#8243; el_class=&#8221;m-b-md&#8221;][vc_column width=&#8221;2\/3&#8243;][vc_custom_heading text=&#8221;\u0648\u0635\u0641&#8221; use_theme_fonts=&#8221;yes&#8221;][vc_column_text]<\/p>\n<p dir=\"rtl\" align=\"right\"><span style=\"color: #000000;\"><span style=\"font-family: Times New Roman, serif;\"><span style=\"font-size: medium;\">&#8211; <\/span><\/span><span style=\"font-family: Times New Roman, serif;\"><span style=\"font-size: medium;\"><span lang=\"ar-SA\">\u0647\u064a\u0643\u0644 \u0627\u0644\u0633\u0631\u064a\u0631 \u0645\u0646 \u0627\u0644\u062e\u0634\u0628 \u0648\u0627\u0644\u062e\u0634\u0628 \u0627\u0644\u0645\u0636\u063a\u0648\u0637 \u0645\u0639 \u0627\u0644\u0642\u0636\u0628\u0627\u0646 \u0627\u0644\u062c\u0627\u0646\u064a\u0628\u064a\u0627\u0646 \u0645\u0646 \u0627\u0644\u062e\u0634\u0628<\/span><\/span><\/span><\/span><\/p>\n<p dir=\"rtl\" align=\"right\"><span style=\"color: #000000;\"><span style=\"font-family: Times New Roman, serif;\"><span style=\"font-size: medium;\">&#8211; <\/span><\/span><span style=\"font-family: Times New Roman, serif;\"><span style=\"font-size: medium;\"><span lang=\"ar-SA\">\u0627\u0644\u0633\u0631\u064a\u0631 \u0639\u062f\u064a\u0645 \u0627\u0644\u0625\u0637\u0627\u0631 \u0627\u0644\u062e\u0627\u0631\u062c\u064a \u0645\u0627 \u064a\u0633\u0647\u0644 \u0644\u0644\u0645\u0631\u064a\u0636 \u0639\u0644\u0649 \u0627\u0644\u0635\u0639\u0648\u062f \u0625\u0644\u0649 \u0627\u0644\u0633\u0631\u064a\u0631 \u0648\u0627\u0644\u0646\u0632\u0648\u0644 \u0645\u0646\u0647 <\/span><\/span><\/span><\/span><\/p>\n<p dir=\"rtl\" align=\"right\"><span style=\"color: #000000;\"><span style=\"font-family: Times New Roman, serif;\"><span style=\"font-size: medium;\">&#8211; l<\/span><\/span><span style=\"font-family: Times New Roman, serif;\"><span style=\"font-size: medium;\"><span lang=\"ar-SA\">\u0642\u0627\u0639\u062f\u0629 \u0627\u0644\u0633\u0631\u064a\u0631 \u0630\u0627\u062a \u0623\u0631\u0628\u0639\u0629 \u0623\u062c\u0632\u0627\u0621<\/span><\/span><\/span><\/span><\/p>\n<p dir=\"rtl\" align=\"right\"><span style=\"color: #000000;\"><span style=\"font-family: Times New Roman, serif;\"><span style=\"font-size: medium;\">&#8211; <\/span><\/span><span style=\"font-family: Times New Roman, serif;\"><span style=\"font-size: medium;\"><span lang=\"ar-SA\">\u062a\u0646\u0638\u064a\u0645 \u0645\u0642\u0637\u0639 \u0627\u0644\u0638\u0647\u0631 \u0648\u0627\u0644\u0641\u062e\u0630\u064a\u0646 \u0643\u0647\u0631\u0628\u0627\u0626\u064a\u0627<\/span><\/span><\/span><\/span><\/p>\n<p dir=\"rtl\" align=\"right\"><span style=\"color: #000000;\"><span style=\"font-family: Times New Roman, serif;\"><span style=\"font-size: medium;\">&#8211; <\/span><\/span><span style=\"font-family: Times New Roman, serif;\"><span style=\"font-size: medium;\"><span lang=\"ar-SA\">\u062a\u0646\u0638\u064a\u0645 \u0627\u0644\u0625\u0631\u062a\u0641\u0627\u0639 \u0643\u0647\u0631\u0628\u0627\u0626\u064a\u0627 <\/span><\/span><\/span><\/span><\/p>\n<p dir=\"rtl\" align=\"right\"><span style=\"color: #000000;\"><span style=\"font-family: Times New Roman, serif;\"><span style=\"font-size: medium;\">&#8211; &#8211; <\/span><\/span><span style=\"font-family: Times New Roman, serif;\"><span style=\"font-size: medium;\"><span lang=\"ar-SA\">\u062a\u0646\u0638\u064a\u0645 \u0645\u0642\u0637\u0639 \u0627\u0644\u0641\u062e\u0630\u064a\u0646 \u0628\u062a\u0642\u0646\u064a\u0629 \u0627\u0644\u0634\u0642\u0627\u0637\u0629 \u064a\u062f\u0648\u064a\u0627<\/span><\/span><\/span><\/span><\/p>\n<p dir=\"rtl\" align=\"right\"><span style=\"color: #000000;\"><span style=\"font-family: Times New Roman, serif;\"><span style=\"font-size: medium;\">&#8211; <\/span><\/span><span style=\"font-family: Times New Roman, serif;\"><span style=\"font-size: medium;\"><span lang=\"ar-SA\">\u0645\u0642\u0627\u0637\u0639 \u0627\u0644\u0633\u0631\u064a\u0631 \u0645\u0645\u0644\u0648\u0621\u0629 \u0628\u0634\u0628\u0643\u0629 \u062d\u062f\u064a\u062f\u064a\u0629 \u062b\u0627\u0628\u062a\u0629<\/span><\/span><\/span><\/span><\/p>\n<p dir=\"rtl\" align=\"right\"><span style=\"color: #000000;\"><span style=\"font-family: Times New Roman, serif;\"><span style=\"font-size: medium;\">&#8211; <\/span><\/span><span style=\"font-family: Times New Roman, serif;\"><span style=\"font-size: medium;\"><span lang=\"ar-SA\">\u0642\u0641\u0644 \u0627\u0644\u0642\u064a\u0627\u062f\u0629 \u0648\u0627\u0644\u062f\u0648\u0631\u0627\u0646 \u0627\u0644\u0641\u0631\u062f\u064a \u0644\u0623\u0631\u0628\u0639 \u0639\u062c\u0644\u0627\u062a<\/span><\/span><\/span><\/span><\/p>\n<p dir=\"rtl\" align=\"right\"><span style=\"color: #000000;\"><span style=\"font-family: Times New Roman, serif;\"><span style=\"font-size: medium;\">&#8211; <\/span><\/span><span style=\"font-family: Times New Roman, serif;\"><span style=\"font-size: medium;\"><span lang=\"ar-SA\">\u062c\u0644\u0628\u0629 \u0627\u0644\u0628\u0637\u0627\u0646\u0629 \u0644\u062a\u0631\u0643\u064a\u0628 \u0627\u0644\u0645\u0645\u0633\u0643 \u0648\u062d\u0627\u0645\u0644 \u0627\u0644\u0645\u062d\u0627\u0644\u064a\u0644 \u0627\u0644\u0648\u0631\u064a\u062f\u064a\u0629 <\/span><\/span><\/span><\/span><\/p>\n<p dir=\"rtl\" align=\"right\"><span style=\"color: #000000;\"><span style=\"font-family: Times New Roman, serif;\"><span style=\"font-size: medium;\">&#8211; <\/span><\/span><span style=\"font-family: Times New Roman, serif;\"><span style=\"font-size: medium;\"><span lang=\"ar-SA\">\u0625\u0645\u0643\u0627\u0646\u064a\u0629 \u0635\u0646\u0627\u0639\u0629 \u0627\u0644\u0633\u0631\u064a\u0631 \u0628\u0645\u062e\u062a\u0644\u0641 \u0627\u0644\u0639\u0631\u0648\u0636 \u0645\u0646 <\/span><\/span><\/span><span style=\"font-family: Times New Roman, serif;\"><span style=\"font-size: medium;\">800-1400 <\/span><\/span><span style=\"font-family: Times New Roman, serif;\"><span style=\"font-size: medium;\"><span lang=\"ar-SA\">\u0645\u0644\u0645 <\/span><\/span><\/span><\/span><\/p>\n<p>[\/vc_column_text][vc_custom_heading text=&#8221;Wyposa\u017cenie dodatkowe&#8221; use_theme_fonts=&#8221;yes&#8221;][vc_column_text]<\/p>\n<ul>\n<li>materace &#8211; wszystkie<\/li>\n<li>statyw kropl\u00f3wki przy\u0142\u00f3\u017ckowy<\/li>\n<li>wysi\u0119gnik r\u0119ki z podwieszk\u0105<\/li>\n<li>wysuwana p\u00f3\u0142ka na po\u015bciel<\/li>\n<li>uchwyt kaczki uchwyt basenu i haczyki na worek urologiczny<\/li>\n<li>ramka do karty gor\u0105czkowej<\/li>\n<\/ul>\n<p>[\/vc_column_text][\/vc_column][vc_column width=&#8221;1\/3&#8243;][vc_custom_heading text=&#8221;\u0627\u0644\u0645\u0648\u0627\u0635\u0641\u0627\u062a\u202c&#8221; use_theme_fonts=&#8221;yes&#8221;][vc_column_text]<\/p>\n<ul>\n<li>\n<p dir=\"rtl\" align=\"right\"><span style=\"color: #000000;\"><span style=\"font-family: Times New Roman, serif;\"><span style=\"font-size: medium;\"><span lang=\"ar-SA\">\u0627\u0644\u0637\u0648\u0644 \u0627\u0644\u0625\u062c\u0645\u0627\u0644\u064a <\/span><\/span><\/span><span style=\"font-family: Times New Roman, serif;\"><span style=\"font-size: medium;\">2080 <\/span><\/span><span style=\"font-family: Times New Roman, serif;\"><span style=\"font-size: medium;\"><span lang=\"ar-SA\">\u0645\u0644\u0645 <\/span><\/span><\/span><span style=\"font-family: Times New Roman, serif;\"><span style=\"font-size: medium;\">\u00b1 5 <\/span><\/span><span style=\"font-family: Times New Roman, serif;\"><span style=\"font-size: medium;\"><span lang=\"ar-SA\">\u0645\u0644\u0645<\/span><\/span><\/span><\/span><\/p>\n<\/li>\n<li>\n<p dir=\"rtl\" align=\"right\"><span style=\"color: #000000;\"><span style=\"font-family: Times New Roman, serif;\"><span style=\"font-size: medium;\"><span lang=\"ar-SA\">\u0627\u0644\u0639\u0631\u0636 \u0627\u0644\u0625\u062c\u0645\u0627\u0644\u064a <\/span><\/span><\/span><span style=\"font-family: Times New Roman, serif;\"><span style=\"font-size: medium;\">940-1540 <\/span><\/span><span style=\"font-family: Times New Roman, serif;\"><span style=\"font-size: medium;\"><span lang=\"ar-SA\">\u0645\u0644\u0645 <\/span><\/span><\/span><span style=\"font-family: Times New Roman, serif;\"><span style=\"font-size: medium;\">\u00b1 5 <\/span><\/span><span style=\"font-family: Times New Roman, serif;\"><span style=\"font-size: medium;\"><span lang=\"ar-SA\">\u0645\u0644\u0645<\/span><\/span><\/span><\/span><\/p>\n<\/li>\n<li>\n<p dir=\"rtl\" align=\"right\"><span style=\"color: #000000;\"><span style=\"font-family: Times New Roman, serif;\"><span style=\"font-size: medium;\"><span lang=\"ar-SA\">\u0637\u0648\u0644 \u0642\u0627\u0639\u062f\u0629 \u0627\u0644\u0633\u0631\u064a\u0631 <\/span><\/span><\/span><span style=\"font-family: Times New Roman, serif;\"><span style=\"font-size: medium;\">2000 <\/span><\/span><span style=\"font-family: Times New Roman, serif;\"><span style=\"font-size: medium;\"><span lang=\"ar-SA\">\u0645\u0644\u0645 <\/span><\/span><\/span><span style=\"font-family: Times New Roman, serif;\"><span style=\"font-size: medium;\">\u00b1 5 <\/span><\/span><span style=\"font-family: Times New Roman, serif;\"><span style=\"font-size: medium;\"><span lang=\"ar-SA\">\u0645\u0644\u0645<\/span><\/span><\/span><\/span><\/p>\n<\/li>\n<li>\n<p dir=\"rtl\" align=\"right\"><span style=\"color: #000000;\"><span style=\"font-family: Times New Roman, serif;\"><span style=\"font-size: medium;\"><span lang=\"ar-SA\">\u0639\u0631\u0636 \u0642\u0627\u0639\u062f\u0629 \u0627\u0644\u0633\u0631\u064a\u0631 <\/span><\/span><\/span><span style=\"font-family: Times New Roman, serif;\"><span style=\"font-size: medium;\">800 <\/span><\/span><span style=\"font-family: Times New Roman, serif;\"><span style=\"font-size: medium;\"><span lang=\"ar-SA\">\u0645\u0644\u0645 \u2013 <\/span><\/span><\/span><span style=\"font-family: Times New Roman, serif;\"><span style=\"font-size: medium;\">1400 <\/span><\/span><span style=\"font-family: Times New Roman, serif;\"><span style=\"font-size: medium;\"><span lang=\"ar-SA\">\u0645\u0644\u0645 <\/span><\/span><\/span><span style=\"font-family: Times New Roman, serif;\"><span style=\"font-size: medium;\">\u00b1 5 <\/span><\/span><span style=\"font-family: Times New Roman, serif;\"><span style=\"font-size: medium;\"><span lang=\"ar-SA\">\u0645\u0644\u0645 <\/span><\/span><\/span><\/span><\/p>\n<\/li>\n<li>\n<p dir=\"rtl\" align=\"right\"><span style=\"color: #000000;\"><span style=\"font-family: Times New Roman, serif;\"><span lang=\"ar-SA\"><span style=\"font-size: medium;\">\u0632\u0627\u0648\u064a\u0629 \u0645\u064a\u0644 \u0645\u0642\u0637\u0639 \u0627\u0644\u0638\u0647\u0631 <\/span><\/span><\/span><span style=\"font-family: Times New Roman, serif;\"><span style=\"font-size: medium;\">0<\/span><sup><span style=\"font-size: medium;\">o<\/span><\/sup><span style=\"font-size: medium;\">-70<\/span><sup><span style=\"font-size: medium;\">o <\/span><\/sup><\/span><\/span><\/p>\n<\/li>\n<li>\n<p dir=\"rtl\" align=\"right\"><span style=\"color: #000000;\"><span style=\"font-family: Times New Roman, serif;\"><span lang=\"ar-SA\"><span style=\"font-size: medium;\">\u0632\u0627\u0648\u064a\u0629 \u0645\u064a\u0644 \u0645\u0642\u0637\u0639 \u0627\u0644\u0641\u062e\u0630\u064a\u0646 <\/span><\/span><\/span><span style=\"font-family: Times New Roman, serif;\"><span style=\"font-size: medium;\">0<\/span><sup><span style=\"font-size: medium;\">o<\/span><\/sup><span style=\"font-size: medium;\">-35<\/span><sup><span style=\"font-size: medium;\">o<\/span><\/sup><\/span><\/span><\/p>\n<\/li>\n<li>\n<p dir=\"rtl\" align=\"right\"><span style=\"color: #000000;\"><span style=\"font-family: Times New Roman, serif;\"><span style=\"font-size: medium;\"><span lang=\"ar-SA\">\u062a\u0646\u0638\u064a\u0645 \u0625\u0631\u062a\u0641\u0627\u0639 \u0642\u0627\u0639\u062f\u0629 \u0627\u0644\u0633\u0631\u064a\u0631 <\/span><\/span><\/span><span style=\"font-family: Times New Roman, serif;\"><span style=\"font-size: medium;\">400-800 <\/span><\/span><span style=\"font-family: Times New Roman, serif;\"><span style=\"font-size: medium;\"><span lang=\"ar-SA\">\u0645\u0644\u0645 <\/span><\/span><\/span><span style=\"font-family: Times New Roman, serif;\"><span style=\"font-size: medium;\">\u00b1 5 <\/span><\/span><span style=\"font-family: Times New Roman, serif;\"><span style=\"font-size: medium;\"><span lang=\"ar-SA\">\u0645\u0644\u0645<\/span><\/span><\/span><\/span><\/p>\n<\/li>\n<\/ul>\n<p>[\/vc_column_text][\/vc_column][\/vc_row][vc_row disable_element=&#8221;yes&#8221;][vc_column][vc_custom_heading text=&#8221;Kolorystyka&#8221; use_theme_fonts=&#8221;yes&#8221;][\/vc_column][\/vc_row][vc_row disable_element=&#8221;yes&#8221;][vc_column width=&#8221;1\/3&#8243;][vc_column_text]<\/p>\n<ul class=\"variants-list\">\n<li class=\"color-tile\">Farba proszkowa<\/li>\n<li class=\"ral ral-7035\">RAL 7035<\/li>\n<li class=\"ral ral-9006\">RAL 9006<\/li>\n<li class=\"ral ral-9007\">RAL 9007<\/li>\n<li class=\"ral ral-1015\">RAL 1015<\/li>\n<li class=\"ral ral-5024\">RAL 5024<\/li>\n<li class=\"ral ral-9005\">RAL 9005<\/li>\n<li class=\"ral ral-9016\">RAL 9016<\/li>\n<li class=\"ral ral-6018\">RAL 6018<\/li>\n<li class=\"ral RAL-1003\">RAL 1003<\/li>\n<li class=\"ral RAL-3002\">RAL 3002<\/li>\n<\/ul>\n<p>[\/vc_column_text][\/vc_column][vc_column width=&#8221;1\/3&#8243;][vc_column_text]<\/p>\n<ul class=\"variants-list\">\n<li class=\"color-tile\">P\u0142yta laminowana<\/li>\n<li class=\"ral r4634\">Olcha g\u00f3rska<\/li>\n<li class=\"ral r5113\">Buk bawaria<\/li>\n<li class=\"ral u1313\">Kremowy<\/li>\n<li class=\"ral u1717\">Niebieski wodny<\/li>\n<li class=\"ral u3112\">Limonka(krono)<\/li>\n<li class=\"ral u1508\">Milano Yellow<\/li>\n<li class=\"ral f8985\">Pomara\u0144czowy<\/li>\n<li class=\"ral r9016\">Bia\u0142y<\/li>\n<\/ul>\n<p>&nbsp;<\/p>\n<p>&nbsp;<\/p>\n<p class=\"ral ral-1015\">U\u00a0\u00a0 W\u00a0\u00a0 A\u00a0\u00a0 G\u00a0\u00a0 A<br \/>\nPodstawowym kolorem element\u00f3w drewnianych jest kolor Buk bawaria. Pozosta\u0142e kolory dost\u0119pne tylko w ilo\u015bciach powy\u017cej 50 sztuk lub po uzgodnieniu z Dzia\u0142em Handlowym.<\/p>\n<p>[\/vc_column_text][\/vc_column][vc_column width=&#8221;1\/3&#8243;][\/vc_column][\/vc_row]<\/p>\n<\/div>","protected":false},"excerpt":{"rendered":"<p dir=\"rtl\" align=\"right\"><span style=\"color: #000000;\"><span style=\"font-family: Times New Roman, serif;\"><span style=\"font-size: medium;\"><span lang=\"ar-SA\">\u0645\u0639\u062f \u0644\u0631\u0639\u0627\u064a\u0629 \u0637\u0648\u064a\u0644\u0629 \u0627\u0644\u0623\u062c\u0644<\/span><\/span><\/span><\/span><\/p>\n<p dir=\"rtl\" align=\"right\"><span style=\"color: #000000;\"><span style=\"font-family: Times New Roman, serif;\"><span style=\"font-size: medium;\"><span lang=\"ar-SA\">\u0627\u0644\u0647\u064a\u0643\u0644 \u0627\u0644\u062e\u0634\u0628\u064a \u0644\u062f\u0649 \u0627\u0644\u0633\u0631\u064a\u0631 \u064a\u062c\u0639\u0644\u0647 \u0645\u062b\u0627\u0644\u064a\u064b\u0627 \u0644\u062f\u0648\u0631 \u0627\u0644\u0639\u062c\u0632\u0629 \u0648\u0645\u0631\u0627\u0643\u0632 \u0627\u0644\u0631\u0639\u0627\u064a\u0629 \u0627\u0644\u0635\u062d\u064a\u0629 \u0648\u0644\u0644\u0638\u0631\u0648\u0641 \u0627\u0644\u0645\u0646\u0632\u0644\u064a\u0629<\/span><\/span><\/span><\/span><\/p>\n","protected":false},"featured_media":5832,"template":"","meta":[],"product_brand":[],"product_cat":[213,215],"product_tag":[],"class_list":{"0":"post-4107","1":"product","2":"type-product","3":"status-publish","4":"has-post-thumbnail","6":"product_cat-213","7":"product_cat-215","9":"first","10":"instock","11":"shipping-taxable","12":"product-type-simple"},"aioseo_notices":[],"_links":{"self":[{"href":"https:\/\/metalowiec.com.pl\/ar\/wp-json\/wp\/v2\/product\/4107","targetHints":{"allow":["GET"]}}],"collection":[{"href":"https:\/\/metalowiec.com.pl\/ar\/wp-json\/wp\/v2\/product"}],"about":[{"href":"https:\/\/metalowiec.com.pl\/ar\/wp-json\/wp\/v2\/types\/product"}],"wp:featuredmedia":[{"embeddable":true,"href":"https:\/\/metalowiec.com.pl\/ar\/wp-json\/wp\/v2\/media\/5832"}],"wp:attachment":[{"href":"https:\/\/metalowiec.com.pl\/ar\/wp-json\/wp\/v2\/media?parent=4107"}],"wp:term":[{"taxonomy":"product_brand","embeddable":true,"href":"https:\/\/metalowiec.com.pl\/ar\/wp-json\/wp\/v2\/product_brand?post=4107"},{"taxonomy":"product_cat","embeddable":true,"href":"https:\/\/metalowiec.com.pl\/ar\/wp-json\/wp\/v2\/product_cat?post=4107"},{"taxonomy":"product_tag","embeddable":true,"href":"https:\/\/metalowiec.com.pl\/ar\/wp-json\/wp\/v2\/product_tag?post=4107"}],"curies":[{"name":"wp","href":"https:\/\/api.w.org\/{rel}","templated":true}]}}