{"id":4073,"date":"2018-10-03T11:45:56","date_gmt":"2018-10-12T11:49:48","guid":{"rendered":"http:\/\/metalowiec.dev.netk.pl\/?post_type=product&#038;p=4073"},"modified":"2018-10-31T22:41:19","modified_gmt":"2018-10-31T21:41:19","slug":"%e2%80%ab%d8%a7%d9%84%d8%af%d9%85%e2%80%ac-%e2%80%ab%d8%a3%d9%84%d8%ae%d8%b0%e2%80%ac-%e2%80%ab%d9%83%d8%b1%d9%8a%d8%b3%e2%80%ac-fk-02","status":"publish","type":"product","link":"https:\/\/metalowiec.com.pl\/ar\/product\/%e2%80%ab%d8%a7%d9%84%d8%af%d9%85%e2%80%ac-%e2%80%ab%d8%a3%d9%84%d8%ae%d8%b0%e2%80%ac-%e2%80%ab%d9%83%d8%b1%d9%8a%d8%b3%e2%80%ac-fk-02\/","title":{"rendered":"\u0643\u0631\u0633\u064a \u0633\u062d\u0628 \u0627\u0644\u062f\u0645 FK-02"},"content":{"rendered":"<div class=\"wpb-content-wrapper\"><p>[vc_row gap=&#8221;20&#8243; el_class=&#8221;m-b-md&#8221;][vc_column width=&#8221;2\/3&#8243;][\/vc_column][vc_column width=&#8221;1\/3&#8243;][vc_custom_heading text=&#8221;\u0627\u0644\u0645\u0648\u0627\u0635\u0641\u0627\u062a\u202c&#8221; use_theme_fonts=&#8221;yes&#8221;][vc_column_text]<\/p>\n<p dir=\"rtl\" align=\"right\"><span style=\"color: #000000;\"><span style=\"font-family: Times New Roman, serif;\"><span style=\"font-size: medium;\"><span lang=\"ar-SA\">\u0639\u0644\u0648 <\/span><\/span><\/span><span style=\"font-family: Times New Roman, serif;\"><span style=\"font-size: medium;\">820 <\/span><\/span><span style=\"font-family: Times New Roman, serif;\"><span style=\"font-size: medium;\"><span lang=\"ar-SA\">\u0645\u0644\u0645 <\/span><\/span><\/span><span style=\"font-family: Times New Roman, serif;\"><span style=\"font-size: medium;\">\u00b1 5 <\/span><\/span><span style=\"font-family: Times New Roman, serif;\"><span style=\"font-size: medium;\"><span lang=\"ar-SA\">\u0645\u0644\u0645<\/span><\/span><\/span><\/span><\/p>\n<p dir=\"rtl\" align=\"right\"><span style=\"color: #000000;\"><span style=\"font-family: Times New Roman, serif;\"><span style=\"font-size: medium;\"><span lang=\"ar-SA\">\u0639\u0631\u0636 <\/span><\/span><\/span><span style=\"font-family: Times New Roman, serif;\"><span style=\"font-size: medium;\">570 <\/span><\/span><span style=\"font-family: Times New Roman, serif;\"><span style=\"font-size: medium;\"><span lang=\"ar-SA\">\u0645\u0644\u0645 <\/span><\/span><\/span><span style=\"font-family: Times New Roman, serif;\"><span style=\"font-size: medium;\">\u00b1 5 <\/span><\/span><span style=\"font-family: Times New Roman, serif;\"><span style=\"font-size: medium;\"><span lang=\"ar-SA\">\u0645\u0644\u0645 <\/span><\/span><\/span><\/span><\/p>\n<p dir=\"rtl\" align=\"right\"><span style=\"color: #000000;\"><span style=\"font-family: Times New Roman, serif;\"><span style=\"font-size: medium;\"><span lang=\"ar-SA\">\u0637\u0648\u0644 <\/span><\/span><\/span><span style=\"font-family: Times New Roman, serif;\"><span style=\"font-size: medium;\">1200 <\/span><\/span><span style=\"font-family: Times New Roman, serif;\"><span style=\"font-size: medium;\"><span lang=\"ar-SA\">\u0645\u0644\u0645 <\/span><\/span><\/span><span style=\"font-family: Times New Roman, serif;\"><span style=\"font-size: medium;\">\u00b1 5 <\/span><\/span><span style=\"font-family: Times New Roman, serif;\"><span style=\"font-size: medium;\"><span lang=\"ar-SA\">\u0645\u0644\u0645<\/span><\/span><\/span><\/span><\/p>\n<p dir=\"rtl\" align=\"right\"><span style=\"color: #000000;\"><span style=\"font-family: Times New Roman, serif;\"><span style=\"font-size: medium;\"><span lang=\"ar-SA\">\u0639\u0644\u0648 \u0627\u0644\u0645\u0642\u0639\u062f <\/span><\/span><\/span><span style=\"font-family: Times New Roman, serif;\"><span style=\"font-size: medium;\">450 <\/span><\/span><span style=\"font-family: Times New Roman, serif;\"><span style=\"font-size: medium;\"><span lang=\"ar-SA\">\u0645\u0644\u0645 <\/span><\/span><\/span><span style=\"font-family: Times New Roman, serif;\"><span style=\"font-size: medium;\">\u00b1 5 <\/span><\/span><span style=\"font-family: Times New Roman, serif;\"><span style=\"font-size: medium;\"><span lang=\"ar-SA\">\u0645\u0644\u0645<\/span><\/span><\/span><\/span><\/p>\n<p>[\/vc_column_text][\/vc_column][\/vc_row][vc_row disable_element=&#8221;yes&#8221;][vc_column][vc_custom_heading text=&#8221;Kolorystyka&#8221; use_theme_fonts=&#8221;yes&#8221;][\/vc_column][\/vc_row][vc_row disable_element=&#8221;yes&#8221;][vc_column width=&#8221;1\/3&#8243;][vc_column_text]<\/p>\n<ul class=\"variants-list\">\n<li class=\"color-tile\">Farba proszkowa<\/li>\n<li class=\"ral ral-7035\">RAL 7035<\/li>\n<li class=\"ral ral-9006\">RAL 9006<\/li>\n<li class=\"ral ral-9007\">RAL 9007<\/li>\n<li class=\"ral ral-1015\">RAL 1015<\/li>\n<li class=\"ral ral-5024\">RAL 5024<\/li>\n<li class=\"ral ral-9005\">RAL 9005<\/li>\n<li class=\"ral ral-9016\">RAL 9016<\/li>\n<li class=\"ral ral-6018\">RAL 6018<\/li>\n<li class=\"ral RAL-1003\">RAL 1003<\/li>\n<li class=\"ral RAL-3002\">RAL 3002<\/li>\n<\/ul>\n<p>[\/vc_column_text][\/vc_column][vc_column width=&#8221;1\/3&#8243;][vc_column_text]Tapicerka (ze wzgl\u0119du na r\u00f3\u017cne parametry monitor\u00f3w, podana kolorystyka mo\u017ce si\u0119 r\u00f3\u017cni\u0107 od rzeczywistej)<\/p>\n<p><img loading=\"lazy\" decoding=\"async\" class=\"alignleft size-full wp-image-3296\" src=\"http:\/\/metalowiec.com.pl\/wp-content\/uploads\/2018\/10\/tapicerka.jpg\" alt=\"\" width=\"215\" height=\"519\" \/>[\/vc_column_text][\/vc_column][vc_column width=&#8221;1\/3&#8243;][\/vc_column][\/vc_row]<\/p>\n<\/div>","protected":false},"excerpt":{"rendered":"<p>[vc_row gap=&#8221;20&#8243; el_class=&#8221;m-b-md&#8221;][vc_column width=&#8221;2\/3&#8243;][\/vc_column][vc_column width=&#8221;1\/3&#8243;][vc_custom_heading text=&#8221;\u0627\u0644\u0645\u0648\u0627\u0635\u0641\u0627\u062a\u202c&#8221; use_theme_fonts=&#8221;yes&#8221;][vc_column_text] \u0639\u0644\u0648 820 \u0645\u0644\u0645 \u00b1 5 \u0645\u0644\u0645 \u0639\u0631\u0636 570 \u0645\u0644\u0645 \u00b1 5 \u0645\u0644\u0645 \u0637\u0648\u0644 1200 \u0645\u0644\u0645 \u00b1 5 \u0645\u0644\u0645 \u0639\u0644\u0648 \u0627\u0644\u0645\u0642\u0639\u062f 450 \u0645\u0644\u0645 \u00b1 5 \u0645\u0644\u0645 [\/vc_column_text][\/vc_column][\/vc_row][vc_row disable_element=&#8221;yes&#8221;][vc_column][vc_custom_heading text=&#8221;Kolorystyka&#8221; use_theme_fonts=&#8221;yes&#8221;][\/vc_column][\/vc_row][vc_row disable_element=&#8221;yes&#8221;][vc_column width=&#8221;1\/3&#8243;][vc_column_text] Farba proszkowa RAL 7035 RAL 9006 RAL 9007 RAL 1015 RAL 5024 RAL 9005 RAL 9016 RAL [&hellip;]<\/p>\n","protected":false},"featured_media":3152,"template":"","meta":[],"product_brand":[],"product_cat":[210,208],"product_tag":[],"class_list":{"0":"post-4073","1":"product","2":"type-product","3":"status-publish","4":"has-post-thumbnail","6":"product_cat--ar","7":"product_cat-208","9":"first","10":"instock","11":"shipping-taxable","12":"product-type-simple"},"aioseo_notices":[],"_links":{"self":[{"href":"https:\/\/metalowiec.com.pl\/ar\/wp-json\/wp\/v2\/product\/4073","targetHints":{"allow":["GET"]}}],"collection":[{"href":"https:\/\/metalowiec.com.pl\/ar\/wp-json\/wp\/v2\/product"}],"about":[{"href":"https:\/\/metalowiec.com.pl\/ar\/wp-json\/wp\/v2\/types\/product"}],"wp:featuredmedia":[{"embeddable":true,"href":"https:\/\/metalowiec.com.pl\/ar\/wp-json\/wp\/v2\/media\/3152"}],"wp:attachment":[{"href":"https:\/\/metalowiec.com.pl\/ar\/wp-json\/wp\/v2\/media?parent=4073"}],"wp:term":[{"taxonomy":"product_brand","embeddable":true,"href":"https:\/\/metalowiec.com.pl\/ar\/wp-json\/wp\/v2\/product_brand?post=4073"},{"taxonomy":"product_cat","embeddable":true,"href":"https:\/\/metalowiec.com.pl\/ar\/wp-json\/wp\/v2\/product_cat?post=4073"},{"taxonomy":"product_tag","embeddable":true,"href":"https:\/\/metalowiec.com.pl\/ar\/wp-json\/wp\/v2\/product_tag?post=4073"}],"curies":[{"name":"wp","href":"https:\/\/api.w.org\/{rel}","templated":true}]}}