{"id":4063,"date":"2018-10-03T09:50:05","date_gmt":"2018-10-12T11:20:28","guid":{"rendered":"http:\/\/metalowiec.dev.netk.pl\/?post_type=product&#038;p=4063"},"modified":"2018-10-31T22:13:42","modified_gmt":"2018-10-31T21:13:42","slug":"%e2%80%ab%e2%80%aasm-02%e2%80%ac%e2%80%ac-%e2%80%ab%d8%a7%d9%84%d8%b1%d8%b3%d9%8a%e2%80%ac-%e2%80%ab%d8%a8%d8%ac%d9%88%d8%a7%d8%b1%e2%80%ac-%e2%80%ab%d8%ae%d8%b2%d8%a7%d9%86%d8%a9%e2%80%ac","status":"publish","type":"product","link":"https:\/\/metalowiec.com.pl\/ar\/product\/%e2%80%ab%e2%80%aasm-02%e2%80%ac%e2%80%ac-%e2%80%ab%d8%a7%d9%84%d8%b1%d8%b3%d9%8a%e2%80%ac-%e2%80%ab%d8%a8%d8%ac%d9%88%d8%a7%d8%b1%e2%80%ac-%e2%80%ab%d8%ae%d8%b2%d8%a7%d9%86%d8%a9%e2%80%ac\/","title":{"rendered":"\u062e\u0632\u0627\u0646\u0629 \u0628\u062c\u0627\u0646\u0628 \u0627\u0644\u0633\u0631\u064a\u0631 SM-02"},"content":{"rendered":"<div class=\"wpb-content-wrapper\"><p>[vc_row gap=&#8221;20&#8243; el_class=&#8221;m-b-md&#8221;][vc_column width=&#8221;2\/3&#8243;][vc_custom_heading text=&#8221;\u0648\u0635\u0641&#8221; use_theme_fonts=&#8221;yes&#8221;][vc_column_text]<\/p>\n<ul>\n<li>\n<p dir=\"rtl\" align=\"right\"><span style=\"color: #000000;\"><span style=\"font-family: Times New Roman, serif;\"><span lang=\"ar-SA\"><span style=\"font-size: medium;\">\u064a\u062a\u0643\u0648\u0646 \u062a\u0635\u0645\u064a\u0645 \u0627\u0644\u062e<\/span><span style=\"font-size: medium;\">\u0632\u0627\u0646\u0629<\/span><span style=\"font-size: medium;\"> \u0645\u0646 \u0627\u0644\u0641\u0648\u0644\u0627\u0630 \u0627\u0644\u0645\u0637\u0644\u064a \u0628\u0645\u0633\u062d\u0648\u0642 \u0627\u0644\u0648\u0631\u0646\u064a\u0634<\/span><\/span><\/span><\/span><\/p>\n<\/li>\n<li>\n<p dir=\"rtl\" align=\"right\"><span style=\"color: #000000;\"><span style=\"font-family: Times New Roman, serif;\"><span style=\"font-size: medium;\"><span lang=\"ar-SA\">\u0627\u0644\u062e\u0632\u0627\u0646\u0629 \u0630\u0627\u062a \u0648\u062c\u0647\u064a\u0646 \u0645\u062c\u0647\u0632\u0629 \u0628\u062f\u0631\u062c \u0648\u0627\u062d\u062f \u0648\u062c\u0632\u0621 \u0645\u0633\u062a\u0642\u0644 \u0645\u063a\u0644\u0642 \u0628\u0628\u0627\u0628<\/span><\/span><\/span><\/span><\/p>\n<\/li>\n<li>\n<p dir=\"rtl\" align=\"right\"><span style=\"color: #000000;\"><span style=\"font-family: Times New Roman, serif;\"><span style=\"font-size: medium;\"><span lang=\"ar-SA\">\u0628\u064a\u0646 \u0627\u0644\u062f\u0631\u062c \u0648\u0627\u0644\u062c\u0632\u0621 \u0627\u0644\u0645\u0633\u062a\u0642\u0644 \u0627\u0644\u0645\u063a\u0644\u0642 \u0628\u0628\u0627\u0628 \u064a\u0648\u062c\u062f \u0641\u0633\u062d\u0629 \u0673\u0636\u0627\u0641\u064a\u0629 \u0644\u0623\u063a\u0631\u0627\u0636 \u0627\u0644\u0645\u0631\u064a\u0636 \u0645\u062b\u0644 \u0644\u0648\u0636\u0639 \u0627\u0644\u062c\u0631\u0627\u0626\u062f<\/span><\/span><\/span><\/span><\/p>\n<\/li>\n<li>\n<p dir=\"rtl\" align=\"right\"><span style=\"color: #000000;\"><span style=\"font-family: Times New Roman, serif;\"><span style=\"font-size: medium;\"><span lang=\"ar-SA\">\u0645\u0642\u0627\u0628\u0636 \u0627\u0644\u062e\u0632\u0627\u0646\u0629 \u062d\u062f\u064a\u062f\u064a\u0629<\/span><\/span><\/span><\/span><\/p>\n<\/li>\n<li>\n<p dir=\"rtl\" align=\"right\"><span style=\"color: #000000;\"><span style=\"font-family: Times New Roman, serif;\"><span style=\"font-size: medium;\"><span lang=\"ar-SA\">\u0627\u0644\u062f\u0631\u062c \u0633\u0627\u0626\u0631 \u0639\u0644\u0649 \u0627\u0644\u0643\u0631\u0629\u060c \u064a\u0641\u062a\u062d \u0645\u0646 \u0627\u0644\u062c\u0627\u0646\u0628\u064a\u0646 <\/span><\/span><\/span><\/span><\/p>\n<\/li>\n<li>\n<p dir=\"rtl\" align=\"right\"><span style=\"color: #000000;\"><span style=\"font-family: Times New Roman, serif;\"><span style=\"font-size: medium;\"><span lang=\"ar-SA\">\u0648\u062c\u0648\u062f \u0627\u0644\u0631\u0641 \u0627\u0644\u0645\u062a\u062d\u0631\u0643 \u062f\u0627\u062e\u0644 \u0627\u0644\u062c\u0632\u0621 \u0627\u0644\u0645\u0633\u062a\u0642\u0644 \u0627\u0644\u0645\u063a\u0644\u0642 \u0628\u0628\u0627\u0628<\/span><\/span><\/span><\/span><\/p>\n<\/li>\n<li>\n<p dir=\"rtl\" align=\"right\"><span style=\"color: #000000;\"><span style=\"font-family: Times New Roman, serif;\"><span style=\"font-size: medium;\"><span lang=\"ar-SA\">\u0627\u0644\u062e\u0632\u0627\u0646\u0629 \u0648\u0627\u0642\u0641\u0629 \u0639\u0644\u0649 \u0623\u0631\u0628\u0639 \u0639\u062c\u0644\u0627\u062a \u0627\u0644\u062a\u064a \u062a\u0628\u0644\u063a \u0642\u0637\u0631\u0647\u0627 \u0665\u06f0 \u0645\u0644\u0645 \u0644\u0627 \u062a\u062a\u0631\u0643 \u0622\u062b\u0627\u0631 \u0639\u0644\u0649 \u0627\u0644\u0633\u0637\u062d\u060c \u0648\u0648\u062c\u0648\u062f \u0639\u062c\u0644\u062a\u064a\u0646 \u0645\u0639 \u0642\u0641\u0644 \u0641\u0631\u062f\u064a<\/span><\/span><\/span><\/span><\/p>\n<\/li>\n<li>\n<p dir=\"rtl\" align=\"right\"><span style=\"color: #000000;\"><span style=\"font-family: Times New Roman, serif;\"><span style=\"font-size: medium;\"><span lang=\"ar-SA\">\u0633\u0637\u062d \u0627\u0644\u062e\u0632\u0627\u0646\u0629 \u0645\u0646 \u0644\u0648\u062d\u0627\u062a \u0627\u0644\u062e\u0634\u0628 \u0627\u0644\u0645\u0636\u063a\u0648\u0637 \u0628\u0623\u0644\u0648\u0627\u0646 \u062d\u0633\u0628 \u0627\u0644\u0637\u0644\u0628 <\/span><\/span><\/span><span style=\"font-family: Times New Roman, serif;\"><span style=\"font-size: medium;\">(<\/span><\/span><span style=\"font-family: Times New Roman, serif;\"><span style=\"font-size: medium;\"><span lang=\"ar-SA\">\u0623\u0648 \u0633\u0637\u062d \u0627\u0644\u062e\u0632\u0627\u0646\u0629 \u0645\u0646 \u0644\u0648\u062d\u0627\u062a \u0627\u0644\u0644\u0627\u0645\u064a\u0646\u064a\u062a \u0637\u0628\u0642\u0627\u062a \u0627\u0644\u062a\u0635\u0641\u064a\u062d \u0645\u0646 \u0631\u0627\u062a\u0646\u062c <\/span>\u0627\u0644\u0641\u064a\u0646\u0648\u0644<\/span><\/span><span style=\"font-family: Times New Roman, serif;\"><span style=\"font-size: medium;\">&#8211; <\/span><\/span><span style=\"font-family: Times New Roman, serif;\"><span style=\"font-size: medium;\"><span lang=\"ar-SA\">\u0673\u062e\u062a\u064a\u0627\u0631\u064a\u0627<\/span><\/span><\/span><span style=\"font-family: Times New Roman, serif;\"><span style=\"font-size: medium;\">)<\/span><\/span><\/span><\/p>\n<\/li>\n<li>\n<p dir=\"rtl\" align=\"right\"><span style=\"color: #000000;\"><span style=\"font-family: Times New Roman, serif;\"><span lang=\"ar-SA\">\u0643\u0648\u0646\u062a\u0631\u062a\u0648\u0628 \u062c\u0627\u0646\u0628\u064a \u0628\u0642\u064a\u0627\u0633\u0627\u062a <\/span><\/span><span style=\"font-family: Times New Roman, serif;\">550 <\/span><span style=\"font-family: Times New Roman, serif;\"><span lang=\"ar-SA\">\u0639\u0644\u0649 <\/span><\/span><span style=\"font-family: Times New Roman, serif;\">340 <\/span><span style=\"font-family: Times New Roman, serif;\"><span lang=\"ar-SA\">\u0645\u0644\u0645 \u0648\u0625\u0631\u062a\u0641\u0627\u0639 \u0642\u0627\u0628\u0644 \u0644\u0644\u062a\u0646\u0638\u064a\u0645 \u0648\u0645\u0639 \u0632\u0627\u0648\u064a\u0629 \u0644\u0644\u0625\u0646\u062d\u0631\u0627\u0641 \u0648\u0633\u0637\u062d \u0642\u0627\u0628\u0644 \u0644\u0644\u0637\u064a \u0625\u0644\u0649 \u062c\u0627\u0646\u0628<\/span><\/span><\/span><\/p>\n<\/li>\n<li>\n<p dir=\"rtl\" align=\"right\"><span style=\"color: #000000;\"><span style=\"font-family: Times New Roman, serif;\"><span style=\"font-size: medium;\"><span lang=\"ar-SA\">\u0628\u0627\u0628 \u0627\u0644\u062e\u0632\u0627\u0646\u0629 \u0648\u0627\u0644\u0631\u0641\u0648\u0641 \u0645\u0646 \u0635\u0641\u0627\u0626\u062d \u0627\u0644\u0641\u0648\u0644\u0627\u0630 \u0627\u0644\u0645\u0644\u0648\u0646\u0629 \u0628\u0645\u0633\u062d\u0648\u0642 \u0627\u0644\u0637\u0644\u0627\u0621 \u0628\u0623\u0644\u0648\u0627\u0646 \u0645\u0637\u0627\u0628\u0642\u0629 \u0644\u0623\u0644\u0648\u0627\u0646 \u0633\u0637\u062d \u0627\u0644\u062e\u0632\u0627\u0626\u0646 \u0627\u0644\u0623\u062e\u0631\u0649 \u0648\u0641\u0642\u0627 \u0644\u0644\u0637\u0644\u0628<\/span><\/span><\/span><\/span><\/p>\n<\/li>\n<li>\n<p dir=\"rtl\" align=\"right\"><span style=\"color: #000000;\"><span style=\"font-family: Times New Roman, serif;\"><span style=\"font-size: medium;\"><span lang=\"ar-SA\">\u0627\u0644\u062e\u0632\u0627\u0646\u0629 \u0645\u062c\u0647\u0632\u0629 \u0673\u062e\u062a\u064a\u0627\u0631\u064a\u0627 \u0628 <\/span><\/span><\/span><span style=\"font-family: Times New Roman, serif;\"><span style=\"font-size: medium;\">:<\/span><\/span><\/span><\/p>\n<\/li>\n<\/ul>\n<p dir=\"rtl\" align=\"right\"><span style=\"color: #000000;\"><span style=\"font-family: Times New Roman, serif;\"><span style=\"font-size: medium;\">&#8211; <\/span><\/span><span style=\"font-family: Times New Roman, serif;\"><span style=\"font-size: medium;\"><span lang=\"ar-SA\">\u0631\u0641 \u0673\u0636\u0627\u0641\u064a \u0641\u064a \u0627\u0644\u062c\u0632\u0621 \u0627\u0644\u0633\u0641\u0644\u064a \u0644\u0644\u0623\u062d\u0630\u064a\u0629 \u0645\u0635\u0646\u0648\u0639 \u0645\u0646 \u0646\u0633\u064a\u062c \u0634\u0628\u0643\u064a \u0645\u0639\u062f\u0646\u064a \u0623\u0648 \u0642\u0636\u0628\u0627\u0646 \u0627\u0644\u0635\u0644\u0628 <\/span><\/span><\/span><\/span><\/p>\n<p dir=\"rtl\" align=\"right\"><span style=\"color: #000000;\"><span style=\"font-family: Times New Roman, serif;\"><span style=\"font-size: medium;\">&#8211; <\/span><\/span><span style=\"font-family: Times New Roman, serif;\"><span style=\"font-size: medium;\"><span lang=\"ar-SA\">\u0673\u0636\u0627\u0641\u0629 \u0628\u0644\u0627\u0633\u062a\u064a\u0643\u064a\u0629 \u0641\u064a \u0627\u0644\u062f\u0631\u062c<\/span><\/span><\/span><\/span><\/p>\n<p>[\/vc_column_text][\/vc_column][vc_column width=&#8221;1\/3&#8243;][vc_custom_heading text=&#8221;\u0627\u0644\u0645\u0648\u0627\u0635\u0641\u0627\u062a\u202c&#8221; use_theme_fonts=&#8221;yes&#8221;][vc_column_text]<\/p>\n<p dir=\"rtl\" align=\"right\"><span style=\"color: #000000;\"><span style=\"font-family: Times New Roman, serif;\"><span style=\"font-size: medium;\"><span lang=\"ar-SA\">\u0639\u0631\u0636 <\/span><\/span><\/span><span style=\"font-family: Times New Roman, serif;\"><span style=\"font-size: medium;\">570 <\/span><\/span><span style=\"font-family: Times New Roman, serif;\"><span style=\"font-size: medium;\"><span lang=\"ar-SA\">\u0645\u0644\u0645 <\/span><\/span><\/span><span style=\"font-family: Times New Roman, serif;\"><span style=\"font-size: medium;\">\u00b1 5 <\/span><\/span><span style=\"font-family: Times New Roman, serif;\"><span style=\"font-size: medium;\"><span lang=\"ar-SA\">\u0645\u0644\u0645 <\/span><\/span><\/span><\/span><\/p>\n<p dir=\"rtl\" align=\"right\"><span style=\"color: #000000;\"><span style=\"font-family: Times New Roman, serif;\"><span style=\"font-size: medium;\"><span lang=\"ar-SA\">\u0639\u0645\u0642 <\/span><\/span><\/span><span style=\"font-family: Times New Roman, serif;\"><span style=\"font-size: medium;\">430 <\/span><\/span><span style=\"font-family: Times New Roman, serif;\"><span style=\"font-size: medium;\"><span lang=\"ar-SA\">\u0645\u0644\u0645 <\/span><\/span><\/span><span style=\"font-family: Times New Roman, serif;\"><span style=\"font-size: medium;\">\u00b1 5 <\/span><\/span><span style=\"font-family: Times New Roman, serif;\"><span style=\"font-size: medium;\"><span lang=\"ar-SA\">\u0645\u0644\u0645<\/span><\/span><\/span><\/span><\/p>\n<p dir=\"rtl\" align=\"right\"><span style=\"color: #000000;\"><span style=\"font-family: Times New Roman, serif;\"><span style=\"font-size: medium;\"><span lang=\"ar-SA\">\u0639\u0644\u0648 <\/span><\/span><\/span><span style=\"font-family: Times New Roman, serif;\"><span style=\"font-size: medium;\">850 <\/span><\/span><span style=\"font-family: Times New Roman, serif;\"><span style=\"font-size: medium;\"><span lang=\"ar-SA\">\u0645\u0644\u0645 <\/span><\/span><\/span><span style=\"font-family: Times New Roman, serif;\"><span style=\"font-size: medium;\">\u00b1 5 <\/span><\/span><span style=\"font-family: Times New Roman, serif;\"><span style=\"font-size: medium;\"><span lang=\"ar-SA\">\u0645\u0644\u0645<\/span><\/span><\/span><\/span><\/p>\n<p dir=\"rtl\" align=\"right\"><span style=\"color: #000000;\"><span style=\"font-family: Times New Roman, serif;\"><span style=\"font-size: medium;\"><span lang=\"ar-SA\">\u062a\u0646\u0638\u064a\u0645 \u0627\u0644\u0633\u0637\u062d \u0627\u0644\u062c\u0627\u0646\u0628\u064a <\/span><\/span><\/span><span style=\"font-family: Times New Roman, serif;\"><span style=\"font-size: medium;\">730 -1000 <\/span><\/span><span style=\"font-family: Times New Roman, serif;\"><span style=\"font-size: medium;\"><span lang=\"ar-SA\">\u0645\u0644\u0645 <\/span><\/span><\/span><span style=\"font-family: Times New Roman, serif;\"><span style=\"font-size: medium;\">\u00b1 5 <\/span><\/span><span style=\"font-family: Times New Roman, serif;\"><span style=\"font-size: medium;\"><span lang=\"ar-SA\">\u0645\u0644\u0645<\/span><\/span><\/span><\/span><\/p>\n<p>[\/vc_column_text][\/vc_column][\/vc_row][vc_row disable_element=&#8221;yes&#8221;][vc_column][vc_custom_heading text=&#8221;Kolorystyka&#8221; use_theme_fonts=&#8221;yes&#8221;][\/vc_column][\/vc_row][vc_row disable_element=&#8221;yes&#8221;][vc_column width=&#8221;1\/3&#8243;][vc_column_text el_class=&#8221;flex-colors&#8221;]<\/p>\n<ul class=\"variants-list\">\n<li class=\"color-tile\">RAL &#8211; elementy metalowe<\/li>\n<li class=\"ral ral-7035\">RAL 7035<\/li>\n<li class=\"ral ral-9006\">RAL 9006<\/li>\n<li class=\"ral ral-9007\">RAL 9007<\/li>\n<li class=\"ral ral-1015\">RAL 1015<\/li>\n<li class=\"ral ral-5024\">RAL 5024<\/li>\n<li class=\"ral ral-9005\">RAL 9005<\/li>\n<li class=\"ral ral-9016\">RAL 9016<\/li>\n<li class=\"ral ral-6018\">RAL 6018<\/li>\n<li class=\"ral RAL-1003\">RAL 1003<\/li>\n<li class=\"ral RAL-3002\">RAL 3002<\/li>\n<\/ul>\n<p>[\/vc_column_text][\/vc_column][vc_column width=&#8221;1\/3&#8243;][vc_column_text]<\/p>\n<ul class=\"variants-list\">\n<li class=\"color-tile\">P\u0142yta laminowa &#8211; blaty<\/li>\n<li class=\"ral ral-7035\">Popiel<\/li>\n<li class=\"ral r5113\">Buk bawaria<\/li>\n<li class=\"ral r9016\">Bia\u0142y<\/li>\n<li class=\"ral u1717\">Niebieski Wodny<\/li>\n<li class=\"ral u1313\">Kremowy<\/li>\n<li class=\"ral r4634\">Olcha g\u00f3rska<\/li>\n<li class=\"ral u3112\">Limonka<\/li>\n<li class=\"ral f8985\">Pomara\u0144czowy<\/li>\n<li class=\"ral u1508\">\u017b\u00f3\u0142ty<\/li>\n<\/ul>\n<p>[\/vc_column_text][\/vc_column][vc_column width=&#8221;1\/3&#8243;][vc_column_text]<\/p>\n<ul class=\"variants-list\">\n<li class=\"color-tile\">P\u0142yta HPL &#8211; blaty<\/li>\n<li class=\"ral ral-7035\">Popiel<\/li>\n<li class=\"ral r5113\">Buk bawaria<\/li>\n<li class=\"ral r9016\">Bia\u0142y<\/li>\n<li class=\"ral u1717\">Niebieski Wodny<\/li>\n<li class=\"ral u1313\">Kremowy<\/li>\n<\/ul>\n<p>[\/vc_column_text][\/vc_column][\/vc_row]<\/p>\n<\/div>","protected":false},"excerpt":{"rendered":"<p>[vc_row gap=&#8221;20&#8243; el_class=&#8221;m-b-md&#8221;][vc_column width=&#8221;2\/3&#8243;][vc_custom_heading text=&#8221;\u0648\u0635\u0641&#8221; use_theme_fonts=&#8221;yes&#8221;][vc_column_text] \u064a\u062a\u0643\u0648\u0646 \u062a\u0635\u0645\u064a\u0645 \u0627\u0644\u062e\u0632\u0627\u0646\u0629 \u0645\u0646 \u0627\u0644\u0641\u0648\u0644\u0627\u0630 \u0627\u0644\u0645\u0637\u0644\u064a \u0628\u0645\u0633\u062d\u0648\u0642 \u0627\u0644\u0648\u0631\u0646\u064a\u0634 \u0627\u0644\u062e\u0632\u0627\u0646\u0629 \u0630\u0627\u062a \u0648\u062c\u0647\u064a\u0646 \u0645\u062c\u0647\u0632\u0629 \u0628\u062f\u0631\u062c \u0648\u0627\u062d\u062f \u0648\u062c\u0632\u0621 \u0645\u0633\u062a\u0642\u0644 \u0645\u063a\u0644\u0642 \u0628\u0628\u0627\u0628 \u0628\u064a\u0646 \u0627\u0644\u062f\u0631\u062c \u0648\u0627\u0644\u062c\u0632\u0621 \u0627\u0644\u0645\u0633\u062a\u0642\u0644 \u0627\u0644\u0645\u063a\u0644\u0642 \u0628\u0628\u0627\u0628 \u064a\u0648\u062c\u062f \u0641\u0633\u062d\u0629 \u0673\u0636\u0627\u0641\u064a\u0629 \u0644\u0623\u063a\u0631\u0627\u0636 \u0627\u0644\u0645\u0631\u064a\u0636 \u0645\u062b\u0644 \u0644\u0648\u0636\u0639 \u0627\u0644\u062c\u0631\u0627\u0626\u062f \u0645\u0642\u0627\u0628\u0636 \u0627\u0644\u062e\u0632\u0627\u0646\u0629 \u062d\u062f\u064a\u062f\u064a\u0629 \u0627\u0644\u062f\u0631\u062c \u0633\u0627\u0626\u0631 \u0639\u0644\u0649 \u0627\u0644\u0643\u0631\u0629\u060c \u064a\u0641\u062a\u062d \u0645\u0646 \u0627\u0644\u062c\u0627\u0646\u0628\u064a\u0646 \u0648\u062c\u0648\u062f \u0627\u0644\u0631\u0641 \u0627\u0644\u0645\u062a\u062d\u0631\u0643 \u062f\u0627\u062e\u0644 \u0627\u0644\u062c\u0632\u0621 \u0627\u0644\u0645\u0633\u062a\u0642\u0644 \u0627\u0644\u0645\u063a\u0644\u0642 [&hellip;]<\/p>\n","protected":false},"featured_media":2891,"template":"","meta":[],"product_brand":[],"product_cat":[205,207],"product_tag":[],"class_list":{"0":"post-4063","1":"product","2":"type-product","3":"status-publish","4":"has-post-thumbnail","6":"product_cat-205","7":"product_cat-207","9":"first","10":"instock","11":"shipping-taxable","12":"product-type-simple"},"aioseo_notices":[],"_links":{"self":[{"href":"https:\/\/metalowiec.com.pl\/ar\/wp-json\/wp\/v2\/product\/4063","targetHints":{"allow":["GET"]}}],"collection":[{"href":"https:\/\/metalowiec.com.pl\/ar\/wp-json\/wp\/v2\/product"}],"about":[{"href":"https:\/\/metalowiec.com.pl\/ar\/wp-json\/wp\/v2\/types\/product"}],"wp:featuredmedia":[{"embeddable":true,"href":"https:\/\/metalowiec.com.pl\/ar\/wp-json\/wp\/v2\/media\/2891"}],"wp:attachment":[{"href":"https:\/\/metalowiec.com.pl\/ar\/wp-json\/wp\/v2\/media?parent=4063"}],"wp:term":[{"taxonomy":"product_brand","embeddable":true,"href":"https:\/\/metalowiec.com.pl\/ar\/wp-json\/wp\/v2\/product_brand?post=4063"},{"taxonomy":"product_cat","embeddable":true,"href":"https:\/\/metalowiec.com.pl\/ar\/wp-json\/wp\/v2\/product_cat?post=4063"},{"taxonomy":"product_tag","embeddable":true,"href":"https:\/\/metalowiec.com.pl\/ar\/wp-json\/wp\/v2\/product_tag?post=4063"}],"curies":[{"name":"wp","href":"https:\/\/api.w.org\/{rel}","templated":true}]}}