{"id":3317,"date":"2018-10-04T09:39:03","date_gmt":"2018-10-04T07:39:03","guid":{"rendered":"http:\/\/metalowiec.dev.netk.pl\/?post_type=product&#038;p=3317"},"modified":"2018-10-05T13:36:01","modified_gmt":"2018-10-05T11:36:01","slug":"stol-podwyzszony","status":"publish","type":"product","link":"https:\/\/metalowiec.com.pl\/ar\/product\/stol-podwyzszony\/","title":{"rendered":"ST\u00d3\u0141 PODWY\u017bSZONY"},"content":{"rendered":"<div class=\"wpb-content-wrapper\"><p>[vc_row gap=&#8221;20&#8243; el_class=&#8221;m-b-md&#8221;][vc_column width=&#8221;2\/3&#8243;][vc_custom_heading text=&#8221;Opis&#8221; use_theme_fonts=&#8221;yes&#8221;][vc_column_text]<\/p>\n<ul>\n<li>Konstrukcja wykonana z profili stalowych\u00a0 pokrytych farb\u0105 proszkow\u0105<\/li>\n<li>Le\u017ce i wezg\u0142owie z p\u0142yty wi\u00f3rowej pokrytej piank\u0105 poliuretanow\u0105 i obszyte materia\u0142em zmywalnym<\/li>\n<li>Le\u017ce dwusegmentowe<\/li>\n<li>Kozetka wyposa\u017cona w regulacje k\u0105ta nachylenia wezg\u0142owia<\/li>\n<li>Mo\u017cliwo\u015b\u0107 zamontowania uchwytu do prze\u015bcierad\u0142a jednorazowego<\/li>\n<li>Nogi zabezpieczone stopkami z tworzywa<\/li>\n<\/ul>\n<p>[\/vc_column_text][\/vc_column][vc_column width=&#8221;1\/3&#8243;][vc_custom_heading text=&#8221;Parametry&#8221; use_theme_fonts=&#8221;yes&#8221;][vc_column_text]<\/p>\n<ul>\n<li>szeroko\u015b\u0107 ca\u0142kowita 550mm<\/li>\n<li>d\u0142ugo\u015b\u0107 ca\u0142kowita 1852mm<\/li>\n<li>wysoko\u015b\u0107 820mm<\/li>\n<\/ul>\n<p>[\/vc_column_text][\/vc_column][\/vc_row][vc_row][vc_column][vc_custom_heading text=&#8221;Kolorystyka&#8221; use_theme_fonts=&#8221;yes&#8221;][\/vc_column][\/vc_row][vc_row][vc_column width=&#8221;1\/3&#8243;][vc_column_text]<\/p>\n<ul class=\"variants-list\">\n<li class=\"color-tile\">Farba proszkowa<\/li>\n<li class=\"ral ral-7035\">RAL 7035<\/li>\n<li class=\"ral ral-9006\">RAL 9006<\/li>\n<li class=\"ral ral-9007\">RAL 9007<\/li>\n<li class=\"ral ral-1015\">RAL 1015<\/li>\n<li class=\"ral ral-5024\">RAL 5024<\/li>\n<li class=\"ral ral-9005\">RAL 9005<\/li>\n<li class=\"ral ral-9016\">RAL 9016<\/li>\n<li class=\"ral ral-6018\">RAL 6018<\/li>\n<li class=\"ral RAL-1003\">RAL 1003<\/li>\n<li class=\"ral RAL-3002\">RAL 3002<\/li>\n<\/ul>\n<p>[\/vc_column_text][\/vc_column][vc_column width=&#8221;1\/3&#8243;][vc_column_text]Tapicerka<\/p>\n<p><img loading=\"lazy\" decoding=\"async\" class=\"alignleft size-full wp-image-3295\" src=\"http:\/\/metalowiec.com.pl\/wp-content\/uploads\/2018\/10\/tapicerka.jpg\" alt=\"\" width=\"215\" height=\"519\" \/>[\/vc_column_text][\/vc_column][vc_column width=&#8221;1\/3&#8243;][\/vc_column][\/vc_row]<\/p>\n<\/div>","protected":false},"excerpt":{"rendered":"<p>[vc_row gap=&#8221;20&#8243; el_class=&#8221;m-b-md&#8221;][vc_column width=&#8221;2\/3&#8243;][vc_custom_heading text=&#8221;Opis&#8221; use_theme_fonts=&#8221;yes&#8221;][vc_column_text] Konstrukcja wykonana z profili stalowych\u00a0 pokrytych farb\u0105 proszkow\u0105 Le\u017ce i wezg\u0142owie z p\u0142yty wi\u00f3rowej pokrytej piank\u0105 poliuretanow\u0105 i obszyte materia\u0142em zmywalnym Le\u017ce dwusegmentowe Kozetka wyposa\u017cona w regulacje k\u0105ta nachylenia wezg\u0142owia Mo\u017cliwo\u015b\u0107 zamontowania uchwytu do prze\u015bcierad\u0142a jednorazowego Nogi zabezpieczone stopkami z tworzywa [\/vc_column_text][\/vc_column][vc_column width=&#8221;1\/3&#8243;][vc_custom_heading text=&#8221;Parametry&#8221; use_theme_fonts=&#8221;yes&#8221;][vc_column_text] szeroko\u015b\u0107 ca\u0142kowita 550mm d\u0142ugo\u015b\u0107 [&hellip;]<\/p>\n","protected":false},"featured_media":3318,"template":"","meta":[],"product_brand":[],"product_cat":[123,122],"product_tag":[],"class_list":{"0":"post-3317","1":"product","2":"type-product","3":"status-publish","4":"has-post-thumbnail","6":"product_cat-wozki-i-stoly-do-masazu","7":"product_cat-wyposazenie-szpitalne","9":"first","10":"instock","11":"shipping-taxable","12":"product-type-simple"},"aioseo_notices":[],"_links":{"self":[{"href":"https:\/\/metalowiec.com.pl\/ar\/wp-json\/wp\/v2\/product\/3317","targetHints":{"allow":["GET"]}}],"collection":[{"href":"https:\/\/metalowiec.com.pl\/ar\/wp-json\/wp\/v2\/product"}],"about":[{"href":"https:\/\/metalowiec.com.pl\/ar\/wp-json\/wp\/v2\/types\/product"}],"wp:featuredmedia":[{"embeddable":true,"href":"https:\/\/metalowiec.com.pl\/ar\/wp-json\/wp\/v2\/media\/3318"}],"wp:attachment":[{"href":"https:\/\/metalowiec.com.pl\/ar\/wp-json\/wp\/v2\/media?parent=3317"}],"wp:term":[{"taxonomy":"product_brand","embeddable":true,"href":"https:\/\/metalowiec.com.pl\/ar\/wp-json\/wp\/v2\/product_brand?post=3317"},{"taxonomy":"product_cat","embeddable":true,"href":"https:\/\/metalowiec.com.pl\/ar\/wp-json\/wp\/v2\/product_cat?post=3317"},{"taxonomy":"product_tag","embeddable":true,"href":"https:\/\/metalowiec.com.pl\/ar\/wp-json\/wp\/v2\/product_tag?post=3317"}],"curies":[{"name":"wp","href":"https:\/\/api.w.org\/{rel}","templated":true}]}}