{"id":3205,"date":"2018-10-03T12:29:19","date_gmt":"2018-10-03T10:29:19","guid":{"rendered":"http:\/\/metalowiec.dev.netk.pl\/?post_type=product&#038;p=3205"},"modified":"2018-10-04T12:51:25","modified_gmt":"2018-10-04T10:51:25","slug":"krzeslo-uczniowskie-nogi-w-ksztalcie-litery-l","status":"publish","type":"product","link":"https:\/\/metalowiec.com.pl\/ar\/product\/krzeslo-uczniowskie-nogi-w-ksztalcie-litery-l\/","title":{"rendered":"KRZES\u0141O UCZNIOWSKIE NOGI W KSZTA\u0141CIE LITERY &#8220;L&#8221;"},"content":{"rendered":"<div class=\"wpb-content-wrapper\"><p>[vc_row gap=&#8221;20&#8243; el_class=&#8221;m-b-md&#8221;][vc_column width=&#8221;2\/3&#8243;][vc_custom_heading text=&#8221;Opis&#8221; use_theme_fonts=&#8221;yes&#8221;][vc_column_text]<\/p>\n<ul>\n<li>Podstawa siedziska wyposa\u017cona w \u015blizgacze umo\u017cliwiaj\u0105ce nak\u0142adanie krzes\u0142a na st\u00f3\u0142 bez ryzyka porysowania blat\u00f3w<\/li>\n<li>Siedzisko i oparcie ze sklejki bukowej o gr.8mm &#8211; Oparcie ukszta\u0142towane ergonomicznie<\/li>\n<li>Metalowe nogi malowane farb\u0105 proszkow\u0105<\/li>\n<li>Konstrukcja z metalowej rury o \u015brednicy 30mm, grubo\u015b\u0107 20mm &#8211; Podk\u0142adki zabezpieczaj\u0105ce przed bujaniem &#8211; Wyciszaj\u0105ce nak\u0142adki z polietylenu, nie pozostawiaj\u0105ce \u015blad\u00f3w<\/li>\n<li>Ergonomiczne, mo\u017cliwo\u015b\u0107 pi\u0119trzenia w stosy po 10szt.<\/li>\n<\/ul>\n<p>[\/vc_column_text][\/vc_column][vc_column width=&#8221;1\/3&#8243;][vc_custom_heading text=&#8221;Kolorystyka&#8221; use_theme_fonts=&#8221;yes&#8221;][vc_column_text]<\/p>\n<ul class=\"variants-list\">\n<li class=\"color-tile\">Farba proszkowa<\/li>\n<li class=\"ral ral-1015\">RAL 1015<\/li>\n<li class=\"ral ral-7035\">RAL 7035<\/li>\n<li class=\"ral ral-9005\">RAL 9005<\/li>\n<li class=\"ral ral-9007\">RAL 9007<\/li>\n<li class=\"ral ral-9016\">RAL 9016<\/li>\n<li class=\"ral ral-5024\">RAL 5024<\/li>\n<li class=\"ral ral-6019\">RAL 6019<\/li>\n<li class=\"ral RAL-3002\">RAL 3002<\/li>\n<li class=\"ral RAL-1003\">RAL 1003<\/li>\n<li class=\"ral ral-6018\">RAL 6018<\/li>\n<li class=\"ral ral-9006\">RAL 9006<\/li>\n<li class=\"ral ral-6019\">RAL 6019<\/li>\n<\/ul>\n<p>[\/vc_column_text][\/vc_column][\/vc_row]<\/p>\n<\/div>","protected":false},"excerpt":{"rendered":"<p>[vc_row gap=&#8221;20&#8243; el_class=&#8221;m-b-md&#8221;][vc_column width=&#8221;2\/3&#8243;][vc_custom_heading text=&#8221;Opis&#8221; use_theme_fonts=&#8221;yes&#8221;][vc_column_text] Podstawa siedziska wyposa\u017cona w \u015blizgacze umo\u017cliwiaj\u0105ce nak\u0142adanie krzes\u0142a na st\u00f3\u0142 bez ryzyka porysowania blat\u00f3w Siedzisko i oparcie ze sklejki bukowej o gr.8mm &#8211; Oparcie ukszta\u0142towane ergonomicznie Metalowe nogi malowane farb\u0105 proszkow\u0105 Konstrukcja z metalowej rury o \u015brednicy 30mm, grubo\u015b\u0107 20mm &#8211; Podk\u0142adki zabezpieczaj\u0105ce przed bujaniem &#8211; Wyciszaj\u0105ce nak\u0142adki z [&hellip;]<\/p>\n","protected":false},"featured_media":3206,"template":"","meta":[],"product_brand":[],"product_cat":[202,201],"product_tag":[],"class_list":{"0":"post-3205","1":"product","2":"type-product","3":"status-publish","4":"has-post-thumbnail","6":"product_cat-202","7":"product_cat-201","9":"first","10":"instock","11":"shipping-taxable","12":"product-type-simple"},"aioseo_notices":[],"_links":{"self":[{"href":"https:\/\/metalowiec.com.pl\/ar\/wp-json\/wp\/v2\/product\/3205","targetHints":{"allow":["GET"]}}],"collection":[{"href":"https:\/\/metalowiec.com.pl\/ar\/wp-json\/wp\/v2\/product"}],"about":[{"href":"https:\/\/metalowiec.com.pl\/ar\/wp-json\/wp\/v2\/types\/product"}],"wp:featuredmedia":[{"embeddable":true,"href":"https:\/\/metalowiec.com.pl\/ar\/wp-json\/wp\/v2\/media\/3206"}],"wp:attachment":[{"href":"https:\/\/metalowiec.com.pl\/ar\/wp-json\/wp\/v2\/media?parent=3205"}],"wp:term":[{"taxonomy":"product_brand","embeddable":true,"href":"https:\/\/metalowiec.com.pl\/ar\/wp-json\/wp\/v2\/product_brand?post=3205"},{"taxonomy":"product_cat","embeddable":true,"href":"https:\/\/metalowiec.com.pl\/ar\/wp-json\/wp\/v2\/product_cat?post=3205"},{"taxonomy":"product_tag","embeddable":true,"href":"https:\/\/metalowiec.com.pl\/ar\/wp-json\/wp\/v2\/product_tag?post=3205"}],"curies":[{"name":"wp","href":"https:\/\/api.w.org\/{rel}","templated":true}]}}