{"id":3200,"date":"2018-10-03T12:25:52","date_gmt":"2018-10-03T10:25:52","guid":{"rendered":"http:\/\/metalowiec.dev.netk.pl\/?post_type=product&#038;p=3200"},"modified":"2022-02-14T09:11:09","modified_gmt":"2022-02-14T08:11:09","slug":"krzeslo-szkolne-4-nogi","status":"publish","type":"product","link":"https:\/\/metalowiec.com.pl\/ar\/product\/krzeslo-szkolne-4-nogi\/","title":{"rendered":"KRZES\u0141O SZKOLNE 4 NOGI"},"content":{"rendered":"<div class=\"wpb-content-wrapper\"><p>[vc_row gap=&#8221;20&#8243; el_class=&#8221;m-b-md&#8221;][vc_column width=&#8221;1\/2&#8243;][vc_custom_heading text=&#8221;Opis&#8221; use_theme_fonts=&#8221;yes&#8221;][vc_column_text]<\/p>\n<ul>\n<li>Siedzisko i oparcie wykonane ze sklejki bukowej o gr.8mm<\/li>\n<li>Siedzisko i oparcie polakierowane na kolor naturalny<\/li>\n<li>wzmocnienie pod siedziskiem<\/li>\n<li>metalowe nogi malowane farb\u0105 proszkow\u0105<\/li>\n<li>\u015brednica rurki: 25mm, grubo\u015b\u0107:1,5mm<\/li>\n<li>Wyciszaj\u0105ce nak\u0142adki z polietylenu, nie pozostawiaj\u0105ce \u015blad\u00f3w<\/li>\n<li>mo\u017cliwo\u015b\u0107 pi\u0119trzenia w stosy po 10szt.<\/li>\n<\/ul>\n<p>[\/vc_column_text][\/vc_column][vc_column width=&#8221;1\/2&#8243;][vc_custom_heading text=&#8221;Parametry&#8221; use_theme_fonts=&#8221;yes&#8221;][vc_column_text]<\/p>\n<ul>\n<li>Rozmiar 4 h=360mm<\/li>\n<li>Rozmiar 5 h=410mm<\/li>\n<li>Rozmiar 6 h=450mm<\/li>\n<li>Rozmiar 7 h=510mm<\/li>\n<\/ul>\n<p>(wysoko\u015b\u0107 mierzona jest od pod\u0142o\u017ca do siedziska krzes\u0142a)[\/vc_column_text][\/vc_column][\/vc_row][vc_row][vc_column][vc_custom_heading text=&#8221;Kolorystyka&#8221; use_theme_fonts=&#8221;yes&#8221;][vc_column_text]<\/p>\n<ul class=\"variants-list\">\n<li class=\"color-tile\">Farba proszkowa<\/li>\n<li class=\"ral ral-1015\">RAL 1015<\/li>\n<li class=\"ral ral-7035\">RAL 7035<\/li>\n<li class=\"ral ral-9005\">RAL 9005<\/li>\n<li class=\"ral ral-9007\">RAL 9007<\/li>\n<li class=\"ral ral-9016\">RAL 9016<\/li>\n<li class=\"ral ral-5024\">RAL 5024<\/li>\n<li class=\"ral ral-6019\">RAL 6019<\/li>\n<li class=\"ral RAL-3002\">RAL 3002<\/li>\n<li class=\"ral RAL-1003\">RAL 1003<\/li>\n<li class=\"ral ral-6018\">RAL 6018<\/li>\n<li class=\"ral ral-9006\">RAL 9006<\/li>\n<li class=\"ral ral-6019\">RAL 6019<\/li>\n<\/ul>\n<p>[\/vc_column_text][\/vc_column][\/vc_row]<\/p>\n<\/div>","protected":false},"excerpt":{"rendered":"<p>[vc_row gap=&#8221;20&#8243; el_class=&#8221;m-b-md&#8221;][vc_column width=&#8221;1\/2&#8243;][vc_custom_heading text=&#8221;Opis&#8221; use_theme_fonts=&#8221;yes&#8221;][vc_column_text] Siedzisko i oparcie wykonane ze sklejki bukowej o gr.8mm Siedzisko i oparcie polakierowane na kolor naturalny wzmocnienie pod siedziskiem metalowe nogi malowane farb\u0105 proszkow\u0105 \u015brednica rurki: 25mm, grubo\u015b\u0107:1,5mm Wyciszaj\u0105ce nak\u0142adki z polietylenu, nie pozostawiaj\u0105ce \u015blad\u00f3w mo\u017cliwo\u015b\u0107 pi\u0119trzenia w stosy po 10szt. [\/vc_column_text][\/vc_column][vc_column width=&#8221;1\/2&#8243;][vc_custom_heading text=&#8221;Parametry&#8221; use_theme_fonts=&#8221;yes&#8221;][vc_column_text] Rozmiar 4 h=360mm Rozmiar [&hellip;]<\/p>\n","protected":false},"featured_media":3201,"template":"","meta":[],"product_brand":[],"product_cat":[129,128],"product_tag":[],"class_list":{"0":"post-3200","1":"product","2":"type-product","3":"status-publish","4":"has-post-thumbnail","6":"product_cat-krzesla","7":"product_cat-meble","9":"first","10":"instock","11":"shipping-taxable","12":"product-type-simple"},"aioseo_notices":[],"_links":{"self":[{"href":"https:\/\/metalowiec.com.pl\/ar\/wp-json\/wp\/v2\/product\/3200","targetHints":{"allow":["GET"]}}],"collection":[{"href":"https:\/\/metalowiec.com.pl\/ar\/wp-json\/wp\/v2\/product"}],"about":[{"href":"https:\/\/metalowiec.com.pl\/ar\/wp-json\/wp\/v2\/types\/product"}],"wp:featuredmedia":[{"embeddable":true,"href":"https:\/\/metalowiec.com.pl\/ar\/wp-json\/wp\/v2\/media\/3201"}],"wp:attachment":[{"href":"https:\/\/metalowiec.com.pl\/ar\/wp-json\/wp\/v2\/media?parent=3200"}],"wp:term":[{"taxonomy":"product_brand","embeddable":true,"href":"https:\/\/metalowiec.com.pl\/ar\/wp-json\/wp\/v2\/product_brand?post=3200"},{"taxonomy":"product_cat","embeddable":true,"href":"https:\/\/metalowiec.com.pl\/ar\/wp-json\/wp\/v2\/product_cat?post=3200"},{"taxonomy":"product_tag","embeddable":true,"href":"https:\/\/metalowiec.com.pl\/ar\/wp-json\/wp\/v2\/product_tag?post=3200"}],"curies":[{"name":"wp","href":"https:\/\/api.w.org\/{rel}","templated":true}]}}