{"id":3180,"date":"2018-10-03T12:11:22","date_gmt":"2018-10-03T10:11:22","guid":{"rendered":"http:\/\/metalowiec.dev.netk.pl\/?post_type=product&#038;p=3180"},"modified":"2018-10-04T13:02:36","modified_gmt":"2018-10-04T11:02:36","slug":"stolik-szpitalny","status":"publish","type":"product","link":"https:\/\/metalowiec.com.pl\/ar\/product\/stolik-szpitalny\/","title":{"rendered":"STOLIK SZPITALNY"},"content":{"rendered":"<div class=\"wpb-content-wrapper\"><p>[vc_row gap=&#8221;20&#8243; el_class=&#8221;m-b-md&#8221;][vc_column width=&#8221;2\/3&#8243;][vc_custom_heading text=&#8221;Opis&#8221; use_theme_fonts=&#8221;yes&#8221;][vc_column_text]<\/p>\n<ul>\n<li>konstrukcja wykonana z kszta\u0142townik\u00f3w stalowych porytych bia\u0142ym lakierem proszkowym<\/li>\n<li>blat wykonany z p\u0142yty meblowej laminowanej<\/li>\n<li>stolik wyposa\u017cony w stopki reguluj\u0105ce<\/li>\n<\/ul>\n<p>[\/vc_column_text][\/vc_column][vc_column width=&#8221;1\/3&#8243;][vc_custom_heading text=&#8221;Parametry&#8221; use_theme_fonts=&#8221;yes&#8221;][vc_column_text]<\/p>\n<ul>\n<li>wysoko\u015b\u0107 750mm<\/li>\n<li>d\u0142ugo\u015b\u0107 od 800 do 2400mm<\/li>\n<li>szeroko\u015b\u0107 od 800 do 1600mm<\/li>\n<\/ul>\n<p>[\/vc_column_text][\/vc_column][\/vc_row][vc_row][vc_column][vc_custom_heading text=&#8221;Kolorystyka&#8221; use_theme_fonts=&#8221;yes&#8221;][\/vc_column][\/vc_row][vc_row][vc_column width=&#8221;1\/3&#8243;][vc_column_text]<\/p>\n<ul class=\"variants-list\">\n<li class=\"color-tile\">Farba proszkowa<\/li>\n<li class=\"ral ral-7035\">RAL 7035<\/li>\n<li class=\"ral ral-9006\">RAL 9006<\/li>\n<li class=\"ral ral-9007\">RAL 9007<\/li>\n<li class=\"ral ral-1015\">RAL 1015<\/li>\n<li class=\"ral ral-5024\">RAL 5024<\/li>\n<li class=\"ral ral-9005\">RAL 9005<\/li>\n<li class=\"ral ral-9016\">RAL 9016<\/li>\n<li class=\"ral ral-6018\">RAL 6018<\/li>\n<li class=\"ral RAL-1003\">RAL 1003<\/li>\n<li class=\"ral RAL-3002\">RAL 3002<\/li>\n<\/ul>\n<p>[\/vc_column_text][\/vc_column][vc_column width=&#8221;1\/3&#8243;][vc_column_text]<\/p>\n<ul class=\"variants-list\">\n<li class=\"color-tile\">P\u0142yta laminowana<\/li>\n<li class=\"ral r4634\">Olcha g\u00f3rska<\/li>\n<li class=\"ral r5113\">Buk bawaria<\/li>\n<li class=\"ral u1313\">Kremowy<\/li>\n<li class=\"ral u1717\">Niebieski wodny<\/li>\n<li class=\"ral u3112\">Limonka(krono)<\/li>\n<li class=\"ral u1508\">Milano Yellow<\/li>\n<li class=\"ral f8985\">Pomara\u0144czowy<\/li>\n<li class=\"ral r9016\">Bia\u0142y<\/li>\n<\/ul>\n<p>[\/vc_column_text][\/vc_column][vc_column width=&#8221;1\/3&#8243;][\/vc_column][\/vc_row]<\/p>\n<\/div>","protected":false},"excerpt":{"rendered":"<p>[vc_row gap=&#8221;20&#8243; el_class=&#8221;m-b-md&#8221;][vc_column width=&#8221;2\/3&#8243;][vc_custom_heading text=&#8221;Opis&#8221; use_theme_fonts=&#8221;yes&#8221;][vc_column_text] konstrukcja wykonana z kszta\u0142townik\u00f3w stalowych porytych bia\u0142ym lakierem proszkowym blat wykonany z p\u0142yty meblowej laminowanej stolik wyposa\u017cony w stopki reguluj\u0105ce [\/vc_column_text][\/vc_column][vc_column width=&#8221;1\/3&#8243;][vc_custom_heading text=&#8221;Parametry&#8221; use_theme_fonts=&#8221;yes&#8221;][vc_column_text] wysoko\u015b\u0107 750mm d\u0142ugo\u015b\u0107 od 800 do 2400mm szeroko\u015b\u0107 od 800 do 1600mm [\/vc_column_text][\/vc_column][\/vc_row][vc_row][vc_column][vc_custom_heading text=&#8221;Kolorystyka&#8221; use_theme_fonts=&#8221;yes&#8221;][\/vc_column][\/vc_row][vc_row][vc_column width=&#8221;1\/3&#8243;][vc_column_text] Farba proszkowa RAL 7035 RAL 9006 RAL 9007 RAL [&hellip;]<\/p>\n","protected":false},"featured_media":3181,"template":"","meta":[],"product_brand":[],"product_cat":[133,122],"product_tag":[],"class_list":{"0":"post-3180","1":"product","2":"type-product","3":"status-publish","4":"has-post-thumbnail","6":"product_cat-pozostale-2","7":"product_cat-wyposazenie-szpitalne","9":"first","10":"instock","11":"shipping-taxable","12":"product-type-simple"},"aioseo_notices":[],"_links":{"self":[{"href":"https:\/\/metalowiec.com.pl\/ar\/wp-json\/wp\/v2\/product\/3180","targetHints":{"allow":["GET"]}}],"collection":[{"href":"https:\/\/metalowiec.com.pl\/ar\/wp-json\/wp\/v2\/product"}],"about":[{"href":"https:\/\/metalowiec.com.pl\/ar\/wp-json\/wp\/v2\/types\/product"}],"wp:featuredmedia":[{"embeddable":true,"href":"https:\/\/metalowiec.com.pl\/ar\/wp-json\/wp\/v2\/media\/3181"}],"wp:attachment":[{"href":"https:\/\/metalowiec.com.pl\/ar\/wp-json\/wp\/v2\/media?parent=3180"}],"wp:term":[{"taxonomy":"product_brand","embeddable":true,"href":"https:\/\/metalowiec.com.pl\/ar\/wp-json\/wp\/v2\/product_brand?post=3180"},{"taxonomy":"product_cat","embeddable":true,"href":"https:\/\/metalowiec.com.pl\/ar\/wp-json\/wp\/v2\/product_cat?post=3180"},{"taxonomy":"product_tag","embeddable":true,"href":"https:\/\/metalowiec.com.pl\/ar\/wp-json\/wp\/v2\/product_tag?post=3180"}],"curies":[{"name":"wp","href":"https:\/\/api.w.org\/{rel}","templated":true}]}}