{"id":3175,"date":"2018-10-03T12:05:47","date_gmt":"2018-10-03T10:05:47","guid":{"rendered":"http:\/\/metalowiec.dev.netk.pl\/?post_type=product&#038;p=3175"},"modified":"2018-10-04T13:17:10","modified_gmt":"2018-10-04T11:17:10","slug":"stolik-pod-aparature-medyczna","status":"publish","type":"product","link":"https:\/\/metalowiec.com.pl\/ar\/product\/stolik-pod-aparature-medyczna\/","title":{"rendered":"STOLIK POD APARATUR\u0118 MEDYCZN\u0104"},"content":{"rendered":"<div class=\"wpb-content-wrapper\"><p>[vc_row gap=&#8221;20&#8243; el_class=&#8221;m-b-md&#8221;][vc_column width=&#8221;2\/3&#8243;][vc_custom_heading text=&#8221;Opis&#8221; use_theme_fonts=&#8221;yes&#8221;][vc_column_text]<\/p>\n<ul>\n<li>konstrukcja wykonana z kszta\u0142townik\u00f3w, rur oraz blachy stalowej, porytych lakierem proszkowym<\/li>\n<li>stolik wyposa\u017cony w\u00a0 cztery tworzywowe k\u00f3\u0142ka niebrudzace powierzchni<\/li>\n<\/ul>\n<p>[\/vc_column_text][\/vc_column][vc_column width=&#8221;1\/3&#8243;][vc_custom_heading text=&#8221;Parametry&#8221; use_theme_fonts=&#8221;yes&#8221;][vc_column_text]<\/p>\n<ul>\n<li>wysoko\u015b\u0107 900mm<\/li>\n<li>g\u0142\u0119boko\u015b\u0107 450mm<\/li>\n<li>szeroko\u015b\u0107 520mm<\/li>\n<li>waga 15kg<\/li>\n<li>max obci\u0105\u017cenie na p\u00f3\u0142k\u0119 15kg<\/li>\n<li>prze\u015bwit pierwszej p\u00f3\u0142ki 140mm<\/li>\n<li>prze\u015bwit drugiej p\u00f3\u0142ki 190mm<\/li>\n<li>g\u0142\u0119boko\u015b\u0107 p\u00f3\u0142ki 320mm<\/li>\n<li>szeroko\u015b\u0107 p\u00f3\u0142ki 480mm<\/li>\n<\/ul>\n<p>[\/vc_column_text][\/vc_column][\/vc_row][vc_row][vc_column][vc_custom_heading text=&#8221;Kolorystyka&#8221; use_theme_fonts=&#8221;yes&#8221;][vc_column_text]<\/p>\n<ul class=\"variants-list\">\n<li class=\"color-tile\">Farba proszkowa<\/li>\n<li class=\"ral ral-7035\">RAL 7035<\/li>\n<li class=\"ral ral-9006\">RAL 9006<\/li>\n<li class=\"ral ral-9007\">RAL 9007<\/li>\n<li class=\"ral ral-1015\">RAL 1015<\/li>\n<li class=\"ral ral-5024\">RAL 5024<\/li>\n<li class=\"ral ral-9005\">RAL 9005<\/li>\n<li class=\"ral ral-9016\">RAL 9016<\/li>\n<li class=\"ral ral-6018\">RAL 6018<\/li>\n<li class=\"ral RAL-1003\">RAL 1003<\/li>\n<li class=\"ral RAL-3002\">RAL 3002<\/li>\n<\/ul>\n<p>[\/vc_column_text][\/vc_column][\/vc_row]<\/p>\n<\/div>","protected":false},"excerpt":{"rendered":"<p>[vc_row gap=&#8221;20&#8243; el_class=&#8221;m-b-md&#8221;][vc_column width=&#8221;2\/3&#8243;][vc_custom_heading text=&#8221;Opis&#8221; use_theme_fonts=&#8221;yes&#8221;][vc_column_text] konstrukcja wykonana z kszta\u0142townik\u00f3w, rur oraz blachy stalowej, porytych lakierem proszkowym stolik wyposa\u017cony w\u00a0 cztery tworzywowe k\u00f3\u0142ka niebrudzace powierzchni [\/vc_column_text][\/vc_column][vc_column width=&#8221;1\/3&#8243;][vc_custom_heading text=&#8221;Parametry&#8221; use_theme_fonts=&#8221;yes&#8221;][vc_column_text] wysoko\u015b\u0107 900mm g\u0142\u0119boko\u015b\u0107 450mm szeroko\u015b\u0107 520mm waga 15kg max obci\u0105\u017cenie na p\u00f3\u0142k\u0119 15kg prze\u015bwit pierwszej p\u00f3\u0142ki 140mm prze\u015bwit drugiej p\u00f3\u0142ki 190mm g\u0142\u0119boko\u015b\u0107 p\u00f3\u0142ki 320mm szeroko\u015b\u0107 p\u00f3\u0142ki [&hellip;]<\/p>\n","protected":false},"featured_media":3176,"template":"","meta":[],"product_brand":[],"product_cat":[133,122],"product_tag":[],"class_list":{"0":"post-3175","1":"product","2":"type-product","3":"status-publish","4":"has-post-thumbnail","6":"product_cat-pozostale-2","7":"product_cat-wyposazenie-szpitalne","9":"first","10":"instock","11":"shipping-taxable","12":"product-type-simple"},"aioseo_notices":[],"_links":{"self":[{"href":"https:\/\/metalowiec.com.pl\/ar\/wp-json\/wp\/v2\/product\/3175","targetHints":{"allow":["GET"]}}],"collection":[{"href":"https:\/\/metalowiec.com.pl\/ar\/wp-json\/wp\/v2\/product"}],"about":[{"href":"https:\/\/metalowiec.com.pl\/ar\/wp-json\/wp\/v2\/types\/product"}],"wp:featuredmedia":[{"embeddable":true,"href":"https:\/\/metalowiec.com.pl\/ar\/wp-json\/wp\/v2\/media\/3176"}],"wp:attachment":[{"href":"https:\/\/metalowiec.com.pl\/ar\/wp-json\/wp\/v2\/media?parent=3175"}],"wp:term":[{"taxonomy":"product_brand","embeddable":true,"href":"https:\/\/metalowiec.com.pl\/ar\/wp-json\/wp\/v2\/product_brand?post=3175"},{"taxonomy":"product_cat","embeddable":true,"href":"https:\/\/metalowiec.com.pl\/ar\/wp-json\/wp\/v2\/product_cat?post=3175"},{"taxonomy":"product_tag","embeddable":true,"href":"https:\/\/metalowiec.com.pl\/ar\/wp-json\/wp\/v2\/product_tag?post=3175"}],"curies":[{"name":"wp","href":"https:\/\/api.w.org\/{rel}","templated":true}]}}