{"id":3145,"date":"2018-10-03T11:40:49","date_gmt":"2018-10-03T09:40:49","guid":{"rendered":"http:\/\/metalowiec.dev.netk.pl\/?post_type=product&#038;p=3145"},"modified":"2018-10-04T13:28:39","modified_gmt":"2018-10-04T11:28:39","slug":"biurko-lekarskie","status":"publish","type":"product","link":"https:\/\/metalowiec.com.pl\/ar\/product\/biurko-lekarskie\/","title":{"rendered":"BIURKO LEKARSKIE"},"content":{"rendered":"<div class=\"wpb-content-wrapper\"><p>[vc_row gap=&#8221;20&#8243; el_class=&#8221;m-b-md&#8221;][vc_column width=&#8221;2\/3&#8243;][vc_custom_heading text=&#8221;Opis&#8221; use_theme_fonts=&#8221;yes&#8221;][vc_column_text]<\/p>\n<ul>\n<li>konstrukcja wykonana z kszta\u0142townik\u00f3w stalowych porytych lakierem proszkowym<\/li>\n<li>biurko wyposa\u017cone w cztery stopki niebrudz\u0105ce powierzchni<\/li>\n<li>kontenerek i blat wykonany z p\u0142yty meblowej laminowanej<\/li>\n<li>szuflady wyposa\u017cone w prowadnice rolkowe, umo\u017cliwiaj\u0105ce ich ca\u0142kowite wyci\u0105gni\u0119cie<\/li>\n<li>kontenerek wyposa\u017cony w zamek centralny blokuj\u0105cy mo\u017cliwo\u015b\u0107 otwarcia szuflad<\/li>\n<li>kontenerek wyposa\u017cony w tworzywowe st\u00f3pki niebrudzace powierzchni na k\u00f3\u0142kach (opcja)<\/li>\n<\/ul>\n<p>[\/vc_column_text][\/vc_column][vc_column width=&#8221;1\/3&#8243;][vc_custom_heading text=&#8221;Parametry&#8221; use_theme_fonts=&#8221;yes&#8221;][vc_column_text]Biurko<\/p>\n<ul>\n<li>wysoko\u015b\u0107 750mm<\/li>\n<li>szeroko\u015b\u0107 1200mm<\/li>\n<li>g\u0142\u0119boko\u015b\u0107 670mm<\/li>\n<\/ul>\n<p>Kontenerek<\/p>\n<ul>\n<li>wysoko\u015b\u0107 570mm<\/li>\n<li>szeroko\u015b\u0107 415mm<\/li>\n<li>g\u0142\u0119boko\u015b\u0107 555mm<\/li>\n<\/ul>\n<p>[\/vc_column_text][\/vc_column][\/vc_row][vc_row][vc_column][vc_custom_heading text=&#8221;Kolorystyka&#8221; use_theme_fonts=&#8221;yes&#8221;][vc_column_text el_class=&#8221;flex-colors&#8221;]<\/p>\n<ul class=\"variants-list\">\n<li class=\"ral r4634\">Olcha g\u00f3rska<\/li>\n<li class=\"ral r5113\">Buk bawaria<\/li>\n<li class=\"ral r4966\">Calvados<\/li>\n<li class=\"ral r4968\">Wi\u015bnia Oxford<\/li>\n<li class=\"ral u1313\">Kremowy<\/li>\n<li class=\"ral u1717\">Niebieski Wodny<\/li>\n<li class=\"ral u3112\">Limonka(krono)<\/li>\n<li class=\"ral u1508\">Milano Yellow<\/li>\n<li class=\"ral f8985\">Pomara\u0144czowy<\/li>\n<li class=\"ral r9016\">Bia\u0142y<\/li>\n<\/ul>\n<p>[\/vc_column_text][\/vc_column][\/vc_row]<\/p>\n<\/div>","protected":false},"excerpt":{"rendered":"<p>[vc_row gap=&#8221;20&#8243; el_class=&#8221;m-b-md&#8221;][vc_column width=&#8221;2\/3&#8243;][vc_custom_heading text=&#8221;Opis&#8221; use_theme_fonts=&#8221;yes&#8221;][vc_column_text] konstrukcja wykonana z kszta\u0142townik\u00f3w stalowych porytych lakierem proszkowym biurko wyposa\u017cone w cztery stopki niebrudz\u0105ce powierzchni kontenerek i blat wykonany z p\u0142yty meblowej laminowanej szuflady wyposa\u017cone w prowadnice rolkowe, umo\u017cliwiaj\u0105ce ich ca\u0142kowite wyci\u0105gni\u0119cie kontenerek wyposa\u017cony w zamek centralny blokuj\u0105cy mo\u017cliwo\u015b\u0107 otwarcia szuflad kontenerek wyposa\u017cony w tworzywowe st\u00f3pki niebrudzace powierzchni na [&hellip;]<\/p>\n","protected":false},"featured_media":3146,"template":"","meta":[],"product_brand":[],"product_cat":[133,122],"product_tag":[],"class_list":{"0":"post-3145","1":"product","2":"type-product","3":"status-publish","4":"has-post-thumbnail","6":"product_cat-pozostale-2","7":"product_cat-wyposazenie-szpitalne","9":"first","10":"instock","11":"shipping-taxable","12":"product-type-simple"},"aioseo_notices":[],"_links":{"self":[{"href":"https:\/\/metalowiec.com.pl\/ar\/wp-json\/wp\/v2\/product\/3145","targetHints":{"allow":["GET"]}}],"collection":[{"href":"https:\/\/metalowiec.com.pl\/ar\/wp-json\/wp\/v2\/product"}],"about":[{"href":"https:\/\/metalowiec.com.pl\/ar\/wp-json\/wp\/v2\/types\/product"}],"wp:featuredmedia":[{"embeddable":true,"href":"https:\/\/metalowiec.com.pl\/ar\/wp-json\/wp\/v2\/media\/3146"}],"wp:attachment":[{"href":"https:\/\/metalowiec.com.pl\/ar\/wp-json\/wp\/v2\/media?parent=3145"}],"wp:term":[{"taxonomy":"product_brand","embeddable":true,"href":"https:\/\/metalowiec.com.pl\/ar\/wp-json\/wp\/v2\/product_brand?post=3145"},{"taxonomy":"product_cat","embeddable":true,"href":"https:\/\/metalowiec.com.pl\/ar\/wp-json\/wp\/v2\/product_cat?post=3145"},{"taxonomy":"product_tag","embeddable":true,"href":"https:\/\/metalowiec.com.pl\/ar\/wp-json\/wp\/v2\/product_tag?post=3145"}],"curies":[{"name":"wp","href":"https:\/\/api.w.org\/{rel}","templated":true}]}}