{"id":3140,"date":"2018-10-03T11:32:45","date_gmt":"2018-10-03T09:32:45","guid":{"rendered":"http:\/\/metalowiec.dev.netk.pl\/?post_type=product&#038;p=3140"},"modified":"2022-02-14T09:48:53","modified_gmt":"2022-02-14T08:48:53","slug":"stolik-salowooddzialowy-z-miskami","status":"publish","type":"product","link":"https:\/\/metalowiec.com.pl\/ar\/product\/stolik-salowooddzialowy-z-miskami\/","title":{"rendered":"STOLIK SALOWOODDZIA\u0141OWY Z MISKAMI"},"content":{"rendered":"<div class=\"wpb-content-wrapper\"><p>[vc_row gap=&#8221;20&#8243; el_class=&#8221;m-b-md&#8221;][vc_column width=&#8221;2\/3&#8243;][vc_custom_heading text=&#8221;Opis&#8221; use_theme_fonts=&#8221;yes&#8221;][vc_column_text]<\/p>\n<ul>\n<li>Konstrukcja wykonana z profili stalowych o przekroju Fi 20 mm,<\/li>\n<li>malowana lakierem proszkowym<\/li>\n<li>Miska wykonana z stali nierdzewnej<\/li>\n<li>Tacki wykonane z blachy malowane proszkowo<\/li>\n<li>Cztery ko\u0142a jezdne o \u015brednicy 50 mm, w tym dwa z blokad\u0105<\/li>\n<\/ul>\n<p>[\/vc_column_text][\/vc_column][vc_column width=&#8221;1\/3&#8243;][vc_custom_heading text=&#8221;Parametry&#8221; use_theme_fonts=&#8221;yes&#8221;][vc_column_text]<\/p>\n<ul>\n<li>d\u0142ugo\u015b\u0107 510mm \u00b1 10mm<\/li>\n<li>szeroko\u015b\u0107 465mm \u00b1 10mm<\/li>\n<li>wysoko\u015b\u0107850mm \u00b110mm<\/li>\n<\/ul>\n<p>[\/vc_column_text][\/vc_column][\/vc_row][vc_row][vc_column][vc_custom_heading text=&#8221;Kolorystyka&#8221; use_theme_fonts=&#8221;yes&#8221;][vc_column_text]<\/p>\n<ul class=\"variants-list\">\n<li class=\"color-tile\">Farba proszkowa<\/li>\n<li class=\"ral ral-7035\">RAL 7035<\/li>\n<li class=\"ral ral-9006\">RAL 9006<\/li>\n<li class=\"ral ral-9007\">RAL 9007<\/li>\n<li class=\"ral ral-1015\">RAL 1015<\/li>\n<li class=\"ral ral-5024\">RAL 5024<\/li>\n<li class=\"ral ral-9005\">RAL 9005<\/li>\n<li class=\"ral ral-9016\">RAL 9016<\/li>\n<li class=\"ral ral-6018\">RAL 6018<\/li>\n<li class=\"ral RAL-1003\">RAL 1003<\/li>\n<li class=\"ral RAL-3002\">RAL 3002<\/li>\n<\/ul>\n<p>[\/vc_column_text][\/vc_column][\/vc_row]<\/p>\n<\/div>","protected":false},"excerpt":{"rendered":"<p>[vc_row gap=&#8221;20&#8243; el_class=&#8221;m-b-md&#8221;][vc_column width=&#8221;2\/3&#8243;][vc_custom_heading text=&#8221;Opis&#8221; use_theme_fonts=&#8221;yes&#8221;][vc_column_text] Konstrukcja wykonana z profili stalowych o przekroju Fi 20 mm, malowana lakierem proszkowym Miska wykonana z stali nierdzewnej Tacki wykonane z blachy malowane proszkowo Cztery ko\u0142a jezdne o \u015brednicy 50 mm, w tym dwa z blokad\u0105 [\/vc_column_text][\/vc_column][vc_column width=&#8221;1\/3&#8243;][vc_custom_heading text=&#8221;Parametry&#8221; use_theme_fonts=&#8221;yes&#8221;][vc_column_text] d\u0142ugo\u015b\u0107 510mm \u00b1 10mm szeroko\u015b\u0107 465mm \u00b1 10mm wysoko\u015b\u0107850mm [&hellip;]<\/p>\n","protected":false},"featured_media":3141,"template":"","meta":[],"product_brand":[],"product_cat":[133,122],"product_tag":[],"class_list":{"0":"post-3140","1":"product","2":"type-product","3":"status-publish","4":"has-post-thumbnail","6":"product_cat-pozostale-2","7":"product_cat-wyposazenie-szpitalne","9":"first","10":"instock","11":"shipping-taxable","12":"product-type-simple"},"aioseo_notices":[],"_links":{"self":[{"href":"https:\/\/metalowiec.com.pl\/ar\/wp-json\/wp\/v2\/product\/3140","targetHints":{"allow":["GET"]}}],"collection":[{"href":"https:\/\/metalowiec.com.pl\/ar\/wp-json\/wp\/v2\/product"}],"about":[{"href":"https:\/\/metalowiec.com.pl\/ar\/wp-json\/wp\/v2\/types\/product"}],"wp:featuredmedia":[{"embeddable":true,"href":"https:\/\/metalowiec.com.pl\/ar\/wp-json\/wp\/v2\/media\/3141"}],"wp:attachment":[{"href":"https:\/\/metalowiec.com.pl\/ar\/wp-json\/wp\/v2\/media?parent=3140"}],"wp:term":[{"taxonomy":"product_brand","embeddable":true,"href":"https:\/\/metalowiec.com.pl\/ar\/wp-json\/wp\/v2\/product_brand?post=3140"},{"taxonomy":"product_cat","embeddable":true,"href":"https:\/\/metalowiec.com.pl\/ar\/wp-json\/wp\/v2\/product_cat?post=3140"},{"taxonomy":"product_tag","embeddable":true,"href":"https:\/\/metalowiec.com.pl\/ar\/wp-json\/wp\/v2\/product_tag?post=3140"}],"curies":[{"name":"wp","href":"https:\/\/api.w.org\/{rel}","templated":true}]}}