{"id":3121,"date":"2018-10-03T11:17:17","date_gmt":"2018-10-03T09:17:17","guid":{"rendered":"http:\/\/metalowiec.dev.netk.pl\/?post_type=product&#038;p=3121"},"modified":"2018-10-12T10:20:50","modified_gmt":"2018-10-12T08:20:50","slug":"krzeslo-iso","status":"publish","type":"product","link":"https:\/\/metalowiec.com.pl\/ar\/product\/krzeslo-iso\/","title":{"rendered":"KRZES\u0141O ISO"},"content":{"rendered":"<div class=\"wpb-content-wrapper\"><p>[vc_row gap=&#8221;20&#8243; el_class=&#8221;m-b-md&#8221;][vc_column width=&#8221;2\/3&#8243;][vc_custom_heading text=&#8221;Opis&#8221; use_theme_fonts=&#8221;yes&#8221;][vc_column_text]<\/p>\n<ul>\n<li>konstrukcja wykonana z kszta\u0142townik\u00f3w stalowych owalnych porytych lakierem proszkowym lub powlok\u0142a niklowo-chromow\u0105<\/li>\n<li>siedzisko i oparcie wykonane w trzech wersjach tapicerowane, plastikowe lub z sklejki lakierowanej<\/li>\n<li>krzes\u0142o wyposa\u017cone w cztery stopki niebrudz\u0105ce powierzchni<\/li>\n<li>mo\u017cliwo\u015b\u0107 wykonania z pod\u0142okietnikami stalowymi lub z pulpitem<\/li>\n<li>mo\u017cliwo\u015b\u0107 wybory koloru atrap (maskownic) w wersji tapicerowanej szara oraz czarna<\/li>\n<\/ul>\n<p>[\/vc_column_text][\/vc_column][vc_column width=&#8221;1\/3&#8243;][vc_custom_heading text=&#8221;Parametry&#8221; use_theme_fonts=&#8221;yes&#8221;][vc_column_text]<\/p>\n<ul>\n<li>wymiar siedziska 460x430mm<\/li>\n<li>wysoko\u015b\u0107 ca\u0142kowita 790mm<\/li>\n<li>wysoko\u015b\u0107 siedziska 440mm<\/li>\n<\/ul>\n<p>[\/vc_column_text][\/vc_column][\/vc_row][vc_row][vc_column][vc_custom_heading text=&#8221;Kolorystyka&#8221; use_theme_fonts=&#8221;yes&#8221;][\/vc_column][\/vc_row][vc_row][vc_column width=&#8221;1\/3&#8243;][vc_column_text]<\/p>\n<ul class=\"variants-list\">\n<li class=\"color-tile\">Farba proszkowa- kolor siedzisk<\/li>\n<li class=\"ral ral-1021\">RAL 1021<\/li>\n<li class=\"ral ral-2003\">RAL 2003<\/li>\n<li class=\"ral ral-3002\">RAL 3002<\/li>\n<li class=\"ral ral-6034\">RAL 6034<\/li>\n<li class=\"ral ral-6019\">RAL 6019<\/li>\n<li class=\"ral ral-5021\">RAL 5021<\/li>\n<li class=\"ral ral-7035\">RAL 7035<\/li>\n<li class=\"ral ral-9005\">RAL 9005<\/li>\n<\/ul>\n<p>[\/vc_column_text][\/vc_column][vc_column width=&#8221;1\/3&#8243;][vc_column_text]Skaj<\/p>\n<p><img loading=\"lazy\" decoding=\"async\" class=\"alignleft size-full wp-image-3295\" src=\"http:\/\/metalowiec.com.pl\/wp-content\/uploads\/2018\/10\/tapicerka.jpg\" alt=\"\" width=\"215\" height=\"519\" \/>[\/vc_column_text][\/vc_column][vc_column width=&#8221;1\/3&#8243;][vc_column_text]Tkanina<\/p>\n<p><img loading=\"lazy\" decoding=\"async\" class=\"alignleft size-full wp-image-3332\" src=\"http:\/\/metalowiec.com.pl\/wp-content\/uploads\/2018\/10\/tkaninafotele-1.jpg\" alt=\"\" width=\"180\" height=\"622\" \/>[\/vc_column_text][\/vc_column][\/vc_row]<\/p>\n<\/div>","protected":false},"excerpt":{"rendered":"<p>[vc_row gap=&#8221;20&#8243; el_class=&#8221;m-b-md&#8221;][vc_column width=&#8221;2\/3&#8243;][vc_custom_heading text=&#8221;Opis&#8221; use_theme_fonts=&#8221;yes&#8221;][vc_column_text] konstrukcja wykonana z kszta\u0142townik\u00f3w stalowych owalnych porytych lakierem proszkowym lub powlok\u0142a niklowo-chromow\u0105 siedzisko i oparcie wykonane w trzech wersjach tapicerowane, plastikowe lub z sklejki lakierowanej krzes\u0142o wyposa\u017cone w cztery stopki niebrudz\u0105ce powierzchni mo\u017cliwo\u015b\u0107 wykonania z pod\u0142okietnikami stalowymi lub z pulpitem mo\u017cliwo\u015b\u0107 wybory koloru atrap (maskownic) w wersji tapicerowanej szara [&hellip;]<\/p>\n","protected":false},"featured_media":3126,"template":"","meta":[],"product_brand":[],"product_cat":[202,209,201,208],"product_tag":[],"class_list":{"0":"post-3121","1":"product","2":"type-product","3":"status-publish","4":"has-post-thumbnail","6":"product_cat-202","7":"product_cat-209","8":"product_cat-201","9":"product_cat-208","11":"first","12":"instock","13":"shipping-taxable","14":"product-type-simple"},"aioseo_notices":[],"_links":{"self":[{"href":"https:\/\/metalowiec.com.pl\/ar\/wp-json\/wp\/v2\/product\/3121","targetHints":{"allow":["GET"]}}],"collection":[{"href":"https:\/\/metalowiec.com.pl\/ar\/wp-json\/wp\/v2\/product"}],"about":[{"href":"https:\/\/metalowiec.com.pl\/ar\/wp-json\/wp\/v2\/types\/product"}],"wp:featuredmedia":[{"embeddable":true,"href":"https:\/\/metalowiec.com.pl\/ar\/wp-json\/wp\/v2\/media\/3126"}],"wp:attachment":[{"href":"https:\/\/metalowiec.com.pl\/ar\/wp-json\/wp\/v2\/media?parent=3121"}],"wp:term":[{"taxonomy":"product_brand","embeddable":true,"href":"https:\/\/metalowiec.com.pl\/ar\/wp-json\/wp\/v2\/product_brand?post=3121"},{"taxonomy":"product_cat","embeddable":true,"href":"https:\/\/metalowiec.com.pl\/ar\/wp-json\/wp\/v2\/product_cat?post=3121"},{"taxonomy":"product_tag","embeddable":true,"href":"https:\/\/metalowiec.com.pl\/ar\/wp-json\/wp\/v2\/product_tag?post=3121"}],"curies":[{"name":"wp","href":"https:\/\/api.w.org\/{rel}","templated":true}]}}