{"id":3116,"date":"2018-10-03T11:13:45","date_gmt":"2018-10-03T09:13:45","guid":{"rendered":"http:\/\/metalowiec.dev.netk.pl\/?post_type=product&#038;p=3116"},"modified":"2023-05-25T11:12:18","modified_gmt":"2023-05-25T09:12:18","slug":"lawka-iso","status":"publish","type":"product","link":"https:\/\/metalowiec.com.pl\/ar\/product\/lawka-iso\/","title":{"rendered":"\u0141AWKA ISO"},"content":{"rendered":"<div class=\"wpb-content-wrapper\"><p>[vc_row gap=&#8221;20&#8243; el_class=&#8221;m-b-md&#8221;][vc_column width=&#8221;2\/3&#8243;][vc_custom_heading text=&#8221;Opis&#8221; use_theme_fonts=&#8221;yes&#8221;][vc_column_text]<\/p>\n<ul>\n<li>konstrukcja wykonana z kszta\u0142townik\u00f3w stalowych i owalnych \u00a0porytych lakierem proszkowym<\/li>\n<li>siedzisko i oparcie wykonane w dw\u00f3ch wersjach tapicerowane lub plastikowe<\/li>\n<li>krzes\u0142o wyposa\u017cone w cztery stopki niebrudz\u0105ce powierzchni<\/li>\n<li>mo\u017cliwo\u015b\u0107 wybory koloru atrap (maskownic) w wersji tapicerowanej szara oraz czarna<\/li>\n<li>wykonanie w wersji od dw\u00f3ch do pi\u0119ciu miejsc<\/li>\n<\/ul>\n<p>[\/vc_column_text][\/vc_column][vc_column width=&#8221;1\/3&#8243;][vc_custom_heading text=&#8221;Parametry&#8221; use_theme_fonts=&#8221;yes&#8221;][vc_column_text]<\/p>\n<ul>\n<li>2 miejscowa d\u0142ugo\u015b\u0107 1055mm<\/li>\n<li>3 miejscowa d\u0142ugo\u015b\u0107 1660mm<\/li>\n<li>4 miejscowa d\u0142ugo\u015b\u0107 2245mm<\/li>\n<li>5 miejscowa d\u0142ugo\u015b\u0107 2840mm<\/li>\n<li>wysoko\u015b\u0107 siedziska 445mm<\/li>\n<li>wysoko\u015b\u0107 ca\u0142kowita 810mm<\/li>\n<li>g\u0142\u0119boko\u015b\u0107 570mm<\/li>\n<\/ul>\n<p>[\/vc_column_text][\/vc_column][\/vc_row][vc_row][vc_column][vc_custom_heading text=&#8221;Kolorystyka&#8221; use_theme_fonts=&#8221;yes&#8221;][vc_column_text]<\/p>\n<ul class=\"variants-list\">\n<li class=\"color-tile\">Farba proszkowa- kolor siedzisk<\/li>\n<li class=\"ral ral-1021\">RAL 1021<\/li>\n<li class=\"ral ral-2003\">RAL 2003<\/li>\n<li class=\"ral ral-3002\">RAL 3002<\/li>\n<li class=\"ral ral-6034\">RAL 6034<\/li>\n<li class=\"ral ral-6019\">RAL 6019<\/li>\n<li class=\"ral ral-5021\">RAL 5021<\/li>\n<li class=\"ral ral-7035\">RAL 7035<\/li>\n<li class=\"ral ral-9005\">RAL 9005<\/li>\n<\/ul>\n<p>[\/vc_column_text][\/vc_column][\/vc_row]<\/p>\n<\/div>","protected":false},"excerpt":{"rendered":"<p>[vc_row gap=&#8221;20&#8243; el_class=&#8221;m-b-md&#8221;][vc_column width=&#8221;2\/3&#8243;][vc_custom_heading text=&#8221;Opis&#8221; use_theme_fonts=&#8221;yes&#8221;][vc_column_text] konstrukcja wykonana z kszta\u0142townik\u00f3w stalowych i owalnych \u00a0porytych lakierem proszkowym siedzisko i oparcie wykonane w dw\u00f3ch wersjach tapicerowane lub plastikowe krzes\u0142o wyposa\u017cone w cztery stopki niebrudz\u0105ce powierzchni mo\u017cliwo\u015b\u0107 wybory koloru atrap (maskownic) w wersji tapicerowanej szara oraz czarna wykonanie w wersji od dw\u00f3ch do pi\u0119ciu miejsc [\/vc_column_text][\/vc_column][vc_column width=&#8221;1\/3&#8243;][vc_custom_heading text=&#8221;Parametry&#8221; [&hellip;]<\/p>\n","protected":false},"featured_media":3117,"template":"","meta":[],"product_brand":[],"product_cat":[202,209,201,208],"product_tag":[],"class_list":{"0":"post-3116","1":"product","2":"type-product","3":"status-publish","4":"has-post-thumbnail","6":"product_cat-202","7":"product_cat-209","8":"product_cat-201","9":"product_cat-208","11":"first","12":"instock","13":"shipping-taxable","14":"product-type-simple"},"aioseo_notices":[],"_links":{"self":[{"href":"https:\/\/metalowiec.com.pl\/ar\/wp-json\/wp\/v2\/product\/3116","targetHints":{"allow":["GET"]}}],"collection":[{"href":"https:\/\/metalowiec.com.pl\/ar\/wp-json\/wp\/v2\/product"}],"about":[{"href":"https:\/\/metalowiec.com.pl\/ar\/wp-json\/wp\/v2\/types\/product"}],"wp:featuredmedia":[{"embeddable":true,"href":"https:\/\/metalowiec.com.pl\/ar\/wp-json\/wp\/v2\/media\/3117"}],"wp:attachment":[{"href":"https:\/\/metalowiec.com.pl\/ar\/wp-json\/wp\/v2\/media?parent=3116"}],"wp:term":[{"taxonomy":"product_brand","embeddable":true,"href":"https:\/\/metalowiec.com.pl\/ar\/wp-json\/wp\/v2\/product_brand?post=3116"},{"taxonomy":"product_cat","embeddable":true,"href":"https:\/\/metalowiec.com.pl\/ar\/wp-json\/wp\/v2\/product_cat?post=3116"},{"taxonomy":"product_tag","embeddable":true,"href":"https:\/\/metalowiec.com.pl\/ar\/wp-json\/wp\/v2\/product_tag?post=3116"}],"curies":[{"name":"wp","href":"https:\/\/api.w.org\/{rel}","templated":true}]}}