{"id":3087,"date":"2018-10-03T11:06:32","date_gmt":"2018-10-03T09:06:32","guid":{"rendered":"http:\/\/metalowiec.dev.netk.pl\/?post_type=product&#038;p=3087"},"modified":"2023-05-19T15:00:32","modified_gmt":"2023-05-19T13:00:32","slug":"fotele-obrotowe","status":"publish","type":"product","link":"https:\/\/metalowiec.com.pl\/ar\/product\/fotele-obrotowe\/","title":{"rendered":"FOTELE OBROTOWE"},"content":{"rendered":"<div class=\"wpb-content-wrapper\"><p>[vc_row gap=&#8221;20&#8243; el_class=&#8221;m-b-md&#8221;][vc_column width=&#8221;2\/3&#8243;][vc_custom_heading text=&#8221;Opis&#8221; use_theme_fonts=&#8221;yes&#8221;][vc_column_text]<\/p>\n<ul>\n<li>pi\u0119cioramienna tworzywowa podstawa jezdna, metalowa lub chromowana (opcja- tylko przy regulacji przy pomocy spr\u0119\u017cyny gazowej ) z pi\u0119cioma tworzywowymi\u00a0 ko\u0142ami jezdnymi lub na stopkach (opcja)<\/li>\n<li>regulacja zakresu wysoko\u015bci odbywa si\u0119 przy pomocy d\u017awigni spr\u0119\u017cyny gazowej (opcjonalnie wykonanie w wersji chromowanej) lub przy pomocy mechanizmu zaciskowego<\/li>\n<li>regulacja wysoko\u015bci oparcia przy pomocy mechanizmu zaciskowego<\/li>\n<li>mo\u017cliwo\u015b\u0107 wyboru koloru podstawy, pod\u0142okietnik\u00f3w oraz maskownic<\/li>\n<li>mo\u017cliwo\u015b\u0107 wykonania krzes\u0142a z tworzywowymi pod\u0142okietnikami<\/li>\n<li>siedzisko i oparcie tapicerowane tkanin\u0105 tapicersk\u0105, skajem lub lakierowan\u0105 sklejk\u0105 drewnopodobna<\/li>\n<li>mo\u017cliwo\u015b\u0107 zainstalowania zag\u0142\u00f3wka (opcja)<\/li>\n<\/ul>\n<p>[\/vc_column_text][\/vc_column][vc_column width=&#8221;1\/3&#8243;][vc_custom_heading text=&#8221;Parametry&#8221; use_theme_fonts=&#8221;yes&#8221;][vc_column_text]<\/p>\n<ul>\n<li>Regulacja wysoko\u015bci spr\u0119\u017cyna gazowa na k\u00f3\u0142kach w zakresie 43-54 cm, &#8211; 49-61cm (opcja) i &#8211; 49-75 cm (opcja)<\/li>\n<li>regulacja wysoko\u015bci mechanizm zaciskowy na k\u00f3\u0142kach w zakresie 46-58cm<\/li>\n<li>\u015brednica podstawy 580mm<\/li>\n<li>wysoko\u015b\u0107 pod\u0142okietnik\u00f3w 220mm<\/li>\n<li>g\u0142\u0119boko\u015b\u0107 460mm<\/li>\n<\/ul>\n<p>[\/vc_column_text][\/vc_column][\/vc_row][vc_row][vc_column][vc_custom_heading text=&#8221;Kolorystyka&#8221; use_theme_fonts=&#8221;yes&#8221;][\/vc_column][\/vc_row][vc_row][vc_column width=&#8221;1\/3&#8243;][vc_column_text]<\/p>\n<ul class=\"variants-list\">\n<li class=\"color-tile\">Farba proszkowa<\/li>\n<li class=\"ral ral-1015\">RAL 1015<\/li>\n<li class=\"ral ral-7035\">RAL 7035<\/li>\n<li class=\"ral ral-9005\">RAL 9005<\/li>\n<li class=\"ral ral-9007\">RAL 9007<\/li>\n<li class=\"ral ral-9016\">RAL 9016<\/li>\n<li class=\"ral ral-5024\">RAL 5024<\/li>\n<li class=\"ral RAL-3002\">RAL 3002<\/li>\n<li class=\"ral RAL-1003\">RAL 1003<\/li>\n<li class=\"ral ral-6018\">RAL 6018<\/li>\n<li class=\"ral ral-9006\">RAL 9006<\/li>\n<\/ul>\n<p>[\/vc_column_text][\/vc_column][vc_column width=&#8221;1\/3&#8243;][vc_column_text]Tapicerka\u00a0(ze wzgl\u0119du na r\u00f3\u017cne parametry monitor\u00f3w, podana kolorystyka mo\u017ce si\u0119 r\u00f3\u017cni\u0107 od rzeczywistej)<\/p>\n<p>Skaj<\/p>\n<p><img loading=\"lazy\" decoding=\"async\" class=\"alignleft size-full wp-image-3295\" src=\"http:\/\/metalowiec.com.pl\/wp-content\/uploads\/2018\/10\/tapicerka.jpg\" alt=\"\" width=\"215\" height=\"519\" \/>[\/vc_column_text][\/vc_column][vc_column width=&#8221;1\/3&#8243;][vc_column_text]Tkanina<\/p>\n<p><img loading=\"lazy\" decoding=\"async\" class=\"alignleft size-full wp-image-3332\" src=\"http:\/\/metalowiec.com.pl\/wp-content\/uploads\/2018\/10\/tkaninafotele-1.jpg\" alt=\"\" width=\"180\" height=\"622\" \/>[\/vc_column_text][\/vc_column][\/vc_row]<\/p>\n<\/div>","protected":false},"excerpt":{"rendered":"<p>[vc_row gap=&#8221;20&#8243; el_class=&#8221;m-b-md&#8221;][vc_column width=&#8221;2\/3&#8243;][vc_custom_heading text=&#8221;Opis&#8221; use_theme_fonts=&#8221;yes&#8221;][vc_column_text] pi\u0119cioramienna tworzywowa podstawa jezdna, metalowa lub chromowana (opcja- tylko przy regulacji przy pomocy spr\u0119\u017cyny gazowej ) z pi\u0119cioma tworzywowymi\u00a0 ko\u0142ami jezdnymi lub na stopkach (opcja) regulacja zakresu wysoko\u015bci odbywa si\u0119 przy pomocy d\u017awigni spr\u0119\u017cyny gazowej (opcjonalnie wykonanie w wersji chromowanej) lub przy pomocy mechanizmu zaciskowego regulacja wysoko\u015bci oparcia przy [&hellip;]<\/p>\n","protected":false},"featured_media":3088,"template":"","meta":[],"product_brand":[],"product_cat":[202,209,201,208],"product_tag":[],"class_list":{"0":"post-3087","1":"product","2":"type-product","3":"status-publish","4":"has-post-thumbnail","6":"product_cat-202","7":"product_cat-209","8":"product_cat-201","9":"product_cat-208","11":"first","12":"instock","13":"shipping-taxable","14":"product-type-simple"},"aioseo_notices":[],"_links":{"self":[{"href":"https:\/\/metalowiec.com.pl\/ar\/wp-json\/wp\/v2\/product\/3087","targetHints":{"allow":["GET"]}}],"collection":[{"href":"https:\/\/metalowiec.com.pl\/ar\/wp-json\/wp\/v2\/product"}],"about":[{"href":"https:\/\/metalowiec.com.pl\/ar\/wp-json\/wp\/v2\/types\/product"}],"wp:featuredmedia":[{"embeddable":true,"href":"https:\/\/metalowiec.com.pl\/ar\/wp-json\/wp\/v2\/media\/3088"}],"wp:attachment":[{"href":"https:\/\/metalowiec.com.pl\/ar\/wp-json\/wp\/v2\/media?parent=3087"}],"wp:term":[{"taxonomy":"product_brand","embeddable":true,"href":"https:\/\/metalowiec.com.pl\/ar\/wp-json\/wp\/v2\/product_brand?post=3087"},{"taxonomy":"product_cat","embeddable":true,"href":"https:\/\/metalowiec.com.pl\/ar\/wp-json\/wp\/v2\/product_cat?post=3087"},{"taxonomy":"product_tag","embeddable":true,"href":"https:\/\/metalowiec.com.pl\/ar\/wp-json\/wp\/v2\/product_tag?post=3087"}],"curies":[{"name":"wp","href":"https:\/\/api.w.org\/{rel}","templated":true}]}}