{"id":2980,"date":"2018-10-03T10:00:19","date_gmt":"2018-10-03T08:00:19","guid":{"rendered":"http:\/\/metalowiec.dev.netk.pl\/?post_type=product&#038;p=2980"},"modified":"2026-03-09T10:21:40","modified_gmt":"2026-03-09T09:21:40","slug":"szafka-przylozkowa-sp-01","status":"publish","type":"product","link":"https:\/\/metalowiec.com.pl\/ar\/product\/szafka-przylozkowa-sp-01\/","title":{"rendered":"SZAFKA PRZY\u0141\u00d3\u017bKOWA SP-01"},"content":{"rendered":"<div class=\"wpb-content-wrapper\"><p>[vc_row gap=&#8221;20&#8243; el_class=&#8221;m-b-md&#8221;][vc_column width=&#8221;2\/3&#8243;][vc_custom_heading text=&#8221;Opis&#8221; use_theme_fonts=&#8221;yes&#8221;][vc_column_text]<\/p>\n<ul>\n<li>Szafka wykonana z p\u0142yty meblowej<\/li>\n<li>Szafka wyposa\u017cona w jedna szuflad\u0119 na prowadnicach rolkowych, kontenerek z p\u00f3\u0142ka i drzwiczkami, pomi\u0119dzy szuflad\u0105 a kontenerkiem wolna przestrze\u0144.<\/li>\n<li>Szafka wyposa\u017cona w dodatkowy blat boczny obrotowy o wymiarach 620x420mm\u00a0 z regulacj\u0105 wysoko\u015bci\u00a0 w zakresie 800-1010mm<\/li>\n<li>Szafka na czterech k\u00f3\u0142kach w tym dwa z blokad\u0105.<\/li>\n<li>Szuflada i drzwiczki wyposa\u017cone w uchwyty do otwierania ze stali nierdzewnej<\/li>\n<\/ul>\n<p>[\/vc_column_text][\/vc_column][vc_column width=&#8221;1\/3&#8243;][vc_custom_heading text=&#8221;Parametry&#8221; use_theme_fonts=&#8221;yes&#8221;][vc_column_text]<\/p>\n<ul>\n<li>szeroko\u015b\u0107 520mm<\/li>\n<li>g\u0142\u0119boko\u015b\u0107 420mm<\/li>\n<li>wysoko\u015b\u0107 800mm<\/li>\n<\/ul>\n<p>[\/vc_column_text][\/vc_column][\/vc_row][vc_row][vc_column][vc_custom_heading text=&#8221;Kolorystyka&#8221; use_theme_fonts=&#8221;yes&#8221;][vc_column_text css=&#8221;&#8221; css_params=&#8221;&#8221;]<\/p>\n<ul class=\"variants-list\">\n<li class=\"color-tile\">Szafki drewniane<\/li>\n<li class=\"ral r4634\">Olcha g\u00f3rska<\/li>\n<li class=\"ral r5113\">Buk bawaria<\/li>\n<li class=\"ral r4966\">Calvados<\/li>\n<li class=\"ral r4968\">Wi\u015bnia Oxford<\/li>\n<li class=\"ral r7035\">Jasnoszary<\/li>\n<li class=\"ral r9016\">Bia\u0142y<\/li>\n<\/ul>\n<p>[\/vc_column_text][\/vc_column][\/vc_row]<\/p>\n<\/div>","protected":false},"excerpt":{"rendered":"<p>[vc_row gap=&#8221;20&#8243; el_class=&#8221;m-b-md&#8221;][vc_column width=&#8221;2\/3&#8243;][vc_custom_heading text=&#8221;Opis&#8221; use_theme_fonts=&#8221;yes&#8221;][vc_column_text] Szafka wykonana z p\u0142yty meblowej Szafka wyposa\u017cona w jedna szuflad\u0119 na prowadnicach rolkowych, kontenerek z p\u00f3\u0142ka i drzwiczkami, pomi\u0119dzy szuflad\u0105 a kontenerkiem wolna przestrze\u0144. Szafka wyposa\u017cona w dodatkowy blat boczny obrotowy o wymiarach 620x420mm\u00a0 z regulacj\u0105 wysoko\u015bci\u00a0 w zakresie 800-1010mm Szafka na czterech k\u00f3\u0142kach w tym dwa z blokad\u0105. [&hellip;]<\/p>\n","protected":false},"featured_media":5541,"template":"","meta":[],"product_brand":[],"product_cat":[121,119],"product_tag":[],"class_list":{"0":"post-2980","1":"product","2":"type-product","3":"status-publish","4":"has-post-thumbnail","6":"product_cat-szafki-drewniane","7":"product_cat-szafki-przylozkowe","9":"first","10":"instock","11":"shipping-taxable","12":"product-type-simple"},"aioseo_notices":[],"_links":{"self":[{"href":"https:\/\/metalowiec.com.pl\/ar\/wp-json\/wp\/v2\/product\/2980","targetHints":{"allow":["GET"]}}],"collection":[{"href":"https:\/\/metalowiec.com.pl\/ar\/wp-json\/wp\/v2\/product"}],"about":[{"href":"https:\/\/metalowiec.com.pl\/ar\/wp-json\/wp\/v2\/types\/product"}],"wp:featuredmedia":[{"embeddable":true,"href":"https:\/\/metalowiec.com.pl\/ar\/wp-json\/wp\/v2\/media\/5541"}],"wp:attachment":[{"href":"https:\/\/metalowiec.com.pl\/ar\/wp-json\/wp\/v2\/media?parent=2980"}],"wp:term":[{"taxonomy":"product_brand","embeddable":true,"href":"https:\/\/metalowiec.com.pl\/ar\/wp-json\/wp\/v2\/product_brand?post=2980"},{"taxonomy":"product_cat","embeddable":true,"href":"https:\/\/metalowiec.com.pl\/ar\/wp-json\/wp\/v2\/product_cat?post=2980"},{"taxonomy":"product_tag","embeddable":true,"href":"https:\/\/metalowiec.com.pl\/ar\/wp-json\/wp\/v2\/product_tag?post=2980"}],"curies":[{"name":"wp","href":"https:\/\/api.w.org\/{rel}","templated":true}]}}