{"id":2950,"date":"2018-10-03T09:54:00","date_gmt":"2018-10-03T07:54:00","guid":{"rendered":"http:\/\/metalowiec.dev.netk.pl\/?post_type=product&#038;p=2950"},"modified":"2026-02-11T14:06:44","modified_gmt":"2026-02-11T13:06:44","slug":"szafka-przylozkowa-sm-03","status":"publish","type":"product","link":"https:\/\/metalowiec.com.pl\/ar\/product\/szafka-przylozkowa-sm-03\/","title":{"rendered":"SZAFKA PRZY\u0141\u00d3\u017bKOWA SM-03"},"content":{"rendered":"<div class=\"wpb-content-wrapper\"><p>[vc_row gap=&#8221;20&#8243; el_class=&#8221;m-b-md&#8221;][vc_column width=&#8221;2\/3&#8243;][vc_custom_heading text=&#8221;Opis&#8221; use_theme_fonts=&#8221;yes&#8221;][vc_column_text]<\/p>\n<ul>\n<li>konstrukcja szafki z blachy stalowej malowanej proszkowo.<\/li>\n<li>szafka wyposa\u017cona w szuflad\u0119 na prowadnicach rolkowych oraz drzwiczki zamykane z zatrzaskiem magnetycznym<\/li>\n<li>blat boczny o wymiarach ok. 550x340mm\u00a0 z regulowan\u0105 wysoko\u015bci\u0105 w zakresie 900-1030mm<\/li>\n<li>szafka o wymiarach 420x560mm wysoko\u015b\u0107 840mm<\/li>\n<li>szafka wyposa\u017cona w cztery k\u00f3\u0142ka o \u015brednicy 50mm z czego dwa z hamulcami<\/li>\n<li>powierzchnia szafki odporna na dzia\u0142anie \u015brodk\u00f3w dezynfekcyjnych<\/li>\n<li>drzwi szafki i szuflady malowane w kolorach dopasowanych do blat\u00f3w szafek do uzgodnienia.<\/li>\n<li>blaty szafki z p\u0142yty meblowej (opcja p\u0142yta HPL lub ABS)<\/li>\n<li>opcjonalnie szafka wyposa\u017cona w dolnej cz\u0119\u015bci w p\u00f3\u0142k\u0119 na obuwie z siatki metalowej<\/li>\n<li>opcjonalnie szafka dwustronna<\/li>\n<\/ul>\n<p>[\/vc_column_text][\/vc_column][vc_column width=&#8221;1\/3&#8243;][vc_custom_heading text=&#8221;Parametry&#8221; use_theme_fonts=&#8221;yes&#8221;][vc_column_text]<\/p>\n<ul>\n<li>szeroko\u015b\u0107 560mm<\/li>\n<li>g\u0142\u0119boko\u015b\u0107 430mm<\/li>\n<li>wysoko\u015b\u0107 840mm<\/li>\n<li>regulacja blatu bocznego 900mm-1030mm<\/li>\n<\/ul>\n<p>[\/vc_column_text][\/vc_column][\/vc_row][vc_row][vc_column][vc_custom_heading text=&#8221;Kolorystyka&#8221; use_theme_fonts=&#8221;yes&#8221;][\/vc_column][\/vc_row][vc_row][vc_column width=&#8221;1\/3&#8243;][vc_column_text el_class=&#8221;flex-colors&#8221;]<\/p>\n<ul class=\"variants-list\">\n<li class=\"color-tile\">RAL &#8211; elementy metalowe<\/li>\n<li class=\"ral ral-7035\">RAL 7035<\/li>\n<li class=\"ral ral-9006\">RAL 9006<\/li>\n<li class=\"ral ral-9007\">RAL 9007<\/li>\n<li class=\"ral ral-1015\">RAL 1015<\/li>\n<li class=\"ral ral-5024\">RAL 5024<\/li>\n<li class=\"ral ral-9005\">RAL 9005<\/li>\n<li class=\"ral ral-9016\">RAL 9016<\/li>\n<li class=\"ral ral-6018\">RAL 6018<\/li>\n<li class=\"ral RAL-1003\">RAL 1003<\/li>\n<li class=\"ral RAL-3002\">RAL 3002<\/li>\n<\/ul>\n<p>[\/vc_column_text][\/vc_column][vc_column width=&#8221;1\/3&#8243;][vc_column_text css=&#8221;&#8221; css_params=&#8221;&#8221;]<\/p>\n<ul class=\"variants-list\">\n<li class=\"color-tile\">P\u0142yta laminowa &#8211; blaty<\/li>\n<li class=\"ral ral-7035\">Popiel<\/li>\n<li class=\"ral r5113\">Buk bawaria<\/li>\n<li class=\"ral r9016\">Bia\u0142y<\/li>\n<li class=\"ral r4634\">Olcha g\u00f3rska<\/li>\n<li class=\"ral u3112\">Limonka<\/li>\n<li class=\"ral f8985\">Pomara\u0144czowy<\/li>\n<li class=\"ral u1508\">\u017b\u00f3\u0142ty<\/li>\n<\/ul>\n<p>[\/vc_column_text][vc_column_text css=&#8221;&#8221; css_params=&#8221;&#8221;]Kolory Limonka, Pomara\u0144czowy, \u017b\u00f3\u0142ty dost\u0119pne tylko po uzgodnieniu z Dzia\u0142em Handlowym[\/vc_column_text][\/vc_column][vc_column width=&#8221;1\/3&#8243;][vc_column_text css=&#8221;&#8221; css_params=&#8221;&#8221;]<\/p>\n<ul class=\"variants-list\">\n<li class=\"color-tile\">P\u0142yta HPL &#8211; blaty<\/li>\n<li class=\"ral ral-7035\">Popiel<\/li>\n<li class=\"ral r9016\">Bia\u0142y<\/li>\n<li class=\"ral u1717\">Niebieski Wodny<\/li>\n<li class=\"ral u1313\">Kremowy<\/li>\n<\/ul>\n<p>[\/vc_column_text][\/vc_column][\/vc_row]<\/p>\n<\/div>","protected":false},"excerpt":{"rendered":"<p>[vc_row gap=&#8221;20&#8243; el_class=&#8221;m-b-md&#8221;][vc_column width=&#8221;2\/3&#8243;][vc_custom_heading text=&#8221;Opis&#8221; use_theme_fonts=&#8221;yes&#8221;][vc_column_text] konstrukcja szafki z blachy stalowej malowanej proszkowo. szafka wyposa\u017cona w szuflad\u0119 na prowadnicach rolkowych oraz drzwiczki zamykane z zatrzaskiem magnetycznym blat boczny o wymiarach ok. 550x340mm\u00a0 z regulowan\u0105 wysoko\u015bci\u0105 w zakresie 900-1030mm szafka o wymiarach 420x560mm wysoko\u015b\u0107 840mm szafka wyposa\u017cona w cztery k\u00f3\u0142ka o \u015brednicy 50mm z czego dwa [&hellip;]<\/p>\n","protected":false},"featured_media":2975,"template":"","meta":[],"product_brand":[],"product_cat":[207,205],"product_tag":[],"class_list":{"0":"post-2950","1":"product","2":"type-product","3":"status-publish","4":"has-post-thumbnail","6":"product_cat-207","7":"product_cat-205","9":"first","10":"instock","11":"shipping-taxable","12":"product-type-simple"},"aioseo_notices":[],"_links":{"self":[{"href":"https:\/\/metalowiec.com.pl\/ar\/wp-json\/wp\/v2\/product\/2950","targetHints":{"allow":["GET"]}}],"collection":[{"href":"https:\/\/metalowiec.com.pl\/ar\/wp-json\/wp\/v2\/product"}],"about":[{"href":"https:\/\/metalowiec.com.pl\/ar\/wp-json\/wp\/v2\/types\/product"}],"wp:featuredmedia":[{"embeddable":true,"href":"https:\/\/metalowiec.com.pl\/ar\/wp-json\/wp\/v2\/media\/2975"}],"wp:attachment":[{"href":"https:\/\/metalowiec.com.pl\/ar\/wp-json\/wp\/v2\/media?parent=2950"}],"wp:term":[{"taxonomy":"product_brand","embeddable":true,"href":"https:\/\/metalowiec.com.pl\/ar\/wp-json\/wp\/v2\/product_brand?post=2950"},{"taxonomy":"product_cat","embeddable":true,"href":"https:\/\/metalowiec.com.pl\/ar\/wp-json\/wp\/v2\/product_cat?post=2950"},{"taxonomy":"product_tag","embeddable":true,"href":"https:\/\/metalowiec.com.pl\/ar\/wp-json\/wp\/v2\/product_tag?post=2950"}],"curies":[{"name":"wp","href":"https:\/\/api.w.org\/{rel}","templated":true}]}}