{"id":2659,"date":"2018-10-03T08:52:55","date_gmt":"2018-10-03T06:52:55","guid":{"rendered":"http:\/\/metalowiec.dev.netk.pl\/?post_type=product&#038;p=2659"},"modified":"2026-03-03T11:28:50","modified_gmt":"2026-03-03T10:28:50","slug":"a6-3st-w-obudowie-drewnianej","status":"publish","type":"product","link":"https:\/\/metalowiec.com.pl\/ar\/product\/a6-3st-w-obudowie-drewnianej\/","title":{"rendered":"A6\/3ST W OBUDOWIE DREWNIANEJ"},"content":{"rendered":"<div class=\"wpb-content-wrapper\"><p>[vc_row gap=&#8221;20&#8243; el_class=&#8221;m-b-md&#8221;][vc_column width=&#8221;2\/3&#8243;][vc_custom_heading text=&#8221;Opis&#8221; use_theme_fonts=&#8221;yes&#8221;][vc_column_text]<\/p>\n<ul>\n<li>le\u017ce \u0142\u00f3\u017cka czterosegmentowe z regulacja segment\u00f3w przy pomocy si\u0142ownik\u00f3w elektrycznych sterowanych pilotem<\/li>\n<li>regulacja wysoko\u015bci oraz poszczeg\u00f3lnych segment\u00f3w elektryczna za pomoc\u0105 pilota \u00a0\u00a0przewodowego<\/li>\n<li>regulacja segmentu podudzia mechanizmem zapadkowym .<\/li>\n<li>elektryczna funkcja Trendelenburga\u00a0 i anty-Trendelenburga<\/li>\n<li>blokada k\u00f3\u0142\u00a0 parami<\/li>\n<li>szczyty \u0142\u00f3\u017cka wykonane z p\u0142yty laminowanej, s\u0142upki z drewna bukowego<\/li>\n<li>barierki boczne wykonane z drewna na ca\u0142ej d\u0142ugo\u015bci \u0142\u00f3\u017cka opuszczane i podnoszone i demonta\u017cu bez u\u017cycia narz\u0119dzi<\/li>\n<li>wysuwana p\u00f3\u0142ka na po\u015bciel (opcja)<\/li>\n<li>centralny panel steruj\u0105cy ( opcja)<\/li>\n<li>autoregresja segmentu oparcia plec\u00f3w (opcja)<\/li>\n<li>autokontur<\/li>\n<li>tuleje do mocowania wysi\u0119gnika lub statywu kropl\u00f3wki<\/li>\n<li>kr\u0105\u017cki odbojowe<\/li>\n<\/ul>\n<p>[\/vc_column_text][vc_custom_heading text=&#8221;Wyposa\u017cenie dodatkowe&#8221; use_theme_fonts=&#8221;yes&#8221;][vc_column_text]<\/p>\n<ul>\n<li>barierki boczne &#8211; drewniane (mo\u017cliwo\u015b\u0107 zastosowania dwustopniowego podnoszenia)<\/li>\n<li>materace &#8211; wszystkie<\/li>\n<li>statyw kropl\u00f3wki przy\u0142\u00f3\u017ckowy<\/li>\n<li>wysi\u0119gnik r\u0119ki z podwieszk\u0105<\/li>\n<li>panel steruj\u0105cy<\/li>\n<li>odejmowana siatka<\/li>\n<li>podw\u00f3jna rama wyci\u0105gowa<\/li>\n<li>wysuwana p\u00f3\u0142ka na po\u015bciel<\/li>\n<li>uchwyt kaczki uchwyt basenu i haczyki na worek urologiczny<\/li>\n<li>ramka do karty gor\u0105czkowej<\/li>\n<\/ul>\n<p>[\/vc_column_text][\/vc_column][vc_column width=&#8221;1\/3&#8243;][vc_custom_heading text=&#8221;Parametry&#8221; use_theme_fonts=&#8221;yes&#8221;][vc_column_text]<\/p>\n<ul>\n<li>szeroko\u015b\u0107 ca\u0142kowita 1040mm \u00b1 10mm<\/li>\n<li>d\u0142ugo\u015b\u0107 ca\u0142kowita 2080mm \u00b1 10mm<\/li>\n<li>wymiary le\u017ca 2000x900mm \u00b1 10mm<\/li>\n<li>regulacja wysoko\u015bci 400 &#8211; 840mm \u00b1 5mm<\/li>\n<li>regulacja segmentu plec\u00f3w w zakresie 0\u00b0\u00b8 70\u00b0<\/li>\n<li>regulacja segmentu uda w zakresie 0\u00b0\u00b8 35\u00b0<\/li>\n<li>k\u0105t przechy\u0142u Trendelenburga 0 &#8211; 15\u00b0 (\u00b1 2\u00b0)<\/li>\n<li>k\u0105t przechy\u0142u anty-Trendelenburga 0 &#8211; 16\u00b0 (\u00b1 2\u00b0)<\/li>\n<li>zasilanie ~ 220 &#8211; 230 V,50Hz<\/li>\n<li>klasa ochrony II typ B<\/li>\n<\/ul>\n<p>[\/vc_column_text][\/vc_column][\/vc_row][vc_row][vc_column][vc_custom_heading text=&#8221;Kolorystyka&#8221; use_theme_fonts=&#8221;yes&#8221;][\/vc_column][\/vc_row][vc_row][vc_column width=&#8221;1\/2&#8243;][vc_column_text]<\/p>\n<ul class=\"variants-list\">\n<li class=\"color-tile\">Farba proszkowa<\/li>\n<li class=\"ral ral-7035\">RAL 7035<\/li>\n<li class=\"ral ral-9006\">RAL 9006<\/li>\n<li class=\"ral ral-9007\">RAL 9007<\/li>\n<li class=\"ral ral-1015\">RAL 1015<\/li>\n<li class=\"ral ral-5024\">RAL 5024<\/li>\n<li class=\"ral ral-9005\">RAL 9005<\/li>\n<li class=\"ral ral-9016\">RAL 9016<\/li>\n<li class=\"ral ral-6018\">RAL 6018<\/li>\n<li class=\"ral RAL-1003\">RAL 1003<\/li>\n<li class=\"ral RAL-3002\">RAL 3002<\/li>\n<\/ul>\n<p>[\/vc_column_text][\/vc_column][vc_column width=&#8221;1\/2&#8243;][vc_column_text css=&#8221;&#8221;]<\/p>\n<ul class=\"variants-list\">\n<li class=\"color-tile\">P\u0142yta laminowana<\/li>\n<li class=\"ral r4634\">Buk bawaria<\/li>\n<li class=\"ral r9016\"><\/li>\n<\/ul>\n<p class=\"ral ral-1015\">U\u00a0\u00a0 W\u00a0\u00a0 A\u00a0\u00a0 G\u00a0\u00a0 A<br \/>\nPodstawowym kolorem element\u00f3w drewnianych jest kolor Buk bawaria. Pozosta\u0142e kolory dost\u0119pne tylko w ilo\u015bciach powy\u017cej 50 sztuk lub po uzgodnieniu z Dzia\u0142em Handlowym.<\/p>\n<p>[\/vc_column_text][\/vc_column][\/vc_row][vc_row][vc_column][vc_single_image image=&#8221;5849&#8243; img_size=&#8221;full&#8221; css=&#8221;&#8221; css_params=&#8221;&#8221;][\/vc_column][\/vc_row]<\/p>\n<\/div>","protected":false},"excerpt":{"rendered":"<p>\u0141\u00f3\u017cko szpitalne A-63S\/T w obudowie drewnianej\u00a0 przeznaczone do leczenia i piel\u0119gnacji chorych na oddzia\u0142ach leczniczych, hospicjach DPS-ach oraz u\u017cytku domowego<\/p>\n","protected":false},"featured_media":5430,"template":"","meta":[],"product_brand":[],"product_cat":[113,111],"product_tag":[],"class_list":{"0":"post-2659","1":"product","2":"type-product","3":"status-publish","4":"has-post-thumbnail","6":"product_cat-lozka-do-opieki-dlugoterminowej","7":"product_cat-lozka-medyczne","9":"first","10":"instock","11":"featured","12":"shipping-taxable","13":"product-type-simple"},"aioseo_notices":[],"_links":{"self":[{"href":"https:\/\/metalowiec.com.pl\/ar\/wp-json\/wp\/v2\/product\/2659","targetHints":{"allow":["GET"]}}],"collection":[{"href":"https:\/\/metalowiec.com.pl\/ar\/wp-json\/wp\/v2\/product"}],"about":[{"href":"https:\/\/metalowiec.com.pl\/ar\/wp-json\/wp\/v2\/types\/product"}],"wp:featuredmedia":[{"embeddable":true,"href":"https:\/\/metalowiec.com.pl\/ar\/wp-json\/wp\/v2\/media\/5430"}],"wp:attachment":[{"href":"https:\/\/metalowiec.com.pl\/ar\/wp-json\/wp\/v2\/media?parent=2659"}],"wp:term":[{"taxonomy":"product_brand","embeddable":true,"href":"https:\/\/metalowiec.com.pl\/ar\/wp-json\/wp\/v2\/product_brand?post=2659"},{"taxonomy":"product_cat","embeddable":true,"href":"https:\/\/metalowiec.com.pl\/ar\/wp-json\/wp\/v2\/product_cat?post=2659"},{"taxonomy":"product_tag","embeddable":true,"href":"https:\/\/metalowiec.com.pl\/ar\/wp-json\/wp\/v2\/product_tag?post=2659"}],"curies":[{"name":"wp","href":"https:\/\/api.w.org\/{rel}","templated":true}]}}