{"id":4169,"date":"2018-10-16T08:55:44","date_gmt":"2018-10-16T06:55:44","guid":{"rendered":"http:\/\/metalowiec.dev.netk.pl\/%d8%a7%d9%84%d8%b5%d9%81%d8%ad%d8%a9-%d8%a7%d9%84%d8%b1%d8%a6%d9%8a%d8%b3%d9%8a%d8%a9\/"},"modified":"2022-07-01T13:12:11","modified_gmt":"2022-07-01T11:12:11","slug":"%d8%a7%d9%84%d8%b5%d9%81%d8%ad%d8%a9-%d8%a7%d9%84%d8%b1%d8%a6%d9%8a%d8%b3%d9%8a%d8%a9","status":"publish","type":"page","link":"https:\/\/metalowiec.com.pl\/ar\/","title":{"rendered":"\u0627\u0644\u0635\u0641\u062d\u0629 \u0627\u0644\u0631\u0626\u064a\u0633\u064a\u0629"},"content":{"rendered":"<div class=\"wpb-content-wrapper\"><p>[vc_row wrap_container=&#8221;yes&#8221;][vc_column offset=&#8221;vc_col-md-12 vc_col-xs-12&#8243; el_class=&#8221;order-2 home-banner-slider&#8221; css=&#8221;.vc_custom_1538044311584{margin-top: 20px !important;}&#8221;][rev_slider_vc alias=&#8221;slider-home&#8221;][\/vc_column][\/vc_row][vc_row full_width=&#8221;stretch_row&#8221; content_placement=&#8221;middle&#8221; wrap_container=&#8221;yes&#8221; css=&#8221;.vc_custom_1508571469836{margin-top: 20px !important;margin-bottom: 30px !important;padding-right: 40px !important;padding-left: 40px !important;background-color: #f4f4f4 !important;}&#8221; el_class=&#8221;home-bar&#8221;][vc_column css=&#8221;.vc_custom_1508571932904{padding-top: 20px !important;padding-bottom: 5px !important;}&#8221; offset=&#8221;vc_col-md-4&#8243;]<div class=\"porto-feature-box wpb_content_element  m-b-none\"><div class=\"feature-box feature-box-dark feature-box-style-2\"><div class=\"feature-box-icon feature-box-icon-dark\"><i class=\"porto-icon-star text-color-dark\" style=\"font-size:35px\"><\/i><\/div><div class=\"feature-box-info\"><div class=\"porto-u-heading  wpb_custom_95aa9a11c17ad45cfabaf210d84ee7cc porto-u-ad87e2eaf3f9c495180fe0156ddf3eb0 \"><div class=\"porto-u-main-heading\"><h3   style=\"font-weight:bold;color:#465157;font-size:14px;line-height:19px;\">\u062a\u0627\u0631\u064a\u062e \u0627\u0644\u062a\u0623\u0633\u064a\u0633 1976<\/h3><\/div><div class=\"porto-u-sub-heading\" style=\"color: #839199;font-size:13px;\">\u0644\u062f\u064a\u0646\u0627 \u0623\u0643\u062b\u0631 \u0645\u0646 40 \u0639\u0627\u0645\u0627 \u0645\u0646 \u0627\u0644\u062e\u0628\u0631\u0629<\/div><style>.porto-u-ad87e2eaf3f9c495180fe0156ddf3eb0.porto-u-heading{text-align:left}<\/style><\/div><\/div><\/div><\/div>[\/vc_column][vc_column text_align=&#8221;center&#8221; css=&#8221;.vc_custom_1508571672383{border-right-width: 1px !important;border-left-width: 1px !important;padding-top: 20px !important;padding-bottom: 5px !important;border-left-color: #ffffff !important;border-left-style: solid !important;border-right-color: #ffffff !important;border-right-style: solid !important;}&#8221; offset=&#8221;vc_col-md-4&#8243;]<div class=\"porto-feature-box wpb_content_element  m-b-none\"><div class=\"feature-box feature-box-dark feature-box-style-2\"><div class=\"feature-box-icon feature-box-icon-dark\"><i class=\"porto-icon-users text-color-dark\" style=\"font-size:35px\"><\/i><\/div><div class=\"feature-box-info\"><div class=\"porto-u-heading  wpb_custom_95aa9a11c17ad45cfabaf210d84ee7cc porto-u-ad87e2eaf3f9c495180fe0156ddf3eb0 \"><div class=\"porto-u-main-heading\"><h3   style=\"font-weight:bold;color:#465157;font-size:14px;line-height:19px;\">\u0646\u062e\u062f\u0645 \u0623\u0633\u0648\u0627\u0642\u0627 \u062e\u0627\u0631\u062c\u064a\u0629<\/h3><\/div><div class=\"porto-u-sub-heading\" style=\"color: #839199;font-size:13px;\">\u062f\u0648\u0644 \u0627\u0644\u0623\u062a\u062d\u0627\u062f \u0627\u0644\u0623\u0648\u0631\u0648\u0628\u064a \u0648\u0627\u0644\u0648\u0644\u0627\u064a\u0627\u062a \u0627\u0644\u0645\u062a\u062d\u062f\u0629 \u0648\u0623\u0641\u0631\u064a\u0642\u064a\u0627<\/div><style>.porto-u-ad87e2eaf3f9c495180fe0156ddf3eb0.porto-u-heading{text-align:left}<\/style><\/div><\/div><\/div><\/div>[\/vc_column][vc_column text_align=&#8221;center&#8221; css=&#8221;.vc_custom_1508571955475{padding-top: 20px !important;padding-bottom: 5px !important;}&#8221; offset=&#8221;vc_col-md-4&#8243;]<div class=\"porto-feature-box wpb_content_element  m-b-none\"><div class=\"feature-box feature-box-dark feature-box-style-2\"><div class=\"feature-box-icon feature-box-icon-dark\"><i class=\"porto-icon-check text-color-dark\" style=\"font-size:35px\"><\/i><\/div><div class=\"feature-box-info\"><div class=\"porto-u-heading  wpb_custom_95aa9a11c17ad45cfabaf210d84ee7cc porto-u-ad87e2eaf3f9c495180fe0156ddf3eb0 \"><div class=\"porto-u-main-heading\"><h3   style=\"font-weight:bold;color:#465157;font-size:14px;line-height:19px;\">\u062c\u0648\u062f\u0629 \u0639\u0627\u0644\u064a\u0629 \u0645\u0635\u062f\u0642\u0629<\/h3><\/div><div class=\"porto-u-sub-heading\" style=\"color: #839199;font-size:13px;\">\u0634\u0647\u0627\u062f\u0629 ISO 9001:2000<\/div><style>.porto-u-ad87e2eaf3f9c495180fe0156ddf3eb0.porto-u-heading{text-align:left}<\/style><\/div><\/div><\/div><\/div>[\/vc_column][\/vc_row][vc_row wrap_container=&#8221;yes&#8221; css=&#8221;.vc_custom_1538048739443{margin-bottom: 40px !important;}&#8221;][vc_column width=&#8221;1\/3&#8243;]<div class=\"porto-content-box featured-boxes wpb_content_element  featured-boxes-flat featured-boxes-style-8\"><div class=\"featured-box featured-box-primary featured-box-effect-4\"><div class=\"box-content\" style=\"\"><i class=\"icon-featured fas fa-tag text-color-primary\"><\/i>[vc_wp_custommenu nav_menu=&#8221;118&#8243;]<\/div><\/div><\/div>[\/vc_column][vc_column width=&#8221;1\/3&#8243;]<div class=\"porto-content-box featured-boxes wpb_content_element  featured-boxes-flat featured-boxes-style-8\"><div class=\"featured-box featured-box-primary featured-box-effect-4\"><div class=\"box-content\" style=\"\"><i class=\"icon-featured fas fa-tag text-color-primary\"><\/i>[vc_wp_custommenu nav_menu=&#8221;125&#8243;]<\/div><\/div><\/div>[\/vc_column][vc_column width=&#8221;1\/3&#8243;]<div class=\"porto-content-box featured-boxes wpb_content_element  featured-boxes-flat featured-boxes-style-8\"><div class=\"featured-box featured-box-primary featured-box-effect-4\"><div class=\"box-content\" style=\"\"><i class=\"icon-featured fas fa-tag text-color-primary\"><\/i>[vc_wp_custommenu nav_menu=&#8221;126&#8243;]<\/div><\/div><\/div>[\/vc_column][\/vc_row][vc_row full_width=&#8221;stretch_row&#8221; wrap_container=&#8221;yes&#8221; is_section=&#8221;yes&#8221; section_skin=&#8221;parallax&#8221; remove_margin_top=&#8221;yes&#8221; remove_margin_bottom=&#8221;yes&#8221; css=&#8221;.vc_custom_1489558295141{background-color: #f4f4f4 !important;}&#8221;][vc_column]<div id=\"porto-products-9e0c4dee1f2f2fd12506a77038e0d92c\" class=\"porto-products wpb_content_element custom-owl-dots-style-2 custom-owl-position-arrows-dots outimage wpb_custom_aeb2ba7df7a27d76048c02dc3283b7c5\"><h2 class=\"section-title slider-title\">\u0627\u0644\u0645\u0646\u062a\u062c\u0627\u062a \u0627\u0644\u0645\u0648\u0635\u0649 \u0628\u0647\u0627<\/h2><div class=\"slider-wrapper\"><div class=\"woocommerce columns-5 \"><ul class=\"products products-container products-slider owl-carousel dots-style-1 has-ccols has-ccols-spacing ccols-xl-5 ccols-lg-4 ccols-md-4 ccols-sm-3 ccols-2 pwidth-lg-5 pwidth-md-4 pwidth-xs-2 pwidth-ls-1 is-shortcode\"\r\n\t\tdata-plugin-options=\"{&quot;themeConfig&quot;:true,&quot;lg&quot;:5,&quot;md&quot;:4,&quot;xs&quot;:3,&quot;ls&quot;:2,&quot;dots&quot;:true,&quot;margin&quot;:20}\" data-product_layout=\"product-outimage\"\trole=\"none\">\r\n\r\n<li role=\"none\" class=\"product-col product-outimage product type-product post-4062 status-publish first instock product_cat-213 product_cat-215 has-post-thumbnail featured shipping-taxable product-type-simple\">\r\n<div class=\"product-inner\">\r\n\t\r\n\t<div class=\"product-image\">\r\n\r\n\t\t<a  href=\"https:\/\/metalowiec.com.pl\/ar\/product\/%e2%80%ab%e2%80%aab1-3s%e2%80%ac%e2%80%ac-%e2%80%ab%d8%a7%d9%84%d8%aa%d8%a3%d9%87%d9%8a%d9%84%e2%80%ac-%e2%80%ab%d9%b3%d8%b9%d8%a7%d8%af%d8%a9%e2%80%ac-%e2%80%ab%d8%b1%d8%b3%d9%8a%d8%b1%e2%80%ac\/\" aria-label=\"Go to product page\">\r\n\t\t\t<div class=\"inner\"><img loading=\"lazy\" decoding=\"async\" width=\"300\" height=\"225\" src=\"https:\/\/metalowiec.com.pl\/wp-content\/uploads\/2018\/10\/B13S-z-odbojami-300x225.jpeg\" class=\"attachment-woocommerce_thumbnail size-woocommerce_thumbnail\" alt=\"\u0141\u00f3\u017cko rehabilitacyjne elektryczne B1\/3S z wyposa\u017ceniem i odbojnikami\" \/><\/div>\t\t<\/a>\r\n\t\t\t<\/div>\r\n\r\n\t<div class=\"product-content\">\r\n\t\t<span class=\"category-list\"><a href=\"https:\/\/metalowiec.com.pl\/ar\/product-category\/%d8%a3%d8%b3%d8%b1%d8%a9-%d8%b7%d8%a8%d9%8a%d8%a9\/\" rel=\"tag\">\u0623\u0633\u0631\u0629 \u0637\u0628\u064a\u0629<\/a>, <a href=\"https:\/\/metalowiec.com.pl\/ar\/product-category\/%d8%a3%d8%b3%d8%b1%d8%a9-%d8%b7%d8%a8%d9%8a%d8%a9\/%d9%85%d8%b9%d8%af%d8%a7%d8%aa-%d8%a7%d9%84%d8%b3%d8%b1%d9%8a%d8%b1\/\" rel=\"tag\">\u0645\u0639\u062f\u0627\u062a \u0627\u0644\u0633\u0631\u064a\u0631<\/a><\/span>\r\n\t\t\t<a class=\"product-loop-title\"  href=\"https:\/\/metalowiec.com.pl\/ar\/product\/%e2%80%ab%e2%80%aab1-3s%e2%80%ac%e2%80%ac-%e2%80%ab%d8%a7%d9%84%d8%aa%d8%a3%d9%87%d9%8a%d9%84%e2%80%ac-%e2%80%ab%d9%b3%d8%b9%d8%a7%d8%af%d8%a9%e2%80%ac-%e2%80%ab%d8%b1%d8%b3%d9%8a%d8%b1%e2%80%ac\/\">\r\n\t<h3 class=\"woocommerce-loop-product__title\">\u0633\u0631\u064a\u0631 \u0625\u0639\u0627\u062f\u0629 \u0627\u0644\u062a\u0623\u0647\u064a\u0644 B1\/3S<\/h3>\t<\/a>\r\n\t\r\n\t\t\r\n\t\t<div class=\"add-links-wrap\">\r\n\t<div class=\"add-links no-effect clearfix\">\r\n\t\t\t\t<span id=\"woocommerce_loop_add_to_cart_link_describedby_4062\" class=\"screen-reader-text\">\r\n\t\t\t<\/span>\r\n\t\t\t<\/div>\r\n\t<\/div>\r\n\t<\/div>\r\n<\/div>\r\n\r\n<\/li>\r\n\r\n<li role=\"none\" class=\"product-col product-outimage product type-product post-2659 status-publish instock product_cat-lozka-do-opieki-dlugoterminowej product_cat-lozka-medyczne has-post-thumbnail featured shipping-taxable product-type-simple\">\r\n<div class=\"product-inner\">\r\n\t\r\n\t<div class=\"product-image\">\r\n\r\n\t\t<a  href=\"https:\/\/metalowiec.com.pl\/ar\/product\/a6-3st-w-obudowie-drewnianej\/\" aria-label=\"Go to product page\">\r\n\t\t\t<div class=\"inner\"><img loading=\"lazy\" decoding=\"async\" width=\"300\" height=\"225\" src=\"https:\/\/metalowiec.com.pl\/wp-content\/uploads\/2018\/10\/Lozko-rehabilitacyjne-A-6-3ST-w-obudowie-z-dzielonymi-barierkami-7-300x225.jpg\" class=\"attachment-woocommerce_thumbnail size-woocommerce_thumbnail\" alt=\"A6\/3ST W OBUDOWIE DREWNIANEJ\" \/><\/div>\t\t<\/a>\r\n\t\t\t<\/div>\r\n\r\n\t<div class=\"product-content\">\r\n\t\t<span class=\"category-list\"><a href=\"https:\/\/metalowiec.com.pl\/kategoria-produktu\/lozka-medyczne\/lozka-do-opieki-dlugoterminowej\/\" rel=\"tag\">\u0141\u00f3\u017cka do opieki d\u0142ugoterminowej<\/a>, <a href=\"https:\/\/metalowiec.com.pl\/kategoria-produktu\/lozka-medyczne\/\" rel=\"tag\">\u0141\u00f3\u017cka medyczne<\/a><\/span>\r\n\t\t\t<a class=\"product-loop-title\"  href=\"https:\/\/metalowiec.com.pl\/ar\/product\/a6-3st-w-obudowie-drewnianej\/\">\r\n\t<h3 class=\"woocommerce-loop-product__title\">A6\/3ST W OBUDOWIE DREWNIANEJ<\/h3>\t<\/a>\r\n\t\r\n\t\t\r\n\t\t<div class=\"add-links-wrap\">\r\n\t<div class=\"add-links no-effect clearfix\">\r\n\t\t\t\t<span id=\"woocommerce_loop_add_to_cart_link_describedby_2659\" class=\"screen-reader-text\">\r\n\t\t\t<\/span>\r\n\t\t\t<\/div>\r\n\t<\/div>\r\n\t<\/div>\r\n<\/div>\r\n\r\n<\/li>\r\n\r\n<li role=\"none\" class=\"product-col product-outimage product type-product post-4104 status-publish instock product_cat-213 product_cat-216 has-post-thumbnail featured shipping-taxable product-type-simple\">\r\n<div class=\"product-inner\">\r\n\t\r\n\t<div class=\"product-image\">\r\n\r\n\t\t<a  href=\"https:\/\/metalowiec.com.pl\/ar\/product\/%d8%b3%d8%b1%d9%8a%d8%b1-%d8%a5%d8%b9%d8%a7%d8%af%d8%a9-%d8%a7%d9%84%d8%aa%d8%a3%d9%87%d9%8a%d9%84-bozenka\/\" aria-label=\"Go to product page\">\r\n\t\t\t<div class=\"inner\"><img loading=\"lazy\" decoding=\"async\" width=\"300\" height=\"225\" src=\"https:\/\/metalowiec.com.pl\/wp-content\/uploads\/2018\/10\/01-300x225.jpeg\" class=\"attachment-woocommerce_thumbnail size-woocommerce_thumbnail\" alt=\"\u0141\u00f3\u017cko-fotel szpitalny dla rodzica Bo\u017cenka\" \/><\/div>\t\t<\/a>\r\n\t\t\t<\/div>\r\n\r\n\t<div class=\"product-content\">\r\n\t\t<span class=\"category-list\"><a href=\"https:\/\/metalowiec.com.pl\/ar\/product-category\/%d8%a3%d8%b3%d8%b1%d8%a9-%d8%b7%d8%a8%d9%8a%d8%a9\/\" rel=\"tag\">\u0623\u0633\u0631\u0629 \u0637\u0628\u064a\u0629<\/a>, <a href=\"https:\/\/metalowiec.com.pl\/ar\/product-category\/%d8%a3%d8%b3%d8%b1%d8%a9-%d8%b7%d8%a8%d9%8a%d8%a9\/%d8%a3%d8%b3%d8%b1%d8%a9-%d9%84%d9%84%d8%b1%d8%b9%d8%a7%d9%8a%d8%a9-%d8%b7%d9%88%d9%8a%d9%84%d8%a9-%d8%a7%d9%84%d8%a3%d8%ac%d9%84\/\" rel=\"tag\">\u0623\u0633\u0631\u0629 \u0644\u0644\u0631\u0639\u0627\u064a\u0629 \u0637\u0648\u064a\u0644\u0629 \u0627\u0644\u0623\u062c\u0644<\/a><\/span>\r\n\t\t\t<a class=\"product-loop-title\"  href=\"https:\/\/metalowiec.com.pl\/ar\/product\/%d8%b3%d8%b1%d9%8a%d8%b1-%d8%a5%d8%b9%d8%a7%d8%af%d8%a9-%d8%a7%d9%84%d8%aa%d8%a3%d9%87%d9%8a%d9%84-bozenka\/\">\r\n\t<h3 class=\"woocommerce-loop-product__title\">\u0633\u0631\u064a\u0631 \u0625\u0639\u0627\u062f\u0629 \u0627\u0644\u062a\u0623\u0647\u064a\u0644 Bo\u017cenka<\/h3>\t<\/a>\r\n\t\r\n\t\t\r\n\t\t<div class=\"add-links-wrap\">\r\n\t<div class=\"add-links no-effect clearfix\">\r\n\t\t\t\t<span id=\"woocommerce_loop_add_to_cart_link_describedby_4104\" class=\"screen-reader-text\">\r\n\t\t\t<\/span>\r\n\t\t\t<\/div>\r\n\t<\/div>\r\n\t<\/div>\r\n<\/div>\r\n\r\n<\/li>\r\n\r\n<li role=\"none\" class=\"product-col product-outimage product type-product post-4097 status-publish instock product_cat-213 product_cat-216 has-post-thumbnail featured shipping-taxable product-type-simple\">\r\n<div class=\"product-inner\">\r\n\t\r\n\t<div class=\"product-image\">\r\n\r\n\t\t<a  href=\"https:\/\/metalowiec.com.pl\/ar\/product\/%d8%b3%d8%b1%d9%8a%d8%b1-%d8%a5%d8%b9%d8%a7%d8%af%d8%a9-%d8%a7%d9%84%d8%aa%d8%a3%d9%87%d9%8a%d9%84-frater\/\" aria-label=\"Go to product page\">\r\n\t\t\t<div class=\"inner\"><img loading=\"lazy\" decoding=\"async\" width=\"300\" height=\"225\" src=\"https:\/\/metalowiec.com.pl\/wp-content\/uploads\/2018\/10\/Lozko-opiekunczo-rehabilitacyjne-FRATER-1-300x225.jpg\" class=\"attachment-woocommerce_thumbnail size-woocommerce_thumbnail\" alt=\"\u0633\u0631\u064a\u0631 \u0625\u0639\u0627\u062f\u0629 \u0627\u0644\u062a\u0623\u0647\u064a\u0644 Frater\" \/><\/div>\t\t<\/a>\r\n\t\t\t<\/div>\r\n\r\n\t<div class=\"product-content\">\r\n\t\t<span class=\"category-list\"><a href=\"https:\/\/metalowiec.com.pl\/ar\/product-category\/%d8%a3%d8%b3%d8%b1%d8%a9-%d8%b7%d8%a8%d9%8a%d8%a9\/\" rel=\"tag\">\u0623\u0633\u0631\u0629 \u0637\u0628\u064a\u0629<\/a>, <a href=\"https:\/\/metalowiec.com.pl\/ar\/product-category\/%d8%a3%d8%b3%d8%b1%d8%a9-%d8%b7%d8%a8%d9%8a%d8%a9\/%d8%a3%d8%b3%d8%b1%d8%a9-%d9%84%d9%84%d8%b1%d8%b9%d8%a7%d9%8a%d8%a9-%d8%b7%d9%88%d9%8a%d9%84%d8%a9-%d8%a7%d9%84%d8%a3%d8%ac%d9%84\/\" rel=\"tag\">\u0623\u0633\u0631\u0629 \u0644\u0644\u0631\u0639\u0627\u064a\u0629 \u0637\u0648\u064a\u0644\u0629 \u0627\u0644\u0623\u062c\u0644<\/a><\/span>\r\n\t\t\t<a class=\"product-loop-title\"  href=\"https:\/\/metalowiec.com.pl\/ar\/product\/%d8%b3%d8%b1%d9%8a%d8%b1-%d8%a5%d8%b9%d8%a7%d8%af%d8%a9-%d8%a7%d9%84%d8%aa%d8%a3%d9%87%d9%8a%d9%84-frater\/\">\r\n\t<h3 class=\"woocommerce-loop-product__title\">\u0633\u0631\u064a\u0631 \u0625\u0639\u0627\u062f\u0629 \u0627\u0644\u062a\u0623\u0647\u064a\u0644 Frater<\/h3>\t<\/a>\r\n\t\r\n\t\t\r\n\t\t<div class=\"add-links-wrap\">\r\n\t<div class=\"add-links no-effect clearfix\">\r\n\t\t\t\t<span id=\"woocommerce_loop_add_to_cart_link_describedby_4097\" class=\"screen-reader-text\">\r\n\t\t\t<\/span>\r\n\t\t\t<\/div>\r\n\t<\/div>\r\n\t<\/div>\r\n<\/div>\r\n\r\n<\/li>\r\n\r\n<li role=\"none\" class=\"product-col product-outimage product type-product post-4052 status-publish last instock product_cat-213 product_cat-216 has-post-thumbnail featured shipping-taxable product-type-simple\">\r\n<div class=\"product-inner\">\r\n\t\r\n\t<div class=\"product-image\">\r\n\r\n\t\t<a  href=\"https:\/\/metalowiec.com.pl\/ar\/product\/lozko-rehabilitacyjne-a\/\" aria-label=\"Go to product page\">\r\n\t\t\t<div class=\"inner\"><img loading=\"lazy\" decoding=\"async\" width=\"300\" height=\"225\" src=\"https:\/\/metalowiec.com.pl\/wp-content\/uploads\/2018\/10\/\u0141\u00f3\u017cko-reh.-a-z-wyposa\u017ceniem-300x225.jpeg\" class=\"attachment-woocommerce_thumbnail size-woocommerce_thumbnail\" alt=\"\u0141\u00f3\u017cko rehabilitacyjne szpitalne elektryczne A z wyposa\u017ceniem\" \/><\/div>\t\t<\/a>\r\n\t\t\t<\/div>\r\n\r\n\t<div class=\"product-content\">\r\n\t\t<span class=\"category-list\"><a href=\"https:\/\/metalowiec.com.pl\/ar\/product-category\/%d8%a3%d8%b3%d8%b1%d8%a9-%d8%b7%d8%a8%d9%8a%d8%a9\/\" rel=\"tag\">\u0623\u0633\u0631\u0629 \u0637\u0628\u064a\u0629<\/a>, <a href=\"https:\/\/metalowiec.com.pl\/ar\/product-category\/%d8%a3%d8%b3%d8%b1%d8%a9-%d8%b7%d8%a8%d9%8a%d8%a9\/%d8%a3%d8%b3%d8%b1%d8%a9-%d9%84%d9%84%d8%b1%d8%b9%d8%a7%d9%8a%d8%a9-%d8%b7%d9%88%d9%8a%d9%84%d8%a9-%d8%a7%d9%84%d8%a3%d8%ac%d9%84\/\" rel=\"tag\">\u0623\u0633\u0631\u0629 \u0644\u0644\u0631\u0639\u0627\u064a\u0629 \u0637\u0648\u064a\u0644\u0629 \u0627\u0644\u0623\u062c\u0644<\/a><\/span>\r\n\t\t\t<a class=\"product-loop-title\"  href=\"https:\/\/metalowiec.com.pl\/ar\/product\/lozko-rehabilitacyjne-a\/\">\r\n\t<h3 class=\"woocommerce-loop-product__title\">\u0633\u0631\u064a\u0631 \u0625\u0639\u0627\u062f\u0629 \u0627\u0644\u062a\u0623\u0647\u064a\u0644 A<\/h3>\t<\/a>\r\n\t\r\n\t\t\r\n\t\t<div class=\"add-links-wrap\">\r\n\t<div class=\"add-links no-effect clearfix\">\r\n\t\t\t\t<span id=\"woocommerce_loop_add_to_cart_link_describedby_4052\" class=\"screen-reader-text\">\r\n\t\t\t<\/span>\r\n\t\t\t<\/div>\r\n\t<\/div>\r\n\t<\/div>\r\n<\/div>\r\n\r\n<\/li>\r\n\r\n<li role=\"none\" class=\"product-col product-outimage product type-product post-4053 status-publish first instock product_cat-213 product_cat-216 has-post-thumbnail featured shipping-taxable product-type-simple\">\r\n<div class=\"product-inner\">\r\n\t\r\n\t<div class=\"product-image\">\r\n\r\n\t\t<a  href=\"https:\/\/metalowiec.com.pl\/ar\/product\/lozko-rehabilitacyjne-a-3s-irena\/\" aria-label=\"Go to product page\">\r\n\t\t\t<div class=\"inner\"><img loading=\"lazy\" decoding=\"async\" width=\"300\" height=\"225\" src=\"https:\/\/metalowiec.com.pl\/wp-content\/uploads\/2018\/10\/23-300x225.jpg\" class=\"attachment-woocommerce_thumbnail size-woocommerce_thumbnail\" alt=\"\u0633\u0631\u064a\u0631 \u0625\u0639\u0627\u062f\u0629 \u0627\u0644\u062a\u0623\u0647\u064a\u0644 A\/3S Irena\" \/><\/div>\t\t<\/a>\r\n\t\t\t<\/div>\r\n\r\n\t<div class=\"product-content\">\r\n\t\t<span class=\"category-list\"><a href=\"https:\/\/metalowiec.com.pl\/ar\/product-category\/%d8%a3%d8%b3%d8%b1%d8%a9-%d8%b7%d8%a8%d9%8a%d8%a9\/\" rel=\"tag\">\u0623\u0633\u0631\u0629 \u0637\u0628\u064a\u0629<\/a>, <a href=\"https:\/\/metalowiec.com.pl\/ar\/product-category\/%d8%a3%d8%b3%d8%b1%d8%a9-%d8%b7%d8%a8%d9%8a%d8%a9\/%d8%a3%d8%b3%d8%b1%d8%a9-%d9%84%d9%84%d8%b1%d8%b9%d8%a7%d9%8a%d8%a9-%d8%b7%d9%88%d9%8a%d9%84%d8%a9-%d8%a7%d9%84%d8%a3%d8%ac%d9%84\/\" rel=\"tag\">\u0623\u0633\u0631\u0629 \u0644\u0644\u0631\u0639\u0627\u064a\u0629 \u0637\u0648\u064a\u0644\u0629 \u0627\u0644\u0623\u062c\u0644<\/a><\/span>\r\n\t\t\t<a class=\"product-loop-title\"  href=\"https:\/\/metalowiec.com.pl\/ar\/product\/lozko-rehabilitacyjne-a-3s-irena\/\">\r\n\t<h3 class=\"woocommerce-loop-product__title\">\u0633\u0631\u064a\u0631 \u0625\u0639\u0627\u062f\u0629 \u0627\u0644\u062a\u0623\u0647\u064a\u0644 A\/3S Irena<\/h3>\t<\/a>\r\n\t\r\n\t\t\r\n\t\t<div class=\"add-links-wrap\">\r\n\t<div class=\"add-links no-effect clearfix\">\r\n\t\t\t\t<span id=\"woocommerce_loop_add_to_cart_link_describedby_4053\" class=\"screen-reader-text\">\r\n\t\t\t<\/span>\r\n\t\t\t<\/div>\r\n\t<\/div>\r\n\t<\/div>\r\n<\/div>\r\n\r\n<\/li>\r\n\r\n<li role=\"none\" class=\"product-col product-outimage product type-product post-2146 status-publish instock product_cat-213 product_cat-216 has-post-thumbnail featured shipping-taxable product-type-simple\">\r\n<div class=\"product-inner\">\r\n\t\r\n\t<div class=\"product-image\">\r\n\r\n\t\t<a  href=\"https:\/\/metalowiec.com.pl\/ar\/product\/lozko-szpitalne-andimed\/\" aria-label=\"Go to product page\">\r\n\t\t\t<div class=\"inner\"><img loading=\"lazy\" decoding=\"async\" width=\"300\" height=\"225\" src=\"https:\/\/metalowiec.com.pl\/wp-content\/uploads\/2018\/09\/panel-02-300x225.jpeg\" class=\"attachment-woocommerce_thumbnail size-woocommerce_thumbnail\" alt=\"\u0142\u00f3\u017cko rehabilitacyjne szpitalne elektryczne ANDIMED z wyposa\u017ceniem - \u0142\u00f3\u017cko przeznaczone na OIOM\" \/><\/div>\t\t<\/a>\r\n\t\t\t<\/div>\r\n\r\n\t<div class=\"product-content\">\r\n\t\t<span class=\"category-list\"><a href=\"https:\/\/metalowiec.com.pl\/ar\/product-category\/%d8%a3%d8%b3%d8%b1%d8%a9-%d8%b7%d8%a8%d9%8a%d8%a9\/\" rel=\"tag\">\u0623\u0633\u0631\u0629 \u0637\u0628\u064a\u0629<\/a>, <a href=\"https:\/\/metalowiec.com.pl\/ar\/product-category\/%d8%a3%d8%b3%d8%b1%d8%a9-%d8%b7%d8%a8%d9%8a%d8%a9\/%d8%a3%d8%b3%d8%b1%d8%a9-%d9%84%d9%84%d8%b1%d8%b9%d8%a7%d9%8a%d8%a9-%d8%b7%d9%88%d9%8a%d9%84%d8%a9-%d8%a7%d9%84%d8%a3%d8%ac%d9%84\/\" rel=\"tag\">\u0623\u0633\u0631\u0629 \u0644\u0644\u0631\u0639\u0627\u064a\u0629 \u0637\u0648\u064a\u0644\u0629 \u0627\u0644\u0623\u062c\u0644<\/a><\/span>\r\n\t\t\t<a class=\"product-loop-title\"  href=\"https:\/\/metalowiec.com.pl\/ar\/product\/lozko-szpitalne-andimed\/\">\r\n\t<h3 class=\"woocommerce-loop-product__title\">\u0633\u0631\u064a\u0631 \u0627\u0644\u0645\u0633\u062a\u0634\u0641\u0649 \u0645\u062a\u0639\u062f\u062f \u0627\u0644\u0648\u0638\u0627\u0626\u0641 ANDIMED<\/h3>\t<\/a>\r\n\t\r\n\t\t\r\n\t\t<div class=\"add-links-wrap\">\r\n\t<div class=\"add-links no-effect clearfix\">\r\n\t\t\t\t<span id=\"woocommerce_loop_add_to_cart_link_describedby_2146\" class=\"screen-reader-text\">\r\n\t\t\t<\/span>\r\n\t\t\t<\/div>\r\n\t<\/div>\r\n\t<\/div>\r\n<\/div>\r\n\r\n<\/li>\r\n\r\n<li role=\"none\" class=\"product-col product-outimage product type-product post-4058 status-publish instock product_cat-213 product_cat-216 has-post-thumbnail featured shipping-taxable product-type-simple\">\r\n<div class=\"product-inner\">\r\n\t\r\n\t<div class=\"product-image\">\r\n\r\n\t\t<a  href=\"https:\/\/metalowiec.com.pl\/ar\/product\/%e2%80%ab%e2%80%aaa-63s-t\/\" aria-label=\"Go to product page\">\r\n\t\t\t<div class=\"inner\"><img loading=\"lazy\" decoding=\"async\" width=\"300\" height=\"225\" src=\"https:\/\/metalowiec.com.pl\/wp-content\/uploads\/2018\/04\/31-300x225.jpeg\" class=\"attachment-woocommerce_thumbnail size-woocommerce_thumbnail\" alt=\"\u0633\u0631\u064a\u0631 \u0625\u0639\u0627\u062f\u0629 \u0627\u0644\u062a\u0623\u0647\u064a\u0644 A-63S\/T\" \/><\/div>\t\t<\/a>\r\n\t\t\t<\/div>\r\n\r\n\t<div class=\"product-content\">\r\n\t\t<span class=\"category-list\"><a href=\"https:\/\/metalowiec.com.pl\/ar\/product-category\/%d8%a3%d8%b3%d8%b1%d8%a9-%d8%b7%d8%a8%d9%8a%d8%a9\/\" rel=\"tag\">\u0623\u0633\u0631\u0629 \u0637\u0628\u064a\u0629<\/a>, <a href=\"https:\/\/metalowiec.com.pl\/ar\/product-category\/%d8%a3%d8%b3%d8%b1%d8%a9-%d8%b7%d8%a8%d9%8a%d8%a9\/%d8%a3%d8%b3%d8%b1%d8%a9-%d9%84%d9%84%d8%b1%d8%b9%d8%a7%d9%8a%d8%a9-%d8%b7%d9%88%d9%8a%d9%84%d8%a9-%d8%a7%d9%84%d8%a3%d8%ac%d9%84\/\" rel=\"tag\">\u0623\u0633\u0631\u0629 \u0644\u0644\u0631\u0639\u0627\u064a\u0629 \u0637\u0648\u064a\u0644\u0629 \u0627\u0644\u0623\u062c\u0644<\/a><\/span>\r\n\t\t\t<a class=\"product-loop-title\"  href=\"https:\/\/metalowiec.com.pl\/ar\/product\/%e2%80%ab%e2%80%aaa-63s-t\/\">\r\n\t<h3 class=\"woocommerce-loop-product__title\">\u0633\u0631\u064a\u0631 \u0625\u0639\u0627\u062f\u0629 \u0627\u0644\u062a\u0623\u0647\u064a\u0644 A-63S\/T<\/h3>\t<\/a>\r\n\t\r\n\t\t\r\n\t\t<div class=\"add-links-wrap\">\r\n\t<div class=\"add-links no-effect clearfix\">\r\n\t\t\t\t<span id=\"woocommerce_loop_add_to_cart_link_describedby_4058\" class=\"screen-reader-text\">\r\n\t\t\t<\/span>\r\n\t\t\t<\/div>\r\n\t<\/div>\r\n\t<\/div>\r\n<\/div>\r\n\r\n<\/li>\r\n<\/ul>\r\n<\/div><\/div><\/div>[\/vc_column][\/vc_row]<\/p>\n<\/div>","protected":false},"excerpt":{"rendered":"<p>[vc_row wrap_container=&#8221;yes&#8221;][vc_column offset=&#8221;vc_col-md-12 vc_col-xs-12&#8243; el_class=&#8221;order-2 home-banner-slider&#8221; css=&#8221;.vc_custom_1538044311584{margin-top: 20px !important;}&#8221;][rev_slider_vc alias=&#8221;slider-home&#8221;][\/vc_column][\/vc_row][vc_row full_width=&#8221;stretch_row&#8221; content_placement=&#8221;middle&#8221; wrap_container=&#8221;yes&#8221; css=&#8221;.vc_custom_1508571469836{margin-top: 20px !important;margin-bottom: 30px !important;padding-right: 40px !important;padding-left: 40px !important;background-color: #f4f4f4 !important;}&#8221; el_class=&#8221;home-bar&#8221;][vc_column css=&#8221;.vc_custom_1508571932904{padding-top: 20px !important;padding-bottom: 5px !important;}&#8221; offset=&#8221;vc_col-md-4&#8243;][\/vc_column][vc_column text_align=&#8221;center&#8221; css=&#8221;.vc_custom_1508571672383{border-right-width: 1px !important;border-left-width: 1px !important;padding-top: 20px !important;padding-bottom: 5px !important;border-left-color: #ffffff !important;border-left-style: solid !important;border-right-color: #ffffff !important;border-right-style: solid !important;}&#8221; offset=&#8221;vc_col-md-4&#8243;][\/vc_column][vc_column text_align=&#8221;center&#8221; css=&#8221;.vc_custom_1508571955475{padding-top: 20px !important;padding-bottom: 5px [&hellip;]<\/p>\n","protected":false},"author":1,"featured_media":0,"parent":0,"menu_order":0,"comment_status":"closed","ping_status":"closed","template":"","meta":{"footnotes":""},"class_list":["post-4169","page","type-page","status-publish","hentry"],"aioseo_notices":[],"_links":{"self":[{"href":"https:\/\/metalowiec.com.pl\/ar\/wp-json\/wp\/v2\/pages\/4169","targetHints":{"allow":["GET"]}}],"collection":[{"href":"https:\/\/metalowiec.com.pl\/ar\/wp-json\/wp\/v2\/pages"}],"about":[{"href":"https:\/\/metalowiec.com.pl\/ar\/wp-json\/wp\/v2\/types\/page"}],"author":[{"embeddable":true,"href":"https:\/\/metalowiec.com.pl\/ar\/wp-json\/wp\/v2\/users\/1"}],"replies":[{"embeddable":true,"href":"https:\/\/metalowiec.com.pl\/ar\/wp-json\/wp\/v2\/comments?post=4169"}],"version-history":[{"count":8,"href":"https:\/\/metalowiec.com.pl\/ar\/wp-json\/wp\/v2\/pages\/4169\/revisions"}],"predecessor-version":[{"id":5653,"href":"https:\/\/metalowiec.com.pl\/ar\/wp-json\/wp\/v2\/pages\/4169\/revisions\/5653"}],"wp:attachment":[{"href":"https:\/\/metalowiec.com.pl\/ar\/wp-json\/wp\/v2\/media?parent=4169"}],"curies":[{"name":"wp","href":"https:\/\/api.w.org\/{rel}","templated":true}]}}